{"id":6998,"date":"2022-05-30T13:05:48","date_gmt":"2022-05-30T13:05:48","guid":{"rendered":"https:\/\/magyarpenclub.hu\/cookie-regeln\/"},"modified":"2023-11-02T09:49:48","modified_gmt":"2023-11-02T09:49:48","slug":"cookie-regeln","status":"publish","type":"page","link":"https:\/\/magyarpenclub.hu\/de\/cookie-regeln\/","title":{"rendered":"Cookie-Regeln"},"content":{"rendered":"\t\t<div data-elementor-type=\"wp-page\" data-elementor-id=\"6998\" class=\"elementor elementor-6998 elementor-5131\" data-elementor-post-type=\"page\">\n\t\t\t\t\t\t<section class=\"elementor-section elementor-top-section elementor-element elementor-element-5323dbe elementor-section-boxed elementor-section-height-default elementor-section-height-default\" data-id=\"5323dbe\" data-element_type=\"section\" data-e-type=\"section\">\n\t\t\t\t\t\t<div class=\"elementor-container elementor-column-gap-default\">\n\t\t\t\t\t<div class=\"elementor-column elementor-col-100 elementor-top-column elementor-element elementor-element-d7ee65b\" data-id=\"d7ee65b\" data-element_type=\"column\" data-e-type=\"column\">\n\t\t\t<div class=\"elementor-widget-wrap elementor-element-populated\">\n\t\t\t\t\t\t<div class=\"elementor-element elementor-element-7eb984c1 elementor-widget elementor-widget-text-editor\" data-id=\"7eb984c1\" data-element_type=\"widget\" data-e-type=\"widget\" data-widget_type=\"text-editor.default\">\n\t\t\t\t<div class=\"elementor-widget-container\">\n\t\t\t\t\t\t\t\t\t<p>Wenn Sie das Internet nutzen, sendet jede Website, die Sie besuchen, Cookies an Ihren Computer, die dort gespeichert werden. Diese erm\u00f6glichen es uns, einige unserer Daten abzurufen und die Internetnutzung des Nutzers zu verfolgen.<\/p>\n<p>Wir m\u00f6chten unsere Besucher dar\u00fcber informieren, dass wir die Anzahl der Besuche auf unserer Website mit Hilfe der oben genannten Technologie messen. Zu diesem Zweck zeichnen unsere Server automatisch die Daten auf, die der Browser beim Besuch einer Website sendet (z. B. IP-Adresse, verwendetes Browserprogramm, Bildschirmaufl\u00f6sung usw.), die in der Datenbank von Google Analytics gespeichert werden.<\/p>\n<p>Google wird diese Informationen benutzen, um Ihre Nutzung der Website auszuwerten. Auch wird Google diese Informationen gegebenenfalls an Dritte \u00fcbertragen, sofern dies gesetzlich vorgeschrieben oder soweit Dritte diese Daten im Auftrag von Google verarbeiten.<\/p>\n<p>Durch die Nutzung dieser Website erkl\u00e4ren Sie sich mit der Bearbeitung der \u00fcber Sie erhobenen Daten in der zuvor beschriebenen Art und Weise und zu dem zuvor benannten Zweck einverstanden.<\/p>\t\t\t\t\t\t\t\t<\/div>\n\t\t\t\t<\/div>\n\t\t\t\t\t<\/div>\n\t\t<\/div>\n\t\t\t\t\t<\/div>\n\t\t<\/section>\n\t\t\t\t<\/div>\n\t\t","protected":false},"excerpt":{"rendered":"<p>Wenn Sie das Internet nutzen, sendet jede Website, die Sie besuchen, Cookies an Ihren Computer, die dort gespeichert werden. Diese erm\u00f6glichen es uns, einige unserer Daten abzurufen und die Internetnutzung des Nutzers zu verfolgen. Wir m\u00f6chten unsere Besucher dar\u00fcber informieren, dass wir die Anzahl der Besuche auf unserer Website mit Hilfe der oben genannten Technologie [&hellip;]<\/p>\n","protected":false},"author":1,"featured_media":6425,"parent":0,"menu_order":0,"comment_status":"closed","ping_status":"closed","template":"","meta":{"_acf_changed":false,"footnotes":""},"class_list":["post-6998","page","type-page","status-publish","has-post-thumbnail","hentry"],"acf":[],"yoast_head":"<!-- This site is optimized with the Yoast SEO plugin v27.4 - https:\/\/yoast.com\/product\/yoast-seo-wordpress\/ -->\n<title>Cookie-Regeln - Magyar PEN Club<\/title>\n<meta name=\"robots\" content=\"index, follow, max-snippet:-1, max-image-preview:large, max-video-preview:-1\" \/>\n<link rel=\"canonical\" href=\"https:\/\/magyarpenclub.hu\/de\/cookie-regeln\/\" \/>\n<meta property=\"og:locale\" content=\"de_DE\" \/>\n<meta property=\"og:type\" content=\"article\" \/>\n<meta property=\"og:title\" content=\"Cookie-Regeln - Magyar PEN Club\" \/>\n<meta property=\"og:description\" content=\"Wenn Sie das Internet nutzen, sendet jede Website, die Sie besuchen, Cookies an Ihren Computer, die dort gespeichert werden. Diese erm\u00f6glichen es uns, einige unserer Daten abzurufen und die Internetnutzung des Nutzers zu verfolgen. Wir m\u00f6chten unsere Besucher dar\u00fcber informieren, dass wir die Anzahl der Besuche auf unserer Website mit Hilfe der oben genannten Technologie [&hellip;]\" \/>\n<meta property=\"og:url\" content=\"https:\/\/magyarpenclub.hu\/de\/cookie-regeln\/\" \/>\n<meta property=\"og:site_name\" content=\"Magyar PEN Club\" \/>\n<meta property=\"article:publisher\" content=\"https:\/\/www.facebook.com\/magyarpenclub\" \/>\n<meta property=\"article:modified_time\" content=\"2023-11-02T09:49:48+00:00\" \/>\n<meta property=\"og:image\" content=\"https:\/\/magyarpenclub.hu\/wp-content\/uploads\/2022\/05\/footer-bg.jpg\" \/>\n\t<meta property=\"og:image:width\" content=\"1900\" \/>\n\t<meta property=\"og:image:height\" content=\"1267\" \/>\n\t<meta property=\"og:image:type\" content=\"image\/jpeg\" \/>\n<meta name=\"twitter:card\" content=\"summary_large_image\" \/>\n<meta name=\"twitter:label1\" content=\"Gesch\u00e4tzte Lesezeit\" \/>\n\t<meta name=\"twitter:data1\" content=\"1\u00a0Minute\" \/>\n<script type=\"application\/ld+json\" class=\"yoast-schema-graph\">{\"@context\":\"https:\\\/\\\/schema.org\",\"@graph\":[{\"@type\":\"WebPage\",\"@id\":\"https:\\\/\\\/magyarpenclub.hu\\\/de\\\/cookie-regeln\\\/\",\"url\":\"https:\\\/\\\/magyarpenclub.hu\\\/de\\\/cookie-regeln\\\/\",\"name\":\"Cookie-Regeln - Magyar PEN Club\",\"isPartOf\":{\"@id\":\"https:\\\/\\\/magyarpenclub.hu\\\/de\\\/#website\"},\"primaryImageOfPage\":{\"@id\":\"https:\\\/\\\/magyarpenclub.hu\\\/de\\\/cookie-regeln\\\/#primaryimage\"},\"image\":{\"@id\":\"https:\\\/\\\/magyarpenclub.hu\\\/de\\\/cookie-regeln\\\/#primaryimage\"},\"thumbnailUrl\":\"https:\\\/\\\/magyarpenclub.hu\\\/wp-content\\\/uploads\\\/2022\\\/05\\\/footer-bg.jpg\",\"datePublished\":\"2022-05-30T13:05:48+00:00\",\"dateModified\":\"2023-11-02T09:49:48+00:00\",\"breadcrumb\":{\"@id\":\"https:\\\/\\\/magyarpenclub.hu\\\/de\\\/cookie-regeln\\\/#breadcrumb\"},\"inLanguage\":\"de\",\"potentialAction\":[{\"@type\":\"ReadAction\",\"target\":[\"https:\\\/\\\/magyarpenclub.hu\\\/de\\\/cookie-regeln\\\/\"]}]},{\"@type\":\"ImageObject\",\"inLanguage\":\"de\",\"@id\":\"https:\\\/\\\/magyarpenclub.hu\\\/de\\\/cookie-regeln\\\/#primaryimage\",\"url\":\"https:\\\/\\\/magyarpenclub.hu\\\/wp-content\\\/uploads\\\/2022\\\/05\\\/footer-bg.jpg\",\"contentUrl\":\"https:\\\/\\\/magyarpenclub.hu\\\/wp-content\\\/uploads\\\/2022\\\/05\\\/footer-bg.jpg\",\"width\":1900,\"height\":1267,\"caption\":\"H\u00e1tt\u00e9r\"},{\"@type\":\"BreadcrumbList\",\"@id\":\"https:\\\/\\\/magyarpenclub.hu\\\/de\\\/cookie-regeln\\\/#breadcrumb\",\"itemListElement\":[{\"@type\":\"ListItem\",\"position\":1,\"name\":\"Kezd\u0151lap\",\"item\":\"https:\\\/\\\/magyarpenclub.hu\\\/de\\\/\"},{\"@type\":\"ListItem\",\"position\":2,\"name\":\"Cookie-Regeln\"}]},{\"@type\":\"WebSite\",\"@id\":\"https:\\\/\\\/magyarpenclub.hu\\\/de\\\/#website\",\"url\":\"https:\\\/\\\/magyarpenclub.hu\\\/de\\\/\",\"name\":\"Magyar PEN Club\",\"description\":\"H\u00edrek, k\u00f6zlem\u00e9nyek, \u00edr\u00e1sok\",\"publisher\":{\"@id\":\"https:\\\/\\\/magyarpenclub.hu\\\/de\\\/#organization\"},\"potentialAction\":[{\"@type\":\"SearchAction\",\"target\":{\"@type\":\"EntryPoint\",\"urlTemplate\":\"https:\\\/\\\/magyarpenclub.hu\\\/de\\\/?s={search_term_string}\"},\"query-input\":{\"@type\":\"PropertyValueSpecification\",\"valueRequired\":true,\"valueName\":\"search_term_string\"}}],\"inLanguage\":\"de\"},{\"@type\":\"Organization\",\"@id\":\"https:\\\/\\\/magyarpenclub.hu\\\/de\\\/#organization\",\"name\":\"Magyar P.E.N. Club\",\"url\":\"https:\\\/\\\/magyarpenclub.hu\\\/de\\\/\",\"logo\":{\"@type\":\"ImageObject\",\"inLanguage\":\"de\",\"@id\":\"https:\\\/\\\/magyarpenclub.hu\\\/de\\\/#\\\/schema\\\/logo\\\/image\\\/\",\"url\":\"https:\\\/\\\/magyarpenclub.hu\\\/wp-content\\\/uploads\\\/2022\\\/08\\\/magyar-pen-club-logo.png\",\"contentUrl\":\"https:\\\/\\\/magyarpenclub.hu\\\/wp-content\\\/uploads\\\/2022\\\/08\\\/magyar-pen-club-logo.png\",\"width\":195,\"height\":195,\"caption\":\"Magyar P.E.N. Club\"},\"image\":{\"@id\":\"https:\\\/\\\/magyarpenclub.hu\\\/de\\\/#\\\/schema\\\/logo\\\/image\\\/\"},\"sameAs\":[\"https:\\\/\\\/www.facebook.com\\\/magyarpenclub\",\"https:\\\/\\\/www.youtube.com\\\/channel\\\/UC8bw1YALHZZJCJ-7bqvlR6Q\"]}]}<\/script>\n<!-- \/ Yoast SEO plugin. -->","yoast_head_json":{"title":"Cookie-Regeln - Magyar PEN Club","robots":{"index":"index","follow":"follow","max-snippet":"max-snippet:-1","max-image-preview":"max-image-preview:large","max-video-preview":"max-video-preview:-1"},"canonical":"https:\/\/magyarpenclub.hu\/de\/cookie-regeln\/","og_locale":"de_DE","og_type":"article","og_title":"Cookie-Regeln - Magyar PEN Club","og_description":"Wenn Sie das Internet nutzen, sendet jede Website, die Sie besuchen, Cookies an Ihren Computer, die dort gespeichert werden. Diese erm\u00f6glichen es uns, einige unserer Daten abzurufen und die Internetnutzung des Nutzers zu verfolgen. Wir m\u00f6chten unsere Besucher dar\u00fcber informieren, dass wir die Anzahl der Besuche auf unserer Website mit Hilfe der oben genannten Technologie [&hellip;]","og_url":"https:\/\/magyarpenclub.hu\/de\/cookie-regeln\/","og_site_name":"Magyar PEN Club","article_publisher":"https:\/\/www.facebook.com\/magyarpenclub","article_modified_time":"2023-11-02T09:49:48+00:00","og_image":[{"width":1900,"height":1267,"url":"https:\/\/magyarpenclub.hu\/wp-content\/uploads\/2022\/05\/footer-bg.jpg","type":"image\/jpeg"}],"twitter_card":"summary_large_image","twitter_misc":{"Gesch\u00e4tzte Lesezeit":"1\u00a0Minute"},"schema":{"@context":"https:\/\/schema.org","@graph":[{"@type":"WebPage","@id":"https:\/\/magyarpenclub.hu\/de\/cookie-regeln\/","url":"https:\/\/magyarpenclub.hu\/de\/cookie-regeln\/","name":"Cookie-Regeln - Magyar PEN Club","isPartOf":{"@id":"https:\/\/magyarpenclub.hu\/de\/#website"},"primaryImageOfPage":{"@id":"https:\/\/magyarpenclub.hu\/de\/cookie-regeln\/#primaryimage"},"image":{"@id":"https:\/\/magyarpenclub.hu\/de\/cookie-regeln\/#primaryimage"},"thumbnailUrl":"https:\/\/magyarpenclub.hu\/wp-content\/uploads\/2022\/05\/footer-bg.jpg","datePublished":"2022-05-30T13:05:48+00:00","dateModified":"2023-11-02T09:49:48+00:00","breadcrumb":{"@id":"https:\/\/magyarpenclub.hu\/de\/cookie-regeln\/#breadcrumb"},"inLanguage":"de","potentialAction":[{"@type":"ReadAction","target":["https:\/\/magyarpenclub.hu\/de\/cookie-regeln\/"]}]},{"@type":"ImageObject","inLanguage":"de","@id":"https:\/\/magyarpenclub.hu\/de\/cookie-regeln\/#primaryimage","url":"https:\/\/magyarpenclub.hu\/wp-content\/uploads\/2022\/05\/footer-bg.jpg","contentUrl":"https:\/\/magyarpenclub.hu\/wp-content\/uploads\/2022\/05\/footer-bg.jpg","width":1900,"height":1267,"caption":"H\u00e1tt\u00e9r"},{"@type":"BreadcrumbList","@id":"https:\/\/magyarpenclub.hu\/de\/cookie-regeln\/#breadcrumb","itemListElement":[{"@type":"ListItem","position":1,"name":"Kezd\u0151lap","item":"https:\/\/magyarpenclub.hu\/de\/"},{"@type":"ListItem","position":2,"name":"Cookie-Regeln"}]},{"@type":"WebSite","@id":"https:\/\/magyarpenclub.hu\/de\/#website","url":"https:\/\/magyarpenclub.hu\/de\/","name":"Magyar PEN Club","description":"H\u00edrek, k\u00f6zlem\u00e9nyek, \u00edr\u00e1sok","publisher":{"@id":"https:\/\/magyarpenclub.hu\/de\/#organization"},"potentialAction":[{"@type":"SearchAction","target":{"@type":"EntryPoint","urlTemplate":"https:\/\/magyarpenclub.hu\/de\/?s={search_term_string}"},"query-input":{"@type":"PropertyValueSpecification","valueRequired":true,"valueName":"search_term_string"}}],"inLanguage":"de"},{"@type":"Organization","@id":"https:\/\/magyarpenclub.hu\/de\/#organization","name":"Magyar P.E.N. Club","url":"https:\/\/magyarpenclub.hu\/de\/","logo":{"@type":"ImageObject","inLanguage":"de","@id":"https:\/\/magyarpenclub.hu\/de\/#\/schema\/logo\/image\/","url":"https:\/\/magyarpenclub.hu\/wp-content\/uploads\/2022\/08\/magyar-pen-club-logo.png","contentUrl":"https:\/\/magyarpenclub.hu\/wp-content\/uploads\/2022\/08\/magyar-pen-club-logo.png","width":195,"height":195,"caption":"Magyar P.E.N. Club"},"image":{"@id":"https:\/\/magyarpenclub.hu\/de\/#\/schema\/logo\/image\/"},"sameAs":["https:\/\/www.facebook.com\/magyarpenclub","https:\/\/www.youtube.com\/channel\/UC8bw1YALHZZJCJ-7bqvlR6Q"]}]}},"_links":{"self":[{"href":"https:\/\/magyarpenclub.hu\/de\/wp-json\/wp\/v2\/pages\/6998","targetHints":{"allow":["GET"]}}],"collection":[{"href":"https:\/\/magyarpenclub.hu\/de\/wp-json\/wp\/v2\/pages"}],"about":[{"href":"https:\/\/magyarpenclub.hu\/de\/wp-json\/wp\/v2\/types\/page"}],"author":[{"embeddable":true,"href":"https:\/\/magyarpenclub.hu\/de\/wp-json\/wp\/v2\/users\/1"}],"replies":[{"embeddable":true,"href":"https:\/\/magyarpenclub.hu\/de\/wp-json\/wp\/v2\/comments?post=6998"}],"version-history":[{"count":0,"href":"https:\/\/magyarpenclub.hu\/de\/wp-json\/wp\/v2\/pages\/6998\/revisions"}],"wp:featuredmedia":[{"embeddable":true,"href":"https:\/\/magyarpenclub.hu\/de\/wp-json\/wp\/v2\/media\/6425"}],"wp:attachment":[{"href":"https:\/\/magyarpenclub.hu\/de\/wp-json\/wp\/v2\/media?parent=6998"}],"curies":[{"name":"wp","href":"https:\/\/api.w.org\/{rel}","templated":true}]}}