{"id":7040,"date":"2022-09-13T12:16:03","date_gmt":"2022-09-13T12:16:03","guid":{"rendered":"https:\/\/magyarpenclub.hu\/beitrittsformular-einreichen\/"},"modified":"2025-03-26T17:17:15","modified_gmt":"2025-03-26T17:17:15","slug":"beitrittsformular-einreichen","status":"publish","type":"page","link":"https:\/\/magyarpenclub.hu\/de\/beitrittsformular-einreichen\/","title":{"rendered":"Beitrittsformular einreichen"},"content":{"rendered":"\t\t<div data-elementor-type=\"wp-page\" data-elementor-id=\"7040\" class=\"elementor elementor-7040 elementor-5446\" data-elementor-post-type=\"page\">\n\t\t\t\t\t\t<section class=\"elementor-section elementor-top-section elementor-element elementor-element-969ce36 elementor-section-boxed elementor-section-height-default elementor-section-height-default\" data-id=\"969ce36\" data-element_type=\"section\" data-e-type=\"section\">\n\t\t\t\t\t\t<div class=\"elementor-container elementor-column-gap-default\">\n\t\t\t\t\t<div class=\"elementor-column elementor-col-100 elementor-top-column elementor-element elementor-element-4ea694bb\" data-id=\"4ea694bb\" data-element_type=\"column\" data-e-type=\"column\">\n\t\t\t<div class=\"elementor-widget-wrap elementor-element-populated\">\n\t\t\t\t\t\t<div class=\"elementor-element elementor-element-513b63f6 elementor-widget elementor-widget-text-editor\" data-id=\"513b63f6\" data-element_type=\"widget\" data-e-type=\"widget\" data-widget_type=\"text-editor.default\">\n\t\t\t\t<div class=\"elementor-widget-container\">\n\t\t\t\t\t\t\t\t\t<p> <\/p>\n<div class=\"wp-block-contact-form-7-contact-form-selector\">\n<div class=\"wpcf7 no-js\" id=\"wpcf7-f8618-o1\" lang=\"de-DE\" dir=\"ltr\" data-wpcf7-id=\"8618\">\n<div class=\"screen-reader-response\"><p role=\"status\" aria-live=\"polite\" aria-atomic=\"true\"><\/p> <ul><\/ul><\/div>\n<form action=\"\/de\/wp-json\/wp\/v2\/pages\/7040#wpcf7-f8618-o1\" method=\"post\" class=\"wpcf7-form init\" aria-label=\"Kontaktformular\" enctype=\"multipart\/form-data\" novalidate=\"novalidate\" data-status=\"init\">\n<fieldset class=\"hidden-fields-container\"><input type=\"hidden\" name=\"_wpcf7\" value=\"8618\" \/><input type=\"hidden\" name=\"_wpcf7_version\" value=\"6.1.5\" \/><input type=\"hidden\" name=\"_wpcf7_locale\" value=\"de_DE\" \/><input type=\"hidden\" name=\"_wpcf7_unit_tag\" value=\"wpcf7-f8618-o1\" \/><input type=\"hidden\" name=\"_wpcf7_container_post\" value=\"0\" \/><input type=\"hidden\" name=\"_wpcf7_posted_data_hash\" value=\"\" \/><input type=\"hidden\" name=\"_wpcf7_recaptcha_response\" value=\"\" \/>\n<\/fieldset>\n<div class=\"adatok\">\n\t<h3>Grundlegende Daten\n\t<\/h3>\n\t<p><label> Vollst\u00e4ndiger Name* <strong>(Pflichtfeld!)<\/strong><br \/>\n<span class=\"wpcf7-form-control-wrap\" data-name=\"your-name\"><input size=\"40\" maxlength=\"400\" class=\"wpcf7-form-control wpcf7-text wpcf7-validates-as-required\" aria-required=\"true\" aria-invalid=\"false\" value=\"\" type=\"text\" name=\"your-name\" \/><\/span> <\/label>\n\t<\/p>\n\t<p><label> Titel* (z. B. Schriftsteller, Dichter, usw.) <strong>(Pflichtfeld!)<\/strong><br \/>\n<span class=\"wpcf7-form-control-wrap\" data-name=\"Titulus\"><input size=\"40\" maxlength=\"400\" class=\"wpcf7-form-control wpcf7-text wpcf7-validates-as-required\" aria-required=\"true\" aria-invalid=\"false\" value=\"\" type=\"text\" name=\"Titulus\" \/><\/span> <\/label>\n\t<\/p>\n\t<p><label> Geburtsjahr* <strong>(Pflichtfeld!)<\/strong><br \/>\n<span class=\"wpcf7-form-control-wrap\" data-name=\"number-378\"><input class=\"wpcf7-form-control wpcf7-number wpcf7-validates-as-required wpcf7-validates-as-number\" min=\"1826\" max=\"2004\" aria-required=\"true\" aria-invalid=\"false\" value=\"\" type=\"number\" name=\"number-378\" \/><\/span> <\/label>\n\t<\/p>\n\t<p><label> Geburtsort* <strong>(Pflichtfeld!)<\/strong><br \/>\n<span class=\"wpcf7-form-control-wrap\" data-name=\"Geburtsort\"><input size=\"40\" maxlength=\"400\" class=\"wpcf7-form-control wpcf7-text wpcf7-validates-as-required\" aria-required=\"true\" aria-invalid=\"false\" value=\"\" type=\"text\" name=\"Geburtsort\" \/><\/span> <\/label>\n\t<\/p>\n\t<p><label> E-Mail-Adresse* <em>(wird nicht \u00f6ffentlich sichtbar sein)<\/em> <strong>(Pflichtfeld!)<\/strong><br \/>\n<span class=\"wpcf7-form-control-wrap\" data-name=\"your-email\"><input size=\"40\" maxlength=\"400\" class=\"wpcf7-form-control wpcf7-email wpcf7-validates-as-required wpcf7-text wpcf7-validates-as-email\" aria-required=\"true\" aria-invalid=\"false\" value=\"\" type=\"email\" name=\"your-email\" \/><\/span> <\/label>\n\t<\/p>\n\t<p><label> Meine Telefonnummer <em>(fakultativ und f\u00fcr die \u00d6ffentlichkeit nicht sichtbar, wenn ausgef\u00fcllt)<\/em><br \/>\n<span class=\"wpcf7-form-control-wrap\" data-name=\"tel-159\"><input size=\"40\" maxlength=\"400\" class=\"wpcf7-form-control wpcf7-tel wpcf7-text wpcf7-validates-as-tel\" aria-invalid=\"false\" value=\"\" type=\"tel\" name=\"tel-159\" \/><\/span><\/label>\n\t<\/p>\n<\/div>\n<div class=\"egyeb\">\n\t<h3>Sonstige einleitende Informationen\n\t<\/h3>\n\t<p><label> Kurze Einleitung* <em>(zwischen 300 und 1000 Zeichen)<\/em> <strong>(Pflichtfeld!)<\/strong><br \/>\n<span class=\"wpcf7-form-control-wrap\" data-name=\"Kurze\"><textarea cols=\"40\" rows=\"10\" maxlength=\"2000\" class=\"wpcf7-form-control wpcf7-textarea wpcf7-validates-as-required\" aria-required=\"true\" aria-invalid=\"false\" name=\"Kurze\"><\/textarea><\/span> <\/label>\n\t<\/p>\n\t<p><label> Meine Portr\u00e4tfotos <em>(bis zu <strong>10Mbyte<\/strong> gro\u00df und in den Formaten <strong>jpg, jpeg, png und webp<\/strong> erlaubt)<\/em><br \/>\n<span class=\"wpcf7-form-control-wrap\" data-name=\"portre\"><input size=\"40\" class=\"wpcf7-form-control wpcf7-file\" accept=\".jpg,.jpeg,.webp,.png\" aria-invalid=\"false\" type=\"file\" name=\"portre\" \/><\/span> <\/label>\n\t<\/p>\n<\/div>\n<div class=\"linkek\">\n\t<h3>Elektronische Kontaktinformationen\n\t<\/h3>\n\t<p><label> Mein Facebook-Link (falls vorhanden)<br \/>\n<span class=\"wpcf7-form-control-wrap\" data-name=\"facebook\"><input size=\"40\" maxlength=\"400\" class=\"wpcf7-form-control wpcf7-url wpcf7-text wpcf7-validates-as-url\" aria-invalid=\"false\" value=\"\" type=\"url\" name=\"facebook\" \/><\/span> <\/label>\n\t<\/p>\n\t<p><label> Twitter-Link (falls vorhanden)<br \/>\n<span class=\"wpcf7-form-control-wrap\" data-name=\"twitter\"><input size=\"40\" maxlength=\"400\" class=\"wpcf7-form-control wpcf7-url wpcf7-text wpcf7-validates-as-url\" aria-invalid=\"false\" value=\"\" type=\"url\" name=\"twitter\" \/><\/span> <\/label>\n\t<\/p>\n\t<p><label> LinkedIn-Link (falls vorhanden)<br \/>\n<span class=\"wpcf7-form-control-wrap\" data-name=\"linkedin\"><input size=\"40\" maxlength=\"400\" class=\"wpcf7-form-control wpcf7-url wpcf7-text wpcf7-validates-as-url\" aria-invalid=\"false\" value=\"\" type=\"url\" name=\"linkedin\" \/><\/span> <\/label>\n\t<\/p>\n\t<p><label> Meine Website-Adresse (falls vorhanden)<br \/>\n<span class=\"wpcf7-form-control-wrap\" data-name=\"web\"><input size=\"40\" maxlength=\"400\" class=\"wpcf7-form-control wpcf7-url wpcf7-text wpcf7-validates-as-url\" aria-invalid=\"false\" value=\"\" type=\"url\" name=\"web\" \/><\/span> <\/label>\n\t<\/p>\n\t<p><label> Titel meiner Wikipedia-Seite (falls vorhanden)<br \/>\n<span class=\"wpcf7-form-control-wrap\" data-name=\"wiki\"><input size=\"40\" maxlength=\"400\" class=\"wpcf7-form-control wpcf7-url wpcf7-text wpcf7-validates-as-url\" aria-invalid=\"false\" value=\"\" type=\"url\" name=\"wiki\" \/><\/span> <\/label>\n\t<\/p>\n<\/div>\n<p><span class=\"wpcf7-form-control-wrap\" data-name=\"acceptance-718\"><span class=\"wpcf7-form-control wpcf7-acceptance\"><span class=\"wpcf7-list-item\"><label><input type=\"checkbox\" name=\"acceptance-718\" value=\"1\" aria-invalid=\"false\" \/><span class=\"wpcf7-list-item-label\">Mit dem Absenden dieser Nachricht erkl\u00e4ren Sie sich mit den<a href=\"https:\/\/magyarpenclub.hu\/de\/zum-schutz-personenbezogener-daten\/\" target=\"_blank\"> Datenschutzbestimmungen des ungarischen P.E.N.-Clubs<\/a> einverstanden und stimmen zu, dass Ihre pers\u00f6nlichen Daten in die Mitgliederliste der Website des P.E.N.-Clubs aufgenommen werden k\u00f6nnen.<\/span><\/label><\/span><\/span><\/span>\n<\/p>\n<p><input class=\"wpcf7-form-control wpcf7-submit has-spinner\" type=\"submit\" value=\"Senden\" \/>\n<\/p><div class=\"wpcf7-response-output\" aria-hidden=\"true\"><\/div>\n<\/form>\n<\/div>\n<\/div>\t\t\t\t\t\t\t\t<\/div>\n\t\t\t\t<\/div>\n\t\t\t\t\t<\/div>\n\t\t<\/div>\n\t\t\t\t\t<\/div>\n\t\t<\/section>\n\t\t\t\t<section class=\"elementor-section elementor-top-section elementor-element elementor-element-977417b elementor-section-boxed elementor-section-height-default elementor-section-height-default\" data-id=\"977417b\" data-element_type=\"section\" data-e-type=\"section\">\n\t\t\t\t\t\t<div class=\"elementor-container elementor-column-gap-default\">\n\t\t\t\t\t<div class=\"elementor-column elementor-col-100 elementor-top-column elementor-element elementor-element-2536152\" data-id=\"2536152\" data-element_type=\"column\" data-e-type=\"column\">\n\t\t\t<div class=\"elementor-widget-wrap elementor-element-populated\">\n\t\t\t\t\t\t<div class=\"elementor-element elementor-element-9c33e27 elementor-alert-warning elementor-widget elementor-widget-alert\" data-id=\"9c33e27\" data-element_type=\"widget\" data-e-type=\"widget\" data-widget_type=\"alert.default\">\n\t\t\t\t<div class=\"elementor-widget-container\">\n\t\t\t\t\t\t\t<div class=\"elementor-alert\" role=\"alert\">\n\n\t\t\t\t\t\t<span class=\"elementor-alert-title\">Informationen \u00fcber Updates<\/span>\n\t\t\t\n\t\t\t\t\t\t<span class=\"elementor-alert-description\"><p>Bitte beachten Sie, dass die eingereichten Profile nicht sofort auf die Website hochgeladen werden. Aktualisierungen werden alle paar Monate vorgenommen, wobei zuvor eine Daten\u00fcberpr\u00fcfung stattfindet.   <\/p>\n<p>Wenn es aus pers\u00f6nlichen oder beruflichen Gr\u00fcnden wichtig ist, das Formular so schnell wie m\u00f6glich zu ver\u00f6ffentlichen, lassen Sie es uns bitte wissen, indem Sie an uzenet(at)magyarpenclub.hu schreiben. Wir danken Ihnen! <\/p>\n<\/span>\n\t\t\t\n\t\t\t\t\t\t<button type=\"button\" class=\"elementor-alert-dismiss\" aria-label=\"Hinweis ausblenden.\">\n\t\t\t\t\t\t\t\t\t<span aria-hidden=\"true\">&times;<\/span>\n\t\t\t\t\t\t\t<\/button>\n\t\t\t\n\t\t<\/div>\n\t\t\t\t\t\t<\/div>\n\t\t\t\t<\/div>\n\t\t\t\t\t<\/div>\n\t\t<\/div>\n\t\t\t\t\t<\/div>\n\t\t<\/section>\n\t\t\t\t<\/div>\n\t\t","protected":false},"excerpt":{"rendered":"<p>Informationen \u00fcber Updates Bitte beachten Sie, dass die eingereichten Profile nicht sofort auf die Website hochgeladen werden. Aktualisierungen werden alle paar Monate vorgenommen, wobei zuvor eine Daten\u00fcberpr\u00fcfung stattfindet. Wenn es aus pers\u00f6nlichen oder beruflichen Gr\u00fcnden wichtig ist, das Formular so schnell wie m\u00f6glich zu ver\u00f6ffentlichen, lassen Sie es uns bitte wissen, indem Sie an uzenet(at)magyarpenclub.hu [&hellip;]<\/p>\n","protected":false},"author":1,"featured_media":6683,"parent":0,"menu_order":0,"comment_status":"closed","ping_status":"closed","template":"","meta":{"_acf_changed":false,"footnotes":""},"class_list":["post-7040","page","type-page","status-publish","has-post-thumbnail","hentry"],"acf":[],"yoast_head":"<!-- This site is optimized with the Yoast SEO plugin v27.4 - https:\/\/yoast.com\/product\/yoast-seo-wordpress\/ -->\n<title>Beitrittsformular einreichen - Magyar PEN Club<\/title>\n<meta name=\"description\" content=\"Datenaktualisierung f\u00fcr Mitglieder des ungarischen P.E.N.-Clubs. Wir bitten unsere Mitglieder, uns zu helfen!\" \/>\n<meta name=\"robots\" content=\"index, follow, max-snippet:-1, max-image-preview:large, max-video-preview:-1\" \/>\n<link rel=\"canonical\" href=\"https:\/\/magyarpenclub.hu\/de\/beitrittsformular-einreichen\/\" \/>\n<meta property=\"og:locale\" content=\"de_DE\" \/>\n<meta property=\"og:type\" content=\"article\" \/>\n<meta property=\"og:title\" content=\"Beitrittsformular einreichen - Magyar PEN Club\" \/>\n<meta property=\"og:description\" content=\"Datenaktualisierung f\u00fcr Mitglieder des ungarischen P.E.N.-Clubs. Wir bitten unsere Mitglieder, uns zu helfen!\" \/>\n<meta property=\"og:url\" content=\"https:\/\/magyarpenclub.hu\/de\/beitrittsformular-einreichen\/\" \/>\n<meta property=\"og:site_name\" content=\"Magyar PEN Club\" \/>\n<meta property=\"article:publisher\" content=\"https:\/\/www.facebook.com\/magyarpenclub\" \/>\n<meta property=\"article:modified_time\" content=\"2025-03-26T17:17:15+00:00\" \/>\n<meta property=\"og:image\" content=\"https:\/\/magyarpenclub.hu\/wp-content\/uploads\/2022\/08\/umbrella-4290155_1920.jpg\" \/>\n\t<meta property=\"og:image:width\" content=\"1920\" \/>\n\t<meta property=\"og:image:height\" content=\"1440\" \/>\n\t<meta property=\"og:image:type\" content=\"image\/jpeg\" \/>\n<meta name=\"twitter:card\" content=\"summary_large_image\" \/>\n<script type=\"application\/ld+json\" class=\"yoast-schema-graph\">{\"@context\":\"https:\\\/\\\/schema.org\",\"@graph\":[{\"@type\":\"WebPage\",\"@id\":\"https:\\\/\\\/magyarpenclub.hu\\\/de\\\/beitrittsformular-einreichen\\\/\",\"url\":\"https:\\\/\\\/magyarpenclub.hu\\\/de\\\/beitrittsformular-einreichen\\\/\",\"name\":\"Beitrittsformular einreichen - Magyar PEN Club\",\"isPartOf\":{\"@id\":\"https:\\\/\\\/magyarpenclub.hu\\\/de\\\/#website\"},\"primaryImageOfPage\":{\"@id\":\"https:\\\/\\\/magyarpenclub.hu\\\/de\\\/beitrittsformular-einreichen\\\/#primaryimage\"},\"image\":{\"@id\":\"https:\\\/\\\/magyarpenclub.hu\\\/de\\\/beitrittsformular-einreichen\\\/#primaryimage\"},\"thumbnailUrl\":\"https:\\\/\\\/magyarpenclub.hu\\\/wp-content\\\/uploads\\\/2022\\\/08\\\/umbrella-4290155_1920.jpg\",\"datePublished\":\"2022-09-13T12:16:03+00:00\",\"dateModified\":\"2025-03-26T17:17:15+00:00\",\"description\":\"Datenaktualisierung f\u00fcr Mitglieder des ungarischen P.E.N.-Clubs. Wir bitten unsere Mitglieder, uns zu helfen!\",\"breadcrumb\":{\"@id\":\"https:\\\/\\\/magyarpenclub.hu\\\/de\\\/beitrittsformular-einreichen\\\/#breadcrumb\"},\"inLanguage\":\"de\",\"potentialAction\":[{\"@type\":\"ReadAction\",\"target\":[\"https:\\\/\\\/magyarpenclub.hu\\\/de\\\/beitrittsformular-einreichen\\\/\"]}]},{\"@type\":\"ImageObject\",\"inLanguage\":\"de\",\"@id\":\"https:\\\/\\\/magyarpenclub.hu\\\/de\\\/beitrittsformular-einreichen\\\/#primaryimage\",\"url\":\"https:\\\/\\\/magyarpenclub.hu\\\/wp-content\\\/uploads\\\/2022\\\/08\\\/umbrella-4290155_1920.jpg\",\"contentUrl\":\"https:\\\/\\\/magyarpenclub.hu\\\/wp-content\\\/uploads\\\/2022\\\/08\\\/umbrella-4290155_1920.jpg\",\"width\":1920,\"height\":1440},{\"@type\":\"BreadcrumbList\",\"@id\":\"https:\\\/\\\/magyarpenclub.hu\\\/de\\\/beitrittsformular-einreichen\\\/#breadcrumb\",\"itemListElement\":[{\"@type\":\"ListItem\",\"position\":1,\"name\":\"Kezd\u0151lap\",\"item\":\"https:\\\/\\\/magyarpenclub.hu\\\/de\\\/\"},{\"@type\":\"ListItem\",\"position\":2,\"name\":\"Beitrittsformular einreichen\"}]},{\"@type\":\"WebSite\",\"@id\":\"https:\\\/\\\/magyarpenclub.hu\\\/de\\\/#website\",\"url\":\"https:\\\/\\\/magyarpenclub.hu\\\/de\\\/\",\"name\":\"Magyar PEN Club\",\"description\":\"H\u00edrek, k\u00f6zlem\u00e9nyek, \u00edr\u00e1sok\",\"publisher\":{\"@id\":\"https:\\\/\\\/magyarpenclub.hu\\\/de\\\/#organization\"},\"potentialAction\":[{\"@type\":\"SearchAction\",\"target\":{\"@type\":\"EntryPoint\",\"urlTemplate\":\"https:\\\/\\\/magyarpenclub.hu\\\/de\\\/?s={search_term_string}\"},\"query-input\":{\"@type\":\"PropertyValueSpecification\",\"valueRequired\":true,\"valueName\":\"search_term_string\"}}],\"inLanguage\":\"de\"},{\"@type\":\"Organization\",\"@id\":\"https:\\\/\\\/magyarpenclub.hu\\\/de\\\/#organization\",\"name\":\"Magyar P.E.N. Club\",\"url\":\"https:\\\/\\\/magyarpenclub.hu\\\/de\\\/\",\"logo\":{\"@type\":\"ImageObject\",\"inLanguage\":\"de\",\"@id\":\"https:\\\/\\\/magyarpenclub.hu\\\/de\\\/#\\\/schema\\\/logo\\\/image\\\/\",\"url\":\"https:\\\/\\\/magyarpenclub.hu\\\/wp-content\\\/uploads\\\/2022\\\/08\\\/magyar-pen-club-logo.png\",\"contentUrl\":\"https:\\\/\\\/magyarpenclub.hu\\\/wp-content\\\/uploads\\\/2022\\\/08\\\/magyar-pen-club-logo.png\",\"width\":195,\"height\":195,\"caption\":\"Magyar P.E.N. Club\"},\"image\":{\"@id\":\"https:\\\/\\\/magyarpenclub.hu\\\/de\\\/#\\\/schema\\\/logo\\\/image\\\/\"},\"sameAs\":[\"https:\\\/\\\/www.facebook.com\\\/magyarpenclub\",\"https:\\\/\\\/www.youtube.com\\\/channel\\\/UC8bw1YALHZZJCJ-7bqvlR6Q\"]}]}<\/script>\n<!-- \/ Yoast SEO plugin. -->","yoast_head_json":{"title":"Beitrittsformular einreichen - Magyar PEN Club","description":"Datenaktualisierung f\u00fcr Mitglieder des ungarischen P.E.N.-Clubs. Wir bitten unsere Mitglieder, uns zu helfen!","robots":{"index":"index","follow":"follow","max-snippet":"max-snippet:-1","max-image-preview":"max-image-preview:large","max-video-preview":"max-video-preview:-1"},"canonical":"https:\/\/magyarpenclub.hu\/de\/beitrittsformular-einreichen\/","og_locale":"de_DE","og_type":"article","og_title":"Beitrittsformular einreichen - Magyar PEN Club","og_description":"Datenaktualisierung f\u00fcr Mitglieder des ungarischen P.E.N.-Clubs. Wir bitten unsere Mitglieder, uns zu helfen!","og_url":"https:\/\/magyarpenclub.hu\/de\/beitrittsformular-einreichen\/","og_site_name":"Magyar PEN Club","article_publisher":"https:\/\/www.facebook.com\/magyarpenclub","article_modified_time":"2025-03-26T17:17:15+00:00","og_image":[{"width":1920,"height":1440,"url":"https:\/\/magyarpenclub.hu\/wp-content\/uploads\/2022\/08\/umbrella-4290155_1920.jpg","type":"image\/jpeg"}],"twitter_card":"summary_large_image","schema":{"@context":"https:\/\/schema.org","@graph":[{"@type":"WebPage","@id":"https:\/\/magyarpenclub.hu\/de\/beitrittsformular-einreichen\/","url":"https:\/\/magyarpenclub.hu\/de\/beitrittsformular-einreichen\/","name":"Beitrittsformular einreichen - Magyar PEN Club","isPartOf":{"@id":"https:\/\/magyarpenclub.hu\/de\/#website"},"primaryImageOfPage":{"@id":"https:\/\/magyarpenclub.hu\/de\/beitrittsformular-einreichen\/#primaryimage"},"image":{"@id":"https:\/\/magyarpenclub.hu\/de\/beitrittsformular-einreichen\/#primaryimage"},"thumbnailUrl":"https:\/\/magyarpenclub.hu\/wp-content\/uploads\/2022\/08\/umbrella-4290155_1920.jpg","datePublished":"2022-09-13T12:16:03+00:00","dateModified":"2025-03-26T17:17:15+00:00","description":"Datenaktualisierung f\u00fcr Mitglieder des ungarischen P.E.N.-Clubs. Wir bitten unsere Mitglieder, uns zu helfen!","breadcrumb":{"@id":"https:\/\/magyarpenclub.hu\/de\/beitrittsformular-einreichen\/#breadcrumb"},"inLanguage":"de","potentialAction":[{"@type":"ReadAction","target":["https:\/\/magyarpenclub.hu\/de\/beitrittsformular-einreichen\/"]}]},{"@type":"ImageObject","inLanguage":"de","@id":"https:\/\/magyarpenclub.hu\/de\/beitrittsformular-einreichen\/#primaryimage","url":"https:\/\/magyarpenclub.hu\/wp-content\/uploads\/2022\/08\/umbrella-4290155_1920.jpg","contentUrl":"https:\/\/magyarpenclub.hu\/wp-content\/uploads\/2022\/08\/umbrella-4290155_1920.jpg","width":1920,"height":1440},{"@type":"BreadcrumbList","@id":"https:\/\/magyarpenclub.hu\/de\/beitrittsformular-einreichen\/#breadcrumb","itemListElement":[{"@type":"ListItem","position":1,"name":"Kezd\u0151lap","item":"https:\/\/magyarpenclub.hu\/de\/"},{"@type":"ListItem","position":2,"name":"Beitrittsformular einreichen"}]},{"@type":"WebSite","@id":"https:\/\/magyarpenclub.hu\/de\/#website","url":"https:\/\/magyarpenclub.hu\/de\/","name":"Magyar PEN Club","description":"H\u00edrek, k\u00f6zlem\u00e9nyek, \u00edr\u00e1sok","publisher":{"@id":"https:\/\/magyarpenclub.hu\/de\/#organization"},"potentialAction":[{"@type":"SearchAction","target":{"@type":"EntryPoint","urlTemplate":"https:\/\/magyarpenclub.hu\/de\/?s={search_term_string}"},"query-input":{"@type":"PropertyValueSpecification","valueRequired":true,"valueName":"search_term_string"}}],"inLanguage":"de"},{"@type":"Organization","@id":"https:\/\/magyarpenclub.hu\/de\/#organization","name":"Magyar P.E.N. Club","url":"https:\/\/magyarpenclub.hu\/de\/","logo":{"@type":"ImageObject","inLanguage":"de","@id":"https:\/\/magyarpenclub.hu\/de\/#\/schema\/logo\/image\/","url":"https:\/\/magyarpenclub.hu\/wp-content\/uploads\/2022\/08\/magyar-pen-club-logo.png","contentUrl":"https:\/\/magyarpenclub.hu\/wp-content\/uploads\/2022\/08\/magyar-pen-club-logo.png","width":195,"height":195,"caption":"Magyar P.E.N. Club"},"image":{"@id":"https:\/\/magyarpenclub.hu\/de\/#\/schema\/logo\/image\/"},"sameAs":["https:\/\/www.facebook.com\/magyarpenclub","https:\/\/www.youtube.com\/channel\/UC8bw1YALHZZJCJ-7bqvlR6Q"]}]}},"_links":{"self":[{"href":"https:\/\/magyarpenclub.hu\/de\/wp-json\/wp\/v2\/pages\/7040","targetHints":{"allow":["GET"]}}],"collection":[{"href":"https:\/\/magyarpenclub.hu\/de\/wp-json\/wp\/v2\/pages"}],"about":[{"href":"https:\/\/magyarpenclub.hu\/de\/wp-json\/wp\/v2\/types\/page"}],"author":[{"embeddable":true,"href":"https:\/\/magyarpenclub.hu\/de\/wp-json\/wp\/v2\/users\/1"}],"replies":[{"embeddable":true,"href":"https:\/\/magyarpenclub.hu\/de\/wp-json\/wp\/v2\/comments?post=7040"}],"version-history":[{"count":0,"href":"https:\/\/magyarpenclub.hu\/de\/wp-json\/wp\/v2\/pages\/7040\/revisions"}],"wp:featuredmedia":[{"embeddable":true,"href":"https:\/\/magyarpenclub.hu\/de\/wp-json\/wp\/v2\/media\/6683"}],"wp:attachment":[{"href":"https:\/\/magyarpenclub.hu\/de\/wp-json\/wp\/v2\/media?parent=7040"}],"curies":[{"name":"wp","href":"https:\/\/api.w.org\/{rel}","templated":true}]}}