{"id":8010,"date":"1970-01-01T00:00:00","date_gmt":"1970-01-01T00:00:00","guid":{"rendered":"https:\/\/magyarpenclub.hu\/termek\/in-memoriam-aladar-szoboszlay-i-die-opfer-und-die-seligen\/"},"modified":"2024-02-14T01:50:12","modified_gmt":"2024-02-14T01:50:12","slug":"in-memoriam-aladar-szoboszlay-i-die-opfer-und-die-seligen","status":"publish","type":"product","link":"https:\/\/magyarpenclub.hu\/de\/produkt\/in-memoriam-aladar-szoboszlay-i-die-opfer-und-die-seligen\/","title":{"rendered":"In Memoriam Alad\u00e1r Szoboszlay I. Die Opfer und die Seligen"},"content":{"rendered":"\t\t<div data-elementor-type=\"product-post\" data-elementor-id=\"8010\" class=\"elementor elementor-8010 elementor-3569\" data-elementor-post-type=\"product\">\n\t\t\t\t\t\t<section class=\"elementor-section elementor-top-section elementor-element elementor-element-0956348 elementor-section-boxed elementor-section-height-default elementor-section-height-default\" data-id=\"0956348\" data-element_type=\"section\" data-e-type=\"section\">\n\t\t\t\t\t\t<div class=\"elementor-container elementor-column-gap-wide\">\n\t\t\t\t\t<div class=\"elementor-column elementor-col-100 elementor-top-column elementor-element elementor-element-10bfe87\" data-id=\"10bfe87\" data-element_type=\"column\" data-e-type=\"column\">\n\t\t\t<div class=\"elementor-widget-wrap elementor-element-populated\">\n\t\t\t\t\t\t<div class=\"elementor-element elementor-element-560ce89 elementor-widget elementor-widget-heading\" data-id=\"560ce89\" data-element_type=\"widget\" data-e-type=\"widget\" data-widget_type=\"heading.default\">\n\t\t\t\t<div class=\"elementor-widget-container\">\n\t\t\t\t\t<h5 class=\"elementor-heading-title elementor-size-default\">In Memoriam Alad\u00e1r Szoboszlay I. Die Opfer und die Seligen<\/h5>\t\t\t\t<\/div>\n\t\t\t\t<\/div>\n\t\t\t\t<div class=\"elementor-element elementor-element-f3d5276 elementor-widget elementor-widget-spacer\" data-id=\"f3d5276\" data-element_type=\"widget\" data-e-type=\"widget\" data-widget_type=\"spacer.default\">\n\t\t\t\t<div class=\"elementor-widget-container\">\n\t\t\t\t\t\t\t<div class=\"elementor-spacer\">\n\t\t\t<div class=\"elementor-spacer-inner\"><\/div>\n\t\t<\/div>\n\t\t\t\t\t\t<\/div>\n\t\t\t\t<\/div>\n\t\t\t\t<div class=\"elementor-element elementor-element-9ddde02 elementor-widget elementor-widget-text-editor\" data-id=\"9ddde02\" data-element_type=\"widget\" data-e-type=\"widget\" data-widget_type=\"text-editor.default\">\n\t\t\t\t<div class=\"elementor-widget-container\">\n\t\t\t\t\t\t\t\t\t<p>Pressemitteilung: K\u00e1roly Vekov<\/p>\n\t\t\t\t\t\t\t\t<\/div>\n\t\t\t\t<\/div>\n\t\t\t\t<div class=\"elementor-element elementor-element-19cbb38 elementor-widget elementor-widget-spacer\" data-id=\"19cbb38\" data-element_type=\"widget\" data-e-type=\"widget\" data-widget_type=\"spacer.default\">\n\t\t\t\t<div class=\"elementor-widget-container\">\n\t\t\t\t\t\t\t<div class=\"elementor-spacer\">\n\t\t\t<div class=\"elementor-spacer-inner\"><\/div>\n\t\t<\/div>\n\t\t\t\t\t\t<\/div>\n\t\t\t\t<\/div>\n\t\t\t\t<div class=\"elementor-element elementor-element-730619e elementor-widget elementor-widget-heading\" data-id=\"730619e\" data-element_type=\"widget\" data-e-type=\"widget\" data-widget_type=\"heading.default\">\n\t\t\t\t<div class=\"elementor-widget-container\">\n\t\t\t\t\t<h5 class=\"elementor-heading-title elementor-size-default\">Buchbesprechung<\/h5>\t\t\t\t<\/div>\n\t\t\t\t<\/div>\n\t\t\t\t<div class=\"elementor-element elementor-element-15503cf elementor-widget elementor-widget-spacer\" data-id=\"15503cf\" data-element_type=\"widget\" data-e-type=\"widget\" data-widget_type=\"spacer.default\">\n\t\t\t\t<div class=\"elementor-widget-container\">\n\t\t\t\t\t\t\t<div class=\"elementor-spacer\">\n\t\t\t<div class=\"elementor-spacer-inner\"><\/div>\n\t\t<\/div>\n\t\t\t\t\t\t<\/div>\n\t\t\t\t<\/div>\n\t\t\t\t<div class=\"elementor-element elementor-element-8ea475d elementor-widget elementor-widget-text-editor\" data-id=\"8ea475d\" data-element_type=\"widget\" data-e-type=\"widget\" data-widget_type=\"text-editor.default\">\n\t\t\t\t<div class=\"elementor-widget-container\">\n\t\t\t\t\t\t\t\t\t<p>Der Werdegang und das Schicksal des siebenb\u00fcrgischen r\u00f6misch-katholischen Pfarrers Alad\u00e1r Szoboszlay, seine herausragenden moralischen und spirituellen Leistungen sind in der rum\u00e4nischen und ungarischen \u00d6ffentlichkeit trotz der wenigen ver\u00f6ffentlichten Studien nicht bekannt geworden. Dieses l\u00fcckenhafte Quellenbuch stellt das Denken von Szoboszlay, der kaum 33 Jahre alt wurde, anhand seiner Schriften und Korrespondenz vor.<\/p>\n\t\t\t\t\t\t\t\t<\/div>\n\t\t\t\t<\/div>\n\t\t\t\t<div class=\"elementor-element elementor-element-5543f79 elementor-widget elementor-widget-spacer\" data-id=\"5543f79\" data-element_type=\"widget\" data-e-type=\"widget\" data-widget_type=\"spacer.default\">\n\t\t\t\t<div class=\"elementor-widget-container\">\n\t\t\t\t\t\t\t<div class=\"elementor-spacer\">\n\t\t\t<div class=\"elementor-spacer-inner\"><\/div>\n\t\t<\/div>\n\t\t\t\t\t\t<\/div>\n\t\t\t\t<\/div>\n\t\t\t\t<div class=\"elementor-element elementor-element-70fbeb5 elementor-widget elementor-widget-heading\" data-id=\"70fbeb5\" data-element_type=\"widget\" data-e-type=\"widget\" data-widget_type=\"heading.default\">\n\t\t\t\t<div class=\"elementor-widget-container\">\n\t\t\t\t\t<h5 class=\"elementor-heading-title elementor-size-default\">Andere Daten<\/h5>\t\t\t\t<\/div>\n\t\t\t\t<\/div>\n\t\t\t\t<div class=\"elementor-element elementor-element-33a9062 elementor-widget elementor-widget-spacer\" data-id=\"33a9062\" data-element_type=\"widget\" data-e-type=\"widget\" data-widget_type=\"spacer.default\">\n\t\t\t\t<div class=\"elementor-widget-container\">\n\t\t\t\t\t\t\t<div class=\"elementor-spacer\">\n\t\t\t<div class=\"elementor-spacer-inner\"><\/div>\n\t\t<\/div>\n\t\t\t\t\t\t<\/div>\n\t\t\t\t<\/div>\n\t\t\t\t<div class=\"elementor-element elementor-element-d131172 elementor-widget elementor-widget-text-editor\" data-id=\"d131172\" data-element_type=\"widget\" data-e-type=\"widget\" data-widget_type=\"text-editor.default\">\n\t\t\t\t<div class=\"elementor-widget-container\">\n\t\t\t\t\t\t\t\t\t<ul>\n<li>\n<p>Ungarischer PEN-Club, 2018.<\/p>\n<\/li>\n<li>\n<p>632 Seiten, Hardcover<\/p>\n<\/li>\n<\/ul>\n\t\t\t\t\t\t\t\t<\/div>\n\t\t\t\t<\/div>\n\t\t\t\t\t<\/div>\n\t\t<\/div>\n\t\t\t\t\t<\/div>\n\t\t<\/section>\n\t\t\t\t<\/div>\n\t\t","protected":false},"excerpt":{"rendered":"<div class=\"woocommerce-product-details__short-description\">Der Werdegang und das Schicksal des siebenb\u00fcrgischen r\u00f6misch-katholischen Pfarrers Alad\u00e1r Szoboszlay, seine herausragenden moralischen und spirituellen Leistungen sind in der rum\u00e4nischen und ungarischen \u00d6ffentlichkeit trotz der wenigen ver\u00f6ffentlichten Studien nicht bekannt geworden. Dieses l\u00fcckenhafte Quellenbuch stellt das Denken von Szoboszlay, der kaum 33 Jahre alt wurde, anhand seiner Schriften und Korrespondenz vor.<\/div>\n","protected":false},"featured_media":6380,"comment_status":"open","ping_status":"closed","template":"","meta":{"_acf_changed":false},"product_brand":[],"product_cat":[226],"product_tag":[],"class_list":{"0":"post-8010","1":"product","2":"type-product","3":"status-publish","4":"has-post-thumbnail","6":"product_cat-buch","8":"first","9":"instock","10":"shipping-taxable","11":"purchasable","12":"product-type-simple"},"acf":[],"yoast_head":"<!-- This site is optimized with the Yoast SEO plugin v27.4 - https:\/\/yoast.com\/product\/yoast-seo-wordpress\/ -->\n<title>In Memoriam Alad\u00e1r Szoboszlay I. Die Opfer und die Seligen - Magyar PEN Club<\/title>\n<meta name=\"robots\" content=\"index, follow, max-snippet:-1, max-image-preview:large, max-video-preview:-1\" \/>\n<link rel=\"canonical\" href=\"https:\/\/magyarpenclub.hu\/de\/produkt\/in-memoriam-aladar-szoboszlay-i-die-opfer-und-die-seligen\/\" \/>\n<meta property=\"og:locale\" content=\"de_DE\" \/>\n<meta property=\"og:type\" content=\"article\" \/>\n<meta property=\"og:title\" content=\"In Memoriam Alad\u00e1r Szoboszlay I. Die Opfer und die Seligen - Magyar PEN Club\" \/>\n<meta property=\"og:description\" content=\"Der Werdegang und das Schicksal des siebenb\u00fcrgischen r\u00f6misch-katholischen Pfarrers Alad\u00e1r Szoboszlay, seine herausragenden moralischen und spirituellen Leistungen sind in der rum\u00e4nischen und ungarischen \u00d6ffentlichkeit trotz der wenigen ver\u00f6ffentlichten Studien nicht bekannt geworden. Dieses l\u00fcckenhafte Quellenbuch stellt das Denken von Szoboszlay, der kaum 33 Jahre alt wurde, anhand seiner Schriften und Korrespondenz vor.\" \/>\n<meta property=\"og:url\" content=\"https:\/\/magyarpenclub.hu\/de\/produkt\/in-memoriam-aladar-szoboszlay-i-die-opfer-und-die-seligen\/\" \/>\n<meta property=\"og:site_name\" content=\"Magyar PEN Club\" \/>\n<meta property=\"article:publisher\" content=\"https:\/\/www.facebook.com\/magyarpenclub\" \/>\n<meta property=\"article:modified_time\" content=\"2024-02-14T01:50:12+00:00\" \/>\n<meta property=\"og:image\" content=\"https:\/\/magyarpenclub.hu\/wp-content\/uploads\/2022\/05\/in-memoriam-szoboszlai-aladar-2-tofalvi-zoltan-a-kereszt-romaniai-vertanui-az-aldozatok-vere-az-egre-kialt-magyar-pen-club.png\" \/>\n\t<meta property=\"og:image:width\" content=\"1920\" \/>\n\t<meta property=\"og:image:height\" content=\"1440\" \/>\n\t<meta property=\"og:image:type\" content=\"image\/png\" \/>\n<meta name=\"twitter:card\" content=\"summary_large_image\" \/>\n<script type=\"application\/ld+json\" class=\"yoast-schema-graph\">{\"@context\":\"https:\\\/\\\/schema.org\",\"@graph\":[{\"@type\":\"WebPage\",\"@id\":\"https:\\\/\\\/magyarpenclub.hu\\\/de\\\/produkt\\\/in-memoriam-aladar-szoboszlay-i-die-opfer-und-die-seligen\\\/\",\"url\":\"https:\\\/\\\/magyarpenclub.hu\\\/de\\\/produkt\\\/in-memoriam-aladar-szoboszlay-i-die-opfer-und-die-seligen\\\/\",\"name\":\"In Memoriam Alad\u00e1r Szoboszlay I. Die Opfer und die Seligen - Magyar PEN Club\",\"isPartOf\":{\"@id\":\"https:\\\/\\\/magyarpenclub.hu\\\/de\\\/#website\"},\"primaryImageOfPage\":{\"@id\":\"https:\\\/\\\/magyarpenclub.hu\\\/de\\\/produkt\\\/in-memoriam-aladar-szoboszlay-i-die-opfer-und-die-seligen\\\/#primaryimage\"},\"image\":{\"@id\":\"https:\\\/\\\/magyarpenclub.hu\\\/de\\\/produkt\\\/in-memoriam-aladar-szoboszlay-i-die-opfer-und-die-seligen\\\/#primaryimage\"},\"thumbnailUrl\":\"https:\\\/\\\/magyarpenclub.hu\\\/wp-content\\\/uploads\\\/2022\\\/05\\\/in-memoriam-szoboszlai-aladar-2-tofalvi-zoltan-a-kereszt-romaniai-vertanui-az-aldozatok-vere-az-egre-kialt-magyar-pen-club.png\",\"datePublished\":\"1970-01-01T00:00:00+00:00\",\"dateModified\":\"2024-02-14T01:50:12+00:00\",\"breadcrumb\":{\"@id\":\"https:\\\/\\\/magyarpenclub.hu\\\/de\\\/produkt\\\/in-memoriam-aladar-szoboszlay-i-die-opfer-und-die-seligen\\\/#breadcrumb\"},\"inLanguage\":\"de\",\"potentialAction\":[{\"@type\":\"ReadAction\",\"target\":[\"https:\\\/\\\/magyarpenclub.hu\\\/de\\\/produkt\\\/in-memoriam-aladar-szoboszlay-i-die-opfer-und-die-seligen\\\/\"]}]},{\"@type\":\"ImageObject\",\"inLanguage\":\"de\",\"@id\":\"https:\\\/\\\/magyarpenclub.hu\\\/de\\\/produkt\\\/in-memoriam-aladar-szoboszlay-i-die-opfer-und-die-seligen\\\/#primaryimage\",\"url\":\"https:\\\/\\\/magyarpenclub.hu\\\/wp-content\\\/uploads\\\/2022\\\/05\\\/in-memoriam-szoboszlai-aladar-2-tofalvi-zoltan-a-kereszt-romaniai-vertanui-az-aldozatok-vere-az-egre-kialt-magyar-pen-club.png\",\"contentUrl\":\"https:\\\/\\\/magyarpenclub.hu\\\/wp-content\\\/uploads\\\/2022\\\/05\\\/in-memoriam-szoboszlai-aladar-2-tofalvi-zoltan-a-kereszt-romaniai-vertanui-az-aldozatok-vere-az-egre-kialt-magyar-pen-club.png\",\"width\":1920,\"height\":1440},{\"@type\":\"BreadcrumbList\",\"@id\":\"https:\\\/\\\/magyarpenclub.hu\\\/de\\\/produkt\\\/in-memoriam-aladar-szoboszlay-i-die-opfer-und-die-seligen\\\/#breadcrumb\",\"itemListElement\":[{\"@type\":\"ListItem\",\"position\":1,\"name\":\"Kezd\u0151lap\",\"item\":\"https:\\\/\\\/magyarpenclub.hu\\\/de\\\/\"},{\"@type\":\"ListItem\",\"position\":2,\"name\":\"Shop\",\"item\":\"https:\\\/\\\/magyarpenclub.hu\\\/bolt\\\/\"},{\"@type\":\"ListItem\",\"position\":3,\"name\":\"In Memoriam Alad\u00e1r Szoboszlay I. Die Opfer und die Seligen\"}]},{\"@type\":\"WebSite\",\"@id\":\"https:\\\/\\\/magyarpenclub.hu\\\/de\\\/#website\",\"url\":\"https:\\\/\\\/magyarpenclub.hu\\\/de\\\/\",\"name\":\"Magyar PEN Club\",\"description\":\"H\u00edrek, k\u00f6zlem\u00e9nyek, \u00edr\u00e1sok\",\"publisher\":{\"@id\":\"https:\\\/\\\/magyarpenclub.hu\\\/de\\\/#organization\"},\"potentialAction\":[{\"@type\":\"SearchAction\",\"target\":{\"@type\":\"EntryPoint\",\"urlTemplate\":\"https:\\\/\\\/magyarpenclub.hu\\\/de\\\/?s={search_term_string}\"},\"query-input\":{\"@type\":\"PropertyValueSpecification\",\"valueRequired\":true,\"valueName\":\"search_term_string\"}}],\"inLanguage\":\"de\"},{\"@type\":\"Organization\",\"@id\":\"https:\\\/\\\/magyarpenclub.hu\\\/de\\\/#organization\",\"name\":\"Magyar P.E.N. Club\",\"url\":\"https:\\\/\\\/magyarpenclub.hu\\\/de\\\/\",\"logo\":{\"@type\":\"ImageObject\",\"inLanguage\":\"de\",\"@id\":\"https:\\\/\\\/magyarpenclub.hu\\\/de\\\/#\\\/schema\\\/logo\\\/image\\\/\",\"url\":\"https:\\\/\\\/magyarpenclub.hu\\\/wp-content\\\/uploads\\\/2022\\\/08\\\/magyar-pen-club-logo.png\",\"contentUrl\":\"https:\\\/\\\/magyarpenclub.hu\\\/wp-content\\\/uploads\\\/2022\\\/08\\\/magyar-pen-club-logo.png\",\"width\":195,\"height\":195,\"caption\":\"Magyar P.E.N. Club\"},\"image\":{\"@id\":\"https:\\\/\\\/magyarpenclub.hu\\\/de\\\/#\\\/schema\\\/logo\\\/image\\\/\"},\"sameAs\":[\"https:\\\/\\\/www.facebook.com\\\/magyarpenclub\",\"https:\\\/\\\/www.youtube.com\\\/channel\\\/UC8bw1YALHZZJCJ-7bqvlR6Q\"]}]}<\/script>\n<!-- \/ Yoast SEO plugin. -->","yoast_head_json":{"title":"In Memoriam Alad\u00e1r Szoboszlay I. Die Opfer und die Seligen - Magyar PEN Club","robots":{"index":"index","follow":"follow","max-snippet":"max-snippet:-1","max-image-preview":"max-image-preview:large","max-video-preview":"max-video-preview:-1"},"canonical":"https:\/\/magyarpenclub.hu\/de\/produkt\/in-memoriam-aladar-szoboszlay-i-die-opfer-und-die-seligen\/","og_locale":"de_DE","og_type":"article","og_title":"In Memoriam Alad\u00e1r Szoboszlay I. Die Opfer und die Seligen - Magyar PEN Club","og_description":"Der Werdegang und das Schicksal des siebenb\u00fcrgischen r\u00f6misch-katholischen Pfarrers Alad\u00e1r Szoboszlay, seine herausragenden moralischen und spirituellen Leistungen sind in der rum\u00e4nischen und ungarischen \u00d6ffentlichkeit trotz der wenigen ver\u00f6ffentlichten Studien nicht bekannt geworden. Dieses l\u00fcckenhafte Quellenbuch stellt das Denken von Szoboszlay, der kaum 33 Jahre alt wurde, anhand seiner Schriften und Korrespondenz vor.","og_url":"https:\/\/magyarpenclub.hu\/de\/produkt\/in-memoriam-aladar-szoboszlay-i-die-opfer-und-die-seligen\/","og_site_name":"Magyar PEN Club","article_publisher":"https:\/\/www.facebook.com\/magyarpenclub","article_modified_time":"2024-02-14T01:50:12+00:00","og_image":[{"width":1920,"height":1440,"url":"https:\/\/magyarpenclub.hu\/wp-content\/uploads\/2022\/05\/in-memoriam-szoboszlai-aladar-2-tofalvi-zoltan-a-kereszt-romaniai-vertanui-az-aldozatok-vere-az-egre-kialt-magyar-pen-club.png","type":"image\/png"}],"twitter_card":"summary_large_image","schema":{"@context":"https:\/\/schema.org","@graph":[{"@type":"WebPage","@id":"https:\/\/magyarpenclub.hu\/de\/produkt\/in-memoriam-aladar-szoboszlay-i-die-opfer-und-die-seligen\/","url":"https:\/\/magyarpenclub.hu\/de\/produkt\/in-memoriam-aladar-szoboszlay-i-die-opfer-und-die-seligen\/","name":"In Memoriam Alad\u00e1r Szoboszlay I. Die Opfer und die Seligen - Magyar PEN Club","isPartOf":{"@id":"https:\/\/magyarpenclub.hu\/de\/#website"},"primaryImageOfPage":{"@id":"https:\/\/magyarpenclub.hu\/de\/produkt\/in-memoriam-aladar-szoboszlay-i-die-opfer-und-die-seligen\/#primaryimage"},"image":{"@id":"https:\/\/magyarpenclub.hu\/de\/produkt\/in-memoriam-aladar-szoboszlay-i-die-opfer-und-die-seligen\/#primaryimage"},"thumbnailUrl":"https:\/\/magyarpenclub.hu\/wp-content\/uploads\/2022\/05\/in-memoriam-szoboszlai-aladar-2-tofalvi-zoltan-a-kereszt-romaniai-vertanui-az-aldozatok-vere-az-egre-kialt-magyar-pen-club.png","datePublished":"1970-01-01T00:00:00+00:00","dateModified":"2024-02-14T01:50:12+00:00","breadcrumb":{"@id":"https:\/\/magyarpenclub.hu\/de\/produkt\/in-memoriam-aladar-szoboszlay-i-die-opfer-und-die-seligen\/#breadcrumb"},"inLanguage":"de","potentialAction":[{"@type":"ReadAction","target":["https:\/\/magyarpenclub.hu\/de\/produkt\/in-memoriam-aladar-szoboszlay-i-die-opfer-und-die-seligen\/"]}]},{"@type":"ImageObject","inLanguage":"de","@id":"https:\/\/magyarpenclub.hu\/de\/produkt\/in-memoriam-aladar-szoboszlay-i-die-opfer-und-die-seligen\/#primaryimage","url":"https:\/\/magyarpenclub.hu\/wp-content\/uploads\/2022\/05\/in-memoriam-szoboszlai-aladar-2-tofalvi-zoltan-a-kereszt-romaniai-vertanui-az-aldozatok-vere-az-egre-kialt-magyar-pen-club.png","contentUrl":"https:\/\/magyarpenclub.hu\/wp-content\/uploads\/2022\/05\/in-memoriam-szoboszlai-aladar-2-tofalvi-zoltan-a-kereszt-romaniai-vertanui-az-aldozatok-vere-az-egre-kialt-magyar-pen-club.png","width":1920,"height":1440},{"@type":"BreadcrumbList","@id":"https:\/\/magyarpenclub.hu\/de\/produkt\/in-memoriam-aladar-szoboszlay-i-die-opfer-und-die-seligen\/#breadcrumb","itemListElement":[{"@type":"ListItem","position":1,"name":"Kezd\u0151lap","item":"https:\/\/magyarpenclub.hu\/de\/"},{"@type":"ListItem","position":2,"name":"Shop","item":"https:\/\/magyarpenclub.hu\/bolt\/"},{"@type":"ListItem","position":3,"name":"In Memoriam Alad\u00e1r Szoboszlay I. Die Opfer und die Seligen"}]},{"@type":"WebSite","@id":"https:\/\/magyarpenclub.hu\/de\/#website","url":"https:\/\/magyarpenclub.hu\/de\/","name":"Magyar PEN Club","description":"H\u00edrek, k\u00f6zlem\u00e9nyek, \u00edr\u00e1sok","publisher":{"@id":"https:\/\/magyarpenclub.hu\/de\/#organization"},"potentialAction":[{"@type":"SearchAction","target":{"@type":"EntryPoint","urlTemplate":"https:\/\/magyarpenclub.hu\/de\/?s={search_term_string}"},"query-input":{"@type":"PropertyValueSpecification","valueRequired":true,"valueName":"search_term_string"}}],"inLanguage":"de"},{"@type":"Organization","@id":"https:\/\/magyarpenclub.hu\/de\/#organization","name":"Magyar P.E.N. Club","url":"https:\/\/magyarpenclub.hu\/de\/","logo":{"@type":"ImageObject","inLanguage":"de","@id":"https:\/\/magyarpenclub.hu\/de\/#\/schema\/logo\/image\/","url":"https:\/\/magyarpenclub.hu\/wp-content\/uploads\/2022\/08\/magyar-pen-club-logo.png","contentUrl":"https:\/\/magyarpenclub.hu\/wp-content\/uploads\/2022\/08\/magyar-pen-club-logo.png","width":195,"height":195,"caption":"Magyar P.E.N. Club"},"image":{"@id":"https:\/\/magyarpenclub.hu\/de\/#\/schema\/logo\/image\/"},"sameAs":["https:\/\/www.facebook.com\/magyarpenclub","https:\/\/www.youtube.com\/channel\/UC8bw1YALHZZJCJ-7bqvlR6Q"]}]}},"_links":{"self":[{"href":"https:\/\/magyarpenclub.hu\/de\/wp-json\/wp\/v2\/product\/8010","targetHints":{"allow":["GET"]}}],"collection":[{"href":"https:\/\/magyarpenclub.hu\/de\/wp-json\/wp\/v2\/product"}],"about":[{"href":"https:\/\/magyarpenclub.hu\/de\/wp-json\/wp\/v2\/types\/product"}],"replies":[{"embeddable":true,"href":"https:\/\/magyarpenclub.hu\/de\/wp-json\/wp\/v2\/comments?post=8010"}],"version-history":[{"count":0,"href":"https:\/\/magyarpenclub.hu\/de\/wp-json\/wp\/v2\/product\/8010\/revisions"}],"wp:featuredmedia":[{"embeddable":true,"href":"https:\/\/magyarpenclub.hu\/de\/wp-json\/wp\/v2\/media\/6380"}],"wp:attachment":[{"href":"https:\/\/magyarpenclub.hu\/de\/wp-json\/wp\/v2\/media?parent=8010"}],"wp:term":[{"taxonomy":"product_brand","embeddable":true,"href":"https:\/\/magyarpenclub.hu\/de\/wp-json\/wp\/v2\/product_brand?post=8010"},{"taxonomy":"product_cat","embeddable":true,"href":"https:\/\/magyarpenclub.hu\/de\/wp-json\/wp\/v2\/product_cat?post=8010"},{"taxonomy":"product_tag","embeddable":true,"href":"https:\/\/magyarpenclub.hu\/de\/wp-json\/wp\/v2\/product_tag?post=8010"}],"curies":[{"name":"wp","href":"https:\/\/api.w.org\/{rel}","templated":true}]}}