{"id":8042,"date":"1970-01-01T00:00:00","date_gmt":"1970-01-01T00:00:00","guid":{"rendered":"https:\/\/magyarpenclub.hu\/termek\/in-memoriam-szoboszlay-aladar-ii-zoltan-tofalvi-die-rumaenischen-maertyrer-vom-kreuz-das-blut-der-opfer-schrie-zum-himmel\/"},"modified":"2024-02-14T01:50:12","modified_gmt":"2024-02-14T01:50:12","slug":"in-memoriam-szoboszlay-aladar-ii-zoltan-tofalvi-die-rumaenischen-maertyrer-vom-kreuz-das-blut-der-opfer-schrie-zum-himmel","status":"publish","type":"product","link":"https:\/\/magyarpenclub.hu\/de\/produkt\/in-memoriam-szoboszlay-aladar-ii-zoltan-tofalvi-die-rumaenischen-maertyrer-vom-kreuz-das-blut-der-opfer-schrie-zum-himmel\/","title":{"rendered":"In Memoriam Szoboszlay Alad\u00e1r II. Zolt\u00e1n T\u00f3falvi: Die rum\u00e4nischen M\u00e4rtyrer vom Kreuz &#8211; Das Blut der Opfer schrie zum Himmel!"},"content":{"rendered":"\t\t<div data-elementor-type=\"product-post\" data-elementor-id=\"8042\" class=\"elementor elementor-8042 elementor-3571\" data-elementor-post-type=\"product\">\n\t\t\t\t\t\t<section class=\"elementor-section elementor-top-section elementor-element elementor-element-2d684aa elementor-section-boxed elementor-section-height-default elementor-section-height-default\" data-id=\"2d684aa\" data-element_type=\"section\" data-e-type=\"section\">\n\t\t\t\t\t\t<div class=\"elementor-container elementor-column-gap-wide\">\n\t\t\t\t\t<div class=\"elementor-column elementor-col-100 elementor-top-column elementor-element elementor-element-dc62f52\" data-id=\"dc62f52\" data-element_type=\"column\" data-e-type=\"column\">\n\t\t\t<div class=\"elementor-widget-wrap elementor-element-populated\">\n\t\t\t\t\t\t<div class=\"elementor-element elementor-element-4036c96 elementor-widget elementor-widget-heading\" data-id=\"4036c96\" data-element_type=\"widget\" data-e-type=\"widget\" data-widget_type=\"heading.default\">\n\t\t\t\t<div class=\"elementor-widget-container\">\n\t\t\t\t\t<h5 class=\"elementor-heading-title elementor-size-default\">In Memoriam Szoboszlay Alad\u00e1r II. Zolt\u00e1n T\u00f3falvi: Die rum\u00e4nischen M\u00e4rtyrer vom Kreuz &#8211; Das Blut der Opfer schrie zum Himmel!<\/h5>\t\t\t\t<\/div>\n\t\t\t\t<\/div>\n\t\t\t\t<div class=\"elementor-element elementor-element-ad34b70 elementor-widget elementor-widget-spacer\" data-id=\"ad34b70\" data-element_type=\"widget\" data-e-type=\"widget\" data-widget_type=\"spacer.default\">\n\t\t\t\t<div class=\"elementor-widget-container\">\n\t\t\t\t\t\t\t<div class=\"elementor-spacer\">\n\t\t\t<div class=\"elementor-spacer-inner\"><\/div>\n\t\t<\/div>\n\t\t\t\t\t\t<\/div>\n\t\t\t\t<\/div>\n\t\t\t\t<div class=\"elementor-element elementor-element-c77c1a8 elementor-widget elementor-widget-heading\" data-id=\"c77c1a8\" data-element_type=\"widget\" data-e-type=\"widget\" data-widget_type=\"heading.default\">\n\t\t\t\t<div class=\"elementor-widget-container\">\n\t\t\t\t\t<h5 class=\"elementor-heading-title elementor-size-default\">Buchbesprechung<\/h5>\t\t\t\t<\/div>\n\t\t\t\t<\/div>\n\t\t\t\t<div class=\"elementor-element elementor-element-2449729 elementor-widget elementor-widget-spacer\" data-id=\"2449729\" data-element_type=\"widget\" data-e-type=\"widget\" data-widget_type=\"spacer.default\">\n\t\t\t\t<div class=\"elementor-widget-container\">\n\t\t\t\t\t\t\t<div class=\"elementor-spacer\">\n\t\t\t<div class=\"elementor-spacer-inner\"><\/div>\n\t\t<\/div>\n\t\t\t\t\t\t<\/div>\n\t\t\t\t<\/div>\n\t\t\t\t<div class=\"elementor-element elementor-element-bd2570b elementor-widget elementor-widget-text-editor\" data-id=\"bd2570b\" data-element_type=\"widget\" data-e-type=\"widget\" data-widget_type=\"text-editor.default\">\n\t\t\t\t<div class=\"elementor-widget-container\">\n\t\t\t\t\t\t\t\t\t<p>Die Aktivit\u00e4ten von Alad\u00e1r Szoboszlay, der nach der Revolution von 1956 wegen &#8222;Verschw\u00f6rung zum Umsturz des rum\u00e4nischen Staates&#8220; zusammen mit mehreren Mitstreitern hingerichtet wurde, und der Szoboszlay-Prozess stehen im Mittelpunkt des quellenreichen Buches des Autors, das eine L\u00fccke schlie\u00dft.<\/p>\n\t\t\t\t\t\t\t\t<\/div>\n\t\t\t\t<\/div>\n\t\t\t\t<div class=\"elementor-element elementor-element-78d98dc elementor-widget elementor-widget-spacer\" data-id=\"78d98dc\" data-element_type=\"widget\" data-e-type=\"widget\" data-widget_type=\"spacer.default\">\n\t\t\t\t<div class=\"elementor-widget-container\">\n\t\t\t\t\t\t\t<div class=\"elementor-spacer\">\n\t\t\t<div class=\"elementor-spacer-inner\"><\/div>\n\t\t<\/div>\n\t\t\t\t\t\t<\/div>\n\t\t\t\t<\/div>\n\t\t\t\t<div class=\"elementor-element elementor-element-16d423a elementor-widget elementor-widget-heading\" data-id=\"16d423a\" data-element_type=\"widget\" data-e-type=\"widget\" data-widget_type=\"heading.default\">\n\t\t\t\t<div class=\"elementor-widget-container\">\n\t\t\t\t\t<h5 class=\"elementor-heading-title elementor-size-default\">Andere Daten<\/h5>\t\t\t\t<\/div>\n\t\t\t\t<\/div>\n\t\t\t\t<div class=\"elementor-element elementor-element-8e833bc elementor-widget elementor-widget-spacer\" data-id=\"8e833bc\" data-element_type=\"widget\" data-e-type=\"widget\" data-widget_type=\"spacer.default\">\n\t\t\t\t<div class=\"elementor-widget-container\">\n\t\t\t\t\t\t\t<div class=\"elementor-spacer\">\n\t\t\t<div class=\"elementor-spacer-inner\"><\/div>\n\t\t<\/div>\n\t\t\t\t\t\t<\/div>\n\t\t\t\t<\/div>\n\t\t\t\t<div class=\"elementor-element elementor-element-b423b65 elementor-widget elementor-widget-text-editor\" data-id=\"b423b65\" data-element_type=\"widget\" data-e-type=\"widget\" data-widget_type=\"text-editor.default\">\n\t\t\t\t<div class=\"elementor-widget-container\">\n\t\t\t\t\t\t\t\t\t<ul>\n<li>\n<p>Ungarischer PEN-Klub, 2019.<\/p>\n<\/li>\n<li>\n<p>400 Seiten, gebunden<\/p>\n<\/li>\n<\/ul>\n\t\t\t\t\t\t\t\t<\/div>\n\t\t\t\t<\/div>\n\t\t\t\t\t<\/div>\n\t\t<\/div>\n\t\t\t\t\t<\/div>\n\t\t<\/section>\n\t\t\t\t<\/div>\n\t\t","protected":false},"excerpt":{"rendered":"<div class=\"woocommerce-product-details__short-description\">Die Aktivit\u00e4ten von Alad\u00e1r Szoboszlay, der nach der Revolution von 1956 wegen &#8222;Verschw\u00f6rung zum Umsturz des rum\u00e4nischen Staates&#8220; zusammen mit mehreren Mitstreitern hingerichtet wurde, und der Szoboszlay-Prozess stehen im Mittelpunkt des quellenreichen Buches des Autors, das eine L\u00fccke schlie\u00dft.<\/div>\n","protected":false},"featured_media":6383,"comment_status":"open","ping_status":"closed","template":"","meta":{"_acf_changed":false},"product_brand":[],"product_cat":[226],"product_tag":[],"class_list":{"0":"post-8042","1":"product","2":"type-product","3":"status-publish","4":"has-post-thumbnail","6":"product_cat-buch","8":"first","9":"instock","10":"shipping-taxable","11":"purchasable","12":"product-type-simple"},"acf":[],"yoast_head":"<!-- This site is optimized with the Yoast SEO plugin v27.4 - https:\/\/yoast.com\/product\/yoast-seo-wordpress\/ -->\n<title>In Memoriam Szoboszlay Alad\u00e1r II. Zolt\u00e1n T\u00f3falvi: Die rum\u00e4nischen M\u00e4rtyrer vom Kreuz - Das Blut der Opfer schrie zum Himmel! - Magyar PEN Club<\/title>\n<meta name=\"robots\" content=\"index, follow, max-snippet:-1, max-image-preview:large, max-video-preview:-1\" \/>\n<link rel=\"canonical\" href=\"https:\/\/magyarpenclub.hu\/de\/produkt\/in-memoriam-szoboszlay-aladar-ii-zoltan-tofalvi-die-rumaenischen-maertyrer-vom-kreuz-das-blut-der-opfer-schrie-zum-himmel\/\" \/>\n<meta property=\"og:locale\" content=\"de_DE\" \/>\n<meta property=\"og:type\" content=\"article\" \/>\n<meta property=\"og:title\" content=\"In Memoriam Szoboszlay Alad\u00e1r II. Zolt\u00e1n T\u00f3falvi: Die rum\u00e4nischen M\u00e4rtyrer vom Kreuz - Das Blut der Opfer schrie zum Himmel! - Magyar PEN Club\" \/>\n<meta property=\"og:description\" content=\"Die Aktivit\u00e4ten von Alad\u00e1r Szoboszlay, der nach der Revolution von 1956 wegen &quot;Verschw\u00f6rung zum Umsturz des rum\u00e4nischen Staates&quot; zusammen mit mehreren Mitstreitern hingerichtet wurde, und der Szoboszlay-Prozess stehen im Mittelpunkt des quellenreichen Buches des Autors, das eine L\u00fccke schlie\u00dft.\" \/>\n<meta property=\"og:url\" content=\"https:\/\/magyarpenclub.hu\/de\/produkt\/in-memoriam-szoboszlay-aladar-ii-zoltan-tofalvi-die-rumaenischen-maertyrer-vom-kreuz-das-blut-der-opfer-schrie-zum-himmel\/\" \/>\n<meta property=\"og:site_name\" content=\"Magyar PEN Club\" \/>\n<meta property=\"article:publisher\" content=\"https:\/\/www.facebook.com\/magyarpenclub\" \/>\n<meta property=\"article:modified_time\" content=\"2024-02-14T01:50:12+00:00\" \/>\n<meta property=\"og:image\" content=\"https:\/\/magyarpenclub.hu\/wp-content\/uploads\/2022\/05\/in-memoriam-szoboszlai-aladar-aldozatok-es-aldozottak-magyar-pen-club.png\" \/>\n\t<meta property=\"og:image:width\" content=\"1920\" \/>\n\t<meta property=\"og:image:height\" content=\"1440\" \/>\n\t<meta property=\"og:image:type\" content=\"image\/png\" \/>\n<meta name=\"twitter:card\" content=\"summary_large_image\" \/>\n<script type=\"application\/ld+json\" class=\"yoast-schema-graph\">{\"@context\":\"https:\\\/\\\/schema.org\",\"@graph\":[{\"@type\":\"WebPage\",\"@id\":\"https:\\\/\\\/magyarpenclub.hu\\\/de\\\/produkt\\\/in-memoriam-szoboszlay-aladar-ii-zoltan-tofalvi-die-rumaenischen-maertyrer-vom-kreuz-das-blut-der-opfer-schrie-zum-himmel\\\/\",\"url\":\"https:\\\/\\\/magyarpenclub.hu\\\/de\\\/produkt\\\/in-memoriam-szoboszlay-aladar-ii-zoltan-tofalvi-die-rumaenischen-maertyrer-vom-kreuz-das-blut-der-opfer-schrie-zum-himmel\\\/\",\"name\":\"In Memoriam Szoboszlay Alad\u00e1r II. Zolt\u00e1n T\u00f3falvi: Die rum\u00e4nischen M\u00e4rtyrer vom Kreuz - Das Blut der Opfer schrie zum Himmel! - Magyar PEN Club\",\"isPartOf\":{\"@id\":\"https:\\\/\\\/magyarpenclub.hu\\\/de\\\/#website\"},\"primaryImageOfPage\":{\"@id\":\"https:\\\/\\\/magyarpenclub.hu\\\/de\\\/produkt\\\/in-memoriam-szoboszlay-aladar-ii-zoltan-tofalvi-die-rumaenischen-maertyrer-vom-kreuz-das-blut-der-opfer-schrie-zum-himmel\\\/#primaryimage\"},\"image\":{\"@id\":\"https:\\\/\\\/magyarpenclub.hu\\\/de\\\/produkt\\\/in-memoriam-szoboszlay-aladar-ii-zoltan-tofalvi-die-rumaenischen-maertyrer-vom-kreuz-das-blut-der-opfer-schrie-zum-himmel\\\/#primaryimage\"},\"thumbnailUrl\":\"https:\\\/\\\/magyarpenclub.hu\\\/wp-content\\\/uploads\\\/2022\\\/05\\\/in-memoriam-szoboszlai-aladar-aldozatok-es-aldozottak-magyar-pen-club.png\",\"datePublished\":\"1970-01-01T00:00:00+00:00\",\"dateModified\":\"2024-02-14T01:50:12+00:00\",\"breadcrumb\":{\"@id\":\"https:\\\/\\\/magyarpenclub.hu\\\/de\\\/produkt\\\/in-memoriam-szoboszlay-aladar-ii-zoltan-tofalvi-die-rumaenischen-maertyrer-vom-kreuz-das-blut-der-opfer-schrie-zum-himmel\\\/#breadcrumb\"},\"inLanguage\":\"de\",\"potentialAction\":[{\"@type\":\"ReadAction\",\"target\":[\"https:\\\/\\\/magyarpenclub.hu\\\/de\\\/produkt\\\/in-memoriam-szoboszlay-aladar-ii-zoltan-tofalvi-die-rumaenischen-maertyrer-vom-kreuz-das-blut-der-opfer-schrie-zum-himmel\\\/\"]}]},{\"@type\":\"ImageObject\",\"inLanguage\":\"de\",\"@id\":\"https:\\\/\\\/magyarpenclub.hu\\\/de\\\/produkt\\\/in-memoriam-szoboszlay-aladar-ii-zoltan-tofalvi-die-rumaenischen-maertyrer-vom-kreuz-das-blut-der-opfer-schrie-zum-himmel\\\/#primaryimage\",\"url\":\"https:\\\/\\\/magyarpenclub.hu\\\/wp-content\\\/uploads\\\/2022\\\/05\\\/in-memoriam-szoboszlai-aladar-aldozatok-es-aldozottak-magyar-pen-club.png\",\"contentUrl\":\"https:\\\/\\\/magyarpenclub.hu\\\/wp-content\\\/uploads\\\/2022\\\/05\\\/in-memoriam-szoboszlai-aladar-aldozatok-es-aldozottak-magyar-pen-club.png\",\"width\":1920,\"height\":1440},{\"@type\":\"BreadcrumbList\",\"@id\":\"https:\\\/\\\/magyarpenclub.hu\\\/de\\\/produkt\\\/in-memoriam-szoboszlay-aladar-ii-zoltan-tofalvi-die-rumaenischen-maertyrer-vom-kreuz-das-blut-der-opfer-schrie-zum-himmel\\\/#breadcrumb\",\"itemListElement\":[{\"@type\":\"ListItem\",\"position\":1,\"name\":\"Kezd\u0151lap\",\"item\":\"https:\\\/\\\/magyarpenclub.hu\\\/de\\\/\"},{\"@type\":\"ListItem\",\"position\":2,\"name\":\"Shop\",\"item\":\"https:\\\/\\\/magyarpenclub.hu\\\/bolt\\\/\"},{\"@type\":\"ListItem\",\"position\":3,\"name\":\"In Memoriam Szoboszlay Alad\u00e1r II. Zolt\u00e1n T\u00f3falvi: Die rum\u00e4nischen M\u00e4rtyrer vom Kreuz &#8211; Das Blut der Opfer schrie zum Himmel!\"}]},{\"@type\":\"WebSite\",\"@id\":\"https:\\\/\\\/magyarpenclub.hu\\\/de\\\/#website\",\"url\":\"https:\\\/\\\/magyarpenclub.hu\\\/de\\\/\",\"name\":\"Magyar PEN Club\",\"description\":\"H\u00edrek, k\u00f6zlem\u00e9nyek, \u00edr\u00e1sok\",\"publisher\":{\"@id\":\"https:\\\/\\\/magyarpenclub.hu\\\/de\\\/#organization\"},\"potentialAction\":[{\"@type\":\"SearchAction\",\"target\":{\"@type\":\"EntryPoint\",\"urlTemplate\":\"https:\\\/\\\/magyarpenclub.hu\\\/de\\\/?s={search_term_string}\"},\"query-input\":{\"@type\":\"PropertyValueSpecification\",\"valueRequired\":true,\"valueName\":\"search_term_string\"}}],\"inLanguage\":\"de\"},{\"@type\":\"Organization\",\"@id\":\"https:\\\/\\\/magyarpenclub.hu\\\/de\\\/#organization\",\"name\":\"Magyar P.E.N. Club\",\"url\":\"https:\\\/\\\/magyarpenclub.hu\\\/de\\\/\",\"logo\":{\"@type\":\"ImageObject\",\"inLanguage\":\"de\",\"@id\":\"https:\\\/\\\/magyarpenclub.hu\\\/de\\\/#\\\/schema\\\/logo\\\/image\\\/\",\"url\":\"https:\\\/\\\/magyarpenclub.hu\\\/wp-content\\\/uploads\\\/2022\\\/08\\\/magyar-pen-club-logo.png\",\"contentUrl\":\"https:\\\/\\\/magyarpenclub.hu\\\/wp-content\\\/uploads\\\/2022\\\/08\\\/magyar-pen-club-logo.png\",\"width\":195,\"height\":195,\"caption\":\"Magyar P.E.N. Club\"},\"image\":{\"@id\":\"https:\\\/\\\/magyarpenclub.hu\\\/de\\\/#\\\/schema\\\/logo\\\/image\\\/\"},\"sameAs\":[\"https:\\\/\\\/www.facebook.com\\\/magyarpenclub\",\"https:\\\/\\\/www.youtube.com\\\/channel\\\/UC8bw1YALHZZJCJ-7bqvlR6Q\"]}]}<\/script>\n<!-- \/ Yoast SEO plugin. -->","yoast_head_json":{"title":"In Memoriam Szoboszlay Alad\u00e1r II. Zolt\u00e1n T\u00f3falvi: Die rum\u00e4nischen M\u00e4rtyrer vom Kreuz - Das Blut der Opfer schrie zum Himmel! - Magyar PEN Club","robots":{"index":"index","follow":"follow","max-snippet":"max-snippet:-1","max-image-preview":"max-image-preview:large","max-video-preview":"max-video-preview:-1"},"canonical":"https:\/\/magyarpenclub.hu\/de\/produkt\/in-memoriam-szoboszlay-aladar-ii-zoltan-tofalvi-die-rumaenischen-maertyrer-vom-kreuz-das-blut-der-opfer-schrie-zum-himmel\/","og_locale":"de_DE","og_type":"article","og_title":"In Memoriam Szoboszlay Alad\u00e1r II. Zolt\u00e1n T\u00f3falvi: Die rum\u00e4nischen M\u00e4rtyrer vom Kreuz - Das Blut der Opfer schrie zum Himmel! - Magyar PEN Club","og_description":"Die Aktivit\u00e4ten von Alad\u00e1r Szoboszlay, der nach der Revolution von 1956 wegen \"Verschw\u00f6rung zum Umsturz des rum\u00e4nischen Staates\" zusammen mit mehreren Mitstreitern hingerichtet wurde, und der Szoboszlay-Prozess stehen im Mittelpunkt des quellenreichen Buches des Autors, das eine L\u00fccke schlie\u00dft.","og_url":"https:\/\/magyarpenclub.hu\/de\/produkt\/in-memoriam-szoboszlay-aladar-ii-zoltan-tofalvi-die-rumaenischen-maertyrer-vom-kreuz-das-blut-der-opfer-schrie-zum-himmel\/","og_site_name":"Magyar PEN Club","article_publisher":"https:\/\/www.facebook.com\/magyarpenclub","article_modified_time":"2024-02-14T01:50:12+00:00","og_image":[{"width":1920,"height":1440,"url":"https:\/\/magyarpenclub.hu\/wp-content\/uploads\/2022\/05\/in-memoriam-szoboszlai-aladar-aldozatok-es-aldozottak-magyar-pen-club.png","type":"image\/png"}],"twitter_card":"summary_large_image","schema":{"@context":"https:\/\/schema.org","@graph":[{"@type":"WebPage","@id":"https:\/\/magyarpenclub.hu\/de\/produkt\/in-memoriam-szoboszlay-aladar-ii-zoltan-tofalvi-die-rumaenischen-maertyrer-vom-kreuz-das-blut-der-opfer-schrie-zum-himmel\/","url":"https:\/\/magyarpenclub.hu\/de\/produkt\/in-memoriam-szoboszlay-aladar-ii-zoltan-tofalvi-die-rumaenischen-maertyrer-vom-kreuz-das-blut-der-opfer-schrie-zum-himmel\/","name":"In Memoriam Szoboszlay Alad\u00e1r II. Zolt\u00e1n T\u00f3falvi: Die rum\u00e4nischen M\u00e4rtyrer vom Kreuz - Das Blut der Opfer schrie zum Himmel! - Magyar PEN Club","isPartOf":{"@id":"https:\/\/magyarpenclub.hu\/de\/#website"},"primaryImageOfPage":{"@id":"https:\/\/magyarpenclub.hu\/de\/produkt\/in-memoriam-szoboszlay-aladar-ii-zoltan-tofalvi-die-rumaenischen-maertyrer-vom-kreuz-das-blut-der-opfer-schrie-zum-himmel\/#primaryimage"},"image":{"@id":"https:\/\/magyarpenclub.hu\/de\/produkt\/in-memoriam-szoboszlay-aladar-ii-zoltan-tofalvi-die-rumaenischen-maertyrer-vom-kreuz-das-blut-der-opfer-schrie-zum-himmel\/#primaryimage"},"thumbnailUrl":"https:\/\/magyarpenclub.hu\/wp-content\/uploads\/2022\/05\/in-memoriam-szoboszlai-aladar-aldozatok-es-aldozottak-magyar-pen-club.png","datePublished":"1970-01-01T00:00:00+00:00","dateModified":"2024-02-14T01:50:12+00:00","breadcrumb":{"@id":"https:\/\/magyarpenclub.hu\/de\/produkt\/in-memoriam-szoboszlay-aladar-ii-zoltan-tofalvi-die-rumaenischen-maertyrer-vom-kreuz-das-blut-der-opfer-schrie-zum-himmel\/#breadcrumb"},"inLanguage":"de","potentialAction":[{"@type":"ReadAction","target":["https:\/\/magyarpenclub.hu\/de\/produkt\/in-memoriam-szoboszlay-aladar-ii-zoltan-tofalvi-die-rumaenischen-maertyrer-vom-kreuz-das-blut-der-opfer-schrie-zum-himmel\/"]}]},{"@type":"ImageObject","inLanguage":"de","@id":"https:\/\/magyarpenclub.hu\/de\/produkt\/in-memoriam-szoboszlay-aladar-ii-zoltan-tofalvi-die-rumaenischen-maertyrer-vom-kreuz-das-blut-der-opfer-schrie-zum-himmel\/#primaryimage","url":"https:\/\/magyarpenclub.hu\/wp-content\/uploads\/2022\/05\/in-memoriam-szoboszlai-aladar-aldozatok-es-aldozottak-magyar-pen-club.png","contentUrl":"https:\/\/magyarpenclub.hu\/wp-content\/uploads\/2022\/05\/in-memoriam-szoboszlai-aladar-aldozatok-es-aldozottak-magyar-pen-club.png","width":1920,"height":1440},{"@type":"BreadcrumbList","@id":"https:\/\/magyarpenclub.hu\/de\/produkt\/in-memoriam-szoboszlay-aladar-ii-zoltan-tofalvi-die-rumaenischen-maertyrer-vom-kreuz-das-blut-der-opfer-schrie-zum-himmel\/#breadcrumb","itemListElement":[{"@type":"ListItem","position":1,"name":"Kezd\u0151lap","item":"https:\/\/magyarpenclub.hu\/de\/"},{"@type":"ListItem","position":2,"name":"Shop","item":"https:\/\/magyarpenclub.hu\/bolt\/"},{"@type":"ListItem","position":3,"name":"In Memoriam Szoboszlay Alad\u00e1r II. Zolt\u00e1n T\u00f3falvi: Die rum\u00e4nischen M\u00e4rtyrer vom Kreuz &#8211; Das Blut der Opfer schrie zum Himmel!"}]},{"@type":"WebSite","@id":"https:\/\/magyarpenclub.hu\/de\/#website","url":"https:\/\/magyarpenclub.hu\/de\/","name":"Magyar PEN Club","description":"H\u00edrek, k\u00f6zlem\u00e9nyek, \u00edr\u00e1sok","publisher":{"@id":"https:\/\/magyarpenclub.hu\/de\/#organization"},"potentialAction":[{"@type":"SearchAction","target":{"@type":"EntryPoint","urlTemplate":"https:\/\/magyarpenclub.hu\/de\/?s={search_term_string}"},"query-input":{"@type":"PropertyValueSpecification","valueRequired":true,"valueName":"search_term_string"}}],"inLanguage":"de"},{"@type":"Organization","@id":"https:\/\/magyarpenclub.hu\/de\/#organization","name":"Magyar P.E.N. Club","url":"https:\/\/magyarpenclub.hu\/de\/","logo":{"@type":"ImageObject","inLanguage":"de","@id":"https:\/\/magyarpenclub.hu\/de\/#\/schema\/logo\/image\/","url":"https:\/\/magyarpenclub.hu\/wp-content\/uploads\/2022\/08\/magyar-pen-club-logo.png","contentUrl":"https:\/\/magyarpenclub.hu\/wp-content\/uploads\/2022\/08\/magyar-pen-club-logo.png","width":195,"height":195,"caption":"Magyar P.E.N. Club"},"image":{"@id":"https:\/\/magyarpenclub.hu\/de\/#\/schema\/logo\/image\/"},"sameAs":["https:\/\/www.facebook.com\/magyarpenclub","https:\/\/www.youtube.com\/channel\/UC8bw1YALHZZJCJ-7bqvlR6Q"]}]}},"_links":{"self":[{"href":"https:\/\/magyarpenclub.hu\/de\/wp-json\/wp\/v2\/product\/8042","targetHints":{"allow":["GET"]}}],"collection":[{"href":"https:\/\/magyarpenclub.hu\/de\/wp-json\/wp\/v2\/product"}],"about":[{"href":"https:\/\/magyarpenclub.hu\/de\/wp-json\/wp\/v2\/types\/product"}],"replies":[{"embeddable":true,"href":"https:\/\/magyarpenclub.hu\/de\/wp-json\/wp\/v2\/comments?post=8042"}],"version-history":[{"count":0,"href":"https:\/\/magyarpenclub.hu\/de\/wp-json\/wp\/v2\/product\/8042\/revisions"}],"wp:featuredmedia":[{"embeddable":true,"href":"https:\/\/magyarpenclub.hu\/de\/wp-json\/wp\/v2\/media\/6383"}],"wp:attachment":[{"href":"https:\/\/magyarpenclub.hu\/de\/wp-json\/wp\/v2\/media?parent=8042"}],"wp:term":[{"taxonomy":"product_brand","embeddable":true,"href":"https:\/\/magyarpenclub.hu\/de\/wp-json\/wp\/v2\/product_brand?post=8042"},{"taxonomy":"product_cat","embeddable":true,"href":"https:\/\/magyarpenclub.hu\/de\/wp-json\/wp\/v2\/product_cat?post=8042"},{"taxonomy":"product_tag","embeddable":true,"href":"https:\/\/magyarpenclub.hu\/de\/wp-json\/wp\/v2\/product_tag?post=8042"}],"curies":[{"name":"wp","href":"https:\/\/api.w.org\/{rel}","templated":true}]}}