{"id":8074,"date":"1970-01-01T00:00:00","date_gmt":"1970-01-01T00:00:00","guid":{"rendered":"https:\/\/magyarpenclub.hu\/termek\/miklos-barabassydie-ungarische-heilige-krone-aus-der-sicht-eines-ingenieurs\/"},"modified":"2024-02-14T01:50:24","modified_gmt":"2024-02-14T01:50:24","slug":"miklos-barabassydie-ungarische-heilige-krone-aus-der-sicht-eines-ingenieurs","status":"publish","type":"product","link":"https:\/\/magyarpenclub.hu\/de\/produkt\/miklos-barabassydie-ungarische-heilige-krone-aus-der-sicht-eines-ingenieurs\/","title":{"rendered":"Mikl\u00f3s Barab\u00e1ssy:Die ungarische Heilige Krone aus der Sicht eines Ingenieurs"},"content":{"rendered":"\t\t<div data-elementor-type=\"product-post\" data-elementor-id=\"8074\" class=\"elementor elementor-8074 elementor-3577\" data-elementor-post-type=\"product\">\n\t\t\t\t\t\t<section class=\"elementor-section elementor-top-section elementor-element elementor-element-9350d01 elementor-section-boxed elementor-section-height-default elementor-section-height-default\" data-id=\"9350d01\" data-element_type=\"section\" data-e-type=\"section\">\n\t\t\t\t\t\t<div class=\"elementor-container elementor-column-gap-wide\">\n\t\t\t\t\t<div class=\"elementor-column elementor-col-100 elementor-top-column elementor-element elementor-element-ce889c7\" data-id=\"ce889c7\" data-element_type=\"column\" data-e-type=\"column\">\n\t\t\t<div class=\"elementor-widget-wrap elementor-element-populated\">\n\t\t\t\t\t\t<div class=\"elementor-element elementor-element-c1b9e93 elementor-widget elementor-widget-heading\" data-id=\"c1b9e93\" data-element_type=\"widget\" data-e-type=\"widget\" data-widget_type=\"heading.default\">\n\t\t\t\t<div class=\"elementor-widget-container\">\n\t\t\t\t\t<h5 class=\"elementor-heading-title elementor-size-default\">Mikl\u00f3s Barab\u00e1ssy:Die ungarische Heilige Krone aus der Sicht eines Ingenieurs<\/h5>\t\t\t\t<\/div>\n\t\t\t\t<\/div>\n\t\t\t\t<div class=\"elementor-element elementor-element-63e7f94 elementor-widget elementor-widget-spacer\" data-id=\"63e7f94\" data-element_type=\"widget\" data-e-type=\"widget\" data-widget_type=\"spacer.default\">\n\t\t\t\t<div class=\"elementor-widget-container\">\n\t\t\t\t\t\t\t<div class=\"elementor-spacer\">\n\t\t\t<div class=\"elementor-spacer-inner\"><\/div>\n\t\t<\/div>\n\t\t\t\t\t\t<\/div>\n\t\t\t\t<\/div>\n\t\t\t\t<div class=\"elementor-element elementor-element-51b074b elementor-widget elementor-widget-heading\" data-id=\"51b074b\" data-element_type=\"widget\" data-e-type=\"widget\" data-widget_type=\"heading.default\">\n\t\t\t\t<div class=\"elementor-widget-container\">\n\t\t\t\t\t<h5 class=\"elementor-heading-title elementor-size-default\">Buchbesprechung<\/h5>\t\t\t\t<\/div>\n\t\t\t\t<\/div>\n\t\t\t\t<div class=\"elementor-element elementor-element-f807519 elementor-widget elementor-widget-spacer\" data-id=\"f807519\" data-element_type=\"widget\" data-e-type=\"widget\" data-widget_type=\"spacer.default\">\n\t\t\t\t<div class=\"elementor-widget-container\">\n\t\t\t\t\t\t\t<div class=\"elementor-spacer\">\n\t\t\t<div class=\"elementor-spacer-inner\"><\/div>\n\t\t<\/div>\n\t\t\t\t\t\t<\/div>\n\t\t\t\t<\/div>\n\t\t\t\t<div class=\"elementor-element elementor-element-0bc9974 elementor-widget elementor-widget-text-editor\" data-id=\"0bc9974\" data-element_type=\"widget\" data-e-type=\"widget\" data-widget_type=\"text-editor.default\">\n\t\t\t\t<div class=\"elementor-widget-container\">\n\t\t\t\t\t\t\t\t\t<p>Der einzige objektive Beweis f\u00fcr den Ursprung und die Entstehung der Heiligen Krone ist die Krone selbst, die nicht nur ein nationales Kulturgut von herausragender Bedeutung ist, sondern auch eine der \u00e4ltesten Einweihungskronen der Welt, die in ihrer urspr\u00fcnglichen Form erhalten geblieben ist. Die technischen Analysen, die der Autor mit wissenschaftlichen Methoden durchgef\u00fchrt hat, beruhen auf Tatsachenbehauptungen.<\/p>\n\t\t\t\t\t\t\t\t<\/div>\n\t\t\t\t<\/div>\n\t\t\t\t<div class=\"elementor-element elementor-element-4ca5a37 elementor-widget elementor-widget-spacer\" data-id=\"4ca5a37\" data-element_type=\"widget\" data-e-type=\"widget\" data-widget_type=\"spacer.default\">\n\t\t\t\t<div class=\"elementor-widget-container\">\n\t\t\t\t\t\t\t<div class=\"elementor-spacer\">\n\t\t\t<div class=\"elementor-spacer-inner\"><\/div>\n\t\t<\/div>\n\t\t\t\t\t\t<\/div>\n\t\t\t\t<\/div>\n\t\t\t\t<div class=\"elementor-element elementor-element-397d7ef elementor-widget elementor-widget-heading\" data-id=\"397d7ef\" data-element_type=\"widget\" data-e-type=\"widget\" data-widget_type=\"heading.default\">\n\t\t\t\t<div class=\"elementor-widget-container\">\n\t\t\t\t\t<h5 class=\"elementor-heading-title elementor-size-default\">Andere Daten<\/h5>\t\t\t\t<\/div>\n\t\t\t\t<\/div>\n\t\t\t\t<div class=\"elementor-element elementor-element-a57065a elementor-widget elementor-widget-spacer\" data-id=\"a57065a\" data-element_type=\"widget\" data-e-type=\"widget\" data-widget_type=\"spacer.default\">\n\t\t\t\t<div class=\"elementor-widget-container\">\n\t\t\t\t\t\t\t<div class=\"elementor-spacer\">\n\t\t\t<div class=\"elementor-spacer-inner\"><\/div>\n\t\t<\/div>\n\t\t\t\t\t\t<\/div>\n\t\t\t\t<\/div>\n\t\t\t\t<div class=\"elementor-element elementor-element-fea56ec elementor-widget elementor-widget-text-editor\" data-id=\"fea56ec\" data-element_type=\"widget\" data-e-type=\"widget\" data-widget_type=\"text-editor.default\">\n\t\t\t\t<div class=\"elementor-widget-container\">\n\t\t\t\t\t\t\t\t\t<ul>\n<li>\n<div id=\"kiado\">Ungarischer Schreibklub, 2020.<\/div>\n<\/li>\n<li>\n<div id=\"kiado\">262 Seiten, Hardcover, geheftet, Format A4<\/div>\n<\/li>\n<\/ul>\n\t\t\t\t\t\t\t\t<\/div>\n\t\t\t\t<\/div>\n\t\t\t\t\t<\/div>\n\t\t<\/div>\n\t\t\t\t\t<\/div>\n\t\t<\/section>\n\t\t\t\t<\/div>\n\t\t","protected":false},"excerpt":{"rendered":"<div class=\"woocommerce-product-details__short-description\">Der einzige objektive Beweis f\u00fcr den Ursprung und die Entstehung der Heiligen Krone ist die Krone selbst, die nicht nur ein nationales Kulturgut von herausragender Bedeutung ist, sondern auch eine der \u00e4ltesten Einweihungskronen der Welt, die in ihrer urspr\u00fcnglichen Form erhalten geblieben ist. Die technischen Analysen, die der Autor mit wissenschaftlichen Methoden durchgef\u00fchrt hat, beruhen auf Tatsachenbehauptungen.<\/div>\n","protected":false},"featured_media":6353,"comment_status":"open","ping_status":"closed","template":"","meta":{"_acf_changed":false},"product_brand":[],"product_cat":[226],"product_tag":[],"class_list":{"0":"post-8074","1":"product","2":"type-product","3":"status-publish","4":"has-post-thumbnail","6":"product_cat-buch","8":"first","9":"outofstock","10":"shipping-taxable","11":"purchasable","12":"product-type-simple"},"acf":[],"yoast_head":"<!-- This site is optimized with the Yoast SEO plugin v27.4 - https:\/\/yoast.com\/product\/yoast-seo-wordpress\/ -->\n<title>Mikl\u00f3s Barab\u00e1ssy:Die ungarische Heilige Krone aus der Sicht eines Ingenieurs - Magyar PEN Club<\/title>\n<meta name=\"description\" content=\"Der einzige objektive Beweis f\u00fcr den Ursprung und die Entstehung der Heiligen Krone ist die Krone selbst, die nicht nur ein nationales Kulturgut von herausragender Bedeutung ist, sondern auch eine der \u00e4ltesten Einweihungskronen der Welt, die in ihrer urspr\u00fcnglichen Form erhalten geblieben ist.\" \/>\n<meta name=\"robots\" content=\"index, follow, max-snippet:-1, max-image-preview:large, max-video-preview:-1\" \/>\n<link rel=\"canonical\" href=\"https:\/\/magyarpenclub.hu\/de\/produkt\/miklos-barabassydie-ungarische-heilige-krone-aus-der-sicht-eines-ingenieurs\/\" \/>\n<meta property=\"og:locale\" content=\"de_DE\" \/>\n<meta property=\"og:type\" content=\"article\" \/>\n<meta property=\"og:title\" content=\"Mikl\u00f3s Barab\u00e1ssy:Die ungarische Heilige Krone aus der Sicht eines Ingenieurs - Magyar PEN Club\" \/>\n<meta property=\"og:description\" content=\"Der einzige objektive Beweis f\u00fcr den Ursprung und die Entstehung der Heiligen Krone ist die Krone selbst, die nicht nur ein nationales Kulturgut von herausragender Bedeutung ist, sondern auch eine der \u00e4ltesten Einweihungskronen der Welt, die in ihrer urspr\u00fcnglichen Form erhalten geblieben ist.\" \/>\n<meta property=\"og:url\" content=\"https:\/\/magyarpenclub.hu\/de\/produkt\/miklos-barabassydie-ungarische-heilige-krone-aus-der-sicht-eines-ingenieurs\/\" \/>\n<meta property=\"og:site_name\" content=\"Magyar PEN Club\" \/>\n<meta property=\"article:publisher\" content=\"https:\/\/www.facebook.com\/magyarpenclub\" \/>\n<meta property=\"article:modified_time\" content=\"2024-02-14T01:50:24+00:00\" \/>\n<meta property=\"og:image\" content=\"https:\/\/magyarpenclub.hu\/wp-content\/uploads\/2022\/05\/barabassy-miklos-a-magyar-szent-korona-mernoki-szemmel.png\" \/>\n\t<meta property=\"og:image:width\" content=\"1920\" \/>\n\t<meta property=\"og:image:height\" content=\"1440\" \/>\n\t<meta property=\"og:image:type\" content=\"image\/png\" \/>\n<meta name=\"twitter:card\" content=\"summary_large_image\" \/>\n<script type=\"application\/ld+json\" class=\"yoast-schema-graph\">{\"@context\":\"https:\\\/\\\/schema.org\",\"@graph\":[{\"@type\":\"WebPage\",\"@id\":\"https:\\\/\\\/magyarpenclub.hu\\\/de\\\/produkt\\\/miklos-barabassydie-ungarische-heilige-krone-aus-der-sicht-eines-ingenieurs\\\/\",\"url\":\"https:\\\/\\\/magyarpenclub.hu\\\/de\\\/produkt\\\/miklos-barabassydie-ungarische-heilige-krone-aus-der-sicht-eines-ingenieurs\\\/\",\"name\":\"Mikl\u00f3s Barab\u00e1ssy:Die ungarische Heilige Krone aus der Sicht eines Ingenieurs - Magyar PEN Club\",\"isPartOf\":{\"@id\":\"https:\\\/\\\/magyarpenclub.hu\\\/de\\\/#website\"},\"primaryImageOfPage\":{\"@id\":\"https:\\\/\\\/magyarpenclub.hu\\\/de\\\/produkt\\\/miklos-barabassydie-ungarische-heilige-krone-aus-der-sicht-eines-ingenieurs\\\/#primaryimage\"},\"image\":{\"@id\":\"https:\\\/\\\/magyarpenclub.hu\\\/de\\\/produkt\\\/miklos-barabassydie-ungarische-heilige-krone-aus-der-sicht-eines-ingenieurs\\\/#primaryimage\"},\"thumbnailUrl\":\"https:\\\/\\\/magyarpenclub.hu\\\/wp-content\\\/uploads\\\/2022\\\/05\\\/barabassy-miklos-a-magyar-szent-korona-mernoki-szemmel.png\",\"datePublished\":\"1970-01-01T00:00:00+00:00\",\"dateModified\":\"2024-02-14T01:50:24+00:00\",\"description\":\"Der einzige objektive Beweis f\u00fcr den Ursprung und die Entstehung der Heiligen Krone ist die Krone selbst, die nicht nur ein nationales Kulturgut von herausragender Bedeutung ist, sondern auch eine der \u00e4ltesten Einweihungskronen der Welt, die in ihrer urspr\u00fcnglichen Form erhalten geblieben ist.\",\"breadcrumb\":{\"@id\":\"https:\\\/\\\/magyarpenclub.hu\\\/de\\\/produkt\\\/miklos-barabassydie-ungarische-heilige-krone-aus-der-sicht-eines-ingenieurs\\\/#breadcrumb\"},\"inLanguage\":\"de\",\"potentialAction\":[{\"@type\":\"ReadAction\",\"target\":[\"https:\\\/\\\/magyarpenclub.hu\\\/de\\\/produkt\\\/miklos-barabassydie-ungarische-heilige-krone-aus-der-sicht-eines-ingenieurs\\\/\"]}]},{\"@type\":\"ImageObject\",\"inLanguage\":\"de\",\"@id\":\"https:\\\/\\\/magyarpenclub.hu\\\/de\\\/produkt\\\/miklos-barabassydie-ungarische-heilige-krone-aus-der-sicht-eines-ingenieurs\\\/#primaryimage\",\"url\":\"https:\\\/\\\/magyarpenclub.hu\\\/wp-content\\\/uploads\\\/2022\\\/05\\\/barabassy-miklos-a-magyar-szent-korona-mernoki-szemmel.png\",\"contentUrl\":\"https:\\\/\\\/magyarpenclub.hu\\\/wp-content\\\/uploads\\\/2022\\\/05\\\/barabassy-miklos-a-magyar-szent-korona-mernoki-szemmel.png\",\"width\":1920,\"height\":1440},{\"@type\":\"BreadcrumbList\",\"@id\":\"https:\\\/\\\/magyarpenclub.hu\\\/de\\\/produkt\\\/miklos-barabassydie-ungarische-heilige-krone-aus-der-sicht-eines-ingenieurs\\\/#breadcrumb\",\"itemListElement\":[{\"@type\":\"ListItem\",\"position\":1,\"name\":\"Kezd\u0151lap\",\"item\":\"https:\\\/\\\/magyarpenclub.hu\\\/de\\\/\"},{\"@type\":\"ListItem\",\"position\":2,\"name\":\"Shop\",\"item\":\"https:\\\/\\\/magyarpenclub.hu\\\/bolt\\\/\"},{\"@type\":\"ListItem\",\"position\":3,\"name\":\"Mikl\u00f3s Barab\u00e1ssy:Die ungarische Heilige Krone aus der Sicht eines Ingenieurs\"}]},{\"@type\":\"WebSite\",\"@id\":\"https:\\\/\\\/magyarpenclub.hu\\\/de\\\/#website\",\"url\":\"https:\\\/\\\/magyarpenclub.hu\\\/de\\\/\",\"name\":\"Magyar PEN Club\",\"description\":\"H\u00edrek, k\u00f6zlem\u00e9nyek, \u00edr\u00e1sok\",\"publisher\":{\"@id\":\"https:\\\/\\\/magyarpenclub.hu\\\/de\\\/#organization\"},\"potentialAction\":[{\"@type\":\"SearchAction\",\"target\":{\"@type\":\"EntryPoint\",\"urlTemplate\":\"https:\\\/\\\/magyarpenclub.hu\\\/de\\\/?s={search_term_string}\"},\"query-input\":{\"@type\":\"PropertyValueSpecification\",\"valueRequired\":true,\"valueName\":\"search_term_string\"}}],\"inLanguage\":\"de\"},{\"@type\":\"Organization\",\"@id\":\"https:\\\/\\\/magyarpenclub.hu\\\/de\\\/#organization\",\"name\":\"Magyar P.E.N. Club\",\"url\":\"https:\\\/\\\/magyarpenclub.hu\\\/de\\\/\",\"logo\":{\"@type\":\"ImageObject\",\"inLanguage\":\"de\",\"@id\":\"https:\\\/\\\/magyarpenclub.hu\\\/de\\\/#\\\/schema\\\/logo\\\/image\\\/\",\"url\":\"https:\\\/\\\/magyarpenclub.hu\\\/wp-content\\\/uploads\\\/2022\\\/08\\\/magyar-pen-club-logo.png\",\"contentUrl\":\"https:\\\/\\\/magyarpenclub.hu\\\/wp-content\\\/uploads\\\/2022\\\/08\\\/magyar-pen-club-logo.png\",\"width\":195,\"height\":195,\"caption\":\"Magyar P.E.N. Club\"},\"image\":{\"@id\":\"https:\\\/\\\/magyarpenclub.hu\\\/de\\\/#\\\/schema\\\/logo\\\/image\\\/\"},\"sameAs\":[\"https:\\\/\\\/www.facebook.com\\\/magyarpenclub\",\"https:\\\/\\\/www.youtube.com\\\/channel\\\/UC8bw1YALHZZJCJ-7bqvlR6Q\"]}]}<\/script>\n<!-- \/ Yoast SEO plugin. -->","yoast_head_json":{"title":"Mikl\u00f3s Barab\u00e1ssy:Die ungarische Heilige Krone aus der Sicht eines Ingenieurs - Magyar PEN Club","description":"Der einzige objektive Beweis f\u00fcr den Ursprung und die Entstehung der Heiligen Krone ist die Krone selbst, die nicht nur ein nationales Kulturgut von herausragender Bedeutung ist, sondern auch eine der \u00e4ltesten Einweihungskronen der Welt, die in ihrer urspr\u00fcnglichen Form erhalten geblieben ist.","robots":{"index":"index","follow":"follow","max-snippet":"max-snippet:-1","max-image-preview":"max-image-preview:large","max-video-preview":"max-video-preview:-1"},"canonical":"https:\/\/magyarpenclub.hu\/de\/produkt\/miklos-barabassydie-ungarische-heilige-krone-aus-der-sicht-eines-ingenieurs\/","og_locale":"de_DE","og_type":"article","og_title":"Mikl\u00f3s Barab\u00e1ssy:Die ungarische Heilige Krone aus der Sicht eines Ingenieurs - Magyar PEN Club","og_description":"Der einzige objektive Beweis f\u00fcr den Ursprung und die Entstehung der Heiligen Krone ist die Krone selbst, die nicht nur ein nationales Kulturgut von herausragender Bedeutung ist, sondern auch eine der \u00e4ltesten Einweihungskronen der Welt, die in ihrer urspr\u00fcnglichen Form erhalten geblieben ist.","og_url":"https:\/\/magyarpenclub.hu\/de\/produkt\/miklos-barabassydie-ungarische-heilige-krone-aus-der-sicht-eines-ingenieurs\/","og_site_name":"Magyar PEN Club","article_publisher":"https:\/\/www.facebook.com\/magyarpenclub","article_modified_time":"2024-02-14T01:50:24+00:00","og_image":[{"width":1920,"height":1440,"url":"https:\/\/magyarpenclub.hu\/wp-content\/uploads\/2022\/05\/barabassy-miklos-a-magyar-szent-korona-mernoki-szemmel.png","type":"image\/png"}],"twitter_card":"summary_large_image","schema":{"@context":"https:\/\/schema.org","@graph":[{"@type":"WebPage","@id":"https:\/\/magyarpenclub.hu\/de\/produkt\/miklos-barabassydie-ungarische-heilige-krone-aus-der-sicht-eines-ingenieurs\/","url":"https:\/\/magyarpenclub.hu\/de\/produkt\/miklos-barabassydie-ungarische-heilige-krone-aus-der-sicht-eines-ingenieurs\/","name":"Mikl\u00f3s Barab\u00e1ssy:Die ungarische Heilige Krone aus der Sicht eines Ingenieurs - Magyar PEN Club","isPartOf":{"@id":"https:\/\/magyarpenclub.hu\/de\/#website"},"primaryImageOfPage":{"@id":"https:\/\/magyarpenclub.hu\/de\/produkt\/miklos-barabassydie-ungarische-heilige-krone-aus-der-sicht-eines-ingenieurs\/#primaryimage"},"image":{"@id":"https:\/\/magyarpenclub.hu\/de\/produkt\/miklos-barabassydie-ungarische-heilige-krone-aus-der-sicht-eines-ingenieurs\/#primaryimage"},"thumbnailUrl":"https:\/\/magyarpenclub.hu\/wp-content\/uploads\/2022\/05\/barabassy-miklos-a-magyar-szent-korona-mernoki-szemmel.png","datePublished":"1970-01-01T00:00:00+00:00","dateModified":"2024-02-14T01:50:24+00:00","description":"Der einzige objektive Beweis f\u00fcr den Ursprung und die Entstehung der Heiligen Krone ist die Krone selbst, die nicht nur ein nationales Kulturgut von herausragender Bedeutung ist, sondern auch eine der \u00e4ltesten Einweihungskronen der Welt, die in ihrer urspr\u00fcnglichen Form erhalten geblieben ist.","breadcrumb":{"@id":"https:\/\/magyarpenclub.hu\/de\/produkt\/miklos-barabassydie-ungarische-heilige-krone-aus-der-sicht-eines-ingenieurs\/#breadcrumb"},"inLanguage":"de","potentialAction":[{"@type":"ReadAction","target":["https:\/\/magyarpenclub.hu\/de\/produkt\/miklos-barabassydie-ungarische-heilige-krone-aus-der-sicht-eines-ingenieurs\/"]}]},{"@type":"ImageObject","inLanguage":"de","@id":"https:\/\/magyarpenclub.hu\/de\/produkt\/miklos-barabassydie-ungarische-heilige-krone-aus-der-sicht-eines-ingenieurs\/#primaryimage","url":"https:\/\/magyarpenclub.hu\/wp-content\/uploads\/2022\/05\/barabassy-miklos-a-magyar-szent-korona-mernoki-szemmel.png","contentUrl":"https:\/\/magyarpenclub.hu\/wp-content\/uploads\/2022\/05\/barabassy-miklos-a-magyar-szent-korona-mernoki-szemmel.png","width":1920,"height":1440},{"@type":"BreadcrumbList","@id":"https:\/\/magyarpenclub.hu\/de\/produkt\/miklos-barabassydie-ungarische-heilige-krone-aus-der-sicht-eines-ingenieurs\/#breadcrumb","itemListElement":[{"@type":"ListItem","position":1,"name":"Kezd\u0151lap","item":"https:\/\/magyarpenclub.hu\/de\/"},{"@type":"ListItem","position":2,"name":"Shop","item":"https:\/\/magyarpenclub.hu\/bolt\/"},{"@type":"ListItem","position":3,"name":"Mikl\u00f3s Barab\u00e1ssy:Die ungarische Heilige Krone aus der Sicht eines Ingenieurs"}]},{"@type":"WebSite","@id":"https:\/\/magyarpenclub.hu\/de\/#website","url":"https:\/\/magyarpenclub.hu\/de\/","name":"Magyar PEN Club","description":"H\u00edrek, k\u00f6zlem\u00e9nyek, \u00edr\u00e1sok","publisher":{"@id":"https:\/\/magyarpenclub.hu\/de\/#organization"},"potentialAction":[{"@type":"SearchAction","target":{"@type":"EntryPoint","urlTemplate":"https:\/\/magyarpenclub.hu\/de\/?s={search_term_string}"},"query-input":{"@type":"PropertyValueSpecification","valueRequired":true,"valueName":"search_term_string"}}],"inLanguage":"de"},{"@type":"Organization","@id":"https:\/\/magyarpenclub.hu\/de\/#organization","name":"Magyar P.E.N. Club","url":"https:\/\/magyarpenclub.hu\/de\/","logo":{"@type":"ImageObject","inLanguage":"de","@id":"https:\/\/magyarpenclub.hu\/de\/#\/schema\/logo\/image\/","url":"https:\/\/magyarpenclub.hu\/wp-content\/uploads\/2022\/08\/magyar-pen-club-logo.png","contentUrl":"https:\/\/magyarpenclub.hu\/wp-content\/uploads\/2022\/08\/magyar-pen-club-logo.png","width":195,"height":195,"caption":"Magyar P.E.N. Club"},"image":{"@id":"https:\/\/magyarpenclub.hu\/de\/#\/schema\/logo\/image\/"},"sameAs":["https:\/\/www.facebook.com\/magyarpenclub","https:\/\/www.youtube.com\/channel\/UC8bw1YALHZZJCJ-7bqvlR6Q"]}]}},"_links":{"self":[{"href":"https:\/\/magyarpenclub.hu\/de\/wp-json\/wp\/v2\/product\/8074","targetHints":{"allow":["GET"]}}],"collection":[{"href":"https:\/\/magyarpenclub.hu\/de\/wp-json\/wp\/v2\/product"}],"about":[{"href":"https:\/\/magyarpenclub.hu\/de\/wp-json\/wp\/v2\/types\/product"}],"replies":[{"embeddable":true,"href":"https:\/\/magyarpenclub.hu\/de\/wp-json\/wp\/v2\/comments?post=8074"}],"version-history":[{"count":0,"href":"https:\/\/magyarpenclub.hu\/de\/wp-json\/wp\/v2\/product\/8074\/revisions"}],"wp:featuredmedia":[{"embeddable":true,"href":"https:\/\/magyarpenclub.hu\/de\/wp-json\/wp\/v2\/media\/6353"}],"wp:attachment":[{"href":"https:\/\/magyarpenclub.hu\/de\/wp-json\/wp\/v2\/media?parent=8074"}],"wp:term":[{"taxonomy":"product_brand","embeddable":true,"href":"https:\/\/magyarpenclub.hu\/de\/wp-json\/wp\/v2\/product_brand?post=8074"},{"taxonomy":"product_cat","embeddable":true,"href":"https:\/\/magyarpenclub.hu\/de\/wp-json\/wp\/v2\/product_cat?post=8074"},{"taxonomy":"product_tag","embeddable":true,"href":"https:\/\/magyarpenclub.hu\/de\/wp-json\/wp\/v2\/product_tag?post=8074"}],"curies":[{"name":"wp","href":"https:\/\/api.w.org\/{rel}","templated":true}]}}