{"id":8088,"date":"1970-01-01T00:00:00","date_gmt":"1970-01-01T00:00:00","guid":{"rendered":"https:\/\/magyarpenclub.hu\/termek\/federico-garcia-lorca-romanze-der-zigeuner\/"},"modified":"2024-02-14T01:50:24","modified_gmt":"2024-02-14T01:50:24","slug":"federico-garcia-lorca-romanze-der-zigeuner","status":"publish","type":"product","link":"https:\/\/magyarpenclub.hu\/de\/produkt\/federico-garcia-lorca-romanze-der-zigeuner\/","title":{"rendered":"Federico Garcia Lorca: Romanze der Zigeuner"},"content":{"rendered":"\t\t<div data-elementor-type=\"product-post\" data-elementor-id=\"8088\" class=\"elementor elementor-8088 elementor-3581\" data-elementor-post-type=\"product\">\n\t\t\t\t\t\t<section class=\"elementor-section elementor-top-section elementor-element elementor-element-0c31787 elementor-section-boxed elementor-section-height-default elementor-section-height-default\" data-id=\"0c31787\" data-element_type=\"section\" data-e-type=\"section\">\n\t\t\t\t\t\t<div class=\"elementor-container elementor-column-gap-wide\">\n\t\t\t\t\t<div class=\"elementor-column elementor-col-100 elementor-top-column elementor-element elementor-element-c6f0729\" data-id=\"c6f0729\" data-element_type=\"column\" data-e-type=\"column\">\n\t\t\t<div class=\"elementor-widget-wrap elementor-element-populated\">\n\t\t\t\t\t\t<div class=\"elementor-element elementor-element-b2c26cf elementor-widget elementor-widget-heading\" data-id=\"b2c26cf\" data-element_type=\"widget\" data-e-type=\"widget\" data-widget_type=\"heading.default\">\n\t\t\t\t<div class=\"elementor-widget-container\">\n\t\t\t\t\t<h5 class=\"elementor-heading-title elementor-size-default\">Federico Garcia Lorca: Romanze der Zigeuner<\/h5>\t\t\t\t<\/div>\n\t\t\t\t<\/div>\n\t\t\t\t<div class=\"elementor-element elementor-element-e842853 elementor-widget elementor-widget-spacer\" data-id=\"e842853\" data-element_type=\"widget\" data-e-type=\"widget\" data-widget_type=\"spacer.default\">\n\t\t\t\t<div class=\"elementor-widget-container\">\n\t\t\t\t\t\t\t<div class=\"elementor-spacer\">\n\t\t\t<div class=\"elementor-spacer-inner\"><\/div>\n\t\t<\/div>\n\t\t\t\t\t\t<\/div>\n\t\t\t\t<\/div>\n\t\t\t\t<div class=\"elementor-element elementor-element-15cd9a9 elementor-widget elementor-widget-heading\" data-id=\"15cd9a9\" data-element_type=\"widget\" data-e-type=\"widget\" data-widget_type=\"heading.default\">\n\t\t\t\t<div class=\"elementor-widget-container\">\n\t\t\t\t\t<h6 class=\"elementor-heading-title elementor-size-default\">Ungarische Ausgabe<\/h6>\t\t\t\t<\/div>\n\t\t\t\t<\/div>\n\t\t\t\t<div class=\"elementor-element elementor-element-d032b45 elementor-widget elementor-widget-spacer\" data-id=\"d032b45\" data-element_type=\"widget\" data-e-type=\"widget\" data-widget_type=\"spacer.default\">\n\t\t\t\t<div class=\"elementor-widget-container\">\n\t\t\t\t\t\t\t<div class=\"elementor-spacer\">\n\t\t\t<div class=\"elementor-spacer-inner\"><\/div>\n\t\t<\/div>\n\t\t\t\t\t\t<\/div>\n\t\t\t\t<\/div>\n\t\t\t\t<div class=\"elementor-element elementor-element-c7fcd20 elementor-widget elementor-widget-text-editor\" data-id=\"c7fcd20\" data-element_type=\"widget\" data-e-type=\"widget\" data-widget_type=\"text-editor.default\">\n\t\t\t\t<div class=\"elementor-widget-container\">\n\t\t\t\t\t\t\t\t\t<p>\u00dcbersetzt von L\u00e1szl\u00f3 Nagy, mit Illustrationen von Istv\u00e1n Szentandr\u00e1ssy<\/p>\n\t\t\t\t\t\t\t\t<\/div>\n\t\t\t\t<\/div>\n\t\t\t\t<div class=\"elementor-element elementor-element-5f3fde9 elementor-widget elementor-widget-spacer\" data-id=\"5f3fde9\" data-element_type=\"widget\" data-e-type=\"widget\" data-widget_type=\"spacer.default\">\n\t\t\t\t<div class=\"elementor-widget-container\">\n\t\t\t\t\t\t\t<div class=\"elementor-spacer\">\n\t\t\t<div class=\"elementor-spacer-inner\"><\/div>\n\t\t<\/div>\n\t\t\t\t\t\t<\/div>\n\t\t\t\t<\/div>\n\t\t\t\t<div class=\"elementor-element elementor-element-f86e6ec elementor-widget elementor-widget-heading\" data-id=\"f86e6ec\" data-element_type=\"widget\" data-e-type=\"widget\" data-widget_type=\"heading.default\">\n\t\t\t\t<div class=\"elementor-widget-container\">\n\t\t\t\t\t<h5 class=\"elementor-heading-title elementor-size-default\">Buchbesprechung<\/h5>\t\t\t\t<\/div>\n\t\t\t\t<\/div>\n\t\t\t\t<div class=\"elementor-element elementor-element-ff4642b elementor-widget elementor-widget-spacer\" data-id=\"ff4642b\" data-element_type=\"widget\" data-e-type=\"widget\" data-widget_type=\"spacer.default\">\n\t\t\t\t<div class=\"elementor-widget-container\">\n\t\t\t\t\t\t\t<div class=\"elementor-spacer\">\n\t\t\t<div class=\"elementor-spacer-inner\"><\/div>\n\t\t<\/div>\n\t\t\t\t\t\t<\/div>\n\t\t\t\t<\/div>\n\t\t\t\t<div class=\"elementor-element elementor-element-3d49de7 elementor-widget elementor-widget-text-editor\" data-id=\"3d49de7\" data-element_type=\"widget\" data-e-type=\"widget\" data-widget_type=\"text-editor.default\">\n\t\t\t\t<div class=\"elementor-widget-container\">\n\t\t\t\t\t\t\t\t\t<p>Die 15 Zigeunerromane und drei historische Romane des weltber\u00fchmten klassischen spanischen Dichters Federico Garcia Lorca aus dem 20. Jahrhundert werden in diesem Buch in ungarischer und spanischer Sprache gemeinsam gelesen, mit inspirierten Grafiken des Roma-K\u00fcnstlers Istv\u00e1n Szentandr\u00e1ssy.<\/p>\n\t\t\t\t\t\t\t\t<\/div>\n\t\t\t\t<\/div>\n\t\t\t\t<div class=\"elementor-element elementor-element-2763a5c elementor-widget elementor-widget-spacer\" data-id=\"2763a5c\" data-element_type=\"widget\" data-e-type=\"widget\" data-widget_type=\"spacer.default\">\n\t\t\t\t<div class=\"elementor-widget-container\">\n\t\t\t\t\t\t\t<div class=\"elementor-spacer\">\n\t\t\t<div class=\"elementor-spacer-inner\"><\/div>\n\t\t<\/div>\n\t\t\t\t\t\t<\/div>\n\t\t\t\t<\/div>\n\t\t\t\t<div class=\"elementor-element elementor-element-9c92c30 elementor-widget elementor-widget-heading\" data-id=\"9c92c30\" data-element_type=\"widget\" data-e-type=\"widget\" data-widget_type=\"heading.default\">\n\t\t\t\t<div class=\"elementor-widget-container\">\n\t\t\t\t\t<h5 class=\"elementor-heading-title elementor-size-default\">Andere Daten<\/h5>\t\t\t\t<\/div>\n\t\t\t\t<\/div>\n\t\t\t\t<div class=\"elementor-element elementor-element-d1ba08d elementor-widget elementor-widget-spacer\" data-id=\"d1ba08d\" data-element_type=\"widget\" data-e-type=\"widget\" data-widget_type=\"spacer.default\">\n\t\t\t\t<div class=\"elementor-widget-container\">\n\t\t\t\t\t\t\t<div class=\"elementor-spacer\">\n\t\t\t<div class=\"elementor-spacer-inner\"><\/div>\n\t\t<\/div>\n\t\t\t\t\t\t<\/div>\n\t\t\t\t<\/div>\n\t\t\t\t<div class=\"elementor-element elementor-element-72fff47 elementor-widget elementor-widget-text-editor\" data-id=\"72fff47\" data-element_type=\"widget\" data-e-type=\"widget\" data-widget_type=\"text-editor.default\">\n\t\t\t\t<div class=\"elementor-widget-container\">\n\t\t\t\t\t\t\t\t\t<ul>\n<li>Ungarischer PEN-Klub, 2019.<\/li>\n<li>64 Seiten, gebunden<\/li>\n<\/ul>\n\t\t\t\t\t\t\t\t<\/div>\n\t\t\t\t<\/div>\n\t\t\t\t\t<\/div>\n\t\t<\/div>\n\t\t\t\t\t<\/div>\n\t\t<\/section>\n\t\t\t\t<\/div>\n\t\t","protected":false},"excerpt":{"rendered":"<div class=\"woocommerce-product-details__short-description\">Die 15 Zigeunerromane und drei historische Romane des weltber\u00fchmten klassischen spanischen Dichters Federico Garcia Lorca aus dem 20. Jahrhundert werden in diesem Buch in ungarischer und spanischer Sprache gemeinsam gelesen, mit inspirierten Grafiken des Roma-K\u00fcnstlers Istv\u00e1n Szentandr\u00e1ssy.<\/div>\n","protected":false},"featured_media":6368,"comment_status":"open","ping_status":"closed","template":"","meta":{"_acf_changed":false},"product_brand":[],"product_cat":[226],"product_tag":[442],"class_list":{"0":"post-8088","1":"product","2":"type-product","3":"status-publish","4":"has-post-thumbnail","6":"product_cat-buch","7":"product_tag-gedicht","9":"first","10":"instock","11":"shipping-taxable","12":"purchasable","13":"product-type-simple"},"acf":[],"yoast_head":"<!-- This site is optimized with the Yoast SEO plugin v27.4 - https:\/\/yoast.com\/product\/yoast-seo-wordpress\/ -->\n<title>Federico Garcia Lorca: Romanze der Zigeuner - Magyar PEN Club<\/title>\n<meta name=\"robots\" content=\"index, follow, max-snippet:-1, max-image-preview:large, max-video-preview:-1\" \/>\n<link rel=\"canonical\" href=\"https:\/\/magyarpenclub.hu\/de\/produkt\/federico-garcia-lorca-romanze-der-zigeuner\/\" \/>\n<meta property=\"og:locale\" content=\"de_DE\" \/>\n<meta property=\"og:type\" content=\"article\" \/>\n<meta property=\"og:title\" content=\"Federico Garcia Lorca: Romanze der Zigeuner - Magyar PEN Club\" \/>\n<meta property=\"og:description\" content=\"Die 15 Zigeunerromane und drei historische Romane des weltber\u00fchmten klassischen spanischen Dichters Federico Garcia Lorca aus dem 20. Jahrhundert werden in diesem Buch in ungarischer und spanischer Sprache gemeinsam gelesen, mit inspirierten Grafiken des Roma-K\u00fcnstlers Istv\u00e1n Szentandr\u00e1ssy.\" \/>\n<meta property=\"og:url\" content=\"https:\/\/magyarpenclub.hu\/de\/produkt\/federico-garcia-lorca-romanze-der-zigeuner\/\" \/>\n<meta property=\"og:site_name\" content=\"Magyar PEN Club\" \/>\n<meta property=\"article:publisher\" content=\"https:\/\/www.facebook.com\/magyarpenclub\" \/>\n<meta property=\"article:modified_time\" content=\"2024-02-14T01:50:24+00:00\" \/>\n<meta property=\"og:image\" content=\"https:\/\/magyarpenclub.hu\/wp-content\/uploads\/2022\/05\/frederico-gracia-lorca-ciganyromancok.png\" \/>\n\t<meta property=\"og:image:width\" content=\"1920\" \/>\n\t<meta property=\"og:image:height\" content=\"1440\" \/>\n\t<meta property=\"og:image:type\" content=\"image\/png\" \/>\n<meta name=\"twitter:card\" content=\"summary_large_image\" \/>\n<script type=\"application\/ld+json\" class=\"yoast-schema-graph\">{\"@context\":\"https:\\\/\\\/schema.org\",\"@graph\":[{\"@type\":\"WebPage\",\"@id\":\"https:\\\/\\\/magyarpenclub.hu\\\/de\\\/produkt\\\/federico-garcia-lorca-romanze-der-zigeuner\\\/\",\"url\":\"https:\\\/\\\/magyarpenclub.hu\\\/de\\\/produkt\\\/federico-garcia-lorca-romanze-der-zigeuner\\\/\",\"name\":\"Federico Garcia Lorca: Romanze der Zigeuner - Magyar PEN Club\",\"isPartOf\":{\"@id\":\"https:\\\/\\\/magyarpenclub.hu\\\/de\\\/#website\"},\"primaryImageOfPage\":{\"@id\":\"https:\\\/\\\/magyarpenclub.hu\\\/de\\\/produkt\\\/federico-garcia-lorca-romanze-der-zigeuner\\\/#primaryimage\"},\"image\":{\"@id\":\"https:\\\/\\\/magyarpenclub.hu\\\/de\\\/produkt\\\/federico-garcia-lorca-romanze-der-zigeuner\\\/#primaryimage\"},\"thumbnailUrl\":\"https:\\\/\\\/magyarpenclub.hu\\\/wp-content\\\/uploads\\\/2022\\\/05\\\/frederico-gracia-lorca-ciganyromancok.png\",\"datePublished\":\"1970-01-01T00:00:00+00:00\",\"dateModified\":\"2024-02-14T01:50:24+00:00\",\"breadcrumb\":{\"@id\":\"https:\\\/\\\/magyarpenclub.hu\\\/de\\\/produkt\\\/federico-garcia-lorca-romanze-der-zigeuner\\\/#breadcrumb\"},\"inLanguage\":\"de\",\"potentialAction\":[{\"@type\":\"ReadAction\",\"target\":[\"https:\\\/\\\/magyarpenclub.hu\\\/de\\\/produkt\\\/federico-garcia-lorca-romanze-der-zigeuner\\\/\"]}]},{\"@type\":\"ImageObject\",\"inLanguage\":\"de\",\"@id\":\"https:\\\/\\\/magyarpenclub.hu\\\/de\\\/produkt\\\/federico-garcia-lorca-romanze-der-zigeuner\\\/#primaryimage\",\"url\":\"https:\\\/\\\/magyarpenclub.hu\\\/wp-content\\\/uploads\\\/2022\\\/05\\\/frederico-gracia-lorca-ciganyromancok.png\",\"contentUrl\":\"https:\\\/\\\/magyarpenclub.hu\\\/wp-content\\\/uploads\\\/2022\\\/05\\\/frederico-gracia-lorca-ciganyromancok.png\",\"width\":1920,\"height\":1440},{\"@type\":\"BreadcrumbList\",\"@id\":\"https:\\\/\\\/magyarpenclub.hu\\\/de\\\/produkt\\\/federico-garcia-lorca-romanze-der-zigeuner\\\/#breadcrumb\",\"itemListElement\":[{\"@type\":\"ListItem\",\"position\":1,\"name\":\"Kezd\u0151lap\",\"item\":\"https:\\\/\\\/magyarpenclub.hu\\\/de\\\/\"},{\"@type\":\"ListItem\",\"position\":2,\"name\":\"Shop\",\"item\":\"https:\\\/\\\/magyarpenclub.hu\\\/bolt\\\/\"},{\"@type\":\"ListItem\",\"position\":3,\"name\":\"Federico Garcia Lorca: Romanze der Zigeuner\"}]},{\"@type\":\"WebSite\",\"@id\":\"https:\\\/\\\/magyarpenclub.hu\\\/de\\\/#website\",\"url\":\"https:\\\/\\\/magyarpenclub.hu\\\/de\\\/\",\"name\":\"Magyar PEN Club\",\"description\":\"H\u00edrek, k\u00f6zlem\u00e9nyek, \u00edr\u00e1sok\",\"publisher\":{\"@id\":\"https:\\\/\\\/magyarpenclub.hu\\\/de\\\/#organization\"},\"potentialAction\":[{\"@type\":\"SearchAction\",\"target\":{\"@type\":\"EntryPoint\",\"urlTemplate\":\"https:\\\/\\\/magyarpenclub.hu\\\/de\\\/?s={search_term_string}\"},\"query-input\":{\"@type\":\"PropertyValueSpecification\",\"valueRequired\":true,\"valueName\":\"search_term_string\"}}],\"inLanguage\":\"de\"},{\"@type\":\"Organization\",\"@id\":\"https:\\\/\\\/magyarpenclub.hu\\\/de\\\/#organization\",\"name\":\"Magyar P.E.N. Club\",\"url\":\"https:\\\/\\\/magyarpenclub.hu\\\/de\\\/\",\"logo\":{\"@type\":\"ImageObject\",\"inLanguage\":\"de\",\"@id\":\"https:\\\/\\\/magyarpenclub.hu\\\/de\\\/#\\\/schema\\\/logo\\\/image\\\/\",\"url\":\"https:\\\/\\\/magyarpenclub.hu\\\/wp-content\\\/uploads\\\/2022\\\/08\\\/magyar-pen-club-logo.png\",\"contentUrl\":\"https:\\\/\\\/magyarpenclub.hu\\\/wp-content\\\/uploads\\\/2022\\\/08\\\/magyar-pen-club-logo.png\",\"width\":195,\"height\":195,\"caption\":\"Magyar P.E.N. Club\"},\"image\":{\"@id\":\"https:\\\/\\\/magyarpenclub.hu\\\/de\\\/#\\\/schema\\\/logo\\\/image\\\/\"},\"sameAs\":[\"https:\\\/\\\/www.facebook.com\\\/magyarpenclub\",\"https:\\\/\\\/www.youtube.com\\\/channel\\\/UC8bw1YALHZZJCJ-7bqvlR6Q\"]}]}<\/script>\n<!-- \/ Yoast SEO plugin. -->","yoast_head_json":{"title":"Federico Garcia Lorca: Romanze der Zigeuner - Magyar PEN Club","robots":{"index":"index","follow":"follow","max-snippet":"max-snippet:-1","max-image-preview":"max-image-preview:large","max-video-preview":"max-video-preview:-1"},"canonical":"https:\/\/magyarpenclub.hu\/de\/produkt\/federico-garcia-lorca-romanze-der-zigeuner\/","og_locale":"de_DE","og_type":"article","og_title":"Federico Garcia Lorca: Romanze der Zigeuner - Magyar PEN Club","og_description":"Die 15 Zigeunerromane und drei historische Romane des weltber\u00fchmten klassischen spanischen Dichters Federico Garcia Lorca aus dem 20. Jahrhundert werden in diesem Buch in ungarischer und spanischer Sprache gemeinsam gelesen, mit inspirierten Grafiken des Roma-K\u00fcnstlers Istv\u00e1n Szentandr\u00e1ssy.","og_url":"https:\/\/magyarpenclub.hu\/de\/produkt\/federico-garcia-lorca-romanze-der-zigeuner\/","og_site_name":"Magyar PEN Club","article_publisher":"https:\/\/www.facebook.com\/magyarpenclub","article_modified_time":"2024-02-14T01:50:24+00:00","og_image":[{"width":1920,"height":1440,"url":"https:\/\/magyarpenclub.hu\/wp-content\/uploads\/2022\/05\/frederico-gracia-lorca-ciganyromancok.png","type":"image\/png"}],"twitter_card":"summary_large_image","schema":{"@context":"https:\/\/schema.org","@graph":[{"@type":"WebPage","@id":"https:\/\/magyarpenclub.hu\/de\/produkt\/federico-garcia-lorca-romanze-der-zigeuner\/","url":"https:\/\/magyarpenclub.hu\/de\/produkt\/federico-garcia-lorca-romanze-der-zigeuner\/","name":"Federico Garcia Lorca: Romanze der Zigeuner - Magyar PEN Club","isPartOf":{"@id":"https:\/\/magyarpenclub.hu\/de\/#website"},"primaryImageOfPage":{"@id":"https:\/\/magyarpenclub.hu\/de\/produkt\/federico-garcia-lorca-romanze-der-zigeuner\/#primaryimage"},"image":{"@id":"https:\/\/magyarpenclub.hu\/de\/produkt\/federico-garcia-lorca-romanze-der-zigeuner\/#primaryimage"},"thumbnailUrl":"https:\/\/magyarpenclub.hu\/wp-content\/uploads\/2022\/05\/frederico-gracia-lorca-ciganyromancok.png","datePublished":"1970-01-01T00:00:00+00:00","dateModified":"2024-02-14T01:50:24+00:00","breadcrumb":{"@id":"https:\/\/magyarpenclub.hu\/de\/produkt\/federico-garcia-lorca-romanze-der-zigeuner\/#breadcrumb"},"inLanguage":"de","potentialAction":[{"@type":"ReadAction","target":["https:\/\/magyarpenclub.hu\/de\/produkt\/federico-garcia-lorca-romanze-der-zigeuner\/"]}]},{"@type":"ImageObject","inLanguage":"de","@id":"https:\/\/magyarpenclub.hu\/de\/produkt\/federico-garcia-lorca-romanze-der-zigeuner\/#primaryimage","url":"https:\/\/magyarpenclub.hu\/wp-content\/uploads\/2022\/05\/frederico-gracia-lorca-ciganyromancok.png","contentUrl":"https:\/\/magyarpenclub.hu\/wp-content\/uploads\/2022\/05\/frederico-gracia-lorca-ciganyromancok.png","width":1920,"height":1440},{"@type":"BreadcrumbList","@id":"https:\/\/magyarpenclub.hu\/de\/produkt\/federico-garcia-lorca-romanze-der-zigeuner\/#breadcrumb","itemListElement":[{"@type":"ListItem","position":1,"name":"Kezd\u0151lap","item":"https:\/\/magyarpenclub.hu\/de\/"},{"@type":"ListItem","position":2,"name":"Shop","item":"https:\/\/magyarpenclub.hu\/bolt\/"},{"@type":"ListItem","position":3,"name":"Federico Garcia Lorca: Romanze der Zigeuner"}]},{"@type":"WebSite","@id":"https:\/\/magyarpenclub.hu\/de\/#website","url":"https:\/\/magyarpenclub.hu\/de\/","name":"Magyar PEN Club","description":"H\u00edrek, k\u00f6zlem\u00e9nyek, \u00edr\u00e1sok","publisher":{"@id":"https:\/\/magyarpenclub.hu\/de\/#organization"},"potentialAction":[{"@type":"SearchAction","target":{"@type":"EntryPoint","urlTemplate":"https:\/\/magyarpenclub.hu\/de\/?s={search_term_string}"},"query-input":{"@type":"PropertyValueSpecification","valueRequired":true,"valueName":"search_term_string"}}],"inLanguage":"de"},{"@type":"Organization","@id":"https:\/\/magyarpenclub.hu\/de\/#organization","name":"Magyar P.E.N. Club","url":"https:\/\/magyarpenclub.hu\/de\/","logo":{"@type":"ImageObject","inLanguage":"de","@id":"https:\/\/magyarpenclub.hu\/de\/#\/schema\/logo\/image\/","url":"https:\/\/magyarpenclub.hu\/wp-content\/uploads\/2022\/08\/magyar-pen-club-logo.png","contentUrl":"https:\/\/magyarpenclub.hu\/wp-content\/uploads\/2022\/08\/magyar-pen-club-logo.png","width":195,"height":195,"caption":"Magyar P.E.N. Club"},"image":{"@id":"https:\/\/magyarpenclub.hu\/de\/#\/schema\/logo\/image\/"},"sameAs":["https:\/\/www.facebook.com\/magyarpenclub","https:\/\/www.youtube.com\/channel\/UC8bw1YALHZZJCJ-7bqvlR6Q"]}]}},"_links":{"self":[{"href":"https:\/\/magyarpenclub.hu\/de\/wp-json\/wp\/v2\/product\/8088","targetHints":{"allow":["GET"]}}],"collection":[{"href":"https:\/\/magyarpenclub.hu\/de\/wp-json\/wp\/v2\/product"}],"about":[{"href":"https:\/\/magyarpenclub.hu\/de\/wp-json\/wp\/v2\/types\/product"}],"replies":[{"embeddable":true,"href":"https:\/\/magyarpenclub.hu\/de\/wp-json\/wp\/v2\/comments?post=8088"}],"version-history":[{"count":0,"href":"https:\/\/magyarpenclub.hu\/de\/wp-json\/wp\/v2\/product\/8088\/revisions"}],"wp:featuredmedia":[{"embeddable":true,"href":"https:\/\/magyarpenclub.hu\/de\/wp-json\/wp\/v2\/media\/6368"}],"wp:attachment":[{"href":"https:\/\/magyarpenclub.hu\/de\/wp-json\/wp\/v2\/media?parent=8088"}],"wp:term":[{"taxonomy":"product_brand","embeddable":true,"href":"https:\/\/magyarpenclub.hu\/de\/wp-json\/wp\/v2\/product_brand?post=8088"},{"taxonomy":"product_cat","embeddable":true,"href":"https:\/\/magyarpenclub.hu\/de\/wp-json\/wp\/v2\/product_cat?post=8088"},{"taxonomy":"product_tag","embeddable":true,"href":"https:\/\/magyarpenclub.hu\/de\/wp-json\/wp\/v2\/product_tag?post=8088"}],"curies":[{"name":"wp","href":"https:\/\/api.w.org\/{rel}","templated":true}]}}