{"id":8098,"date":"1970-01-01T00:00:00","date_gmt":"1970-01-01T00:00:00","guid":{"rendered":"https:\/\/magyarpenclub.hu\/termek\/laszlo-jankovits-nobilis-ingenio-die-poesie-des-janus-pannonius\/"},"modified":"2024-02-14T01:50:24","modified_gmt":"2024-02-14T01:50:24","slug":"laszlo-jankovits-nobilis-ingenio-die-poesie-des-janus-pannonius","status":"publish","type":"product","link":"https:\/\/magyarpenclub.hu\/de\/produkt\/laszlo-jankovits-nobilis-ingenio-die-poesie-des-janus-pannonius\/","title":{"rendered":"L\u00e1szl\u00f3 Jankovits Nobilis Ingenio &#8211; Die Poesie des Janus Pannonius"},"content":{"rendered":"\t\t<div data-elementor-type=\"product-post\" data-elementor-id=\"8098\" class=\"elementor elementor-8098 elementor-3579\" data-elementor-post-type=\"product\">\n\t\t\t\t\t\t<section class=\"elementor-section elementor-top-section elementor-element elementor-element-60a1d35 elementor-section-boxed elementor-section-height-default elementor-section-height-default\" data-id=\"60a1d35\" data-element_type=\"section\" data-e-type=\"section\">\n\t\t\t\t\t\t<div class=\"elementor-container elementor-column-gap-wide\">\n\t\t\t\t\t<div class=\"elementor-column elementor-col-100 elementor-top-column elementor-element elementor-element-d896814\" data-id=\"d896814\" data-element_type=\"column\" data-e-type=\"column\">\n\t\t\t<div class=\"elementor-widget-wrap elementor-element-populated\">\n\t\t\t\t\t\t<div class=\"elementor-element elementor-element-d5e588d elementor-widget elementor-widget-heading\" data-id=\"d5e588d\" data-element_type=\"widget\" data-e-type=\"widget\" data-widget_type=\"heading.default\">\n\t\t\t\t<div class=\"elementor-widget-container\">\n\t\t\t\t\t<h5 class=\"elementor-heading-title elementor-size-default\">L\u00e1szl\u00f3 Jankovits Nobilis Ingenio &#8211; Die Poesie des Janus Pannonius<\/h5>\t\t\t\t<\/div>\n\t\t\t\t<\/div>\n\t\t\t\t<div class=\"elementor-element elementor-element-a2688c3 elementor-widget elementor-widget-spacer\" data-id=\"a2688c3\" data-element_type=\"widget\" data-e-type=\"widget\" data-widget_type=\"spacer.default\">\n\t\t\t\t<div class=\"elementor-widget-container\">\n\t\t\t\t\t\t\t<div class=\"elementor-spacer\">\n\t\t\t<div class=\"elementor-spacer-inner\"><\/div>\n\t\t<\/div>\n\t\t\t\t\t\t<\/div>\n\t\t\t\t<\/div>\n\t\t\t\t<div class=\"elementor-element elementor-element-4fe08f7 elementor-widget elementor-widget-text-editor\" data-id=\"4fe08f7\" data-element_type=\"widget\" data-e-type=\"widget\" data-widget_type=\"text-editor.default\">\n\t\t\t\t<div class=\"elementor-widget-container\">\n\t\t\t\t\t\t\t\t\t<p>Herausgegeben von G\u00e9za Sz\u0151cs<\/p>\n\t\t\t\t\t\t\t\t<\/div>\n\t\t\t\t<\/div>\n\t\t\t\t<div class=\"elementor-element elementor-element-0dcd91c elementor-widget elementor-widget-spacer\" data-id=\"0dcd91c\" data-element_type=\"widget\" data-e-type=\"widget\" data-widget_type=\"spacer.default\">\n\t\t\t\t<div class=\"elementor-widget-container\">\n\t\t\t\t\t\t\t<div class=\"elementor-spacer\">\n\t\t\t<div class=\"elementor-spacer-inner\"><\/div>\n\t\t<\/div>\n\t\t\t\t\t\t<\/div>\n\t\t\t\t<\/div>\n\t\t\t\t<div class=\"elementor-element elementor-element-2d7c4ad elementor-widget elementor-widget-heading\" data-id=\"2d7c4ad\" data-element_type=\"widget\" data-e-type=\"widget\" data-widget_type=\"heading.default\">\n\t\t\t\t<div class=\"elementor-widget-container\">\n\t\t\t\t\t<h5 class=\"elementor-heading-title elementor-size-default\">Buchbesprechung<\/h5>\t\t\t\t<\/div>\n\t\t\t\t<\/div>\n\t\t\t\t<div class=\"elementor-element elementor-element-0872005 elementor-widget elementor-widget-spacer\" data-id=\"0872005\" data-element_type=\"widget\" data-e-type=\"widget\" data-widget_type=\"spacer.default\">\n\t\t\t\t<div class=\"elementor-widget-container\">\n\t\t\t\t\t\t\t<div class=\"elementor-spacer\">\n\t\t\t<div class=\"elementor-spacer-inner\"><\/div>\n\t\t<\/div>\n\t\t\t\t\t\t<\/div>\n\t\t\t\t<\/div>\n\t\t\t\t<div class=\"elementor-element elementor-element-56dd64e elementor-widget elementor-widget-text-editor\" data-id=\"56dd64e\" data-element_type=\"widget\" data-e-type=\"widget\" data-widget_type=\"text-editor.default\">\n\t\t\t\t<div class=\"elementor-widget-container\">\n\t\t\t\t\t\t\t\t\t<p>Nobilis ingenio, edel durch Talent: Diese beiden Worte standen urspr\u00fcnglich nebeneinander auf einem poetischen Epitaph des gr\u00f6\u00dften lateinischen Dichters Virgil. Neben einer kurzen Zusammenfassung des Lebens und des politischen Werdegangs unseres ersten gro\u00dfen humanistischen Dichters Janus Pannonius geht es in diesem Buch um die Gattungen, in denen er Pionierarbeit geleistet und sich und seiner Heimat zu Lebzeiten und nach seinem Tod einen Namen gemacht hat.<\/p>\n\t\t\t\t\t\t\t\t<\/div>\n\t\t\t\t<\/div>\n\t\t\t\t<div class=\"elementor-element elementor-element-9476ed9 elementor-widget elementor-widget-spacer\" data-id=\"9476ed9\" data-element_type=\"widget\" data-e-type=\"widget\" data-widget_type=\"spacer.default\">\n\t\t\t\t<div class=\"elementor-widget-container\">\n\t\t\t\t\t\t\t<div class=\"elementor-spacer\">\n\t\t\t<div class=\"elementor-spacer-inner\"><\/div>\n\t\t<\/div>\n\t\t\t\t\t\t<\/div>\n\t\t\t\t<\/div>\n\t\t\t\t<div class=\"elementor-element elementor-element-0306af8 elementor-widget elementor-widget-heading\" data-id=\"0306af8\" data-element_type=\"widget\" data-e-type=\"widget\" data-widget_type=\"heading.default\">\n\t\t\t\t<div class=\"elementor-widget-container\">\n\t\t\t\t\t<h5 class=\"elementor-heading-title elementor-size-default\">Andere Daten<\/h5>\t\t\t\t<\/div>\n\t\t\t\t<\/div>\n\t\t\t\t<div class=\"elementor-element elementor-element-8dd7163 elementor-widget elementor-widget-spacer\" data-id=\"8dd7163\" data-element_type=\"widget\" data-e-type=\"widget\" data-widget_type=\"spacer.default\">\n\t\t\t\t<div class=\"elementor-widget-container\">\n\t\t\t\t\t\t\t<div class=\"elementor-spacer\">\n\t\t\t<div class=\"elementor-spacer-inner\"><\/div>\n\t\t<\/div>\n\t\t\t\t\t\t<\/div>\n\t\t\t\t<\/div>\n\t\t\t\t<div class=\"elementor-element elementor-element-2de93b4 elementor-widget elementor-widget-text-editor\" data-id=\"2de93b4\" data-element_type=\"widget\" data-e-type=\"widget\" data-widget_type=\"text-editor.default\">\n\t\t\t\t<div class=\"elementor-widget-container\">\n\t\t\t\t\t\t\t\t\t<ul>\n<li>Ungarischer PEN-Club und Literary Present Books, 2012.<\/li>\n<li>188 Seiten, Hardcover, Schutzumschlag<\/li>\n<\/ul>\n\t\t\t\t\t\t\t\t<\/div>\n\t\t\t\t<\/div>\n\t\t\t\t\t<\/div>\n\t\t<\/div>\n\t\t\t\t\t<\/div>\n\t\t<\/section>\n\t\t\t\t<\/div>\n\t\t","protected":false},"excerpt":{"rendered":"<div class=\"woocommerce-product-details__short-description\">Nobilis ingenio, edel durch Talent: Diese beiden Worte standen urspr\u00fcnglich nebeneinander auf einem poetischen Epitaph des gr\u00f6\u00dften lateinischen Dichters Virgil. Neben einer kurzen Zusammenfassung des Lebens und des politischen Werdegangs unseres ersten gro\u00dfen humanistischen Dichters Janus Pannonius geht es in diesem Buch um die Gattungen, in denen er Pionierarbeit geleistet und sich und seiner Heimat zu Lebzeiten und nach seinem Tod einen Namen gemacht hat.<\/div>\n","protected":false},"featured_media":6389,"comment_status":"open","ping_status":"closed","template":"","meta":{"_acf_changed":false},"product_brand":[],"product_cat":[226],"product_tag":[442,347],"class_list":{"0":"post-8098","1":"product","2":"type-product","3":"status-publish","4":"has-post-thumbnail","6":"product_cat-buch","7":"product_tag-gedicht","8":"product_tag-janus-pannonius-de","10":"first","11":"instock","12":"shipping-taxable","13":"purchasable","14":"product-type-simple"},"acf":[],"yoast_head":"<!-- This site is optimized with the Yoast SEO plugin v27.4 - https:\/\/yoast.com\/product\/yoast-seo-wordpress\/ -->\n<title>L\u00e1szl\u00f3 Jankovits Nobilis Ingenio - Die Poesie des Janus Pannonius - Magyar PEN Club<\/title>\n<meta name=\"robots\" content=\"index, follow, max-snippet:-1, max-image-preview:large, max-video-preview:-1\" \/>\n<link rel=\"canonical\" href=\"https:\/\/magyarpenclub.hu\/de\/produkt\/laszlo-jankovits-nobilis-ingenio-die-poesie-des-janus-pannonius\/\" \/>\n<meta property=\"og:locale\" content=\"de_DE\" \/>\n<meta property=\"og:type\" content=\"article\" \/>\n<meta property=\"og:title\" content=\"L\u00e1szl\u00f3 Jankovits Nobilis Ingenio - Die Poesie des Janus Pannonius - Magyar PEN Club\" \/>\n<meta property=\"og:description\" content=\"Nobilis ingenio, edel durch Talent: Diese beiden Worte standen urspr\u00fcnglich nebeneinander auf einem poetischen Epitaph des gr\u00f6\u00dften lateinischen Dichters Virgil. Neben einer kurzen Zusammenfassung des Lebens und des politischen Werdegangs unseres ersten gro\u00dfen humanistischen Dichters Janus Pannonius geht es in diesem Buch um die Gattungen, in denen er Pionierarbeit geleistet und sich und seiner Heimat zu Lebzeiten und nach seinem Tod einen Namen gemacht hat.\" \/>\n<meta property=\"og:url\" content=\"https:\/\/magyarpenclub.hu\/de\/produkt\/laszlo-jankovits-nobilis-ingenio-die-poesie-des-janus-pannonius\/\" \/>\n<meta property=\"og:site_name\" content=\"Magyar PEN Club\" \/>\n<meta property=\"article:publisher\" content=\"https:\/\/www.facebook.com\/magyarpenclub\" \/>\n<meta property=\"article:modified_time\" content=\"2024-02-14T01:50:24+00:00\" \/>\n<meta property=\"og:image\" content=\"https:\/\/magyarpenclub.hu\/wp-content\/uploads\/2022\/05\/jankovits-laszlo-nobilis-ingenito.png\" \/>\n\t<meta property=\"og:image:width\" content=\"1920\" \/>\n\t<meta property=\"og:image:height\" content=\"1440\" \/>\n\t<meta property=\"og:image:type\" content=\"image\/png\" \/>\n<meta name=\"twitter:card\" content=\"summary_large_image\" \/>\n<script type=\"application\/ld+json\" class=\"yoast-schema-graph\">{\"@context\":\"https:\\\/\\\/schema.org\",\"@graph\":[{\"@type\":\"WebPage\",\"@id\":\"https:\\\/\\\/magyarpenclub.hu\\\/de\\\/produkt\\\/laszlo-jankovits-nobilis-ingenio-die-poesie-des-janus-pannonius\\\/\",\"url\":\"https:\\\/\\\/magyarpenclub.hu\\\/de\\\/produkt\\\/laszlo-jankovits-nobilis-ingenio-die-poesie-des-janus-pannonius\\\/\",\"name\":\"L\u00e1szl\u00f3 Jankovits Nobilis Ingenio - Die Poesie des Janus Pannonius - Magyar PEN Club\",\"isPartOf\":{\"@id\":\"https:\\\/\\\/magyarpenclub.hu\\\/de\\\/#website\"},\"primaryImageOfPage\":{\"@id\":\"https:\\\/\\\/magyarpenclub.hu\\\/de\\\/produkt\\\/laszlo-jankovits-nobilis-ingenio-die-poesie-des-janus-pannonius\\\/#primaryimage\"},\"image\":{\"@id\":\"https:\\\/\\\/magyarpenclub.hu\\\/de\\\/produkt\\\/laszlo-jankovits-nobilis-ingenio-die-poesie-des-janus-pannonius\\\/#primaryimage\"},\"thumbnailUrl\":\"https:\\\/\\\/magyarpenclub.hu\\\/wp-content\\\/uploads\\\/2022\\\/05\\\/jankovits-laszlo-nobilis-ingenito.png\",\"datePublished\":\"1970-01-01T00:00:00+00:00\",\"dateModified\":\"2024-02-14T01:50:24+00:00\",\"breadcrumb\":{\"@id\":\"https:\\\/\\\/magyarpenclub.hu\\\/de\\\/produkt\\\/laszlo-jankovits-nobilis-ingenio-die-poesie-des-janus-pannonius\\\/#breadcrumb\"},\"inLanguage\":\"de\",\"potentialAction\":[{\"@type\":\"ReadAction\",\"target\":[\"https:\\\/\\\/magyarpenclub.hu\\\/de\\\/produkt\\\/laszlo-jankovits-nobilis-ingenio-die-poesie-des-janus-pannonius\\\/\"]}]},{\"@type\":\"ImageObject\",\"inLanguage\":\"de\",\"@id\":\"https:\\\/\\\/magyarpenclub.hu\\\/de\\\/produkt\\\/laszlo-jankovits-nobilis-ingenio-die-poesie-des-janus-pannonius\\\/#primaryimage\",\"url\":\"https:\\\/\\\/magyarpenclub.hu\\\/wp-content\\\/uploads\\\/2022\\\/05\\\/jankovits-laszlo-nobilis-ingenito.png\",\"contentUrl\":\"https:\\\/\\\/magyarpenclub.hu\\\/wp-content\\\/uploads\\\/2022\\\/05\\\/jankovits-laszlo-nobilis-ingenito.png\",\"width\":1920,\"height\":1440},{\"@type\":\"BreadcrumbList\",\"@id\":\"https:\\\/\\\/magyarpenclub.hu\\\/de\\\/produkt\\\/laszlo-jankovits-nobilis-ingenio-die-poesie-des-janus-pannonius\\\/#breadcrumb\",\"itemListElement\":[{\"@type\":\"ListItem\",\"position\":1,\"name\":\"Kezd\u0151lap\",\"item\":\"https:\\\/\\\/magyarpenclub.hu\\\/de\\\/\"},{\"@type\":\"ListItem\",\"position\":2,\"name\":\"Shop\",\"item\":\"https:\\\/\\\/magyarpenclub.hu\\\/bolt\\\/\"},{\"@type\":\"ListItem\",\"position\":3,\"name\":\"L\u00e1szl\u00f3 Jankovits Nobilis Ingenio &#8211; Die Poesie des Janus Pannonius\"}]},{\"@type\":\"WebSite\",\"@id\":\"https:\\\/\\\/magyarpenclub.hu\\\/de\\\/#website\",\"url\":\"https:\\\/\\\/magyarpenclub.hu\\\/de\\\/\",\"name\":\"Magyar PEN Club\",\"description\":\"H\u00edrek, k\u00f6zlem\u00e9nyek, \u00edr\u00e1sok\",\"publisher\":{\"@id\":\"https:\\\/\\\/magyarpenclub.hu\\\/de\\\/#organization\"},\"potentialAction\":[{\"@type\":\"SearchAction\",\"target\":{\"@type\":\"EntryPoint\",\"urlTemplate\":\"https:\\\/\\\/magyarpenclub.hu\\\/de\\\/?s={search_term_string}\"},\"query-input\":{\"@type\":\"PropertyValueSpecification\",\"valueRequired\":true,\"valueName\":\"search_term_string\"}}],\"inLanguage\":\"de\"},{\"@type\":\"Organization\",\"@id\":\"https:\\\/\\\/magyarpenclub.hu\\\/de\\\/#organization\",\"name\":\"Magyar P.E.N. Club\",\"url\":\"https:\\\/\\\/magyarpenclub.hu\\\/de\\\/\",\"logo\":{\"@type\":\"ImageObject\",\"inLanguage\":\"de\",\"@id\":\"https:\\\/\\\/magyarpenclub.hu\\\/de\\\/#\\\/schema\\\/logo\\\/image\\\/\",\"url\":\"https:\\\/\\\/magyarpenclub.hu\\\/wp-content\\\/uploads\\\/2022\\\/08\\\/magyar-pen-club-logo.png\",\"contentUrl\":\"https:\\\/\\\/magyarpenclub.hu\\\/wp-content\\\/uploads\\\/2022\\\/08\\\/magyar-pen-club-logo.png\",\"width\":195,\"height\":195,\"caption\":\"Magyar P.E.N. Club\"},\"image\":{\"@id\":\"https:\\\/\\\/magyarpenclub.hu\\\/de\\\/#\\\/schema\\\/logo\\\/image\\\/\"},\"sameAs\":[\"https:\\\/\\\/www.facebook.com\\\/magyarpenclub\",\"https:\\\/\\\/www.youtube.com\\\/channel\\\/UC8bw1YALHZZJCJ-7bqvlR6Q\"]}]}<\/script>\n<!-- \/ Yoast SEO plugin. -->","yoast_head_json":{"title":"L\u00e1szl\u00f3 Jankovits Nobilis Ingenio - Die Poesie des Janus Pannonius - Magyar PEN Club","robots":{"index":"index","follow":"follow","max-snippet":"max-snippet:-1","max-image-preview":"max-image-preview:large","max-video-preview":"max-video-preview:-1"},"canonical":"https:\/\/magyarpenclub.hu\/de\/produkt\/laszlo-jankovits-nobilis-ingenio-die-poesie-des-janus-pannonius\/","og_locale":"de_DE","og_type":"article","og_title":"L\u00e1szl\u00f3 Jankovits Nobilis Ingenio - Die Poesie des Janus Pannonius - Magyar PEN Club","og_description":"Nobilis ingenio, edel durch Talent: Diese beiden Worte standen urspr\u00fcnglich nebeneinander auf einem poetischen Epitaph des gr\u00f6\u00dften lateinischen Dichters Virgil. Neben einer kurzen Zusammenfassung des Lebens und des politischen Werdegangs unseres ersten gro\u00dfen humanistischen Dichters Janus Pannonius geht es in diesem Buch um die Gattungen, in denen er Pionierarbeit geleistet und sich und seiner Heimat zu Lebzeiten und nach seinem Tod einen Namen gemacht hat.","og_url":"https:\/\/magyarpenclub.hu\/de\/produkt\/laszlo-jankovits-nobilis-ingenio-die-poesie-des-janus-pannonius\/","og_site_name":"Magyar PEN Club","article_publisher":"https:\/\/www.facebook.com\/magyarpenclub","article_modified_time":"2024-02-14T01:50:24+00:00","og_image":[{"width":1920,"height":1440,"url":"https:\/\/magyarpenclub.hu\/wp-content\/uploads\/2022\/05\/jankovits-laszlo-nobilis-ingenito.png","type":"image\/png"}],"twitter_card":"summary_large_image","schema":{"@context":"https:\/\/schema.org","@graph":[{"@type":"WebPage","@id":"https:\/\/magyarpenclub.hu\/de\/produkt\/laszlo-jankovits-nobilis-ingenio-die-poesie-des-janus-pannonius\/","url":"https:\/\/magyarpenclub.hu\/de\/produkt\/laszlo-jankovits-nobilis-ingenio-die-poesie-des-janus-pannonius\/","name":"L\u00e1szl\u00f3 Jankovits Nobilis Ingenio - Die Poesie des Janus Pannonius - Magyar PEN Club","isPartOf":{"@id":"https:\/\/magyarpenclub.hu\/de\/#website"},"primaryImageOfPage":{"@id":"https:\/\/magyarpenclub.hu\/de\/produkt\/laszlo-jankovits-nobilis-ingenio-die-poesie-des-janus-pannonius\/#primaryimage"},"image":{"@id":"https:\/\/magyarpenclub.hu\/de\/produkt\/laszlo-jankovits-nobilis-ingenio-die-poesie-des-janus-pannonius\/#primaryimage"},"thumbnailUrl":"https:\/\/magyarpenclub.hu\/wp-content\/uploads\/2022\/05\/jankovits-laszlo-nobilis-ingenito.png","datePublished":"1970-01-01T00:00:00+00:00","dateModified":"2024-02-14T01:50:24+00:00","breadcrumb":{"@id":"https:\/\/magyarpenclub.hu\/de\/produkt\/laszlo-jankovits-nobilis-ingenio-die-poesie-des-janus-pannonius\/#breadcrumb"},"inLanguage":"de","potentialAction":[{"@type":"ReadAction","target":["https:\/\/magyarpenclub.hu\/de\/produkt\/laszlo-jankovits-nobilis-ingenio-die-poesie-des-janus-pannonius\/"]}]},{"@type":"ImageObject","inLanguage":"de","@id":"https:\/\/magyarpenclub.hu\/de\/produkt\/laszlo-jankovits-nobilis-ingenio-die-poesie-des-janus-pannonius\/#primaryimage","url":"https:\/\/magyarpenclub.hu\/wp-content\/uploads\/2022\/05\/jankovits-laszlo-nobilis-ingenito.png","contentUrl":"https:\/\/magyarpenclub.hu\/wp-content\/uploads\/2022\/05\/jankovits-laszlo-nobilis-ingenito.png","width":1920,"height":1440},{"@type":"BreadcrumbList","@id":"https:\/\/magyarpenclub.hu\/de\/produkt\/laszlo-jankovits-nobilis-ingenio-die-poesie-des-janus-pannonius\/#breadcrumb","itemListElement":[{"@type":"ListItem","position":1,"name":"Kezd\u0151lap","item":"https:\/\/magyarpenclub.hu\/de\/"},{"@type":"ListItem","position":2,"name":"Shop","item":"https:\/\/magyarpenclub.hu\/bolt\/"},{"@type":"ListItem","position":3,"name":"L\u00e1szl\u00f3 Jankovits Nobilis Ingenio &#8211; Die Poesie des Janus Pannonius"}]},{"@type":"WebSite","@id":"https:\/\/magyarpenclub.hu\/de\/#website","url":"https:\/\/magyarpenclub.hu\/de\/","name":"Magyar PEN Club","description":"H\u00edrek, k\u00f6zlem\u00e9nyek, \u00edr\u00e1sok","publisher":{"@id":"https:\/\/magyarpenclub.hu\/de\/#organization"},"potentialAction":[{"@type":"SearchAction","target":{"@type":"EntryPoint","urlTemplate":"https:\/\/magyarpenclub.hu\/de\/?s={search_term_string}"},"query-input":{"@type":"PropertyValueSpecification","valueRequired":true,"valueName":"search_term_string"}}],"inLanguage":"de"},{"@type":"Organization","@id":"https:\/\/magyarpenclub.hu\/de\/#organization","name":"Magyar P.E.N. Club","url":"https:\/\/magyarpenclub.hu\/de\/","logo":{"@type":"ImageObject","inLanguage":"de","@id":"https:\/\/magyarpenclub.hu\/de\/#\/schema\/logo\/image\/","url":"https:\/\/magyarpenclub.hu\/wp-content\/uploads\/2022\/08\/magyar-pen-club-logo.png","contentUrl":"https:\/\/magyarpenclub.hu\/wp-content\/uploads\/2022\/08\/magyar-pen-club-logo.png","width":195,"height":195,"caption":"Magyar P.E.N. Club"},"image":{"@id":"https:\/\/magyarpenclub.hu\/de\/#\/schema\/logo\/image\/"},"sameAs":["https:\/\/www.facebook.com\/magyarpenclub","https:\/\/www.youtube.com\/channel\/UC8bw1YALHZZJCJ-7bqvlR6Q"]}]}},"_links":{"self":[{"href":"https:\/\/magyarpenclub.hu\/de\/wp-json\/wp\/v2\/product\/8098","targetHints":{"allow":["GET"]}}],"collection":[{"href":"https:\/\/magyarpenclub.hu\/de\/wp-json\/wp\/v2\/product"}],"about":[{"href":"https:\/\/magyarpenclub.hu\/de\/wp-json\/wp\/v2\/types\/product"}],"replies":[{"embeddable":true,"href":"https:\/\/magyarpenclub.hu\/de\/wp-json\/wp\/v2\/comments?post=8098"}],"version-history":[{"count":0,"href":"https:\/\/magyarpenclub.hu\/de\/wp-json\/wp\/v2\/product\/8098\/revisions"}],"wp:featuredmedia":[{"embeddable":true,"href":"https:\/\/magyarpenclub.hu\/de\/wp-json\/wp\/v2\/media\/6389"}],"wp:attachment":[{"href":"https:\/\/magyarpenclub.hu\/de\/wp-json\/wp\/v2\/media?parent=8098"}],"wp:term":[{"taxonomy":"product_brand","embeddable":true,"href":"https:\/\/magyarpenclub.hu\/de\/wp-json\/wp\/v2\/product_brand?post=8098"},{"taxonomy":"product_cat","embeddable":true,"href":"https:\/\/magyarpenclub.hu\/de\/wp-json\/wp\/v2\/product_cat?post=8098"},{"taxonomy":"product_tag","embeddable":true,"href":"https:\/\/magyarpenclub.hu\/de\/wp-json\/wp\/v2\/product_tag?post=8098"}],"curies":[{"name":"wp","href":"https:\/\/api.w.org\/{rel}","templated":true}]}}