{"id":8653,"date":"2017-01-01T00:00:00","date_gmt":"2017-01-01T00:00:00","guid":{"rendered":"https:\/\/magyarpenclub.hu\/termek\/augusto-de-campos-klangbild-gedichte\/"},"modified":"2024-02-14T01:58:59","modified_gmt":"2024-02-14T01:58:59","slug":"augusto-de-campos-klangbild-gedichte","status":"publish","type":"product","link":"https:\/\/magyarpenclub.hu\/de\/produkt\/augusto-de-campos-klangbild-gedichte\/","title":{"rendered":"Augusto De Campos: Klangbild-Gedichte"},"content":{"rendered":"\t\t<div data-elementor-type=\"product-post\" data-elementor-id=\"8653\" class=\"elementor elementor-8653 elementor-3587\" data-elementor-post-type=\"product\">\n\t\t\t\t\t\t<section class=\"elementor-section elementor-top-section elementor-element elementor-element-dc73920 elementor-section-boxed elementor-section-height-default elementor-section-height-default\" data-id=\"dc73920\" data-element_type=\"section\" data-e-type=\"section\">\n\t\t\t\t\t\t<div class=\"elementor-container elementor-column-gap-wide\">\n\t\t\t\t\t<div class=\"elementor-column elementor-col-100 elementor-top-column elementor-element elementor-element-61dcb9e\" data-id=\"61dcb9e\" data-element_type=\"column\" data-e-type=\"column\">\n\t\t\t<div class=\"elementor-widget-wrap elementor-element-populated\">\n\t\t\t\t\t\t<div class=\"elementor-element elementor-element-8e1dd46 elementor-widget elementor-widget-heading\" data-id=\"8e1dd46\" data-element_type=\"widget\" data-e-type=\"widget\" data-widget_type=\"heading.default\">\n\t\t\t\t<div class=\"elementor-widget-container\">\n\t\t\t\t\t<h5 class=\"elementor-heading-title elementor-size-default\">Augusto De Campos: Klangbild-Gedichte<\/h5>\t\t\t\t<\/div>\n\t\t\t\t<\/div>\n\t\t\t\t<div class=\"elementor-element elementor-element-8ee1a6c elementor-widget elementor-widget-spacer\" data-id=\"8ee1a6c\" data-element_type=\"widget\" data-e-type=\"widget\" data-widget_type=\"spacer.default\">\n\t\t\t\t<div class=\"elementor-widget-container\">\n\t\t\t\t\t\t\t<div class=\"elementor-spacer\">\n\t\t\t<div class=\"elementor-spacer-inner\"><\/div>\n\t\t<\/div>\n\t\t\t\t\t\t<\/div>\n\t\t\t\t<\/div>\n\t\t\t\t<div class=\"elementor-element elementor-element-e3a865c elementor-widget elementor-widget-heading\" data-id=\"e3a865c\" data-element_type=\"widget\" data-e-type=\"widget\" data-widget_type=\"heading.default\">\n\t\t\t\t<div class=\"elementor-widget-container\">\n\t\t\t\t\t<h6 class=\"elementor-heading-title elementor-size-default\">Ausgew\u00e4hlt und herausgegeben von Ferenc P\u00e1l<\/h6>\t\t\t\t<\/div>\n\t\t\t\t<\/div>\n\t\t\t\t<div class=\"elementor-element elementor-element-381734a elementor-widget elementor-widget-spacer\" data-id=\"381734a\" data-element_type=\"widget\" data-e-type=\"widget\" data-widget_type=\"spacer.default\">\n\t\t\t\t<div class=\"elementor-widget-container\">\n\t\t\t\t\t\t\t<div class=\"elementor-spacer\">\n\t\t\t<div class=\"elementor-spacer-inner\"><\/div>\n\t\t<\/div>\n\t\t\t\t\t\t<\/div>\n\t\t\t\t<\/div>\n\t\t\t\t<div class=\"elementor-element elementor-element-7830a34 elementor-widget elementor-widget-text-editor\" data-id=\"7830a34\" data-element_type=\"widget\" data-e-type=\"widget\" data-widget_type=\"text-editor.default\">\n\t\t\t\t<div class=\"elementor-widget-container\">\n\t\t\t\t\t\t\t\t\t<p>\u00dcbersetzt von Ferenc P\u00e1l, D\u00e1niel Levente P\u00e1l, Endre Szk\u00e1rosi, G\u00e9za Sz\u0151cs, Tibor Zal\u00e1n<\/p>\n\t\t\t\t\t\t\t\t<\/div>\n\t\t\t\t<\/div>\n\t\t\t\t<div class=\"elementor-element elementor-element-e193644 elementor-widget elementor-widget-text-editor\" data-id=\"e193644\" data-element_type=\"widget\" data-e-type=\"widget\" data-widget_type=\"text-editor.default\">\n\t\t\t\t<div class=\"elementor-widget-container\">\n\t\t\t\t\t\t\t\t\t<p>Nachwort von Enik\u0151 Bollob\u00e1s<\/p>\n\t\t\t\t\t\t\t\t<\/div>\n\t\t\t\t<\/div>\n\t\t\t\t<div class=\"elementor-element elementor-element-eeaac55 elementor-widget elementor-widget-spacer\" data-id=\"eeaac55\" data-element_type=\"widget\" data-e-type=\"widget\" data-widget_type=\"spacer.default\">\n\t\t\t\t<div class=\"elementor-widget-container\">\n\t\t\t\t\t\t\t<div class=\"elementor-spacer\">\n\t\t\t<div class=\"elementor-spacer-inner\"><\/div>\n\t\t<\/div>\n\t\t\t\t\t\t<\/div>\n\t\t\t\t<\/div>\n\t\t\t\t<div class=\"elementor-element elementor-element-41d383a elementor-widget elementor-widget-heading\" data-id=\"41d383a\" data-element_type=\"widget\" data-e-type=\"widget\" data-widget_type=\"heading.default\">\n\t\t\t\t<div class=\"elementor-widget-container\">\n\t\t\t\t\t<h5 class=\"elementor-heading-title elementor-size-default\">Buchbesprechung<\/h5>\t\t\t\t<\/div>\n\t\t\t\t<\/div>\n\t\t\t\t<div class=\"elementor-element elementor-element-eb36aa8 elementor-widget elementor-widget-spacer\" data-id=\"eb36aa8\" data-element_type=\"widget\" data-e-type=\"widget\" data-widget_type=\"spacer.default\">\n\t\t\t\t<div class=\"elementor-widget-container\">\n\t\t\t\t\t\t\t<div class=\"elementor-spacer\">\n\t\t\t<div class=\"elementor-spacer-inner\"><\/div>\n\t\t<\/div>\n\t\t\t\t\t\t<\/div>\n\t\t\t\t<\/div>\n\t\t\t\t<div class=\"elementor-element elementor-element-7045a7b elementor-widget elementor-widget-text-editor\" data-id=\"7045a7b\" data-element_type=\"widget\" data-e-type=\"widget\" data-widget_type=\"text-editor.default\">\n\t\t\t\t<div class=\"elementor-widget-container\">\n\t\t\t\t\t\t\t\t\t<p>Der Janus-Pannonius-Preis f\u00fcr internationale Poesie 2017. Der in ungarischer Sprache erschienene Band, der zu Ehren des Preistr\u00e4gers herausgegeben wurde, enth\u00e4lt eine Auswahl von Werken des weltber\u00fchmten brasilianischen Dichters, die noch nicht \u00fcbersetzt worden sind.<\/p>\n\t\t\t\t\t\t\t\t<\/div>\n\t\t\t\t<\/div>\n\t\t\t\t<div class=\"elementor-element elementor-element-a786727 elementor-widget elementor-widget-spacer\" data-id=\"a786727\" data-element_type=\"widget\" data-e-type=\"widget\" data-widget_type=\"spacer.default\">\n\t\t\t\t<div class=\"elementor-widget-container\">\n\t\t\t\t\t\t\t<div class=\"elementor-spacer\">\n\t\t\t<div class=\"elementor-spacer-inner\"><\/div>\n\t\t<\/div>\n\t\t\t\t\t\t<\/div>\n\t\t\t\t<\/div>\n\t\t\t\t<div class=\"elementor-element elementor-element-fde3d85 elementor-widget elementor-widget-heading\" data-id=\"fde3d85\" data-element_type=\"widget\" data-e-type=\"widget\" data-widget_type=\"heading.default\">\n\t\t\t\t<div class=\"elementor-widget-container\">\n\t\t\t\t\t<h5 class=\"elementor-heading-title elementor-size-default\">Andere Daten<\/h5>\t\t\t\t<\/div>\n\t\t\t\t<\/div>\n\t\t\t\t<div class=\"elementor-element elementor-element-15b8a09 elementor-widget elementor-widget-spacer\" data-id=\"15b8a09\" data-element_type=\"widget\" data-e-type=\"widget\" data-widget_type=\"spacer.default\">\n\t\t\t\t<div class=\"elementor-widget-container\">\n\t\t\t\t\t\t\t<div class=\"elementor-spacer\">\n\t\t\t<div class=\"elementor-spacer-inner\"><\/div>\n\t\t<\/div>\n\t\t\t\t\t\t<\/div>\n\t\t\t\t<\/div>\n\t\t\t\t<div class=\"elementor-element elementor-element-05cda1d elementor-widget elementor-widget-text-editor\" data-id=\"05cda1d\" data-element_type=\"widget\" data-e-type=\"widget\" data-widget_type=\"text-editor.default\">\n\t\t\t\t<div class=\"elementor-widget-container\">\n\t\t\t\t\t\t\t\t\t<ul>\n<li>Ungarischer PEN-Club, 2017.<\/li>\n<li>152 Seiten, Hardcover<\/li>\n<\/ul>\n\t\t\t\t\t\t\t\t<\/div>\n\t\t\t\t<\/div>\n\t\t\t\t\t<\/div>\n\t\t<\/div>\n\t\t\t\t\t<\/div>\n\t\t<\/section>\n\t\t\t\t<\/div>\n\t\t","protected":false},"excerpt":{"rendered":"<div class=\"woocommerce-product-details__short-description\">Der Janus-Pannonius-Preis f\u00fcr internationale Poesie 2017. Der in ungarischer Sprache erschienene Band, der zu Ehren des Preistr\u00e4gers herausgegeben wurde, enth\u00e4lt eine Auswahl von Werken des weltber\u00fchmten brasilianischen Dichters, die noch nicht \u00fcbersetzt worden sind.<\/div>\n","protected":false},"featured_media":6350,"comment_status":"open","ping_status":"closed","template":"","meta":{"_acf_changed":false},"product_brand":[],"product_cat":[226],"product_tag":[442],"class_list":{"0":"post-8653","1":"product","2":"type-product","3":"status-publish","4":"has-post-thumbnail","6":"product_cat-buch","7":"product_tag-gedicht","9":"first","10":"instock","11":"shipping-taxable","12":"purchasable","13":"product-type-simple"},"acf":[],"yoast_head":"<!-- This site is optimized with the Yoast SEO plugin v27.4 - https:\/\/yoast.com\/product\/yoast-seo-wordpress\/ -->\n<title>Augusto De Campos: Klangbild-Gedichte - Magyar PEN Club<\/title>\n<meta name=\"robots\" content=\"index, follow, max-snippet:-1, max-image-preview:large, max-video-preview:-1\" \/>\n<link rel=\"canonical\" href=\"https:\/\/magyarpenclub.hu\/de\/produkt\/augusto-de-campos-klangbild-gedichte\/\" \/>\n<meta property=\"og:locale\" content=\"de_DE\" \/>\n<meta property=\"og:type\" content=\"article\" \/>\n<meta property=\"og:title\" content=\"Augusto De Campos: Klangbild-Gedichte - Magyar PEN Club\" \/>\n<meta property=\"og:description\" content=\"Der Janus-Pannonius-Preis f\u00fcr internationale Poesie 2017. Der in ungarischer Sprache erschienene Band, der zu Ehren des Preistr\u00e4gers herausgegeben wurde, enth\u00e4lt eine Auswahl von Werken des weltber\u00fchmten brasilianischen Dichters, die noch nicht \u00fcbersetzt worden sind.\" \/>\n<meta property=\"og:url\" content=\"https:\/\/magyarpenclub.hu\/de\/produkt\/augusto-de-campos-klangbild-gedichte\/\" \/>\n<meta property=\"og:site_name\" content=\"Magyar PEN Club\" \/>\n<meta property=\"article:publisher\" content=\"https:\/\/www.facebook.com\/magyarpenclub\" \/>\n<meta property=\"article:modified_time\" content=\"2024-02-14T01:58:59+00:00\" \/>\n<meta property=\"og:image\" content=\"https:\/\/magyarpenclub.hu\/wp-content\/uploads\/2022\/05\/augusto-de-campos-hangszokepversek.png\" \/>\n\t<meta property=\"og:image:width\" content=\"1920\" \/>\n\t<meta property=\"og:image:height\" content=\"1440\" \/>\n\t<meta property=\"og:image:type\" content=\"image\/png\" \/>\n<meta name=\"twitter:card\" content=\"summary_large_image\" \/>\n<script type=\"application\/ld+json\" class=\"yoast-schema-graph\">{\"@context\":\"https:\\\/\\\/schema.org\",\"@graph\":[{\"@type\":\"WebPage\",\"@id\":\"https:\\\/\\\/magyarpenclub.hu\\\/de\\\/produkt\\\/augusto-de-campos-klangbild-gedichte\\\/\",\"url\":\"https:\\\/\\\/magyarpenclub.hu\\\/de\\\/produkt\\\/augusto-de-campos-klangbild-gedichte\\\/\",\"name\":\"Augusto De Campos: Klangbild-Gedichte - Magyar PEN Club\",\"isPartOf\":{\"@id\":\"https:\\\/\\\/magyarpenclub.hu\\\/de\\\/#website\"},\"primaryImageOfPage\":{\"@id\":\"https:\\\/\\\/magyarpenclub.hu\\\/de\\\/produkt\\\/augusto-de-campos-klangbild-gedichte\\\/#primaryimage\"},\"image\":{\"@id\":\"https:\\\/\\\/magyarpenclub.hu\\\/de\\\/produkt\\\/augusto-de-campos-klangbild-gedichte\\\/#primaryimage\"},\"thumbnailUrl\":\"https:\\\/\\\/magyarpenclub.hu\\\/wp-content\\\/uploads\\\/2022\\\/05\\\/augusto-de-campos-hangszokepversek.png\",\"datePublished\":\"2017-01-01T00:00:00+00:00\",\"dateModified\":\"2024-02-14T01:58:59+00:00\",\"breadcrumb\":{\"@id\":\"https:\\\/\\\/magyarpenclub.hu\\\/de\\\/produkt\\\/augusto-de-campos-klangbild-gedichte\\\/#breadcrumb\"},\"inLanguage\":\"de\",\"potentialAction\":[{\"@type\":\"ReadAction\",\"target\":[\"https:\\\/\\\/magyarpenclub.hu\\\/de\\\/produkt\\\/augusto-de-campos-klangbild-gedichte\\\/\"]}]},{\"@type\":\"ImageObject\",\"inLanguage\":\"de\",\"@id\":\"https:\\\/\\\/magyarpenclub.hu\\\/de\\\/produkt\\\/augusto-de-campos-klangbild-gedichte\\\/#primaryimage\",\"url\":\"https:\\\/\\\/magyarpenclub.hu\\\/wp-content\\\/uploads\\\/2022\\\/05\\\/augusto-de-campos-hangszokepversek.png\",\"contentUrl\":\"https:\\\/\\\/magyarpenclub.hu\\\/wp-content\\\/uploads\\\/2022\\\/05\\\/augusto-de-campos-hangszokepversek.png\",\"width\":1920,\"height\":1440},{\"@type\":\"BreadcrumbList\",\"@id\":\"https:\\\/\\\/magyarpenclub.hu\\\/de\\\/produkt\\\/augusto-de-campos-klangbild-gedichte\\\/#breadcrumb\",\"itemListElement\":[{\"@type\":\"ListItem\",\"position\":1,\"name\":\"Kezd\u0151lap\",\"item\":\"https:\\\/\\\/magyarpenclub.hu\\\/de\\\/\"},{\"@type\":\"ListItem\",\"position\":2,\"name\":\"Shop\",\"item\":\"https:\\\/\\\/magyarpenclub.hu\\\/bolt\\\/\"},{\"@type\":\"ListItem\",\"position\":3,\"name\":\"Augusto De Campos: Klangbild-Gedichte\"}]},{\"@type\":\"WebSite\",\"@id\":\"https:\\\/\\\/magyarpenclub.hu\\\/de\\\/#website\",\"url\":\"https:\\\/\\\/magyarpenclub.hu\\\/de\\\/\",\"name\":\"Magyar PEN Club\",\"description\":\"H\u00edrek, k\u00f6zlem\u00e9nyek, \u00edr\u00e1sok\",\"publisher\":{\"@id\":\"https:\\\/\\\/magyarpenclub.hu\\\/de\\\/#organization\"},\"potentialAction\":[{\"@type\":\"SearchAction\",\"target\":{\"@type\":\"EntryPoint\",\"urlTemplate\":\"https:\\\/\\\/magyarpenclub.hu\\\/de\\\/?s={search_term_string}\"},\"query-input\":{\"@type\":\"PropertyValueSpecification\",\"valueRequired\":true,\"valueName\":\"search_term_string\"}}],\"inLanguage\":\"de\"},{\"@type\":\"Organization\",\"@id\":\"https:\\\/\\\/magyarpenclub.hu\\\/de\\\/#organization\",\"name\":\"Magyar P.E.N. Club\",\"url\":\"https:\\\/\\\/magyarpenclub.hu\\\/de\\\/\",\"logo\":{\"@type\":\"ImageObject\",\"inLanguage\":\"de\",\"@id\":\"https:\\\/\\\/magyarpenclub.hu\\\/de\\\/#\\\/schema\\\/logo\\\/image\\\/\",\"url\":\"https:\\\/\\\/magyarpenclub.hu\\\/wp-content\\\/uploads\\\/2022\\\/08\\\/magyar-pen-club-logo.png\",\"contentUrl\":\"https:\\\/\\\/magyarpenclub.hu\\\/wp-content\\\/uploads\\\/2022\\\/08\\\/magyar-pen-club-logo.png\",\"width\":195,\"height\":195,\"caption\":\"Magyar P.E.N. Club\"},\"image\":{\"@id\":\"https:\\\/\\\/magyarpenclub.hu\\\/de\\\/#\\\/schema\\\/logo\\\/image\\\/\"},\"sameAs\":[\"https:\\\/\\\/www.facebook.com\\\/magyarpenclub\",\"https:\\\/\\\/www.youtube.com\\\/channel\\\/UC8bw1YALHZZJCJ-7bqvlR6Q\"]}]}<\/script>\n<!-- \/ Yoast SEO plugin. -->","yoast_head_json":{"title":"Augusto De Campos: Klangbild-Gedichte - Magyar PEN Club","robots":{"index":"index","follow":"follow","max-snippet":"max-snippet:-1","max-image-preview":"max-image-preview:large","max-video-preview":"max-video-preview:-1"},"canonical":"https:\/\/magyarpenclub.hu\/de\/produkt\/augusto-de-campos-klangbild-gedichte\/","og_locale":"de_DE","og_type":"article","og_title":"Augusto De Campos: Klangbild-Gedichte - Magyar PEN Club","og_description":"Der Janus-Pannonius-Preis f\u00fcr internationale Poesie 2017. Der in ungarischer Sprache erschienene Band, der zu Ehren des Preistr\u00e4gers herausgegeben wurde, enth\u00e4lt eine Auswahl von Werken des weltber\u00fchmten brasilianischen Dichters, die noch nicht \u00fcbersetzt worden sind.","og_url":"https:\/\/magyarpenclub.hu\/de\/produkt\/augusto-de-campos-klangbild-gedichte\/","og_site_name":"Magyar PEN Club","article_publisher":"https:\/\/www.facebook.com\/magyarpenclub","article_modified_time":"2024-02-14T01:58:59+00:00","og_image":[{"width":1920,"height":1440,"url":"https:\/\/magyarpenclub.hu\/wp-content\/uploads\/2022\/05\/augusto-de-campos-hangszokepversek.png","type":"image\/png"}],"twitter_card":"summary_large_image","schema":{"@context":"https:\/\/schema.org","@graph":[{"@type":"WebPage","@id":"https:\/\/magyarpenclub.hu\/de\/produkt\/augusto-de-campos-klangbild-gedichte\/","url":"https:\/\/magyarpenclub.hu\/de\/produkt\/augusto-de-campos-klangbild-gedichte\/","name":"Augusto De Campos: Klangbild-Gedichte - Magyar PEN Club","isPartOf":{"@id":"https:\/\/magyarpenclub.hu\/de\/#website"},"primaryImageOfPage":{"@id":"https:\/\/magyarpenclub.hu\/de\/produkt\/augusto-de-campos-klangbild-gedichte\/#primaryimage"},"image":{"@id":"https:\/\/magyarpenclub.hu\/de\/produkt\/augusto-de-campos-klangbild-gedichte\/#primaryimage"},"thumbnailUrl":"https:\/\/magyarpenclub.hu\/wp-content\/uploads\/2022\/05\/augusto-de-campos-hangszokepversek.png","datePublished":"2017-01-01T00:00:00+00:00","dateModified":"2024-02-14T01:58:59+00:00","breadcrumb":{"@id":"https:\/\/magyarpenclub.hu\/de\/produkt\/augusto-de-campos-klangbild-gedichte\/#breadcrumb"},"inLanguage":"de","potentialAction":[{"@type":"ReadAction","target":["https:\/\/magyarpenclub.hu\/de\/produkt\/augusto-de-campos-klangbild-gedichte\/"]}]},{"@type":"ImageObject","inLanguage":"de","@id":"https:\/\/magyarpenclub.hu\/de\/produkt\/augusto-de-campos-klangbild-gedichte\/#primaryimage","url":"https:\/\/magyarpenclub.hu\/wp-content\/uploads\/2022\/05\/augusto-de-campos-hangszokepversek.png","contentUrl":"https:\/\/magyarpenclub.hu\/wp-content\/uploads\/2022\/05\/augusto-de-campos-hangszokepversek.png","width":1920,"height":1440},{"@type":"BreadcrumbList","@id":"https:\/\/magyarpenclub.hu\/de\/produkt\/augusto-de-campos-klangbild-gedichte\/#breadcrumb","itemListElement":[{"@type":"ListItem","position":1,"name":"Kezd\u0151lap","item":"https:\/\/magyarpenclub.hu\/de\/"},{"@type":"ListItem","position":2,"name":"Shop","item":"https:\/\/magyarpenclub.hu\/bolt\/"},{"@type":"ListItem","position":3,"name":"Augusto De Campos: Klangbild-Gedichte"}]},{"@type":"WebSite","@id":"https:\/\/magyarpenclub.hu\/de\/#website","url":"https:\/\/magyarpenclub.hu\/de\/","name":"Magyar PEN Club","description":"H\u00edrek, k\u00f6zlem\u00e9nyek, \u00edr\u00e1sok","publisher":{"@id":"https:\/\/magyarpenclub.hu\/de\/#organization"},"potentialAction":[{"@type":"SearchAction","target":{"@type":"EntryPoint","urlTemplate":"https:\/\/magyarpenclub.hu\/de\/?s={search_term_string}"},"query-input":{"@type":"PropertyValueSpecification","valueRequired":true,"valueName":"search_term_string"}}],"inLanguage":"de"},{"@type":"Organization","@id":"https:\/\/magyarpenclub.hu\/de\/#organization","name":"Magyar P.E.N. Club","url":"https:\/\/magyarpenclub.hu\/de\/","logo":{"@type":"ImageObject","inLanguage":"de","@id":"https:\/\/magyarpenclub.hu\/de\/#\/schema\/logo\/image\/","url":"https:\/\/magyarpenclub.hu\/wp-content\/uploads\/2022\/08\/magyar-pen-club-logo.png","contentUrl":"https:\/\/magyarpenclub.hu\/wp-content\/uploads\/2022\/08\/magyar-pen-club-logo.png","width":195,"height":195,"caption":"Magyar P.E.N. Club"},"image":{"@id":"https:\/\/magyarpenclub.hu\/de\/#\/schema\/logo\/image\/"},"sameAs":["https:\/\/www.facebook.com\/magyarpenclub","https:\/\/www.youtube.com\/channel\/UC8bw1YALHZZJCJ-7bqvlR6Q"]}]}},"_links":{"self":[{"href":"https:\/\/magyarpenclub.hu\/de\/wp-json\/wp\/v2\/product\/8653","targetHints":{"allow":["GET"]}}],"collection":[{"href":"https:\/\/magyarpenclub.hu\/de\/wp-json\/wp\/v2\/product"}],"about":[{"href":"https:\/\/magyarpenclub.hu\/de\/wp-json\/wp\/v2\/types\/product"}],"replies":[{"embeddable":true,"href":"https:\/\/magyarpenclub.hu\/de\/wp-json\/wp\/v2\/comments?post=8653"}],"version-history":[{"count":0,"href":"https:\/\/magyarpenclub.hu\/de\/wp-json\/wp\/v2\/product\/8653\/revisions"}],"wp:featuredmedia":[{"embeddable":true,"href":"https:\/\/magyarpenclub.hu\/de\/wp-json\/wp\/v2\/media\/6350"}],"wp:attachment":[{"href":"https:\/\/magyarpenclub.hu\/de\/wp-json\/wp\/v2\/media?parent=8653"}],"wp:term":[{"taxonomy":"product_brand","embeddable":true,"href":"https:\/\/magyarpenclub.hu\/de\/wp-json\/wp\/v2\/product_brand?post=8653"},{"taxonomy":"product_cat","embeddable":true,"href":"https:\/\/magyarpenclub.hu\/de\/wp-json\/wp\/v2\/product_cat?post=8653"},{"taxonomy":"product_tag","embeddable":true,"href":"https:\/\/magyarpenclub.hu\/de\/wp-json\/wp\/v2\/product_tag?post=8653"}],"curies":[{"name":"wp","href":"https:\/\/api.w.org\/{rel}","templated":true}]}}