{"id":7008,"date":"2022-05-30T13:05:48","date_gmt":"2022-05-30T13:05:48","guid":{"rendered":"https:\/\/magyarpenclub.hu\/cookie-rules\/"},"modified":"2023-11-02T09:49:48","modified_gmt":"2023-11-02T09:49:48","slug":"cookie-rules","status":"publish","type":"page","link":"https:\/\/magyarpenclub.hu\/en\/cookie-rules\/","title":{"rendered":"Cookie rules"},"content":{"rendered":"\t\t<div data-elementor-type=\"wp-page\" data-elementor-id=\"7008\" class=\"elementor elementor-7008 elementor-5131\" data-elementor-post-type=\"page\">\n\t\t\t\t\t\t<section class=\"elementor-section elementor-top-section elementor-element elementor-element-5323dbe elementor-section-boxed elementor-section-height-default elementor-section-height-default\" data-id=\"5323dbe\" data-element_type=\"section\" data-e-type=\"section\">\n\t\t\t\t\t\t<div class=\"elementor-container elementor-column-gap-default\">\n\t\t\t\t\t<div class=\"elementor-column elementor-col-100 elementor-top-column elementor-element elementor-element-d7ee65b\" data-id=\"d7ee65b\" data-element_type=\"column\" data-e-type=\"column\">\n\t\t\t<div class=\"elementor-widget-wrap elementor-element-populated\">\n\t\t\t\t\t\t<div class=\"elementor-element elementor-element-7eb984c1 elementor-widget elementor-widget-text-editor\" data-id=\"7eb984c1\" data-element_type=\"widget\" data-e-type=\"widget\" data-widget_type=\"text-editor.default\">\n\t\t\t\t<div class=\"elementor-widget-container\">\n\t\t\t\t\t\t\t\t\t<p>When you use the Internet, each website you visit sends cookies to your computer, which are stored there. These allow us to retrieve some of our data and track the user&#8217;s internet usage.<\/p>\n<p>We would like to inform our visitors that we measure the number of visits to our website using the above-mentioned technology, for which purpose our servers automatically record the data that browsers send when visiting any website (e.g. IP address, browser program used, screen resolution, etc.), which are stored in the Google Analytics database.<\/p>\n<p>Google will use this information to evaluate your use of the website. Google may also transfer this information to third parties where required to do so by law, or where such third parties process the information on Google&#8217;s behalf.<\/p>\n<p>By using this website, you consent to the processing of your data in the manner and for the purposes set out above.<\/p>\t\t\t\t\t\t\t\t<\/div>\n\t\t\t\t<\/div>\n\t\t\t\t\t<\/div>\n\t\t<\/div>\n\t\t\t\t\t<\/div>\n\t\t<\/section>\n\t\t\t\t<\/div>\n\t\t","protected":false},"excerpt":{"rendered":"<p>When you use the Internet, each website you visit sends cookies to your computer, which are stored there. These allow us to retrieve some of our data and track the user&#8217;s internet usage. We would like to inform our visitors that we measure the number of visits to our website using the above-mentioned technology, for [&hellip;]<\/p>\n","protected":false},"author":1,"featured_media":6423,"parent":0,"menu_order":0,"comment_status":"closed","ping_status":"closed","template":"","meta":{"_acf_changed":false,"footnotes":""},"class_list":["post-7008","page","type-page","status-publish","has-post-thumbnail","hentry"],"acf":[],"yoast_head":"<!-- This site is optimized with the Yoast SEO plugin v27.4 - https:\/\/yoast.com\/product\/yoast-seo-wordpress\/ -->\n<title>Cookie rules - Magyar PEN Club<\/title>\n<meta name=\"robots\" content=\"index, follow, max-snippet:-1, max-image-preview:large, max-video-preview:-1\" \/>\n<link rel=\"canonical\" href=\"https:\/\/magyarpenclub.hu\/en\/cookie-rules\/\" \/>\n<meta property=\"og:locale\" content=\"en_US\" \/>\n<meta property=\"og:type\" content=\"article\" \/>\n<meta property=\"og:title\" content=\"Cookie rules - Magyar PEN Club\" \/>\n<meta property=\"og:description\" content=\"When you use the Internet, each website you visit sends cookies to your computer, which are stored there. These allow us to retrieve some of our data and track the user&#8217;s internet usage. We would like to inform our visitors that we measure the number of visits to our website using the above-mentioned technology, for [&hellip;]\" \/>\n<meta property=\"og:url\" content=\"https:\/\/magyarpenclub.hu\/en\/cookie-rules\/\" \/>\n<meta property=\"og:site_name\" content=\"Magyar PEN Club\" \/>\n<meta property=\"article:publisher\" content=\"https:\/\/www.facebook.com\/magyarpenclub\" \/>\n<meta property=\"article:modified_time\" content=\"2023-11-02T09:49:48+00:00\" \/>\n<meta property=\"og:image\" content=\"https:\/\/magyarpenclub.hu\/wp-content\/uploads\/2022\/05\/footer-bg.jpg\" \/>\n\t<meta property=\"og:image:width\" content=\"1900\" \/>\n\t<meta property=\"og:image:height\" content=\"1267\" \/>\n\t<meta property=\"og:image:type\" content=\"image\/jpeg\" \/>\n<meta name=\"twitter:card\" content=\"summary_large_image\" \/>\n<meta name=\"twitter:label1\" content=\"Est. reading time\" \/>\n\t<meta name=\"twitter:data1\" content=\"1 minute\" \/>\n<script type=\"application\/ld+json\" class=\"yoast-schema-graph\">{\"@context\":\"https:\\\/\\\/schema.org\",\"@graph\":[{\"@type\":\"WebPage\",\"@id\":\"https:\\\/\\\/magyarpenclub.hu\\\/en\\\/cookie-rules\\\/\",\"url\":\"https:\\\/\\\/magyarpenclub.hu\\\/en\\\/cookie-rules\\\/\",\"name\":\"Cookie rules - Magyar PEN Club\",\"isPartOf\":{\"@id\":\"https:\\\/\\\/magyarpenclub.hu\\\/en\\\/#website\"},\"primaryImageOfPage\":{\"@id\":\"https:\\\/\\\/magyarpenclub.hu\\\/en\\\/cookie-rules\\\/#primaryimage\"},\"image\":{\"@id\":\"https:\\\/\\\/magyarpenclub.hu\\\/en\\\/cookie-rules\\\/#primaryimage\"},\"thumbnailUrl\":\"https:\\\/\\\/magyarpenclub.hu\\\/wp-content\\\/uploads\\\/2022\\\/05\\\/footer-bg.jpg\",\"datePublished\":\"2022-05-30T13:05:48+00:00\",\"dateModified\":\"2023-11-02T09:49:48+00:00\",\"breadcrumb\":{\"@id\":\"https:\\\/\\\/magyarpenclub.hu\\\/en\\\/cookie-rules\\\/#breadcrumb\"},\"inLanguage\":\"en-US\",\"potentialAction\":[{\"@type\":\"ReadAction\",\"target\":[\"https:\\\/\\\/magyarpenclub.hu\\\/en\\\/cookie-rules\\\/\"]}]},{\"@type\":\"ImageObject\",\"inLanguage\":\"en-US\",\"@id\":\"https:\\\/\\\/magyarpenclub.hu\\\/en\\\/cookie-rules\\\/#primaryimage\",\"url\":\"https:\\\/\\\/magyarpenclub.hu\\\/wp-content\\\/uploads\\\/2022\\\/05\\\/footer-bg.jpg\",\"contentUrl\":\"https:\\\/\\\/magyarpenclub.hu\\\/wp-content\\\/uploads\\\/2022\\\/05\\\/footer-bg.jpg\",\"width\":1900,\"height\":1267,\"caption\":\"H\u00e1tt\u00e9r\"},{\"@type\":\"BreadcrumbList\",\"@id\":\"https:\\\/\\\/magyarpenclub.hu\\\/en\\\/cookie-rules\\\/#breadcrumb\",\"itemListElement\":[{\"@type\":\"ListItem\",\"position\":1,\"name\":\"Kezd\u0151lap\",\"item\":\"https:\\\/\\\/magyarpenclub.hu\\\/en\\\/\"},{\"@type\":\"ListItem\",\"position\":2,\"name\":\"Cookie rules\"}]},{\"@type\":\"WebSite\",\"@id\":\"https:\\\/\\\/magyarpenclub.hu\\\/en\\\/#website\",\"url\":\"https:\\\/\\\/magyarpenclub.hu\\\/en\\\/\",\"name\":\"Magyar PEN Club\",\"description\":\"H\u00edrek, k\u00f6zlem\u00e9nyek, \u00edr\u00e1sok\",\"publisher\":{\"@id\":\"https:\\\/\\\/magyarpenclub.hu\\\/en\\\/#organization\"},\"potentialAction\":[{\"@type\":\"SearchAction\",\"target\":{\"@type\":\"EntryPoint\",\"urlTemplate\":\"https:\\\/\\\/magyarpenclub.hu\\\/en\\\/?s={search_term_string}\"},\"query-input\":{\"@type\":\"PropertyValueSpecification\",\"valueRequired\":true,\"valueName\":\"search_term_string\"}}],\"inLanguage\":\"en-US\"},{\"@type\":\"Organization\",\"@id\":\"https:\\\/\\\/magyarpenclub.hu\\\/en\\\/#organization\",\"name\":\"Magyar P.E.N. Club\",\"url\":\"https:\\\/\\\/magyarpenclub.hu\\\/en\\\/\",\"logo\":{\"@type\":\"ImageObject\",\"inLanguage\":\"en-US\",\"@id\":\"https:\\\/\\\/magyarpenclub.hu\\\/en\\\/#\\\/schema\\\/logo\\\/image\\\/\",\"url\":\"https:\\\/\\\/magyarpenclub.hu\\\/wp-content\\\/uploads\\\/2022\\\/08\\\/magyar-pen-club-logo.png\",\"contentUrl\":\"https:\\\/\\\/magyarpenclub.hu\\\/wp-content\\\/uploads\\\/2022\\\/08\\\/magyar-pen-club-logo.png\",\"width\":195,\"height\":195,\"caption\":\"Magyar P.E.N. Club\"},\"image\":{\"@id\":\"https:\\\/\\\/magyarpenclub.hu\\\/en\\\/#\\\/schema\\\/logo\\\/image\\\/\"},\"sameAs\":[\"https:\\\/\\\/www.facebook.com\\\/magyarpenclub\",\"https:\\\/\\\/www.youtube.com\\\/channel\\\/UC8bw1YALHZZJCJ-7bqvlR6Q\"]}]}<\/script>\n<!-- \/ Yoast SEO plugin. -->","yoast_head_json":{"title":"Cookie rules - Magyar PEN Club","robots":{"index":"index","follow":"follow","max-snippet":"max-snippet:-1","max-image-preview":"max-image-preview:large","max-video-preview":"max-video-preview:-1"},"canonical":"https:\/\/magyarpenclub.hu\/en\/cookie-rules\/","og_locale":"en_US","og_type":"article","og_title":"Cookie rules - Magyar PEN Club","og_description":"When you use the Internet, each website you visit sends cookies to your computer, which are stored there. These allow us to retrieve some of our data and track the user&#8217;s internet usage. We would like to inform our visitors that we measure the number of visits to our website using the above-mentioned technology, for [&hellip;]","og_url":"https:\/\/magyarpenclub.hu\/en\/cookie-rules\/","og_site_name":"Magyar PEN Club","article_publisher":"https:\/\/www.facebook.com\/magyarpenclub","article_modified_time":"2023-11-02T09:49:48+00:00","og_image":[{"width":1900,"height":1267,"url":"https:\/\/magyarpenclub.hu\/wp-content\/uploads\/2022\/05\/footer-bg.jpg","type":"image\/jpeg"}],"twitter_card":"summary_large_image","twitter_misc":{"Est. reading time":"1 minute"},"schema":{"@context":"https:\/\/schema.org","@graph":[{"@type":"WebPage","@id":"https:\/\/magyarpenclub.hu\/en\/cookie-rules\/","url":"https:\/\/magyarpenclub.hu\/en\/cookie-rules\/","name":"Cookie rules - Magyar PEN Club","isPartOf":{"@id":"https:\/\/magyarpenclub.hu\/en\/#website"},"primaryImageOfPage":{"@id":"https:\/\/magyarpenclub.hu\/en\/cookie-rules\/#primaryimage"},"image":{"@id":"https:\/\/magyarpenclub.hu\/en\/cookie-rules\/#primaryimage"},"thumbnailUrl":"https:\/\/magyarpenclub.hu\/wp-content\/uploads\/2022\/05\/footer-bg.jpg","datePublished":"2022-05-30T13:05:48+00:00","dateModified":"2023-11-02T09:49:48+00:00","breadcrumb":{"@id":"https:\/\/magyarpenclub.hu\/en\/cookie-rules\/#breadcrumb"},"inLanguage":"en-US","potentialAction":[{"@type":"ReadAction","target":["https:\/\/magyarpenclub.hu\/en\/cookie-rules\/"]}]},{"@type":"ImageObject","inLanguage":"en-US","@id":"https:\/\/magyarpenclub.hu\/en\/cookie-rules\/#primaryimage","url":"https:\/\/magyarpenclub.hu\/wp-content\/uploads\/2022\/05\/footer-bg.jpg","contentUrl":"https:\/\/magyarpenclub.hu\/wp-content\/uploads\/2022\/05\/footer-bg.jpg","width":1900,"height":1267,"caption":"H\u00e1tt\u00e9r"},{"@type":"BreadcrumbList","@id":"https:\/\/magyarpenclub.hu\/en\/cookie-rules\/#breadcrumb","itemListElement":[{"@type":"ListItem","position":1,"name":"Kezd\u0151lap","item":"https:\/\/magyarpenclub.hu\/en\/"},{"@type":"ListItem","position":2,"name":"Cookie rules"}]},{"@type":"WebSite","@id":"https:\/\/magyarpenclub.hu\/en\/#website","url":"https:\/\/magyarpenclub.hu\/en\/","name":"Magyar PEN Club","description":"H\u00edrek, k\u00f6zlem\u00e9nyek, \u00edr\u00e1sok","publisher":{"@id":"https:\/\/magyarpenclub.hu\/en\/#organization"},"potentialAction":[{"@type":"SearchAction","target":{"@type":"EntryPoint","urlTemplate":"https:\/\/magyarpenclub.hu\/en\/?s={search_term_string}"},"query-input":{"@type":"PropertyValueSpecification","valueRequired":true,"valueName":"search_term_string"}}],"inLanguage":"en-US"},{"@type":"Organization","@id":"https:\/\/magyarpenclub.hu\/en\/#organization","name":"Magyar P.E.N. Club","url":"https:\/\/magyarpenclub.hu\/en\/","logo":{"@type":"ImageObject","inLanguage":"en-US","@id":"https:\/\/magyarpenclub.hu\/en\/#\/schema\/logo\/image\/","url":"https:\/\/magyarpenclub.hu\/wp-content\/uploads\/2022\/08\/magyar-pen-club-logo.png","contentUrl":"https:\/\/magyarpenclub.hu\/wp-content\/uploads\/2022\/08\/magyar-pen-club-logo.png","width":195,"height":195,"caption":"Magyar P.E.N. Club"},"image":{"@id":"https:\/\/magyarpenclub.hu\/en\/#\/schema\/logo\/image\/"},"sameAs":["https:\/\/www.facebook.com\/magyarpenclub","https:\/\/www.youtube.com\/channel\/UC8bw1YALHZZJCJ-7bqvlR6Q"]}]}},"_links":{"self":[{"href":"https:\/\/magyarpenclub.hu\/en\/wp-json\/wp\/v2\/pages\/7008","targetHints":{"allow":["GET"]}}],"collection":[{"href":"https:\/\/magyarpenclub.hu\/en\/wp-json\/wp\/v2\/pages"}],"about":[{"href":"https:\/\/magyarpenclub.hu\/en\/wp-json\/wp\/v2\/types\/page"}],"author":[{"embeddable":true,"href":"https:\/\/magyarpenclub.hu\/en\/wp-json\/wp\/v2\/users\/1"}],"replies":[{"embeddable":true,"href":"https:\/\/magyarpenclub.hu\/en\/wp-json\/wp\/v2\/comments?post=7008"}],"version-history":[{"count":0,"href":"https:\/\/magyarpenclub.hu\/en\/wp-json\/wp\/v2\/pages\/7008\/revisions"}],"wp:featuredmedia":[{"embeddable":true,"href":"https:\/\/magyarpenclub.hu\/en\/wp-json\/wp\/v2\/media\/6423"}],"wp:attachment":[{"href":"https:\/\/magyarpenclub.hu\/en\/wp-json\/wp\/v2\/media?parent=7008"}],"curies":[{"name":"wp","href":"https:\/\/api.w.org\/{rel}","templated":true}]}}