{"id":7974,"date":"2022-05-15T17:11:32","date_gmt":"2022-05-15T17:11:32","guid":{"rendered":"https:\/\/magyarpenclub.hu\/termek\/the-music-i-listen-to-with-you-poems-by-adam-zagajewski\/"},"modified":"2024-02-14T01:49:50","modified_gmt":"2024-02-14T01:49:50","slug":"the-music-i-listen-to-with-you-poems-by-adam-zagajewski","status":"publish","type":"product","link":"https:\/\/magyarpenclub.hu\/en\/product\/the-music-i-listen-to-with-you-poems-by-adam-zagajewski\/","title":{"rendered":"The music I listen to with you: poems by Adam Zagajewski"},"content":{"rendered":"\t\t<div data-elementor-type=\"product-post\" data-elementor-id=\"7974\" class=\"elementor elementor-7974 elementor-3517\" data-elementor-post-type=\"product\">\n\t\t\t\t\t\t<section class=\"elementor-section elementor-top-section elementor-element elementor-element-e3bcc11 elementor-section-boxed elementor-section-height-default elementor-section-height-default\" data-id=\"e3bcc11\" data-element_type=\"section\" data-e-type=\"section\">\n\t\t\t\t\t\t<div class=\"elementor-container elementor-column-gap-wide\">\n\t\t\t\t\t<div class=\"elementor-column elementor-col-100 elementor-top-column elementor-element elementor-element-fcb3db1\" data-id=\"fcb3db1\" data-element_type=\"column\" data-e-type=\"column\">\n\t\t\t<div class=\"elementor-widget-wrap elementor-element-populated\">\n\t\t\t\t\t\t<div class=\"elementor-element elementor-element-c907803 elementor-widget elementor-widget-heading\" data-id=\"c907803\" data-element_type=\"widget\" data-e-type=\"widget\" data-widget_type=\"heading.default\">\n\t\t\t\t<div class=\"elementor-widget-container\">\n\t\t\t\t\t<h5 class=\"elementor-heading-title elementor-size-default\">The music I listen to with you: poems by Adam Zagajewski<\/h5>\t\t\t\t<\/div>\n\t\t\t\t<\/div>\n\t\t\t\t<div class=\"elementor-element elementor-element-b8605be elementor-widget elementor-widget-spacer\" data-id=\"b8605be\" data-element_type=\"widget\" data-e-type=\"widget\" data-widget_type=\"spacer.default\">\n\t\t\t\t<div class=\"elementor-widget-container\">\n\t\t\t\t\t\t\t<div class=\"elementor-spacer\">\n\t\t\t<div class=\"elementor-spacer-inner\"><\/div>\n\t\t<\/div>\n\t\t\t\t\t\t<\/div>\n\t\t\t\t<\/div>\n\t\t\t\t<div class=\"elementor-element elementor-element-0cd96da elementor-widget elementor-widget-heading\" data-id=\"0cd96da\" data-element_type=\"widget\" data-e-type=\"widget\" data-widget_type=\"heading.default\">\n\t\t\t\t<div class=\"elementor-widget-container\">\n\t\t\t\t\t<h6 class=\"elementor-heading-title elementor-size-default\">selected poems<\/h6>\t\t\t\t<\/div>\n\t\t\t\t<\/div>\n\t\t\t\t<div class=\"elementor-element elementor-element-5112901 elementor-widget elementor-widget-spacer\" data-id=\"5112901\" data-element_type=\"widget\" data-e-type=\"widget\" data-widget_type=\"spacer.default\">\n\t\t\t\t<div class=\"elementor-widget-container\">\n\t\t\t\t\t\t\t<div class=\"elementor-spacer\">\n\t\t\t<div class=\"elementor-spacer-inner\"><\/div>\n\t\t<\/div>\n\t\t\t\t\t\t<\/div>\n\t\t\t\t<\/div>\n\t\t\t\t<div class=\"elementor-element elementor-element-74b9b29 elementor-widget elementor-widget-text-editor\" data-id=\"74b9b29\" data-element_type=\"widget\" data-e-type=\"widget\" data-widget_type=\"text-editor.default\">\n\t\t\t\t<div class=\"elementor-widget-container\">\n\t\t\t\t\t\t\t\t\t<p>Translated and edited by G\u00e1bor Zsille<\/p>\n\t\t\t\t\t\t\t\t<\/div>\n\t\t\t\t<\/div>\n\t\t\t\t<div class=\"elementor-element elementor-element-e036abb elementor-widget elementor-widget-spacer\" data-id=\"e036abb\" data-element_type=\"widget\" data-e-type=\"widget\" data-widget_type=\"spacer.default\">\n\t\t\t\t<div class=\"elementor-widget-container\">\n\t\t\t\t\t\t\t<div class=\"elementor-spacer\">\n\t\t\t<div class=\"elementor-spacer-inner\"><\/div>\n\t\t<\/div>\n\t\t\t\t\t\t<\/div>\n\t\t\t\t<\/div>\n\t\t\t\t<div class=\"elementor-element elementor-element-648622e elementor-widget elementor-widget-heading\" data-id=\"648622e\" data-element_type=\"widget\" data-e-type=\"widget\" data-widget_type=\"heading.default\">\n\t\t\t\t<div class=\"elementor-widget-container\">\n\t\t\t\t\t<h5 class=\"elementor-heading-title elementor-size-default\">Book review<\/h5>\t\t\t\t<\/div>\n\t\t\t\t<\/div>\n\t\t\t\t<div class=\"elementor-element elementor-element-3c529cf elementor-widget elementor-widget-spacer\" data-id=\"3c529cf\" data-element_type=\"widget\" data-e-type=\"widget\" data-widget_type=\"spacer.default\">\n\t\t\t\t<div class=\"elementor-widget-container\">\n\t\t\t\t\t\t\t<div class=\"elementor-spacer\">\n\t\t\t<div class=\"elementor-spacer-inner\"><\/div>\n\t\t<\/div>\n\t\t\t\t\t\t<\/div>\n\t\t\t\t<\/div>\n\t\t\t\t<div class=\"elementor-element elementor-element-edf9745 elementor-widget elementor-widget-text-editor\" data-id=\"edf9745\" data-element_type=\"widget\" data-e-type=\"widget\" data-widget_type=\"text-editor.default\">\n\t\t\t\t<div class=\"elementor-widget-container\">\n\t\t\t\t\t\t\t\t\t<p>This leading figure of contemporary Polish and international literary life is not unknown to Hungarian readers. The current selection was published in connection with the award of the Janus Pannonius International Grand Prize for Poetry, which he received in 2016.<\/p>\n\t\t\t\t\t\t\t\t<\/div>\n\t\t\t\t<\/div>\n\t\t\t\t<div class=\"elementor-element elementor-element-b0238e5 elementor-widget elementor-widget-spacer\" data-id=\"b0238e5\" data-element_type=\"widget\" data-e-type=\"widget\" data-widget_type=\"spacer.default\">\n\t\t\t\t<div class=\"elementor-widget-container\">\n\t\t\t\t\t\t\t<div class=\"elementor-spacer\">\n\t\t\t<div class=\"elementor-spacer-inner\"><\/div>\n\t\t<\/div>\n\t\t\t\t\t\t<\/div>\n\t\t\t\t<\/div>\n\t\t\t\t<div class=\"elementor-element elementor-element-db199e9 elementor-widget elementor-widget-heading\" data-id=\"db199e9\" data-element_type=\"widget\" data-e-type=\"widget\" data-widget_type=\"heading.default\">\n\t\t\t\t<div class=\"elementor-widget-container\">\n\t\t\t\t\t<h5 class=\"elementor-heading-title elementor-size-default\">Other data<\/h5>\t\t\t\t<\/div>\n\t\t\t\t<\/div>\n\t\t\t\t<div class=\"elementor-element elementor-element-4b4e92e elementor-widget elementor-widget-spacer\" data-id=\"4b4e92e\" data-element_type=\"widget\" data-e-type=\"widget\" data-widget_type=\"spacer.default\">\n\t\t\t\t<div class=\"elementor-widget-container\">\n\t\t\t\t\t\t\t<div class=\"elementor-spacer\">\n\t\t\t<div class=\"elementor-spacer-inner\"><\/div>\n\t\t<\/div>\n\t\t\t\t\t\t<\/div>\n\t\t\t\t<\/div>\n\t\t\t\t<div class=\"elementor-element elementor-element-79b1f8c elementor-widget elementor-widget-text-editor\" data-id=\"79b1f8c\" data-element_type=\"widget\" data-e-type=\"widget\" data-widget_type=\"text-editor.default\">\n\t\t\t\t<div class=\"elementor-widget-container\">\n\t\t\t\t\t\t\t\t\t<ul>\n<li>Hungarian PEN Club, 2016.<\/li>\n<li>148 pages, hardcover, glued<\/li>\n<\/ul>\n\t\t\t\t\t\t\t\t<\/div>\n\t\t\t\t<\/div>\n\t\t\t\t\t<\/div>\n\t\t<\/div>\n\t\t\t\t\t<\/div>\n\t\t<\/section>\n\t\t\t\t<\/div>\n\t\t","protected":false},"excerpt":{"rendered":"<p>This leading figure of contemporary Polish and international literary life is not unknown to Hungarian readers. The current selection was published in connection with the award of the Janus Pannonius International Grand Prize for Poetry, which he received in 2016.<\/p>\n","protected":false},"featured_media":6339,"comment_status":"open","ping_status":"closed","template":"","meta":{"_acf_changed":false},"product_brand":[],"product_cat":[224],"product_tag":[430],"class_list":{"0":"post-7974","1":"product","2":"type-product","3":"status-publish","4":"has-post-thumbnail","6":"product_cat-book","7":"product_tag-poem","9":"first","10":"instock","11":"shipping-taxable","12":"purchasable","13":"product-type-simple"},"acf":[],"yoast_head":"<!-- This site is optimized with the Yoast SEO plugin v27.4 - https:\/\/yoast.com\/product\/yoast-seo-wordpress\/ -->\n<title>The music I listen to with you: poems by Adam Zagajewski - Magyar PEN Club<\/title>\n<meta name=\"robots\" content=\"index, follow, max-snippet:-1, max-image-preview:large, max-video-preview:-1\" \/>\n<link rel=\"canonical\" href=\"https:\/\/magyarpenclub.hu\/en\/product\/the-music-i-listen-to-with-you-poems-by-adam-zagajewski\/\" \/>\n<meta property=\"og:locale\" content=\"en_US\" \/>\n<meta property=\"og:type\" content=\"article\" \/>\n<meta property=\"og:title\" content=\"The music I listen to with you: poems by Adam Zagajewski - Magyar PEN Club\" \/>\n<meta property=\"og:description\" content=\"This leading figure of contemporary Polish and international literary life is not unknown to Hungarian readers. The current selection was published in connection with the award of the Janus Pannonius International Grand Prize for Poetry, which he received in 2016.\" \/>\n<meta property=\"og:url\" content=\"https:\/\/magyarpenclub.hu\/en\/product\/the-music-i-listen-to-with-you-poems-by-adam-zagajewski\/\" \/>\n<meta property=\"og:site_name\" content=\"Magyar PEN Club\" \/>\n<meta property=\"article:publisher\" content=\"https:\/\/www.facebook.com\/magyarpenclub\" \/>\n<meta property=\"article:modified_time\" content=\"2024-02-14T01:49:50+00:00\" \/>\n<meta property=\"og:image\" content=\"https:\/\/magyarpenclub.hu\/wp-content\/uploads\/2022\/05\/adam-zagajewsky-a-veled-hallgatott-zene.png\" \/>\n\t<meta property=\"og:image:width\" content=\"1920\" \/>\n\t<meta property=\"og:image:height\" content=\"1440\" \/>\n\t<meta property=\"og:image:type\" content=\"image\/png\" \/>\n<meta name=\"twitter:card\" content=\"summary_large_image\" \/>\n<script type=\"application\/ld+json\" class=\"yoast-schema-graph\">{\"@context\":\"https:\\\/\\\/schema.org\",\"@graph\":[{\"@type\":\"WebPage\",\"@id\":\"https:\\\/\\\/magyarpenclub.hu\\\/en\\\/product\\\/the-music-i-listen-to-with-you-poems-by-adam-zagajewski\\\/\",\"url\":\"https:\\\/\\\/magyarpenclub.hu\\\/en\\\/product\\\/the-music-i-listen-to-with-you-poems-by-adam-zagajewski\\\/\",\"name\":\"The music I listen to with you: poems by Adam Zagajewski - Magyar PEN Club\",\"isPartOf\":{\"@id\":\"https:\\\/\\\/magyarpenclub.hu\\\/en\\\/#website\"},\"primaryImageOfPage\":{\"@id\":\"https:\\\/\\\/magyarpenclub.hu\\\/en\\\/product\\\/the-music-i-listen-to-with-you-poems-by-adam-zagajewski\\\/#primaryimage\"},\"image\":{\"@id\":\"https:\\\/\\\/magyarpenclub.hu\\\/en\\\/product\\\/the-music-i-listen-to-with-you-poems-by-adam-zagajewski\\\/#primaryimage\"},\"thumbnailUrl\":\"https:\\\/\\\/magyarpenclub.hu\\\/wp-content\\\/uploads\\\/2022\\\/05\\\/adam-zagajewsky-a-veled-hallgatott-zene.png\",\"datePublished\":\"2022-05-15T17:11:32+00:00\",\"dateModified\":\"2024-02-14T01:49:50+00:00\",\"breadcrumb\":{\"@id\":\"https:\\\/\\\/magyarpenclub.hu\\\/en\\\/product\\\/the-music-i-listen-to-with-you-poems-by-adam-zagajewski\\\/#breadcrumb\"},\"inLanguage\":\"en-US\",\"potentialAction\":[{\"@type\":\"ReadAction\",\"target\":[\"https:\\\/\\\/magyarpenclub.hu\\\/en\\\/product\\\/the-music-i-listen-to-with-you-poems-by-adam-zagajewski\\\/\"]}]},{\"@type\":\"ImageObject\",\"inLanguage\":\"en-US\",\"@id\":\"https:\\\/\\\/magyarpenclub.hu\\\/en\\\/product\\\/the-music-i-listen-to-with-you-poems-by-adam-zagajewski\\\/#primaryimage\",\"url\":\"https:\\\/\\\/magyarpenclub.hu\\\/wp-content\\\/uploads\\\/2022\\\/05\\\/adam-zagajewsky-a-veled-hallgatott-zene.png\",\"contentUrl\":\"https:\\\/\\\/magyarpenclub.hu\\\/wp-content\\\/uploads\\\/2022\\\/05\\\/adam-zagajewsky-a-veled-hallgatott-zene.png\",\"width\":1920,\"height\":1440,\"caption\":\"Hungarian PEN Club publication\"},{\"@type\":\"BreadcrumbList\",\"@id\":\"https:\\\/\\\/magyarpenclub.hu\\\/en\\\/product\\\/the-music-i-listen-to-with-you-poems-by-adam-zagajewski\\\/#breadcrumb\",\"itemListElement\":[{\"@type\":\"ListItem\",\"position\":1,\"name\":\"Kezd\u0151lap\",\"item\":\"https:\\\/\\\/magyarpenclub.hu\\\/en\\\/\"},{\"@type\":\"ListItem\",\"position\":2,\"name\":\"Shop\",\"item\":\"https:\\\/\\\/magyarpenclub.hu\\\/bolt\\\/\"},{\"@type\":\"ListItem\",\"position\":3,\"name\":\"The music I listen to with you: poems by Adam Zagajewski\"}]},{\"@type\":\"WebSite\",\"@id\":\"https:\\\/\\\/magyarpenclub.hu\\\/en\\\/#website\",\"url\":\"https:\\\/\\\/magyarpenclub.hu\\\/en\\\/\",\"name\":\"Magyar PEN Club\",\"description\":\"H\u00edrek, k\u00f6zlem\u00e9nyek, \u00edr\u00e1sok\",\"publisher\":{\"@id\":\"https:\\\/\\\/magyarpenclub.hu\\\/en\\\/#organization\"},\"potentialAction\":[{\"@type\":\"SearchAction\",\"target\":{\"@type\":\"EntryPoint\",\"urlTemplate\":\"https:\\\/\\\/magyarpenclub.hu\\\/en\\\/?s={search_term_string}\"},\"query-input\":{\"@type\":\"PropertyValueSpecification\",\"valueRequired\":true,\"valueName\":\"search_term_string\"}}],\"inLanguage\":\"en-US\"},{\"@type\":\"Organization\",\"@id\":\"https:\\\/\\\/magyarpenclub.hu\\\/en\\\/#organization\",\"name\":\"Magyar P.E.N. Club\",\"url\":\"https:\\\/\\\/magyarpenclub.hu\\\/en\\\/\",\"logo\":{\"@type\":\"ImageObject\",\"inLanguage\":\"en-US\",\"@id\":\"https:\\\/\\\/magyarpenclub.hu\\\/en\\\/#\\\/schema\\\/logo\\\/image\\\/\",\"url\":\"https:\\\/\\\/magyarpenclub.hu\\\/wp-content\\\/uploads\\\/2022\\\/08\\\/magyar-pen-club-logo.png\",\"contentUrl\":\"https:\\\/\\\/magyarpenclub.hu\\\/wp-content\\\/uploads\\\/2022\\\/08\\\/magyar-pen-club-logo.png\",\"width\":195,\"height\":195,\"caption\":\"Magyar P.E.N. Club\"},\"image\":{\"@id\":\"https:\\\/\\\/magyarpenclub.hu\\\/en\\\/#\\\/schema\\\/logo\\\/image\\\/\"},\"sameAs\":[\"https:\\\/\\\/www.facebook.com\\\/magyarpenclub\",\"https:\\\/\\\/www.youtube.com\\\/channel\\\/UC8bw1YALHZZJCJ-7bqvlR6Q\"]}]}<\/script>\n<!-- \/ Yoast SEO plugin. -->","yoast_head_json":{"title":"The music I listen to with you: poems by Adam Zagajewski - Magyar PEN Club","robots":{"index":"index","follow":"follow","max-snippet":"max-snippet:-1","max-image-preview":"max-image-preview:large","max-video-preview":"max-video-preview:-1"},"canonical":"https:\/\/magyarpenclub.hu\/en\/product\/the-music-i-listen-to-with-you-poems-by-adam-zagajewski\/","og_locale":"en_US","og_type":"article","og_title":"The music I listen to with you: poems by Adam Zagajewski - Magyar PEN Club","og_description":"This leading figure of contemporary Polish and international literary life is not unknown to Hungarian readers. The current selection was published in connection with the award of the Janus Pannonius International Grand Prize for Poetry, which he received in 2016.","og_url":"https:\/\/magyarpenclub.hu\/en\/product\/the-music-i-listen-to-with-you-poems-by-adam-zagajewski\/","og_site_name":"Magyar PEN Club","article_publisher":"https:\/\/www.facebook.com\/magyarpenclub","article_modified_time":"2024-02-14T01:49:50+00:00","og_image":[{"width":1920,"height":1440,"url":"https:\/\/magyarpenclub.hu\/wp-content\/uploads\/2022\/05\/adam-zagajewsky-a-veled-hallgatott-zene.png","type":"image\/png"}],"twitter_card":"summary_large_image","schema":{"@context":"https:\/\/schema.org","@graph":[{"@type":"WebPage","@id":"https:\/\/magyarpenclub.hu\/en\/product\/the-music-i-listen-to-with-you-poems-by-adam-zagajewski\/","url":"https:\/\/magyarpenclub.hu\/en\/product\/the-music-i-listen-to-with-you-poems-by-adam-zagajewski\/","name":"The music I listen to with you: poems by Adam Zagajewski - Magyar PEN Club","isPartOf":{"@id":"https:\/\/magyarpenclub.hu\/en\/#website"},"primaryImageOfPage":{"@id":"https:\/\/magyarpenclub.hu\/en\/product\/the-music-i-listen-to-with-you-poems-by-adam-zagajewski\/#primaryimage"},"image":{"@id":"https:\/\/magyarpenclub.hu\/en\/product\/the-music-i-listen-to-with-you-poems-by-adam-zagajewski\/#primaryimage"},"thumbnailUrl":"https:\/\/magyarpenclub.hu\/wp-content\/uploads\/2022\/05\/adam-zagajewsky-a-veled-hallgatott-zene.png","datePublished":"2022-05-15T17:11:32+00:00","dateModified":"2024-02-14T01:49:50+00:00","breadcrumb":{"@id":"https:\/\/magyarpenclub.hu\/en\/product\/the-music-i-listen-to-with-you-poems-by-adam-zagajewski\/#breadcrumb"},"inLanguage":"en-US","potentialAction":[{"@type":"ReadAction","target":["https:\/\/magyarpenclub.hu\/en\/product\/the-music-i-listen-to-with-you-poems-by-adam-zagajewski\/"]}]},{"@type":"ImageObject","inLanguage":"en-US","@id":"https:\/\/magyarpenclub.hu\/en\/product\/the-music-i-listen-to-with-you-poems-by-adam-zagajewski\/#primaryimage","url":"https:\/\/magyarpenclub.hu\/wp-content\/uploads\/2022\/05\/adam-zagajewsky-a-veled-hallgatott-zene.png","contentUrl":"https:\/\/magyarpenclub.hu\/wp-content\/uploads\/2022\/05\/adam-zagajewsky-a-veled-hallgatott-zene.png","width":1920,"height":1440,"caption":"Hungarian PEN Club publication"},{"@type":"BreadcrumbList","@id":"https:\/\/magyarpenclub.hu\/en\/product\/the-music-i-listen-to-with-you-poems-by-adam-zagajewski\/#breadcrumb","itemListElement":[{"@type":"ListItem","position":1,"name":"Kezd\u0151lap","item":"https:\/\/magyarpenclub.hu\/en\/"},{"@type":"ListItem","position":2,"name":"Shop","item":"https:\/\/magyarpenclub.hu\/bolt\/"},{"@type":"ListItem","position":3,"name":"The music I listen to with you: poems by Adam Zagajewski"}]},{"@type":"WebSite","@id":"https:\/\/magyarpenclub.hu\/en\/#website","url":"https:\/\/magyarpenclub.hu\/en\/","name":"Magyar PEN Club","description":"H\u00edrek, k\u00f6zlem\u00e9nyek, \u00edr\u00e1sok","publisher":{"@id":"https:\/\/magyarpenclub.hu\/en\/#organization"},"potentialAction":[{"@type":"SearchAction","target":{"@type":"EntryPoint","urlTemplate":"https:\/\/magyarpenclub.hu\/en\/?s={search_term_string}"},"query-input":{"@type":"PropertyValueSpecification","valueRequired":true,"valueName":"search_term_string"}}],"inLanguage":"en-US"},{"@type":"Organization","@id":"https:\/\/magyarpenclub.hu\/en\/#organization","name":"Magyar P.E.N. Club","url":"https:\/\/magyarpenclub.hu\/en\/","logo":{"@type":"ImageObject","inLanguage":"en-US","@id":"https:\/\/magyarpenclub.hu\/en\/#\/schema\/logo\/image\/","url":"https:\/\/magyarpenclub.hu\/wp-content\/uploads\/2022\/08\/magyar-pen-club-logo.png","contentUrl":"https:\/\/magyarpenclub.hu\/wp-content\/uploads\/2022\/08\/magyar-pen-club-logo.png","width":195,"height":195,"caption":"Magyar P.E.N. Club"},"image":{"@id":"https:\/\/magyarpenclub.hu\/en\/#\/schema\/logo\/image\/"},"sameAs":["https:\/\/www.facebook.com\/magyarpenclub","https:\/\/www.youtube.com\/channel\/UC8bw1YALHZZJCJ-7bqvlR6Q"]}]}},"_links":{"self":[{"href":"https:\/\/magyarpenclub.hu\/en\/wp-json\/wp\/v2\/product\/7974","targetHints":{"allow":["GET"]}}],"collection":[{"href":"https:\/\/magyarpenclub.hu\/en\/wp-json\/wp\/v2\/product"}],"about":[{"href":"https:\/\/magyarpenclub.hu\/en\/wp-json\/wp\/v2\/types\/product"}],"replies":[{"embeddable":true,"href":"https:\/\/magyarpenclub.hu\/en\/wp-json\/wp\/v2\/comments?post=7974"}],"version-history":[{"count":0,"href":"https:\/\/magyarpenclub.hu\/en\/wp-json\/wp\/v2\/product\/7974\/revisions"}],"wp:featuredmedia":[{"embeddable":true,"href":"https:\/\/magyarpenclub.hu\/en\/wp-json\/wp\/v2\/media\/6339"}],"wp:attachment":[{"href":"https:\/\/magyarpenclub.hu\/en\/wp-json\/wp\/v2\/media?parent=7974"}],"wp:term":[{"taxonomy":"product_brand","embeddable":true,"href":"https:\/\/magyarpenclub.hu\/en\/wp-json\/wp\/v2\/product_brand?post=7974"},{"taxonomy":"product_cat","embeddable":true,"href":"https:\/\/magyarpenclub.hu\/en\/wp-json\/wp\/v2\/product_cat?post=7974"},{"taxonomy":"product_tag","embeddable":true,"href":"https:\/\/magyarpenclub.hu\/en\/wp-json\/wp\/v2\/product_tag?post=7974"}],"curies":[{"name":"wp","href":"https:\/\/api.w.org\/{rel}","templated":true}]}}