{"id":8057,"date":"1970-01-01T00:00:00","date_gmt":"1970-01-01T00:00:00","guid":{"rendered":"https:\/\/magyarpenclub.hu\/termek\/literary-present-emontekio-and-its-surroundings-2021-august-special-edition\/"},"modified":"2024-02-14T01:50:13","modified_gmt":"2024-02-14T01:50:13","slug":"literary-present-emontekio-and-its-surroundings-2021-august-special-edition","status":"publish","type":"product","link":"https:\/\/magyarpenclub.hu\/en\/product\/literary-present-emontekio-and-its-surroundings-2021-august-special-edition\/","title":{"rendered":"Literary Present Emonteki\u0151 And Its Surroundings 2021. August Special Edition"},"content":{"rendered":"\t\t<div data-elementor-type=\"product-post\" data-elementor-id=\"8057\" class=\"elementor elementor-8057 elementor-3559\" data-elementor-post-type=\"product\">\n\t\t\t\t\t\t<section class=\"elementor-section elementor-top-section elementor-element elementor-element-fb8a6c9 elementor-section-boxed elementor-section-height-default elementor-section-height-default\" data-id=\"fb8a6c9\" data-element_type=\"section\" data-e-type=\"section\">\n\t\t\t\t\t\t<div class=\"elementor-container elementor-column-gap-wide\">\n\t\t\t\t\t<div class=\"elementor-column elementor-col-100 elementor-top-column elementor-element elementor-element-534ed9b\" data-id=\"534ed9b\" data-element_type=\"column\" data-e-type=\"column\">\n\t\t\t<div class=\"elementor-widget-wrap elementor-element-populated\">\n\t\t\t\t\t\t<div class=\"elementor-element elementor-element-ff206aa elementor-widget elementor-widget-heading\" data-id=\"ff206aa\" data-element_type=\"widget\" data-e-type=\"widget\" data-widget_type=\"heading.default\">\n\t\t\t\t<div class=\"elementor-widget-container\">\n\t\t\t\t\t<h5 class=\"elementor-heading-title elementor-size-default\">Literary Present Emonteki\u0151 And Its Surroundings 2021. August Special Edition<\/h5>\t\t\t\t<\/div>\n\t\t\t\t<\/div>\n\t\t\t\t<div class=\"elementor-element elementor-element-86a3b85 elementor-widget elementor-widget-spacer\" data-id=\"86a3b85\" data-element_type=\"widget\" data-e-type=\"widget\" data-widget_type=\"spacer.default\">\n\t\t\t\t<div class=\"elementor-widget-container\">\n\t\t\t\t\t\t\t<div class=\"elementor-spacer\">\n\t\t\t<div class=\"elementor-spacer-inner\"><\/div>\n\t\t<\/div>\n\t\t\t\t\t\t<\/div>\n\t\t\t\t<\/div>\n\t\t\t\t<div class=\"elementor-element elementor-element-eb9b492 elementor-widget elementor-widget-heading\" data-id=\"eb9b492\" data-element_type=\"widget\" data-e-type=\"widget\" data-widget_type=\"heading.default\">\n\t\t\t\t<div class=\"elementor-widget-container\">\n\t\t\t\t\t<h6 class=\"elementor-heading-title elementor-size-default\">Special Edition<\/h6>\t\t\t\t<\/div>\n\t\t\t\t<\/div>\n\t\t\t\t<div class=\"elementor-element elementor-element-c9d6a14 elementor-widget elementor-widget-spacer\" data-id=\"c9d6a14\" data-element_type=\"widget\" data-e-type=\"widget\" data-widget_type=\"spacer.default\">\n\t\t\t\t<div class=\"elementor-widget-container\">\n\t\t\t\t\t\t\t<div class=\"elementor-spacer\">\n\t\t\t<div class=\"elementor-spacer-inner\"><\/div>\n\t\t<\/div>\n\t\t\t\t\t\t<\/div>\n\t\t\t\t<\/div>\n\t\t\t\t<div class=\"elementor-element elementor-element-769732a elementor-widget elementor-widget-text-editor\" data-id=\"769732a\" data-element_type=\"widget\" data-e-type=\"widget\" data-widget_type=\"text-editor.default\">\n\t\t\t\t<div class=\"elementor-widget-container\">\n\t\t\t\t\t\t\t\t\t<p>In Memoriam G\u00e9za Sz\u0151cs<\/p>\n\t\t\t\t\t\t\t\t<\/div>\n\t\t\t\t<\/div>\n\t\t\t\t<div class=\"elementor-element elementor-element-b909500 elementor-widget elementor-widget-spacer\" data-id=\"b909500\" data-element_type=\"widget\" data-e-type=\"widget\" data-widget_type=\"spacer.default\">\n\t\t\t\t<div class=\"elementor-widget-container\">\n\t\t\t\t\t\t\t<div class=\"elementor-spacer\">\n\t\t\t<div class=\"elementor-spacer-inner\"><\/div>\n\t\t<\/div>\n\t\t\t\t\t\t<\/div>\n\t\t\t\t<\/div>\n\t\t\t\t<div class=\"elementor-element elementor-element-215b69d elementor-widget elementor-widget-heading\" data-id=\"215b69d\" data-element_type=\"widget\" data-e-type=\"widget\" data-widget_type=\"heading.default\">\n\t\t\t\t<div class=\"elementor-widget-container\">\n\t\t\t\t\t<h5 class=\"elementor-heading-title elementor-size-default\">Book review<\/h5>\t\t\t\t<\/div>\n\t\t\t\t<\/div>\n\t\t\t\t<div class=\"elementor-element elementor-element-9763d41 elementor-widget elementor-widget-spacer\" data-id=\"9763d41\" data-element_type=\"widget\" data-e-type=\"widget\" data-widget_type=\"spacer.default\">\n\t\t\t\t<div class=\"elementor-widget-container\">\n\t\t\t\t\t\t\t<div class=\"elementor-spacer\">\n\t\t\t<div class=\"elementor-spacer-inner\"><\/div>\n\t\t<\/div>\n\t\t\t\t\t\t<\/div>\n\t\t\t\t<\/div>\n\t\t\t\t<div class=\"elementor-element elementor-element-7940af9 elementor-widget elementor-widget-text-editor\" data-id=\"7940af9\" data-element_type=\"widget\" data-e-type=\"widget\" data-widget_type=\"text-editor.default\">\n\t\t\t\t<div class=\"elementor-widget-container\">\n\t\t\t\t\t\t\t\t\t<p>The volume offers a multi-directional interpretation of G\u00e9za Sz\u0151cs&#8217;s poetry, offering a new approach to the poetry of the former president of the PEN Club and refuting the dominant topos of Sz\u0151cs criticism, especially in relation to the creation of Sz\u0151cs&#8217;s self-myth and the dominance of metaphorical and symbolic writing. Authors: R\u00e9ka Cristian, Korn\u00e9lia Horv\u00e1th, Enik\u0151 Bollob\u00e1s, P\u00e1l Hegyi, Gabriella V\u00f6\u0151, M\u00e1ria Kurdi, Ist\u00e1n Turczi, Endre Wellmann Farkas.<\/p>\n\t\t\t\t\t\t\t\t<\/div>\n\t\t\t\t<\/div>\n\t\t\t\t<div class=\"elementor-element elementor-element-fd8a522 elementor-widget elementor-widget-spacer\" data-id=\"fd8a522\" data-element_type=\"widget\" data-e-type=\"widget\" data-widget_type=\"spacer.default\">\n\t\t\t\t<div class=\"elementor-widget-container\">\n\t\t\t\t\t\t\t<div class=\"elementor-spacer\">\n\t\t\t<div class=\"elementor-spacer-inner\"><\/div>\n\t\t<\/div>\n\t\t\t\t\t\t<\/div>\n\t\t\t\t<\/div>\n\t\t\t\t<div class=\"elementor-element elementor-element-c2cb9a8 elementor-widget elementor-widget-heading\" data-id=\"c2cb9a8\" data-element_type=\"widget\" data-e-type=\"widget\" data-widget_type=\"heading.default\">\n\t\t\t\t<div class=\"elementor-widget-container\">\n\t\t\t\t\t<h5 class=\"elementor-heading-title elementor-size-default\">Other data<\/h5>\t\t\t\t<\/div>\n\t\t\t\t<\/div>\n\t\t\t\t<div class=\"elementor-element elementor-element-88f1916 elementor-widget elementor-widget-spacer\" data-id=\"88f1916\" data-element_type=\"widget\" data-e-type=\"widget\" data-widget_type=\"spacer.default\">\n\t\t\t\t<div class=\"elementor-widget-container\">\n\t\t\t\t\t\t\t<div class=\"elementor-spacer\">\n\t\t\t<div class=\"elementor-spacer-inner\"><\/div>\n\t\t<\/div>\n\t\t\t\t\t\t<\/div>\n\t\t\t\t<\/div>\n\t\t\t\t<div class=\"elementor-element elementor-element-262b48d elementor-widget elementor-widget-text-editor\" data-id=\"262b48d\" data-element_type=\"widget\" data-e-type=\"widget\" data-widget_type=\"text-editor.default\">\n\t\t\t\t<div class=\"elementor-widget-container\">\n\t\t\t\t\t\t\t\t\t<ul>\n<li>Literary Present, 2021.<\/li>\n<\/ul>\n\t\t\t\t\t\t\t\t<\/div>\n\t\t\t\t<\/div>\n\t\t\t\t\t<\/div>\n\t\t<\/div>\n\t\t\t\t\t<\/div>\n\t\t<\/section>\n\t\t\t\t<\/div>\n\t\t","protected":false},"excerpt":{"rendered":"<div class=\"woocommerce-product-details__short-description\">\n<p>The volume offers a multi-directional interpretation of G\u00e9za Sz\u0151cs&#8217;s poetry, offering a new approach to the poetry of the former president of the PEN Club and refuting the dominant topos of Sz\u0151cs criticism, especially in relation to the creation of Sz\u0151cs&#8217;s self-myth and the dominance of metaphorical and symbolic writing.<\/p>\n<\/div>\n","protected":false},"featured_media":6384,"comment_status":"open","ping_status":"closed","template":"","meta":{"_acf_changed":false},"product_brand":[],"product_cat":[224],"product_tag":[430],"class_list":{"0":"post-8057","1":"product","2":"type-product","3":"status-publish","4":"has-post-thumbnail","6":"product_cat-book","7":"product_tag-poem","9":"first","10":"instock","11":"shipping-taxable","12":"purchasable","13":"product-type-simple"},"acf":[],"yoast_head":"<!-- This site is optimized with the Yoast SEO plugin v27.4 - https:\/\/yoast.com\/product\/yoast-seo-wordpress\/ -->\n<title>Literary Present Emonteki\u0151 And Its Surroundings 2021. August Special Edition - Magyar PEN Club<\/title>\n<meta name=\"robots\" content=\"index, follow, max-snippet:-1, max-image-preview:large, max-video-preview:-1\" \/>\n<link rel=\"canonical\" href=\"https:\/\/magyarpenclub.hu\/en\/product\/literary-present-emontekio-and-its-surroundings-2021-august-special-edition\/\" \/>\n<meta property=\"og:locale\" content=\"en_US\" \/>\n<meta property=\"og:type\" content=\"article\" \/>\n<meta property=\"og:title\" content=\"Literary Present Emonteki\u0151 And Its Surroundings 2021. August Special Edition - Magyar PEN Club\" \/>\n<meta property=\"og:description\" content=\"The volume offers a multi-directional interpretation of G\u00e9za Sz\u0151cs&#039;s poetry, offering a new approach to the poetry of the former president of the PEN Club and refuting the dominant topos of Sz\u0151cs criticism, especially in relation to the creation of Sz\u0151cs&#039;s self-myth and the dominance of metaphorical and symbolic writing.\" \/>\n<meta property=\"og:url\" content=\"https:\/\/magyarpenclub.hu\/en\/product\/literary-present-emontekio-and-its-surroundings-2021-august-special-edition\/\" \/>\n<meta property=\"og:site_name\" content=\"Magyar PEN Club\" \/>\n<meta property=\"article:publisher\" content=\"https:\/\/www.facebook.com\/magyarpenclub\" \/>\n<meta property=\"article:modified_time\" content=\"2024-02-14T01:50:13+00:00\" \/>\n<meta property=\"og:image\" content=\"https:\/\/magyarpenclub.hu\/wp-content\/uploads\/2022\/05\/irodalmi-jelen-kulonkiadas-szocs-geza.png\" \/>\n\t<meta property=\"og:image:width\" content=\"1920\" \/>\n\t<meta property=\"og:image:height\" content=\"1440\" \/>\n\t<meta property=\"og:image:type\" content=\"image\/png\" \/>\n<meta name=\"twitter:card\" content=\"summary_large_image\" \/>\n<script type=\"application\/ld+json\" class=\"yoast-schema-graph\">{\"@context\":\"https:\\\/\\\/schema.org\",\"@graph\":[{\"@type\":\"WebPage\",\"@id\":\"https:\\\/\\\/magyarpenclub.hu\\\/en\\\/product\\\/literary-present-emontekio-and-its-surroundings-2021-august-special-edition\\\/\",\"url\":\"https:\\\/\\\/magyarpenclub.hu\\\/en\\\/product\\\/literary-present-emontekio-and-its-surroundings-2021-august-special-edition\\\/\",\"name\":\"Literary Present Emonteki\u0151 And Its Surroundings 2021. August Special Edition - Magyar PEN Club\",\"isPartOf\":{\"@id\":\"https:\\\/\\\/magyarpenclub.hu\\\/en\\\/#website\"},\"primaryImageOfPage\":{\"@id\":\"https:\\\/\\\/magyarpenclub.hu\\\/en\\\/product\\\/literary-present-emontekio-and-its-surroundings-2021-august-special-edition\\\/#primaryimage\"},\"image\":{\"@id\":\"https:\\\/\\\/magyarpenclub.hu\\\/en\\\/product\\\/literary-present-emontekio-and-its-surroundings-2021-august-special-edition\\\/#primaryimage\"},\"thumbnailUrl\":\"https:\\\/\\\/magyarpenclub.hu\\\/wp-content\\\/uploads\\\/2022\\\/05\\\/irodalmi-jelen-kulonkiadas-szocs-geza.png\",\"datePublished\":\"1970-01-01T00:00:00+00:00\",\"dateModified\":\"2024-02-14T01:50:13+00:00\",\"breadcrumb\":{\"@id\":\"https:\\\/\\\/magyarpenclub.hu\\\/en\\\/product\\\/literary-present-emontekio-and-its-surroundings-2021-august-special-edition\\\/#breadcrumb\"},\"inLanguage\":\"en-US\",\"potentialAction\":[{\"@type\":\"ReadAction\",\"target\":[\"https:\\\/\\\/magyarpenclub.hu\\\/en\\\/product\\\/literary-present-emontekio-and-its-surroundings-2021-august-special-edition\\\/\"]}]},{\"@type\":\"ImageObject\",\"inLanguage\":\"en-US\",\"@id\":\"https:\\\/\\\/magyarpenclub.hu\\\/en\\\/product\\\/literary-present-emontekio-and-its-surroundings-2021-august-special-edition\\\/#primaryimage\",\"url\":\"https:\\\/\\\/magyarpenclub.hu\\\/wp-content\\\/uploads\\\/2022\\\/05\\\/irodalmi-jelen-kulonkiadas-szocs-geza.png\",\"contentUrl\":\"https:\\\/\\\/magyarpenclub.hu\\\/wp-content\\\/uploads\\\/2022\\\/05\\\/irodalmi-jelen-kulonkiadas-szocs-geza.png\",\"width\":1920,\"height\":1440,\"caption\":\"Literary Present Emonteki\u0151 And Its Surroundings 2021. August Special Edition\"},{\"@type\":\"BreadcrumbList\",\"@id\":\"https:\\\/\\\/magyarpenclub.hu\\\/en\\\/product\\\/literary-present-emontekio-and-its-surroundings-2021-august-special-edition\\\/#breadcrumb\",\"itemListElement\":[{\"@type\":\"ListItem\",\"position\":1,\"name\":\"Kezd\u0151lap\",\"item\":\"https:\\\/\\\/magyarpenclub.hu\\\/en\\\/\"},{\"@type\":\"ListItem\",\"position\":2,\"name\":\"Shop\",\"item\":\"https:\\\/\\\/magyarpenclub.hu\\\/bolt\\\/\"},{\"@type\":\"ListItem\",\"position\":3,\"name\":\"Literary Present Emonteki\u0151 And Its Surroundings 2021. August Special Edition\"}]},{\"@type\":\"WebSite\",\"@id\":\"https:\\\/\\\/magyarpenclub.hu\\\/en\\\/#website\",\"url\":\"https:\\\/\\\/magyarpenclub.hu\\\/en\\\/\",\"name\":\"Magyar PEN Club\",\"description\":\"H\u00edrek, k\u00f6zlem\u00e9nyek, \u00edr\u00e1sok\",\"publisher\":{\"@id\":\"https:\\\/\\\/magyarpenclub.hu\\\/en\\\/#organization\"},\"potentialAction\":[{\"@type\":\"SearchAction\",\"target\":{\"@type\":\"EntryPoint\",\"urlTemplate\":\"https:\\\/\\\/magyarpenclub.hu\\\/en\\\/?s={search_term_string}\"},\"query-input\":{\"@type\":\"PropertyValueSpecification\",\"valueRequired\":true,\"valueName\":\"search_term_string\"}}],\"inLanguage\":\"en-US\"},{\"@type\":\"Organization\",\"@id\":\"https:\\\/\\\/magyarpenclub.hu\\\/en\\\/#organization\",\"name\":\"Magyar P.E.N. Club\",\"url\":\"https:\\\/\\\/magyarpenclub.hu\\\/en\\\/\",\"logo\":{\"@type\":\"ImageObject\",\"inLanguage\":\"en-US\",\"@id\":\"https:\\\/\\\/magyarpenclub.hu\\\/en\\\/#\\\/schema\\\/logo\\\/image\\\/\",\"url\":\"https:\\\/\\\/magyarpenclub.hu\\\/wp-content\\\/uploads\\\/2022\\\/08\\\/magyar-pen-club-logo.png\",\"contentUrl\":\"https:\\\/\\\/magyarpenclub.hu\\\/wp-content\\\/uploads\\\/2022\\\/08\\\/magyar-pen-club-logo.png\",\"width\":195,\"height\":195,\"caption\":\"Magyar P.E.N. Club\"},\"image\":{\"@id\":\"https:\\\/\\\/magyarpenclub.hu\\\/en\\\/#\\\/schema\\\/logo\\\/image\\\/\"},\"sameAs\":[\"https:\\\/\\\/www.facebook.com\\\/magyarpenclub\",\"https:\\\/\\\/www.youtube.com\\\/channel\\\/UC8bw1YALHZZJCJ-7bqvlR6Q\"]}]}<\/script>\n<!-- \/ Yoast SEO plugin. -->","yoast_head_json":{"title":"Literary Present Emonteki\u0151 And Its Surroundings 2021. August Special Edition - Magyar PEN Club","robots":{"index":"index","follow":"follow","max-snippet":"max-snippet:-1","max-image-preview":"max-image-preview:large","max-video-preview":"max-video-preview:-1"},"canonical":"https:\/\/magyarpenclub.hu\/en\/product\/literary-present-emontekio-and-its-surroundings-2021-august-special-edition\/","og_locale":"en_US","og_type":"article","og_title":"Literary Present Emonteki\u0151 And Its Surroundings 2021. August Special Edition - Magyar PEN Club","og_description":"The volume offers a multi-directional interpretation of G\u00e9za Sz\u0151cs's poetry, offering a new approach to the poetry of the former president of the PEN Club and refuting the dominant topos of Sz\u0151cs criticism, especially in relation to the creation of Sz\u0151cs's self-myth and the dominance of metaphorical and symbolic writing.","og_url":"https:\/\/magyarpenclub.hu\/en\/product\/literary-present-emontekio-and-its-surroundings-2021-august-special-edition\/","og_site_name":"Magyar PEN Club","article_publisher":"https:\/\/www.facebook.com\/magyarpenclub","article_modified_time":"2024-02-14T01:50:13+00:00","og_image":[{"width":1920,"height":1440,"url":"https:\/\/magyarpenclub.hu\/wp-content\/uploads\/2022\/05\/irodalmi-jelen-kulonkiadas-szocs-geza.png","type":"image\/png"}],"twitter_card":"summary_large_image","schema":{"@context":"https:\/\/schema.org","@graph":[{"@type":"WebPage","@id":"https:\/\/magyarpenclub.hu\/en\/product\/literary-present-emontekio-and-its-surroundings-2021-august-special-edition\/","url":"https:\/\/magyarpenclub.hu\/en\/product\/literary-present-emontekio-and-its-surroundings-2021-august-special-edition\/","name":"Literary Present Emonteki\u0151 And Its Surroundings 2021. August Special Edition - Magyar PEN Club","isPartOf":{"@id":"https:\/\/magyarpenclub.hu\/en\/#website"},"primaryImageOfPage":{"@id":"https:\/\/magyarpenclub.hu\/en\/product\/literary-present-emontekio-and-its-surroundings-2021-august-special-edition\/#primaryimage"},"image":{"@id":"https:\/\/magyarpenclub.hu\/en\/product\/literary-present-emontekio-and-its-surroundings-2021-august-special-edition\/#primaryimage"},"thumbnailUrl":"https:\/\/magyarpenclub.hu\/wp-content\/uploads\/2022\/05\/irodalmi-jelen-kulonkiadas-szocs-geza.png","datePublished":"1970-01-01T00:00:00+00:00","dateModified":"2024-02-14T01:50:13+00:00","breadcrumb":{"@id":"https:\/\/magyarpenclub.hu\/en\/product\/literary-present-emontekio-and-its-surroundings-2021-august-special-edition\/#breadcrumb"},"inLanguage":"en-US","potentialAction":[{"@type":"ReadAction","target":["https:\/\/magyarpenclub.hu\/en\/product\/literary-present-emontekio-and-its-surroundings-2021-august-special-edition\/"]}]},{"@type":"ImageObject","inLanguage":"en-US","@id":"https:\/\/magyarpenclub.hu\/en\/product\/literary-present-emontekio-and-its-surroundings-2021-august-special-edition\/#primaryimage","url":"https:\/\/magyarpenclub.hu\/wp-content\/uploads\/2022\/05\/irodalmi-jelen-kulonkiadas-szocs-geza.png","contentUrl":"https:\/\/magyarpenclub.hu\/wp-content\/uploads\/2022\/05\/irodalmi-jelen-kulonkiadas-szocs-geza.png","width":1920,"height":1440,"caption":"Literary Present Emonteki\u0151 And Its Surroundings 2021. August Special Edition"},{"@type":"BreadcrumbList","@id":"https:\/\/magyarpenclub.hu\/en\/product\/literary-present-emontekio-and-its-surroundings-2021-august-special-edition\/#breadcrumb","itemListElement":[{"@type":"ListItem","position":1,"name":"Kezd\u0151lap","item":"https:\/\/magyarpenclub.hu\/en\/"},{"@type":"ListItem","position":2,"name":"Shop","item":"https:\/\/magyarpenclub.hu\/bolt\/"},{"@type":"ListItem","position":3,"name":"Literary Present Emonteki\u0151 And Its Surroundings 2021. August Special Edition"}]},{"@type":"WebSite","@id":"https:\/\/magyarpenclub.hu\/en\/#website","url":"https:\/\/magyarpenclub.hu\/en\/","name":"Magyar PEN Club","description":"H\u00edrek, k\u00f6zlem\u00e9nyek, \u00edr\u00e1sok","publisher":{"@id":"https:\/\/magyarpenclub.hu\/en\/#organization"},"potentialAction":[{"@type":"SearchAction","target":{"@type":"EntryPoint","urlTemplate":"https:\/\/magyarpenclub.hu\/en\/?s={search_term_string}"},"query-input":{"@type":"PropertyValueSpecification","valueRequired":true,"valueName":"search_term_string"}}],"inLanguage":"en-US"},{"@type":"Organization","@id":"https:\/\/magyarpenclub.hu\/en\/#organization","name":"Magyar P.E.N. Club","url":"https:\/\/magyarpenclub.hu\/en\/","logo":{"@type":"ImageObject","inLanguage":"en-US","@id":"https:\/\/magyarpenclub.hu\/en\/#\/schema\/logo\/image\/","url":"https:\/\/magyarpenclub.hu\/wp-content\/uploads\/2022\/08\/magyar-pen-club-logo.png","contentUrl":"https:\/\/magyarpenclub.hu\/wp-content\/uploads\/2022\/08\/magyar-pen-club-logo.png","width":195,"height":195,"caption":"Magyar P.E.N. Club"},"image":{"@id":"https:\/\/magyarpenclub.hu\/en\/#\/schema\/logo\/image\/"},"sameAs":["https:\/\/www.facebook.com\/magyarpenclub","https:\/\/www.youtube.com\/channel\/UC8bw1YALHZZJCJ-7bqvlR6Q"]}]}},"_links":{"self":[{"href":"https:\/\/magyarpenclub.hu\/en\/wp-json\/wp\/v2\/product\/8057","targetHints":{"allow":["GET"]}}],"collection":[{"href":"https:\/\/magyarpenclub.hu\/en\/wp-json\/wp\/v2\/product"}],"about":[{"href":"https:\/\/magyarpenclub.hu\/en\/wp-json\/wp\/v2\/types\/product"}],"replies":[{"embeddable":true,"href":"https:\/\/magyarpenclub.hu\/en\/wp-json\/wp\/v2\/comments?post=8057"}],"version-history":[{"count":0,"href":"https:\/\/magyarpenclub.hu\/en\/wp-json\/wp\/v2\/product\/8057\/revisions"}],"wp:featuredmedia":[{"embeddable":true,"href":"https:\/\/magyarpenclub.hu\/en\/wp-json\/wp\/v2\/media\/6384"}],"wp:attachment":[{"href":"https:\/\/magyarpenclub.hu\/en\/wp-json\/wp\/v2\/media?parent=8057"}],"wp:term":[{"taxonomy":"product_brand","embeddable":true,"href":"https:\/\/magyarpenclub.hu\/en\/wp-json\/wp\/v2\/product_brand?post=8057"},{"taxonomy":"product_cat","embeddable":true,"href":"https:\/\/magyarpenclub.hu\/en\/wp-json\/wp\/v2\/product_cat?post=8057"},{"taxonomy":"product_tag","embeddable":true,"href":"https:\/\/magyarpenclub.hu\/en\/wp-json\/wp\/v2\/product_tag?post=8057"}],"curies":[{"name":"wp","href":"https:\/\/api.w.org\/{rel}","templated":true}]}}