{"id":8110,"date":"2022-05-13T21:03:33","date_gmt":"2022-05-13T21:03:33","guid":{"rendered":"https:\/\/magyarpenclub.hu\/sobre-la-proteccion-de-datos-personales\/"},"modified":"2024-02-14T01:50:40","modified_gmt":"2024-02-14T01:50:40","slug":"sobre-la-proteccion-de-datos-personales","status":"publish","type":"page","link":"https:\/\/magyarpenclub.hu\/es\/sobre-la-proteccion-de-datos-personales\/","title":{"rendered":"Sobre la protecci\u00f3n de datos personales"},"content":{"rendered":"\t\t<div data-elementor-type=\"wp-page\" data-elementor-id=\"8110\" class=\"elementor elementor-8110 elementor-3\" data-elementor-post-type=\"page\">\n\t\t\t\t\t\t<section class=\"elementor-section elementor-top-section elementor-element elementor-element-5323dbe elementor-section-boxed elementor-section-height-default elementor-section-height-default\" data-id=\"5323dbe\" data-element_type=\"section\" data-e-type=\"section\">\n\t\t\t\t\t\t<div class=\"elementor-container elementor-column-gap-default\">\n\t\t\t\t\t<div class=\"elementor-column elementor-col-100 elementor-top-column elementor-element elementor-element-d7ee65b\" data-id=\"d7ee65b\" data-element_type=\"column\" data-e-type=\"column\">\n\t\t\t<div class=\"elementor-widget-wrap elementor-element-populated\">\n\t\t\t\t\t\t<div class=\"elementor-element elementor-element-7eb984c1 elementor-widget elementor-widget-text-editor\" data-id=\"7eb984c1\" data-element_type=\"widget\" data-e-type=\"widget\" data-widget_type=\"text-editor.default\">\n\t\t\t\t<div class=\"elementor-widget-container\">\n\t\t\t\t\t\t\t\t\t\n<p>El Club H\u00fangaro de P.E.N. no divulgar\u00e1 ning\u00fan dato personal obtenido a trav\u00e9s del uso de los sitios web de conformidad con las disposiciones de la Ley H\u00fangara de Protecci\u00f3n de Datos de 2011. CXII. de conformidad con lo dispuesto en la ley.<\/p>\n\n\n\n<p>El Club H\u00fangaro de P.E.N. respeta la protecci\u00f3n de los datos personales y trata los datos que se le facilitan de conformidad con la legislaci\u00f3n aplicable. Si facilita cualquiera de sus datos personales al Club P.E.N. H\u00fangaro, da su consentimiento para que el Club P.E.N. H\u00fangaro los registre y procese para los fines y durante el periodo de tiempo especificados por la naturaleza de la transacci\u00f3n. El Club H\u00fangaro de P.E.N. utilizar\u00e1 su informaci\u00f3n personal \u00fanicamente para los fines indicados, no la combinar\u00e1 con sus bases de datos de otras fuentes, no la revelar\u00e1 en forma alguna a terceros y har\u00e1 todo lo razonablemente posible para proteger dicha informaci\u00f3n.<\/p>\n\n\n\n<p>Tenga en cuenta que el sitio web del Club H\u00fangaro de P.E.N. tambi\u00e9n puede estar vinculado a los sitios web de otras empresas y organizaciones. El Club P.E.N. H\u00fangaro no se hace responsable del contenido y la exactitud de la informaci\u00f3n proporcionada en estos sitios web ni de la seguridad de sus datos.<\/p>\n\t\t\t\t\t\t\t\t<\/div>\n\t\t\t\t<\/div>\n\t\t\t\t\t<\/div>\n\t\t<\/div>\n\t\t\t\t\t<\/div>\n\t\t<\/section>\n\t\t\t\t<\/div>\n\t\t","protected":false},"excerpt":{"rendered":"<p>El Club H\u00fangaro de P.E.N. no divulgar\u00e1 ning\u00fan dato personal obtenido a trav\u00e9s del uso de los sitios web de conformidad con las disposiciones de la Ley H\u00fangara de Protecci\u00f3n de Datos de 2011. CXII. de conformidad con lo dispuesto en la ley. El Club H\u00fangaro de P.E.N. respeta la protecci\u00f3n de los datos personales [&hellip;]<\/p>\n","protected":false},"author":1,"featured_media":8115,"parent":0,"menu_order":0,"comment_status":"closed","ping_status":"closed","template":"","meta":{"_acf_changed":false,"footnotes":""},"class_list":["post-8110","page","type-page","status-publish","has-post-thumbnail","hentry"],"acf":[],"yoast_head":"<!-- This site is optimized with the Yoast SEO plugin v27.4 - https:\/\/yoast.com\/product\/yoast-seo-wordpress\/ -->\n<title>Sobre la protecci\u00f3n de datos personales - Magyar PEN Club<\/title>\n<meta name=\"robots\" content=\"index, follow, max-snippet:-1, max-image-preview:large, max-video-preview:-1\" \/>\n<link rel=\"canonical\" href=\"https:\/\/magyarpenclub.hu\/es\/sobre-la-proteccion-de-datos-personales\/\" \/>\n<meta property=\"og:locale\" content=\"es_ES\" \/>\n<meta property=\"og:type\" content=\"article\" \/>\n<meta property=\"og:title\" content=\"Sobre la protecci\u00f3n de datos personales - Magyar PEN Club\" \/>\n<meta property=\"og:description\" content=\"El Club H\u00fangaro de P.E.N. no divulgar\u00e1 ning\u00fan dato personal obtenido a trav\u00e9s del uso de los sitios web de conformidad con las disposiciones de la Ley H\u00fangara de Protecci\u00f3n de Datos de 2011. CXII. de conformidad con lo dispuesto en la ley. El Club H\u00fangaro de P.E.N. respeta la protecci\u00f3n de los datos personales [&hellip;]\" \/>\n<meta property=\"og:url\" content=\"https:\/\/magyarpenclub.hu\/es\/sobre-la-proteccion-de-datos-personales\/\" \/>\n<meta property=\"og:site_name\" content=\"Magyar PEN Club\" \/>\n<meta property=\"article:publisher\" content=\"https:\/\/www.facebook.com\/magyarpenclub\" \/>\n<meta property=\"article:modified_time\" content=\"2024-02-14T01:50:40+00:00\" \/>\n<meta property=\"og:image\" content=\"https:\/\/magyarpenclub.hu\/wp-content\/uploads\/2022\/05\/footer-bg.jpg\" \/>\n\t<meta property=\"og:image:width\" content=\"1900\" \/>\n\t<meta property=\"og:image:height\" content=\"1267\" \/>\n\t<meta property=\"og:image:type\" content=\"image\/jpeg\" \/>\n<meta name=\"twitter:card\" content=\"summary_large_image\" \/>\n<meta name=\"twitter:label1\" content=\"Tiempo de lectura\" \/>\n\t<meta name=\"twitter:data1\" content=\"1 minuto\" \/>\n<script type=\"application\/ld+json\" class=\"yoast-schema-graph\">{\"@context\":\"https:\\\/\\\/schema.org\",\"@graph\":[{\"@type\":\"WebPage\",\"@id\":\"https:\\\/\\\/magyarpenclub.hu\\\/es\\\/sobre-la-proteccion-de-datos-personales\\\/\",\"url\":\"https:\\\/\\\/magyarpenclub.hu\\\/es\\\/sobre-la-proteccion-de-datos-personales\\\/\",\"name\":\"Sobre la protecci\u00f3n de datos personales - Magyar PEN Club\",\"isPartOf\":{\"@id\":\"https:\\\/\\\/magyarpenclub.hu\\\/es\\\/#website\"},\"primaryImageOfPage\":{\"@id\":\"https:\\\/\\\/magyarpenclub.hu\\\/es\\\/sobre-la-proteccion-de-datos-personales\\\/#primaryimage\"},\"image\":{\"@id\":\"https:\\\/\\\/magyarpenclub.hu\\\/es\\\/sobre-la-proteccion-de-datos-personales\\\/#primaryimage\"},\"thumbnailUrl\":\"https:\\\/\\\/magyarpenclub.hu\\\/wp-content\\\/uploads\\\/2022\\\/05\\\/footer-bg.jpg\",\"datePublished\":\"2022-05-13T21:03:33+00:00\",\"dateModified\":\"2024-02-14T01:50:40+00:00\",\"breadcrumb\":{\"@id\":\"https:\\\/\\\/magyarpenclub.hu\\\/es\\\/sobre-la-proteccion-de-datos-personales\\\/#breadcrumb\"},\"inLanguage\":\"es\",\"potentialAction\":[{\"@type\":\"ReadAction\",\"target\":[\"https:\\\/\\\/magyarpenclub.hu\\\/es\\\/sobre-la-proteccion-de-datos-personales\\\/\"]}]},{\"@type\":\"ImageObject\",\"inLanguage\":\"es\",\"@id\":\"https:\\\/\\\/magyarpenclub.hu\\\/es\\\/sobre-la-proteccion-de-datos-personales\\\/#primaryimage\",\"url\":\"https:\\\/\\\/magyarpenclub.hu\\\/wp-content\\\/uploads\\\/2022\\\/05\\\/footer-bg.jpg\",\"contentUrl\":\"https:\\\/\\\/magyarpenclub.hu\\\/wp-content\\\/uploads\\\/2022\\\/05\\\/footer-bg.jpg\",\"width\":1900,\"height\":1267,\"caption\":\"H\u00e1tt\u00e9r\"},{\"@type\":\"BreadcrumbList\",\"@id\":\"https:\\\/\\\/magyarpenclub.hu\\\/es\\\/sobre-la-proteccion-de-datos-personales\\\/#breadcrumb\",\"itemListElement\":[{\"@type\":\"ListItem\",\"position\":1,\"name\":\"Kezd\u0151lap\",\"item\":\"https:\\\/\\\/magyarpenclub.hu\\\/es\\\/\"},{\"@type\":\"ListItem\",\"position\":2,\"name\":\"Sobre la protecci\u00f3n de datos personales\"}]},{\"@type\":\"WebSite\",\"@id\":\"https:\\\/\\\/magyarpenclub.hu\\\/es\\\/#website\",\"url\":\"https:\\\/\\\/magyarpenclub.hu\\\/es\\\/\",\"name\":\"Magyar PEN Club\",\"description\":\"H\u00edrek, k\u00f6zlem\u00e9nyek, \u00edr\u00e1sok\",\"publisher\":{\"@id\":\"https:\\\/\\\/magyarpenclub.hu\\\/es\\\/#organization\"},\"potentialAction\":[{\"@type\":\"SearchAction\",\"target\":{\"@type\":\"EntryPoint\",\"urlTemplate\":\"https:\\\/\\\/magyarpenclub.hu\\\/es\\\/?s={search_term_string}\"},\"query-input\":{\"@type\":\"PropertyValueSpecification\",\"valueRequired\":true,\"valueName\":\"search_term_string\"}}],\"inLanguage\":\"es\"},{\"@type\":\"Organization\",\"@id\":\"https:\\\/\\\/magyarpenclub.hu\\\/es\\\/#organization\",\"name\":\"Magyar P.E.N. Club\",\"url\":\"https:\\\/\\\/magyarpenclub.hu\\\/es\\\/\",\"logo\":{\"@type\":\"ImageObject\",\"inLanguage\":\"es\",\"@id\":\"https:\\\/\\\/magyarpenclub.hu\\\/es\\\/#\\\/schema\\\/logo\\\/image\\\/\",\"url\":\"https:\\\/\\\/magyarpenclub.hu\\\/wp-content\\\/uploads\\\/2022\\\/08\\\/magyar-pen-club-logo.png\",\"contentUrl\":\"https:\\\/\\\/magyarpenclub.hu\\\/wp-content\\\/uploads\\\/2022\\\/08\\\/magyar-pen-club-logo.png\",\"width\":195,\"height\":195,\"caption\":\"Magyar P.E.N. Club\"},\"image\":{\"@id\":\"https:\\\/\\\/magyarpenclub.hu\\\/es\\\/#\\\/schema\\\/logo\\\/image\\\/\"},\"sameAs\":[\"https:\\\/\\\/www.facebook.com\\\/magyarpenclub\",\"https:\\\/\\\/www.youtube.com\\\/channel\\\/UC8bw1YALHZZJCJ-7bqvlR6Q\"]}]}<\/script>\n<!-- \/ Yoast SEO plugin. -->","yoast_head_json":{"title":"Sobre la protecci\u00f3n de datos personales - Magyar PEN Club","robots":{"index":"index","follow":"follow","max-snippet":"max-snippet:-1","max-image-preview":"max-image-preview:large","max-video-preview":"max-video-preview:-1"},"canonical":"https:\/\/magyarpenclub.hu\/es\/sobre-la-proteccion-de-datos-personales\/","og_locale":"es_ES","og_type":"article","og_title":"Sobre la protecci\u00f3n de datos personales - Magyar PEN Club","og_description":"El Club H\u00fangaro de P.E.N. no divulgar\u00e1 ning\u00fan dato personal obtenido a trav\u00e9s del uso de los sitios web de conformidad con las disposiciones de la Ley H\u00fangara de Protecci\u00f3n de Datos de 2011. CXII. de conformidad con lo dispuesto en la ley. El Club H\u00fangaro de P.E.N. respeta la protecci\u00f3n de los datos personales [&hellip;]","og_url":"https:\/\/magyarpenclub.hu\/es\/sobre-la-proteccion-de-datos-personales\/","og_site_name":"Magyar PEN Club","article_publisher":"https:\/\/www.facebook.com\/magyarpenclub","article_modified_time":"2024-02-14T01:50:40+00:00","og_image":[{"width":1900,"height":1267,"url":"https:\/\/magyarpenclub.hu\/wp-content\/uploads\/2022\/05\/footer-bg.jpg","type":"image\/jpeg"}],"twitter_card":"summary_large_image","twitter_misc":{"Tiempo de lectura":"1 minuto"},"schema":{"@context":"https:\/\/schema.org","@graph":[{"@type":"WebPage","@id":"https:\/\/magyarpenclub.hu\/es\/sobre-la-proteccion-de-datos-personales\/","url":"https:\/\/magyarpenclub.hu\/es\/sobre-la-proteccion-de-datos-personales\/","name":"Sobre la protecci\u00f3n de datos personales - Magyar PEN Club","isPartOf":{"@id":"https:\/\/magyarpenclub.hu\/es\/#website"},"primaryImageOfPage":{"@id":"https:\/\/magyarpenclub.hu\/es\/sobre-la-proteccion-de-datos-personales\/#primaryimage"},"image":{"@id":"https:\/\/magyarpenclub.hu\/es\/sobre-la-proteccion-de-datos-personales\/#primaryimage"},"thumbnailUrl":"https:\/\/magyarpenclub.hu\/wp-content\/uploads\/2022\/05\/footer-bg.jpg","datePublished":"2022-05-13T21:03:33+00:00","dateModified":"2024-02-14T01:50:40+00:00","breadcrumb":{"@id":"https:\/\/magyarpenclub.hu\/es\/sobre-la-proteccion-de-datos-personales\/#breadcrumb"},"inLanguage":"es","potentialAction":[{"@type":"ReadAction","target":["https:\/\/magyarpenclub.hu\/es\/sobre-la-proteccion-de-datos-personales\/"]}]},{"@type":"ImageObject","inLanguage":"es","@id":"https:\/\/magyarpenclub.hu\/es\/sobre-la-proteccion-de-datos-personales\/#primaryimage","url":"https:\/\/magyarpenclub.hu\/wp-content\/uploads\/2022\/05\/footer-bg.jpg","contentUrl":"https:\/\/magyarpenclub.hu\/wp-content\/uploads\/2022\/05\/footer-bg.jpg","width":1900,"height":1267,"caption":"H\u00e1tt\u00e9r"},{"@type":"BreadcrumbList","@id":"https:\/\/magyarpenclub.hu\/es\/sobre-la-proteccion-de-datos-personales\/#breadcrumb","itemListElement":[{"@type":"ListItem","position":1,"name":"Kezd\u0151lap","item":"https:\/\/magyarpenclub.hu\/es\/"},{"@type":"ListItem","position":2,"name":"Sobre la protecci\u00f3n de datos personales"}]},{"@type":"WebSite","@id":"https:\/\/magyarpenclub.hu\/es\/#website","url":"https:\/\/magyarpenclub.hu\/es\/","name":"Magyar PEN Club","description":"H\u00edrek, k\u00f6zlem\u00e9nyek, \u00edr\u00e1sok","publisher":{"@id":"https:\/\/magyarpenclub.hu\/es\/#organization"},"potentialAction":[{"@type":"SearchAction","target":{"@type":"EntryPoint","urlTemplate":"https:\/\/magyarpenclub.hu\/es\/?s={search_term_string}"},"query-input":{"@type":"PropertyValueSpecification","valueRequired":true,"valueName":"search_term_string"}}],"inLanguage":"es"},{"@type":"Organization","@id":"https:\/\/magyarpenclub.hu\/es\/#organization","name":"Magyar P.E.N. Club","url":"https:\/\/magyarpenclub.hu\/es\/","logo":{"@type":"ImageObject","inLanguage":"es","@id":"https:\/\/magyarpenclub.hu\/es\/#\/schema\/logo\/image\/","url":"https:\/\/magyarpenclub.hu\/wp-content\/uploads\/2022\/08\/magyar-pen-club-logo.png","contentUrl":"https:\/\/magyarpenclub.hu\/wp-content\/uploads\/2022\/08\/magyar-pen-club-logo.png","width":195,"height":195,"caption":"Magyar P.E.N. Club"},"image":{"@id":"https:\/\/magyarpenclub.hu\/es\/#\/schema\/logo\/image\/"},"sameAs":["https:\/\/www.facebook.com\/magyarpenclub","https:\/\/www.youtube.com\/channel\/UC8bw1YALHZZJCJ-7bqvlR6Q"]}]}},"_links":{"self":[{"href":"https:\/\/magyarpenclub.hu\/es\/wp-json\/wp\/v2\/pages\/8110","targetHints":{"allow":["GET"]}}],"collection":[{"href":"https:\/\/magyarpenclub.hu\/es\/wp-json\/wp\/v2\/pages"}],"about":[{"href":"https:\/\/magyarpenclub.hu\/es\/wp-json\/wp\/v2\/types\/page"}],"author":[{"embeddable":true,"href":"https:\/\/magyarpenclub.hu\/es\/wp-json\/wp\/v2\/users\/1"}],"replies":[{"embeddable":true,"href":"https:\/\/magyarpenclub.hu\/es\/wp-json\/wp\/v2\/comments?post=8110"}],"version-history":[{"count":0,"href":"https:\/\/magyarpenclub.hu\/es\/wp-json\/wp\/v2\/pages\/8110\/revisions"}],"wp:featuredmedia":[{"embeddable":true,"href":"https:\/\/magyarpenclub.hu\/es\/wp-json\/wp\/v2\/media\/8115"}],"wp:attachment":[{"href":"https:\/\/magyarpenclub.hu\/es\/wp-json\/wp\/v2\/media?parent=8110"}],"curies":[{"name":"wp","href":"https:\/\/api.w.org\/{rel}","templated":true}]}}