{"id":8305,"date":"2022-05-30T13:05:48","date_gmt":"2022-05-30T13:05:48","guid":{"rendered":"https:\/\/magyarpenclub.hu\/normas-sobre-cookies\/"},"modified":"2024-02-14T01:51:00","modified_gmt":"2024-02-14T01:51:00","slug":"normas-sobre-cookies","status":"publish","type":"page","link":"https:\/\/magyarpenclub.hu\/es\/normas-sobre-cookies\/","title":{"rendered":"Normas sobre cookies"},"content":{"rendered":"\t\t<div data-elementor-type=\"wp-page\" data-elementor-id=\"8305\" class=\"elementor elementor-8305 elementor-5131\" data-elementor-post-type=\"page\">\n\t\t\t\t\t\t<section class=\"elementor-section elementor-top-section elementor-element elementor-element-5323dbe elementor-section-boxed elementor-section-height-default elementor-section-height-default\" data-id=\"5323dbe\" data-element_type=\"section\" data-e-type=\"section\">\n\t\t\t\t\t\t<div class=\"elementor-container elementor-column-gap-default\">\n\t\t\t\t\t<div class=\"elementor-column elementor-col-100 elementor-top-column elementor-element elementor-element-d7ee65b\" data-id=\"d7ee65b\" data-element_type=\"column\" data-e-type=\"column\">\n\t\t\t<div class=\"elementor-widget-wrap elementor-element-populated\">\n\t\t\t\t\t\t<div class=\"elementor-element elementor-element-7eb984c1 elementor-widget elementor-widget-text-editor\" data-id=\"7eb984c1\" data-element_type=\"widget\" data-e-type=\"widget\" data-widget_type=\"text-editor.default\">\n\t\t\t\t<div class=\"elementor-widget-container\">\n\t\t\t\t\t\t\t\t\t<p>Cuando utiliza Internet, cada sitio web que visita env\u00eda cookies a su ordenador, que quedan almacenadas en \u00e9l. Nos permiten recuperar algunos de nuestros datos y hacer un seguimiento del uso que hace el usuario de Internet.<\/p>\n<p>Informamos a nuestros visitantes que medimos el n\u00famero de visitas a nuestro sitio web utilizando la tecnolog\u00eda antes mencionada, para lo cual nuestros servidores registran autom\u00e1ticamente los datos que los navegadores env\u00edan al visitar cualquier sitio web (por ejemplo, direcci\u00f3n IP, programa de navegaci\u00f3n utilizado, resoluci\u00f3n de pantalla, etc.), que se almacenan en la base de datos de Google Analytics.<\/p>\n<p>Google utilizar\u00e1 esta informaci\u00f3n para evaluar su uso del sitio web. Google podr\u00e1 transmitir dicha informaci\u00f3n a terceros cuando as\u00ed se lo requiera la legislaci\u00f3n, o cuando dichos terceros procesen la informaci\u00f3n por cuenta de Google.<\/p>\n<p>Al utilizar este sitio web, usted consiente el tratamiento de sus datos en la forma y para los fines arriba indicados.<\/p>\t\t\t\t\t\t\t\t<\/div>\n\t\t\t\t<\/div>\n\t\t\t\t\t<\/div>\n\t\t<\/div>\n\t\t\t\t\t<\/div>\n\t\t<\/section>\n\t\t\t\t<\/div>\n\t\t","protected":false},"excerpt":{"rendered":"<p>Cuando utiliza Internet, cada sitio web que visita env\u00eda cookies a su ordenador, que quedan almacenadas en \u00e9l. Nos permiten recuperar algunos de nuestros datos y hacer un seguimiento del uso que hace el usuario de Internet. Informamos a nuestros visitantes que medimos el n\u00famero de visitas a nuestro sitio web utilizando la tecnolog\u00eda antes [&hellip;]<\/p>\n","protected":false},"author":1,"featured_media":8115,"parent":0,"menu_order":0,"comment_status":"closed","ping_status":"closed","template":"","meta":{"_acf_changed":false,"footnotes":""},"class_list":["post-8305","page","type-page","status-publish","has-post-thumbnail","hentry"],"acf":[],"yoast_head":"<!-- This site is optimized with the Yoast SEO plugin v27.4 - https:\/\/yoast.com\/product\/yoast-seo-wordpress\/ -->\n<title>Normas sobre cookies - Magyar PEN Club<\/title>\n<meta name=\"robots\" content=\"index, follow, max-snippet:-1, max-image-preview:large, max-video-preview:-1\" \/>\n<link rel=\"canonical\" href=\"https:\/\/magyarpenclub.hu\/es\/normas-sobre-cookies\/\" \/>\n<meta property=\"og:locale\" content=\"es_ES\" \/>\n<meta property=\"og:type\" content=\"article\" \/>\n<meta property=\"og:title\" content=\"Normas sobre cookies - Magyar PEN Club\" \/>\n<meta property=\"og:description\" content=\"Cuando utiliza Internet, cada sitio web que visita env\u00eda cookies a su ordenador, que quedan almacenadas en \u00e9l. Nos permiten recuperar algunos de nuestros datos y hacer un seguimiento del uso que hace el usuario de Internet. Informamos a nuestros visitantes que medimos el n\u00famero de visitas a nuestro sitio web utilizando la tecnolog\u00eda antes [&hellip;]\" \/>\n<meta property=\"og:url\" content=\"https:\/\/magyarpenclub.hu\/es\/normas-sobre-cookies\/\" \/>\n<meta property=\"og:site_name\" content=\"Magyar PEN Club\" \/>\n<meta property=\"article:publisher\" content=\"https:\/\/www.facebook.com\/magyarpenclub\" \/>\n<meta property=\"article:modified_time\" content=\"2024-02-14T01:51:00+00:00\" \/>\n<meta property=\"og:image\" content=\"https:\/\/magyarpenclub.hu\/wp-content\/uploads\/2022\/05\/footer-bg.jpg\" \/>\n\t<meta property=\"og:image:width\" content=\"1900\" \/>\n\t<meta property=\"og:image:height\" content=\"1267\" \/>\n\t<meta property=\"og:image:type\" content=\"image\/jpeg\" \/>\n<meta name=\"twitter:card\" content=\"summary_large_image\" \/>\n<meta name=\"twitter:label1\" content=\"Tiempo de lectura\" \/>\n\t<meta name=\"twitter:data1\" content=\"1 minuto\" \/>\n<script type=\"application\/ld+json\" class=\"yoast-schema-graph\">{\"@context\":\"https:\\\/\\\/schema.org\",\"@graph\":[{\"@type\":\"WebPage\",\"@id\":\"https:\\\/\\\/magyarpenclub.hu\\\/es\\\/normas-sobre-cookies\\\/\",\"url\":\"https:\\\/\\\/magyarpenclub.hu\\\/es\\\/normas-sobre-cookies\\\/\",\"name\":\"Normas sobre cookies - Magyar PEN Club\",\"isPartOf\":{\"@id\":\"https:\\\/\\\/magyarpenclub.hu\\\/es\\\/#website\"},\"primaryImageOfPage\":{\"@id\":\"https:\\\/\\\/magyarpenclub.hu\\\/es\\\/normas-sobre-cookies\\\/#primaryimage\"},\"image\":{\"@id\":\"https:\\\/\\\/magyarpenclub.hu\\\/es\\\/normas-sobre-cookies\\\/#primaryimage\"},\"thumbnailUrl\":\"https:\\\/\\\/magyarpenclub.hu\\\/wp-content\\\/uploads\\\/2022\\\/05\\\/footer-bg.jpg\",\"datePublished\":\"2022-05-30T13:05:48+00:00\",\"dateModified\":\"2024-02-14T01:51:00+00:00\",\"breadcrumb\":{\"@id\":\"https:\\\/\\\/magyarpenclub.hu\\\/es\\\/normas-sobre-cookies\\\/#breadcrumb\"},\"inLanguage\":\"es\",\"potentialAction\":[{\"@type\":\"ReadAction\",\"target\":[\"https:\\\/\\\/magyarpenclub.hu\\\/es\\\/normas-sobre-cookies\\\/\"]}]},{\"@type\":\"ImageObject\",\"inLanguage\":\"es\",\"@id\":\"https:\\\/\\\/magyarpenclub.hu\\\/es\\\/normas-sobre-cookies\\\/#primaryimage\",\"url\":\"https:\\\/\\\/magyarpenclub.hu\\\/wp-content\\\/uploads\\\/2022\\\/05\\\/footer-bg.jpg\",\"contentUrl\":\"https:\\\/\\\/magyarpenclub.hu\\\/wp-content\\\/uploads\\\/2022\\\/05\\\/footer-bg.jpg\",\"width\":1900,\"height\":1267,\"caption\":\"H\u00e1tt\u00e9r\"},{\"@type\":\"BreadcrumbList\",\"@id\":\"https:\\\/\\\/magyarpenclub.hu\\\/es\\\/normas-sobre-cookies\\\/#breadcrumb\",\"itemListElement\":[{\"@type\":\"ListItem\",\"position\":1,\"name\":\"Kezd\u0151lap\",\"item\":\"https:\\\/\\\/magyarpenclub.hu\\\/es\\\/\"},{\"@type\":\"ListItem\",\"position\":2,\"name\":\"Normas sobre cookies\"}]},{\"@type\":\"WebSite\",\"@id\":\"https:\\\/\\\/magyarpenclub.hu\\\/es\\\/#website\",\"url\":\"https:\\\/\\\/magyarpenclub.hu\\\/es\\\/\",\"name\":\"Magyar PEN Club\",\"description\":\"H\u00edrek, k\u00f6zlem\u00e9nyek, \u00edr\u00e1sok\",\"publisher\":{\"@id\":\"https:\\\/\\\/magyarpenclub.hu\\\/es\\\/#organization\"},\"potentialAction\":[{\"@type\":\"SearchAction\",\"target\":{\"@type\":\"EntryPoint\",\"urlTemplate\":\"https:\\\/\\\/magyarpenclub.hu\\\/es\\\/?s={search_term_string}\"},\"query-input\":{\"@type\":\"PropertyValueSpecification\",\"valueRequired\":true,\"valueName\":\"search_term_string\"}}],\"inLanguage\":\"es\"},{\"@type\":\"Organization\",\"@id\":\"https:\\\/\\\/magyarpenclub.hu\\\/es\\\/#organization\",\"name\":\"Magyar P.E.N. Club\",\"url\":\"https:\\\/\\\/magyarpenclub.hu\\\/es\\\/\",\"logo\":{\"@type\":\"ImageObject\",\"inLanguage\":\"es\",\"@id\":\"https:\\\/\\\/magyarpenclub.hu\\\/es\\\/#\\\/schema\\\/logo\\\/image\\\/\",\"url\":\"https:\\\/\\\/magyarpenclub.hu\\\/wp-content\\\/uploads\\\/2022\\\/08\\\/magyar-pen-club-logo.png\",\"contentUrl\":\"https:\\\/\\\/magyarpenclub.hu\\\/wp-content\\\/uploads\\\/2022\\\/08\\\/magyar-pen-club-logo.png\",\"width\":195,\"height\":195,\"caption\":\"Magyar P.E.N. Club\"},\"image\":{\"@id\":\"https:\\\/\\\/magyarpenclub.hu\\\/es\\\/#\\\/schema\\\/logo\\\/image\\\/\"},\"sameAs\":[\"https:\\\/\\\/www.facebook.com\\\/magyarpenclub\",\"https:\\\/\\\/www.youtube.com\\\/channel\\\/UC8bw1YALHZZJCJ-7bqvlR6Q\"]}]}<\/script>\n<!-- \/ Yoast SEO plugin. -->","yoast_head_json":{"title":"Normas sobre cookies - Magyar PEN Club","robots":{"index":"index","follow":"follow","max-snippet":"max-snippet:-1","max-image-preview":"max-image-preview:large","max-video-preview":"max-video-preview:-1"},"canonical":"https:\/\/magyarpenclub.hu\/es\/normas-sobre-cookies\/","og_locale":"es_ES","og_type":"article","og_title":"Normas sobre cookies - Magyar PEN Club","og_description":"Cuando utiliza Internet, cada sitio web que visita env\u00eda cookies a su ordenador, que quedan almacenadas en \u00e9l. Nos permiten recuperar algunos de nuestros datos y hacer un seguimiento del uso que hace el usuario de Internet. Informamos a nuestros visitantes que medimos el n\u00famero de visitas a nuestro sitio web utilizando la tecnolog\u00eda antes [&hellip;]","og_url":"https:\/\/magyarpenclub.hu\/es\/normas-sobre-cookies\/","og_site_name":"Magyar PEN Club","article_publisher":"https:\/\/www.facebook.com\/magyarpenclub","article_modified_time":"2024-02-14T01:51:00+00:00","og_image":[{"width":1900,"height":1267,"url":"https:\/\/magyarpenclub.hu\/wp-content\/uploads\/2022\/05\/footer-bg.jpg","type":"image\/jpeg"}],"twitter_card":"summary_large_image","twitter_misc":{"Tiempo de lectura":"1 minuto"},"schema":{"@context":"https:\/\/schema.org","@graph":[{"@type":"WebPage","@id":"https:\/\/magyarpenclub.hu\/es\/normas-sobre-cookies\/","url":"https:\/\/magyarpenclub.hu\/es\/normas-sobre-cookies\/","name":"Normas sobre cookies - Magyar PEN Club","isPartOf":{"@id":"https:\/\/magyarpenclub.hu\/es\/#website"},"primaryImageOfPage":{"@id":"https:\/\/magyarpenclub.hu\/es\/normas-sobre-cookies\/#primaryimage"},"image":{"@id":"https:\/\/magyarpenclub.hu\/es\/normas-sobre-cookies\/#primaryimage"},"thumbnailUrl":"https:\/\/magyarpenclub.hu\/wp-content\/uploads\/2022\/05\/footer-bg.jpg","datePublished":"2022-05-30T13:05:48+00:00","dateModified":"2024-02-14T01:51:00+00:00","breadcrumb":{"@id":"https:\/\/magyarpenclub.hu\/es\/normas-sobre-cookies\/#breadcrumb"},"inLanguage":"es","potentialAction":[{"@type":"ReadAction","target":["https:\/\/magyarpenclub.hu\/es\/normas-sobre-cookies\/"]}]},{"@type":"ImageObject","inLanguage":"es","@id":"https:\/\/magyarpenclub.hu\/es\/normas-sobre-cookies\/#primaryimage","url":"https:\/\/magyarpenclub.hu\/wp-content\/uploads\/2022\/05\/footer-bg.jpg","contentUrl":"https:\/\/magyarpenclub.hu\/wp-content\/uploads\/2022\/05\/footer-bg.jpg","width":1900,"height":1267,"caption":"H\u00e1tt\u00e9r"},{"@type":"BreadcrumbList","@id":"https:\/\/magyarpenclub.hu\/es\/normas-sobre-cookies\/#breadcrumb","itemListElement":[{"@type":"ListItem","position":1,"name":"Kezd\u0151lap","item":"https:\/\/magyarpenclub.hu\/es\/"},{"@type":"ListItem","position":2,"name":"Normas sobre cookies"}]},{"@type":"WebSite","@id":"https:\/\/magyarpenclub.hu\/es\/#website","url":"https:\/\/magyarpenclub.hu\/es\/","name":"Magyar PEN Club","description":"H\u00edrek, k\u00f6zlem\u00e9nyek, \u00edr\u00e1sok","publisher":{"@id":"https:\/\/magyarpenclub.hu\/es\/#organization"},"potentialAction":[{"@type":"SearchAction","target":{"@type":"EntryPoint","urlTemplate":"https:\/\/magyarpenclub.hu\/es\/?s={search_term_string}"},"query-input":{"@type":"PropertyValueSpecification","valueRequired":true,"valueName":"search_term_string"}}],"inLanguage":"es"},{"@type":"Organization","@id":"https:\/\/magyarpenclub.hu\/es\/#organization","name":"Magyar P.E.N. Club","url":"https:\/\/magyarpenclub.hu\/es\/","logo":{"@type":"ImageObject","inLanguage":"es","@id":"https:\/\/magyarpenclub.hu\/es\/#\/schema\/logo\/image\/","url":"https:\/\/magyarpenclub.hu\/wp-content\/uploads\/2022\/08\/magyar-pen-club-logo.png","contentUrl":"https:\/\/magyarpenclub.hu\/wp-content\/uploads\/2022\/08\/magyar-pen-club-logo.png","width":195,"height":195,"caption":"Magyar P.E.N. Club"},"image":{"@id":"https:\/\/magyarpenclub.hu\/es\/#\/schema\/logo\/image\/"},"sameAs":["https:\/\/www.facebook.com\/magyarpenclub","https:\/\/www.youtube.com\/channel\/UC8bw1YALHZZJCJ-7bqvlR6Q"]}]}},"_links":{"self":[{"href":"https:\/\/magyarpenclub.hu\/es\/wp-json\/wp\/v2\/pages\/8305","targetHints":{"allow":["GET"]}}],"collection":[{"href":"https:\/\/magyarpenclub.hu\/es\/wp-json\/wp\/v2\/pages"}],"about":[{"href":"https:\/\/magyarpenclub.hu\/es\/wp-json\/wp\/v2\/types\/page"}],"author":[{"embeddable":true,"href":"https:\/\/magyarpenclub.hu\/es\/wp-json\/wp\/v2\/users\/1"}],"replies":[{"embeddable":true,"href":"https:\/\/magyarpenclub.hu\/es\/wp-json\/wp\/v2\/comments?post=8305"}],"version-history":[{"count":0,"href":"https:\/\/magyarpenclub.hu\/es\/wp-json\/wp\/v2\/pages\/8305\/revisions"}],"wp:featuredmedia":[{"embeddable":true,"href":"https:\/\/magyarpenclub.hu\/es\/wp-json\/wp\/v2\/media\/8115"}],"wp:attachment":[{"href":"https:\/\/magyarpenclub.hu\/es\/wp-json\/wp\/v2\/media?parent=8305"}],"curies":[{"name":"wp","href":"https:\/\/api.w.org\/{rel}","templated":true}]}}