{"id":8322,"date":"2022-09-13T12:16:03","date_gmt":"2022-09-13T12:16:03","guid":{"rendered":"https:\/\/magyarpenclub.hu\/enviar-el-formulario-de-afiliacion\/"},"modified":"2025-03-26T17:17:15","modified_gmt":"2025-03-26T17:17:15","slug":"enviar-el-formulario-de-afiliacion","status":"publish","type":"page","link":"https:\/\/magyarpenclub.hu\/es\/enviar-el-formulario-de-afiliacion\/","title":{"rendered":"Enviar el formulario de afiliaci\u00f3n"},"content":{"rendered":"\t\t<div data-elementor-type=\"wp-page\" data-elementor-id=\"8322\" class=\"elementor elementor-8322 elementor-5446\" data-elementor-post-type=\"page\">\n\t\t\t\t\t\t<section class=\"elementor-section elementor-top-section elementor-element elementor-element-969ce36 elementor-section-boxed elementor-section-height-default elementor-section-height-default\" data-id=\"969ce36\" data-element_type=\"section\" data-e-type=\"section\">\n\t\t\t\t\t\t<div class=\"elementor-container elementor-column-gap-default\">\n\t\t\t\t\t<div class=\"elementor-column elementor-col-100 elementor-top-column elementor-element elementor-element-4ea694bb\" data-id=\"4ea694bb\" data-element_type=\"column\" data-e-type=\"column\">\n\t\t\t<div class=\"elementor-widget-wrap elementor-element-populated\">\n\t\t\t\t\t\t<div class=\"elementor-element elementor-element-513b63f6 elementor-widget elementor-widget-text-editor\" data-id=\"513b63f6\" data-element_type=\"widget\" data-e-type=\"widget\" data-widget_type=\"text-editor.default\">\n\t\t\t\t<div class=\"elementor-widget-container\">\n\t\t\t\t\t\t\t\t\t<p> <\/p>\n<div class=\"wp-block-contact-form-7-contact-form-selector\">\n<div class=\"wpcf7 no-js\" id=\"wpcf7-f8560-o1\" lang=\"es-ES\" dir=\"ltr\" data-wpcf7-id=\"8560\">\n<div class=\"screen-reader-response\"><p role=\"status\" aria-live=\"polite\" aria-atomic=\"true\"><\/p> <ul><\/ul><\/div>\n<form action=\"\/es\/wp-json\/wp\/v2\/pages\/8322#wpcf7-f8560-o1\" method=\"post\" class=\"wpcf7-form init\" aria-label=\"Formulario de contacto\" enctype=\"multipart\/form-data\" novalidate=\"novalidate\" data-status=\"init\">\n<fieldset class=\"hidden-fields-container\"><input type=\"hidden\" name=\"_wpcf7\" value=\"8560\" \/><input type=\"hidden\" name=\"_wpcf7_version\" value=\"6.1.5\" \/><input type=\"hidden\" name=\"_wpcf7_locale\" value=\"es_ES\" \/><input type=\"hidden\" name=\"_wpcf7_unit_tag\" value=\"wpcf7-f8560-o1\" \/><input type=\"hidden\" name=\"_wpcf7_container_post\" value=\"0\" \/><input type=\"hidden\" name=\"_wpcf7_posted_data_hash\" value=\"\" \/><input type=\"hidden\" name=\"_wpcf7_recaptcha_response\" value=\"\" \/>\n<\/fieldset>\n<div class=\"adatok\">\n\t<h3>Datos b\u00e1sicos\n\t<\/h3>\n\t<p><label> Nombre completo* <strong>(Campo obligatorio)<\/strong><br \/>\n<span class=\"wpcf7-form-control-wrap\" data-name=\"your-name\"><input size=\"40\" maxlength=\"400\" class=\"wpcf7-form-control wpcf7-text wpcf7-validates-as-required\" aria-required=\"true\" aria-invalid=\"false\" value=\"\" type=\"text\" name=\"your-name\" \/><\/span> <\/label>\n\t<\/p>\n\t<p><label> T\u00edtulo* (por ejemplo, escritor, poeta, etc.) <strong>(Campo obligatorio)<\/strong><br \/>\n<span class=\"wpcf7-form-control-wrap\" data-name=\"Titulus\"><input size=\"40\" maxlength=\"400\" class=\"wpcf7-form-control wpcf7-text wpcf7-validates-as-required\" aria-required=\"true\" aria-invalid=\"false\" value=\"\" type=\"text\" name=\"Titulus\" \/><\/span> <\/label>\n\t<\/p>\n\t<p><label> A\u00f1o de nacimiento* <strong>(Campo obligatorio)<\/strong><br \/>\n<span class=\"wpcf7-form-control-wrap\" data-name=\"number-378\"><input class=\"wpcf7-form-control wpcf7-number wpcf7-validates-as-required wpcf7-validates-as-number\" min=\"1826\" max=\"2004\" aria-required=\"true\" aria-invalid=\"false\" value=\"\" type=\"number\" name=\"number-378\" \/><\/span> <\/label>\n\t<\/p>\n\t<p><label> Lugar de nacimiento* <strong>(Campo obligatorio)<\/strong><br \/>\n<span class=\"wpcf7-form-control-wrap\" data-name=\"Lugar\"><input size=\"40\" maxlength=\"400\" class=\"wpcf7-form-control wpcf7-text wpcf7-validates-as-required\" aria-required=\"true\" aria-invalid=\"false\" value=\"\" type=\"text\" name=\"Lugar\" \/><\/span> <\/label>\n\t<\/p>\n\t<p><label> Direcci\u00f3n de correo electr\u00f3nico* <em>(no ser\u00e1 visible para el p\u00fablico)<\/em> <strong>(Campo obligatorio)<\/strong><br \/>\n<span class=\"wpcf7-form-control-wrap\" data-name=\"your-email\"><input size=\"40\" maxlength=\"400\" class=\"wpcf7-form-control wpcf7-email wpcf7-validates-as-required wpcf7-text wpcf7-validates-as-email\" aria-required=\"true\" aria-invalid=\"false\" value=\"\" type=\"email\" name=\"your-email\" \/><\/span> <\/label>\n\t<\/p>\n\t<p><label> Mi n\u00famero de tel\u00e9fono <em>(opcional y no ser\u00e1 visible al p\u00fablico si se rellena)<\/em><br \/>\n<span class=\"wpcf7-form-control-wrap\" data-name=\"tel-159\"><input size=\"40\" maxlength=\"400\" class=\"wpcf7-form-control wpcf7-tel wpcf7-text wpcf7-validates-as-tel\" aria-invalid=\"false\" value=\"\" type=\"tel\" name=\"tel-159\" \/><\/span><\/label>\n\t<\/p>\n<\/div>\n<div class=\"egyeb\">\n\t<h3>Otra informaci\u00f3n introductoria\n\t<\/h3>\n\t<p><label> Breve introducci\u00f3n* <em>(entre 300 y 1000 caracteres)<\/em> <strong>(\u00a1Campo obligatorio!)<\/strong><br \/>\n[textarea* Breve introducci\u00f3n] <\/label>\n\t<\/p>\n\t<p><label> Mis fotos de retrato <em>(hasta <strong>10Mbytes de<\/strong> tama\u00f1o y se admiten los formatos <strong>jpg, jpeg, png y webp<\/strong> )<\/em><br \/>\n<span class=\"wpcf7-form-control-wrap\" data-name=\"portre\"><input size=\"40\" class=\"wpcf7-form-control wpcf7-file\" accept=\".jpg,.jpeg,.webp,.png\" aria-invalid=\"false\" type=\"file\" name=\"portre\" \/><\/span> <\/label>\n\t<\/p>\n<\/div>\n<div class=\"linkek\">\n\t<h3>Datos electr\u00f3nicos de contacto\n\t<\/h3>\n\t<p><label> Mi enlace de Facebook (si est\u00e1 disponible)<br \/>\n<span class=\"wpcf7-form-control-wrap\" data-name=\"facebook\"><input size=\"40\" maxlength=\"400\" class=\"wpcf7-form-control wpcf7-url wpcf7-text wpcf7-validates-as-url\" aria-invalid=\"false\" value=\"\" type=\"url\" name=\"facebook\" \/><\/span> <\/label>\n\t<\/p>\n\t<p><label> Enlace Twitter (si est\u00e1 disponible)<br \/>\n<span class=\"wpcf7-form-control-wrap\" data-name=\"twitter\"><input size=\"40\" maxlength=\"400\" class=\"wpcf7-form-control wpcf7-url wpcf7-text wpcf7-validates-as-url\" aria-invalid=\"false\" value=\"\" type=\"url\" name=\"twitter\" \/><\/span> <\/label>\n\t<\/p>\n\t<p><label> Enlace a LinkedIn (si est\u00e1 disponible)<br \/>\n<span class=\"wpcf7-form-control-wrap\" data-name=\"linkedin\"><input size=\"40\" maxlength=\"400\" class=\"wpcf7-form-control wpcf7-url wpcf7-text wpcf7-validates-as-url\" aria-invalid=\"false\" value=\"\" type=\"url\" name=\"linkedin\" \/><\/span> <\/label>\n\t<\/p>\n\t<p><label> La direcci\u00f3n de mi sitio web (si est\u00e1 disponible)<br \/>\n<span class=\"wpcf7-form-control-wrap\" data-name=\"web\"><input size=\"40\" maxlength=\"400\" class=\"wpcf7-form-control wpcf7-url wpcf7-text wpcf7-validates-as-url\" aria-invalid=\"false\" value=\"\" type=\"url\" name=\"web\" \/><\/span> <\/label>\n\t<\/p>\n\t<p><label> El t\u00edtulo de mi p\u00e1gina de Wikipedia (si est\u00e1 disponible)<br \/>\n<span class=\"wpcf7-form-control-wrap\" data-name=\"wiki\"><input size=\"40\" maxlength=\"400\" class=\"wpcf7-form-control wpcf7-url wpcf7-text wpcf7-validates-as-url\" aria-invalid=\"false\" value=\"\" type=\"url\" name=\"wiki\" \/><\/span> <\/label>\n\t<\/p>\n<\/div>\n<p><span class=\"wpcf7-form-control-wrap\" data-name=\"acceptance-718\"><span class=\"wpcf7-form-control wpcf7-acceptance\"><span class=\"wpcf7-list-item\"><label><input type=\"checkbox\" name=\"acceptance-718\" value=\"1\" aria-invalid=\"false\" \/><span class=\"wpcf7-list-item-label\">Al enviar este mensaje, acepta la<a href=\"https:\/\/magyarpenclub.hu\/es\/sobre-la-proteccion-de-datos-personales\/\" target=\"_blank\"> pol\u00edtica de privacidad del Club H\u00fangaro<\/a> de P.E.N. y acepta que sus datos personales se incluyan en la lista de miembros del sitio web del Club P.E.N.<\/span><\/label><\/span><\/span><\/span>\n<\/p>\n<p><input class=\"wpcf7-form-control wpcf7-submit has-spinner\" type=\"submit\" value=\"Enviar\" \/>\n<\/p><div class=\"wpcf7-response-output\" aria-hidden=\"true\"><\/div>\n<\/form>\n<\/div>\n<\/div>\t\t\t\t\t\t\t\t<\/div>\n\t\t\t\t<\/div>\n\t\t\t\t\t<\/div>\n\t\t<\/div>\n\t\t\t\t\t<\/div>\n\t\t<\/section>\n\t\t\t\t<section class=\"elementor-section elementor-top-section elementor-element elementor-element-977417b elementor-section-boxed elementor-section-height-default elementor-section-height-default\" data-id=\"977417b\" data-element_type=\"section\" data-e-type=\"section\">\n\t\t\t\t\t\t<div class=\"elementor-container elementor-column-gap-default\">\n\t\t\t\t\t<div class=\"elementor-column elementor-col-100 elementor-top-column elementor-element elementor-element-2536152\" data-id=\"2536152\" data-element_type=\"column\" data-e-type=\"column\">\n\t\t\t<div class=\"elementor-widget-wrap elementor-element-populated\">\n\t\t\t\t\t\t<div class=\"elementor-element elementor-element-9c33e27 elementor-alert-warning elementor-widget elementor-widget-alert\" data-id=\"9c33e27\" data-element_type=\"widget\" data-e-type=\"widget\" data-widget_type=\"alert.default\">\n\t\t\t\t<div class=\"elementor-widget-container\">\n\t\t\t\t\t\t\t<div class=\"elementor-alert\" role=\"alert\">\n\n\t\t\t\t\t\t<span class=\"elementor-alert-title\">Informaci\u00f3n sobre actualizaciones<\/span>\n\t\t\t\n\t\t\t\t\t\t<span class=\"elementor-alert-description\"><p>Ten en cuenta que los perfiles enviados no se cargan inmediatamente en el sitio web. Las actualizaciones se realizar\u00e1n cada pocos meses, precedidas de una comprobaci\u00f3n de los datos.   <\/p>\n<p>Si por motivos personales o profesionales es importante publicar el formulario lo antes posible, h\u00e1znoslo saber escribiendo a uzenet(at)magyarpenclub.hu. Muchas gracias. <\/p>\n<\/span>\n\t\t\t\n\t\t\t\t\t\t<button type=\"button\" class=\"elementor-alert-dismiss\" aria-label=\"Descartar esta alerta.\">\n\t\t\t\t\t\t\t\t\t<span aria-hidden=\"true\">&times;<\/span>\n\t\t\t\t\t\t\t<\/button>\n\t\t\t\n\t\t<\/div>\n\t\t\t\t\t\t<\/div>\n\t\t\t\t<\/div>\n\t\t\t\t\t<\/div>\n\t\t<\/div>\n\t\t\t\t\t<\/div>\n\t\t<\/section>\n\t\t\t\t<\/div>\n\t\t","protected":false},"excerpt":{"rendered":"<p>Informaci\u00f3n sobre actualizaciones Ten en cuenta que los perfiles enviados no se cargan inmediatamente en el sitio web. Las actualizaciones se realizar\u00e1n cada pocos meses, precedidas de una comprobaci\u00f3n de los datos. Si por motivos personales o profesionales es importante publicar el formulario lo antes posible, h\u00e1znoslo saber escribiendo a uzenet(at)magyarpenclub.hu. Muchas gracias. &times;<\/p>\n","protected":false},"author":1,"featured_media":8325,"parent":0,"menu_order":0,"comment_status":"closed","ping_status":"closed","template":"","meta":{"_acf_changed":false,"footnotes":""},"class_list":["post-8322","page","type-page","status-publish","has-post-thumbnail","hentry"],"acf":[],"yoast_head":"<!-- This site is optimized with the Yoast SEO plugin v27.4 - https:\/\/yoast.com\/product\/yoast-seo-wordpress\/ -->\n<title>Enviar el formulario de afiliaci\u00f3n - Magyar PEN Club<\/title>\n<meta name=\"description\" content=\"Actualizaci\u00f3n de datos para los miembros del Club P.E.N. h\u00fangaro. Pedimos a nuestros afiliados que nos ayuden\" \/>\n<meta name=\"robots\" content=\"index, follow, max-snippet:-1, max-image-preview:large, max-video-preview:-1\" \/>\n<link rel=\"canonical\" href=\"https:\/\/magyarpenclub.hu\/es\/enviar-el-formulario-de-afiliacion\/\" \/>\n<meta property=\"og:locale\" content=\"es_ES\" \/>\n<meta property=\"og:type\" content=\"article\" \/>\n<meta property=\"og:title\" content=\"Enviar el formulario de afiliaci\u00f3n - Magyar PEN Club\" \/>\n<meta property=\"og:description\" content=\"Actualizaci\u00f3n de datos para los miembros del Club P.E.N. h\u00fangaro. Pedimos a nuestros afiliados que nos ayuden\" \/>\n<meta property=\"og:url\" content=\"https:\/\/magyarpenclub.hu\/es\/enviar-el-formulario-de-afiliacion\/\" \/>\n<meta property=\"og:site_name\" content=\"Magyar PEN Club\" \/>\n<meta property=\"article:publisher\" content=\"https:\/\/www.facebook.com\/magyarpenclub\" \/>\n<meta property=\"article:modified_time\" content=\"2025-03-26T17:17:15+00:00\" \/>\n<meta property=\"og:image\" content=\"https:\/\/magyarpenclub.hu\/wp-content\/uploads\/2022\/08\/umbrella-4290155_1920.jpg\" \/>\n\t<meta property=\"og:image:width\" content=\"1920\" \/>\n\t<meta property=\"og:image:height\" content=\"1440\" \/>\n\t<meta property=\"og:image:type\" content=\"image\/jpeg\" \/>\n<meta name=\"twitter:card\" content=\"summary_large_image\" \/>\n<script type=\"application\/ld+json\" class=\"yoast-schema-graph\">{\"@context\":\"https:\\\/\\\/schema.org\",\"@graph\":[{\"@type\":\"WebPage\",\"@id\":\"https:\\\/\\\/magyarpenclub.hu\\\/es\\\/enviar-el-formulario-de-afiliacion\\\/\",\"url\":\"https:\\\/\\\/magyarpenclub.hu\\\/es\\\/enviar-el-formulario-de-afiliacion\\\/\",\"name\":\"Enviar el formulario de afiliaci\u00f3n - Magyar PEN Club\",\"isPartOf\":{\"@id\":\"https:\\\/\\\/magyarpenclub.hu\\\/es\\\/#website\"},\"primaryImageOfPage\":{\"@id\":\"https:\\\/\\\/magyarpenclub.hu\\\/es\\\/enviar-el-formulario-de-afiliacion\\\/#primaryimage\"},\"image\":{\"@id\":\"https:\\\/\\\/magyarpenclub.hu\\\/es\\\/enviar-el-formulario-de-afiliacion\\\/#primaryimage\"},\"thumbnailUrl\":\"https:\\\/\\\/magyarpenclub.hu\\\/wp-content\\\/uploads\\\/2022\\\/08\\\/umbrella-4290155_1920.jpg\",\"datePublished\":\"2022-09-13T12:16:03+00:00\",\"dateModified\":\"2025-03-26T17:17:15+00:00\",\"description\":\"Actualizaci\u00f3n de datos para los miembros del Club P.E.N. h\u00fangaro. Pedimos a nuestros afiliados que nos ayuden\",\"breadcrumb\":{\"@id\":\"https:\\\/\\\/magyarpenclub.hu\\\/es\\\/enviar-el-formulario-de-afiliacion\\\/#breadcrumb\"},\"inLanguage\":\"es\",\"potentialAction\":[{\"@type\":\"ReadAction\",\"target\":[\"https:\\\/\\\/magyarpenclub.hu\\\/es\\\/enviar-el-formulario-de-afiliacion\\\/\"]}]},{\"@type\":\"ImageObject\",\"inLanguage\":\"es\",\"@id\":\"https:\\\/\\\/magyarpenclub.hu\\\/es\\\/enviar-el-formulario-de-afiliacion\\\/#primaryimage\",\"url\":\"https:\\\/\\\/magyarpenclub.hu\\\/wp-content\\\/uploads\\\/2022\\\/08\\\/umbrella-4290155_1920.jpg\",\"contentUrl\":\"https:\\\/\\\/magyarpenclub.hu\\\/wp-content\\\/uploads\\\/2022\\\/08\\\/umbrella-4290155_1920.jpg\",\"width\":1920,\"height\":1440},{\"@type\":\"BreadcrumbList\",\"@id\":\"https:\\\/\\\/magyarpenclub.hu\\\/es\\\/enviar-el-formulario-de-afiliacion\\\/#breadcrumb\",\"itemListElement\":[{\"@type\":\"ListItem\",\"position\":1,\"name\":\"Kezd\u0151lap\",\"item\":\"https:\\\/\\\/magyarpenclub.hu\\\/es\\\/\"},{\"@type\":\"ListItem\",\"position\":2,\"name\":\"Enviar el formulario de afiliaci\u00f3n\"}]},{\"@type\":\"WebSite\",\"@id\":\"https:\\\/\\\/magyarpenclub.hu\\\/es\\\/#website\",\"url\":\"https:\\\/\\\/magyarpenclub.hu\\\/es\\\/\",\"name\":\"Magyar PEN Club\",\"description\":\"H\u00edrek, k\u00f6zlem\u00e9nyek, \u00edr\u00e1sok\",\"publisher\":{\"@id\":\"https:\\\/\\\/magyarpenclub.hu\\\/es\\\/#organization\"},\"potentialAction\":[{\"@type\":\"SearchAction\",\"target\":{\"@type\":\"EntryPoint\",\"urlTemplate\":\"https:\\\/\\\/magyarpenclub.hu\\\/es\\\/?s={search_term_string}\"},\"query-input\":{\"@type\":\"PropertyValueSpecification\",\"valueRequired\":true,\"valueName\":\"search_term_string\"}}],\"inLanguage\":\"es\"},{\"@type\":\"Organization\",\"@id\":\"https:\\\/\\\/magyarpenclub.hu\\\/es\\\/#organization\",\"name\":\"Magyar P.E.N. Club\",\"url\":\"https:\\\/\\\/magyarpenclub.hu\\\/es\\\/\",\"logo\":{\"@type\":\"ImageObject\",\"inLanguage\":\"es\",\"@id\":\"https:\\\/\\\/magyarpenclub.hu\\\/es\\\/#\\\/schema\\\/logo\\\/image\\\/\",\"url\":\"https:\\\/\\\/magyarpenclub.hu\\\/wp-content\\\/uploads\\\/2022\\\/08\\\/magyar-pen-club-logo.png\",\"contentUrl\":\"https:\\\/\\\/magyarpenclub.hu\\\/wp-content\\\/uploads\\\/2022\\\/08\\\/magyar-pen-club-logo.png\",\"width\":195,\"height\":195,\"caption\":\"Magyar P.E.N. Club\"},\"image\":{\"@id\":\"https:\\\/\\\/magyarpenclub.hu\\\/es\\\/#\\\/schema\\\/logo\\\/image\\\/\"},\"sameAs\":[\"https:\\\/\\\/www.facebook.com\\\/magyarpenclub\",\"https:\\\/\\\/www.youtube.com\\\/channel\\\/UC8bw1YALHZZJCJ-7bqvlR6Q\"]}]}<\/script>\n<!-- \/ Yoast SEO plugin. -->","yoast_head_json":{"title":"Enviar el formulario de afiliaci\u00f3n - Magyar PEN Club","description":"Actualizaci\u00f3n de datos para los miembros del Club P.E.N. h\u00fangaro. Pedimos a nuestros afiliados que nos ayuden","robots":{"index":"index","follow":"follow","max-snippet":"max-snippet:-1","max-image-preview":"max-image-preview:large","max-video-preview":"max-video-preview:-1"},"canonical":"https:\/\/magyarpenclub.hu\/es\/enviar-el-formulario-de-afiliacion\/","og_locale":"es_ES","og_type":"article","og_title":"Enviar el formulario de afiliaci\u00f3n - Magyar PEN Club","og_description":"Actualizaci\u00f3n de datos para los miembros del Club P.E.N. h\u00fangaro. Pedimos a nuestros afiliados que nos ayuden","og_url":"https:\/\/magyarpenclub.hu\/es\/enviar-el-formulario-de-afiliacion\/","og_site_name":"Magyar PEN Club","article_publisher":"https:\/\/www.facebook.com\/magyarpenclub","article_modified_time":"2025-03-26T17:17:15+00:00","og_image":[{"width":1920,"height":1440,"url":"https:\/\/magyarpenclub.hu\/wp-content\/uploads\/2022\/08\/umbrella-4290155_1920.jpg","type":"image\/jpeg"}],"twitter_card":"summary_large_image","schema":{"@context":"https:\/\/schema.org","@graph":[{"@type":"WebPage","@id":"https:\/\/magyarpenclub.hu\/es\/enviar-el-formulario-de-afiliacion\/","url":"https:\/\/magyarpenclub.hu\/es\/enviar-el-formulario-de-afiliacion\/","name":"Enviar el formulario de afiliaci\u00f3n - Magyar PEN Club","isPartOf":{"@id":"https:\/\/magyarpenclub.hu\/es\/#website"},"primaryImageOfPage":{"@id":"https:\/\/magyarpenclub.hu\/es\/enviar-el-formulario-de-afiliacion\/#primaryimage"},"image":{"@id":"https:\/\/magyarpenclub.hu\/es\/enviar-el-formulario-de-afiliacion\/#primaryimage"},"thumbnailUrl":"https:\/\/magyarpenclub.hu\/wp-content\/uploads\/2022\/08\/umbrella-4290155_1920.jpg","datePublished":"2022-09-13T12:16:03+00:00","dateModified":"2025-03-26T17:17:15+00:00","description":"Actualizaci\u00f3n de datos para los miembros del Club P.E.N. h\u00fangaro. Pedimos a nuestros afiliados que nos ayuden","breadcrumb":{"@id":"https:\/\/magyarpenclub.hu\/es\/enviar-el-formulario-de-afiliacion\/#breadcrumb"},"inLanguage":"es","potentialAction":[{"@type":"ReadAction","target":["https:\/\/magyarpenclub.hu\/es\/enviar-el-formulario-de-afiliacion\/"]}]},{"@type":"ImageObject","inLanguage":"es","@id":"https:\/\/magyarpenclub.hu\/es\/enviar-el-formulario-de-afiliacion\/#primaryimage","url":"https:\/\/magyarpenclub.hu\/wp-content\/uploads\/2022\/08\/umbrella-4290155_1920.jpg","contentUrl":"https:\/\/magyarpenclub.hu\/wp-content\/uploads\/2022\/08\/umbrella-4290155_1920.jpg","width":1920,"height":1440},{"@type":"BreadcrumbList","@id":"https:\/\/magyarpenclub.hu\/es\/enviar-el-formulario-de-afiliacion\/#breadcrumb","itemListElement":[{"@type":"ListItem","position":1,"name":"Kezd\u0151lap","item":"https:\/\/magyarpenclub.hu\/es\/"},{"@type":"ListItem","position":2,"name":"Enviar el formulario de afiliaci\u00f3n"}]},{"@type":"WebSite","@id":"https:\/\/magyarpenclub.hu\/es\/#website","url":"https:\/\/magyarpenclub.hu\/es\/","name":"Magyar PEN Club","description":"H\u00edrek, k\u00f6zlem\u00e9nyek, \u00edr\u00e1sok","publisher":{"@id":"https:\/\/magyarpenclub.hu\/es\/#organization"},"potentialAction":[{"@type":"SearchAction","target":{"@type":"EntryPoint","urlTemplate":"https:\/\/magyarpenclub.hu\/es\/?s={search_term_string}"},"query-input":{"@type":"PropertyValueSpecification","valueRequired":true,"valueName":"search_term_string"}}],"inLanguage":"es"},{"@type":"Organization","@id":"https:\/\/magyarpenclub.hu\/es\/#organization","name":"Magyar P.E.N. Club","url":"https:\/\/magyarpenclub.hu\/es\/","logo":{"@type":"ImageObject","inLanguage":"es","@id":"https:\/\/magyarpenclub.hu\/es\/#\/schema\/logo\/image\/","url":"https:\/\/magyarpenclub.hu\/wp-content\/uploads\/2022\/08\/magyar-pen-club-logo.png","contentUrl":"https:\/\/magyarpenclub.hu\/wp-content\/uploads\/2022\/08\/magyar-pen-club-logo.png","width":195,"height":195,"caption":"Magyar P.E.N. Club"},"image":{"@id":"https:\/\/magyarpenclub.hu\/es\/#\/schema\/logo\/image\/"},"sameAs":["https:\/\/www.facebook.com\/magyarpenclub","https:\/\/www.youtube.com\/channel\/UC8bw1YALHZZJCJ-7bqvlR6Q"]}]}},"_links":{"self":[{"href":"https:\/\/magyarpenclub.hu\/es\/wp-json\/wp\/v2\/pages\/8322","targetHints":{"allow":["GET"]}}],"collection":[{"href":"https:\/\/magyarpenclub.hu\/es\/wp-json\/wp\/v2\/pages"}],"about":[{"href":"https:\/\/magyarpenclub.hu\/es\/wp-json\/wp\/v2\/types\/page"}],"author":[{"embeddable":true,"href":"https:\/\/magyarpenclub.hu\/es\/wp-json\/wp\/v2\/users\/1"}],"replies":[{"embeddable":true,"href":"https:\/\/magyarpenclub.hu\/es\/wp-json\/wp\/v2\/comments?post=8322"}],"version-history":[{"count":0,"href":"https:\/\/magyarpenclub.hu\/es\/wp-json\/wp\/v2\/pages\/8322\/revisions"}],"wp:featuredmedia":[{"embeddable":true,"href":"https:\/\/magyarpenclub.hu\/es\/wp-json\/wp\/v2\/media\/8325"}],"wp:attachment":[{"href":"https:\/\/magyarpenclub.hu\/es\/wp-json\/wp\/v2\/media?parent=8322"}],"curies":[{"name":"wp","href":"https:\/\/api.w.org\/{rel}","templated":true}]}}