{"id":7062,"date":"2022-09-13T12:16:03","date_gmt":"2022-09-13T12:16:03","guid":{"rendered":"https:\/\/magyarpenclub.hu\/soumettre-le-formulaire-dadhesion\/"},"modified":"2025-03-14T09:39:12","modified_gmt":"2025-03-14T09:39:12","slug":"soumettre-le-formulaire-dadhesion","status":"publish","type":"page","link":"https:\/\/magyarpenclub.hu\/fr\/soumettre-le-formulaire-dadhesion\/","title":{"rendered":"Soumettre le formulaire d&rsquo;adh\u00e9sion"},"content":{"rendered":"\t\t<div data-elementor-type=\"wp-page\" data-elementor-id=\"7062\" class=\"elementor elementor-7062 elementor-5446\" data-elementor-post-type=\"page\">\n\t\t\t\t\t\t<section class=\"elementor-section elementor-top-section elementor-element elementor-element-969ce36 elementor-section-boxed elementor-section-height-default elementor-section-height-default\" data-id=\"969ce36\" data-element_type=\"section\" data-e-type=\"section\">\n\t\t\t\t\t\t<div class=\"elementor-container elementor-column-gap-default\">\n\t\t\t\t\t<div class=\"elementor-column elementor-col-100 elementor-top-column elementor-element elementor-element-4ea694bb\" data-id=\"4ea694bb\" data-element_type=\"column\" data-e-type=\"column\">\n\t\t\t<div class=\"elementor-widget-wrap elementor-element-populated\">\n\t\t\t\t\t\t<div class=\"elementor-element elementor-element-513b63f6 elementor-widget elementor-widget-text-editor\" data-id=\"513b63f6\" data-element_type=\"widget\" data-e-type=\"widget\" data-widget_type=\"text-editor.default\">\n\t\t\t\t<div class=\"elementor-widget-container\">\n\t\t\t\t\t\t\t\t\t<p> <\/p>\n<div class=\"wp-block-contact-form-7-contact-form-selector\">\n<div class=\"wpcf7 no-js\" id=\"wpcf7-f8634-o1\" lang=\"fr-FR\" dir=\"ltr\" data-wpcf7-id=\"8634\">\n<div class=\"screen-reader-response\"><p role=\"status\" aria-live=\"polite\" aria-atomic=\"true\"><\/p> <ul><\/ul><\/div>\n<form action=\"\/fr\/wp-json\/wp\/v2\/pages\/7062#wpcf7-f8634-o1\" method=\"post\" class=\"wpcf7-form init\" aria-label=\"Formulaire de contact\" enctype=\"multipart\/form-data\" novalidate=\"novalidate\" data-status=\"init\">\n<fieldset class=\"hidden-fields-container\"><input type=\"hidden\" name=\"_wpcf7\" value=\"8634\" \/><input type=\"hidden\" name=\"_wpcf7_version\" value=\"6.1.5\" \/><input type=\"hidden\" name=\"_wpcf7_locale\" value=\"fr_FR\" \/><input type=\"hidden\" name=\"_wpcf7_unit_tag\" value=\"wpcf7-f8634-o1\" \/><input type=\"hidden\" name=\"_wpcf7_container_post\" value=\"0\" \/><input type=\"hidden\" name=\"_wpcf7_posted_data_hash\" value=\"\" \/><input type=\"hidden\" name=\"_wpcf7_recaptcha_response\" value=\"\" \/>\n<\/fieldset>\n<div class=\"adatok\">\n\t<h3>Donn\u00e9es de base\n\t<\/h3>\n\t<p><label> Nom complet* <strong>(Champ obligatoire !)<\/strong><br \/>\n<span class=\"wpcf7-form-control-wrap\" data-name=\"your-name\"><input size=\"40\" maxlength=\"400\" class=\"wpcf7-form-control wpcf7-text wpcf7-validates-as-required\" aria-required=\"true\" aria-invalid=\"false\" value=\"\" type=\"text\" name=\"your-name\" \/><\/span> <\/label>\n\t<\/p>\n\t<p><label> Titre* (par exemple, \u00e9crivain, po\u00e8te, etc.) <strong>(Champ obligatoire !)<\/strong><br \/>\n<span class=\"wpcf7-form-control-wrap\" data-name=\"Titulus\"><input size=\"40\" maxlength=\"400\" class=\"wpcf7-form-control wpcf7-text wpcf7-validates-as-required\" aria-required=\"true\" aria-invalid=\"false\" value=\"\" type=\"text\" name=\"Titulus\" \/><\/span> <\/label>\n\t<\/p>\n\t<p><label> Ann\u00e9e de naissance* <strong>(Champ obligatoire !)<\/strong><br \/>\n<span class=\"wpcf7-form-control-wrap\" data-name=\"number-378\"><input class=\"wpcf7-form-control wpcf7-number wpcf7-validates-as-required wpcf7-validates-as-number\" min=\"1826\" max=\"2004\" aria-required=\"true\" aria-invalid=\"false\" value=\"\" type=\"number\" name=\"number-378\" \/><\/span> <\/label>\n\t<\/p>\n\t<p><label> Lieu de naissance* <strong>(Champ obligatoire !)<\/strong><br \/>\n<span class=\"wpcf7-form-control-wrap\" data-name=\"Lieu\"><input size=\"40\" maxlength=\"400\" class=\"wpcf7-form-control wpcf7-text wpcf7-validates-as-required\" aria-required=\"true\" aria-invalid=\"false\" value=\"\" type=\"text\" name=\"Lieu\" \/><\/span> <\/label>\n\t<\/p>\n\t<p><label> Adresse \u00e9lectronique* <em>(ne sera pas visible par le public)<\/em> <strong>(Champ obligatoire !)<\/strong><br \/>\n<span class=\"wpcf7-form-control-wrap\" data-name=\"your-email\"><input size=\"40\" maxlength=\"400\" class=\"wpcf7-form-control wpcf7-email wpcf7-validates-as-required wpcf7-text wpcf7-validates-as-email\" aria-required=\"true\" aria-invalid=\"false\" value=\"\" type=\"email\" name=\"your-email\" \/><\/span> <\/label>\n\t<\/p>\n\t<p><label> Mon num\u00e9ro de t\u00e9l\u00e9phone <em>(facultatif et non visible par le public s&rsquo;il est renseign\u00e9)<\/em><br \/>\n<span class=\"wpcf7-form-control-wrap\" data-name=\"tel-159\"><input size=\"40\" maxlength=\"400\" class=\"wpcf7-form-control wpcf7-tel wpcf7-text wpcf7-validates-as-tel\" aria-invalid=\"false\" value=\"\" type=\"tel\" name=\"tel-159\" \/><\/span><\/label>\n\t<\/p>\n<\/div>\n<div class=\"egyeb\">\n\t<h3>Autres informations introductives\n\t<\/h3>\n\t<p><label> Br\u00e8ve introduction* <em>(entre 300 et 1000 caract\u00e8res<\/em> ) <strong>(Champ obligatoire !)<\/strong><br \/>\n[textarea* Br\u00e8ve introduction] <\/label>\n\t<\/p>\n\t<p><label> Mes photos de portrait <em>(taille maximale<\/em> de <em> <strong>10 Mo<\/strong> et formats <strong>jpg, jpeg, png et webp<\/strong> autoris\u00e9s)<\/em><br \/>\n<span class=\"wpcf7-form-control-wrap\" data-name=\"portre\"><input size=\"40\" class=\"wpcf7-form-control wpcf7-file\" accept=\".jpg,.jpeg,.webp,.png\" aria-invalid=\"false\" type=\"file\" name=\"portre\" \/><\/span> <\/label>\n\t<\/p>\n<\/div>\n<div class=\"linkek\">\n\t<h3>Coordonn\u00e9es \u00e9lectroniques\n\t<\/h3>\n\t<p><label> Mon lien Facebook (si disponible)<br \/>\n<span class=\"wpcf7-form-control-wrap\" data-name=\"facebook\"><input size=\"40\" maxlength=\"400\" class=\"wpcf7-form-control wpcf7-url wpcf7-text wpcf7-validates-as-url\" aria-invalid=\"false\" value=\"\" type=\"url\" name=\"facebook\" \/><\/span> <\/label>\n\t<\/p>\n\t<p><label> Lien Twitter (si disponible)<br \/>\n<span class=\"wpcf7-form-control-wrap\" data-name=\"twitter\"><input size=\"40\" maxlength=\"400\" class=\"wpcf7-form-control wpcf7-url wpcf7-text wpcf7-validates-as-url\" aria-invalid=\"false\" value=\"\" type=\"url\" name=\"twitter\" \/><\/span> <\/label>\n\t<\/p>\n\t<p><label> Lien LinkedIn (si disponible)<br \/>\n<span class=\"wpcf7-form-control-wrap\" data-name=\"linkedin\"><input size=\"40\" maxlength=\"400\" class=\"wpcf7-form-control wpcf7-url wpcf7-text wpcf7-validates-as-url\" aria-invalid=\"false\" value=\"\" type=\"url\" name=\"linkedin\" \/><\/span> <\/label>\n\t<\/p>\n\t<p><label> L&rsquo;adresse de mon site web (si disponible)<br \/>\n<span class=\"wpcf7-form-control-wrap\" data-name=\"web\"><input size=\"40\" maxlength=\"400\" class=\"wpcf7-form-control wpcf7-url wpcf7-text wpcf7-validates-as-url\" aria-invalid=\"false\" value=\"\" type=\"url\" name=\"web\" \/><\/span> <\/label>\n\t<\/p>\n\t<p><label> Titre de ma page Wikip\u00e9dia (si disponible)<br \/>\n<span class=\"wpcf7-form-control-wrap\" data-name=\"wiki\"><input size=\"40\" maxlength=\"400\" class=\"wpcf7-form-control wpcf7-url wpcf7-text wpcf7-validates-as-url\" aria-invalid=\"false\" value=\"\" type=\"url\" name=\"wiki\" \/><\/span> <\/label>\n\t<\/p>\n<\/div>\n<p><span class=\"wpcf7-form-control-wrap\" data-name=\"acceptance-718\"><span class=\"wpcf7-form-control wpcf7-acceptance\"><span class=\"wpcf7-list-item\"><label><input type=\"checkbox\" name=\"acceptance-718\" value=\"1\" aria-invalid=\"false\" \/><span class=\"wpcf7-list-item-label\">En envoyant ce message, vous acceptez la<a href=\"https:\/\/magyarpenclub.hu\/fr\/sur-la-protection-des-donnees-personnelles\/\" target=\"_blank\"> politique de confidentialit\u00e9 du Club P.E.N. hongrois<\/a> et consentez \u00e0 ce que vos donn\u00e9es personnelles soient incluses dans la liste des membres du site web du Club P.E.N..<\/span><\/label><\/span><\/span><\/span>\n<\/p>\n<p><input class=\"wpcf7-form-control wpcf7-submit has-spinner\" type=\"submit\" value=\"Envoyer\" \/>\n<\/p><div class=\"wpcf7-response-output\" aria-hidden=\"true\"><\/div>\n<\/form>\n<\/div>\n<\/div>\t\t\t\t\t\t\t\t<\/div>\n\t\t\t\t<\/div>\n\t\t\t\t\t<\/div>\n\t\t<\/div>\n\t\t\t\t\t<\/div>\n\t\t<\/section>\n\t\t\t\t<section class=\"elementor-section elementor-top-section elementor-element elementor-element-977417b elementor-section-boxed elementor-section-height-default elementor-section-height-default\" data-id=\"977417b\" data-element_type=\"section\" data-e-type=\"section\">\n\t\t\t\t\t\t<div class=\"elementor-container elementor-column-gap-default\">\n\t\t\t\t\t<div class=\"elementor-column elementor-col-100 elementor-top-column elementor-element elementor-element-2536152\" data-id=\"2536152\" data-element_type=\"column\" data-e-type=\"column\">\n\t\t\t<div class=\"elementor-widget-wrap elementor-element-populated\">\n\t\t\t\t\t\t<div class=\"elementor-element elementor-element-9c33e27 elementor-alert-warning elementor-widget elementor-widget-alert\" data-id=\"9c33e27\" data-element_type=\"widget\" data-e-type=\"widget\" data-widget_type=\"alert.default\">\n\t\t\t\t<div class=\"elementor-widget-container\">\n\t\t\t\t\t\t\t<div class=\"elementor-alert\" role=\"alert\">\n\n\t\t\t\t\t\t<span class=\"elementor-alert-title\">Informations sur les mises \u00e0 jour<\/span>\n\t\t\t\n\t\t\t\t\t\t<span class=\"elementor-alert-description\"><p>Veuillez noter que les profils soumis ne sont pas imm\u00e9diatement t\u00e9l\u00e9charg\u00e9s sur le site web. Des mises \u00e0 jour seront effectu\u00e9es tous les deux mois, pr\u00e9c\u00e9d\u00e9es d'une v\u00e9rification des donn\u00e9es.   <\/p>\n<p>S'il est important, pour des raisons personnelles ou professionnelles, de publier le formulaire le plus rapidement possible, veuillez nous en informer en \u00e9crivant \u00e0 uzenet(at)magyarpenclub.hu. Nous vous remercions de votre attention. <\/p>\n<\/span>\n\t\t\t\n\t\t\t\t\t\t<button type=\"button\" class=\"elementor-alert-dismiss\" aria-label=\"Ignorer cette alerte.\">\n\t\t\t\t\t\t\t\t\t<span aria-hidden=\"true\">&times;<\/span>\n\t\t\t\t\t\t\t<\/button>\n\t\t\t\n\t\t<\/div>\n\t\t\t\t\t\t<\/div>\n\t\t\t\t<\/div>\n\t\t\t\t\t<\/div>\n\t\t<\/div>\n\t\t\t\t\t<\/div>\n\t\t<\/section>\n\t\t\t\t<\/div>\n\t\t","protected":false},"excerpt":{"rendered":"<p>Informations sur les mises \u00e0 jour Veuillez noter que les profils soumis ne sont pas imm\u00e9diatement t\u00e9l\u00e9charg\u00e9s sur le site web. Des mises \u00e0 jour seront effectu\u00e9es tous les deux mois, pr\u00e9c\u00e9d\u00e9es d&rsquo;une v\u00e9rification des donn\u00e9es. S&rsquo;il est important, pour des raisons personnelles ou professionnelles, de publier le formulaire le plus rapidement possible, veuillez nous [&hellip;]<\/p>\n","protected":false},"author":1,"featured_media":6682,"parent":0,"menu_order":0,"comment_status":"closed","ping_status":"closed","template":"","meta":{"_acf_changed":false,"footnotes":""},"class_list":["post-7062","page","type-page","status-publish","has-post-thumbnail","hentry"],"acf":[],"yoast_head":"<!-- This site is optimized with the Yoast SEO plugin v27.4 - https:\/\/yoast.com\/product\/yoast-seo-wordpress\/ -->\n<title>Soumettre le formulaire d&#039;adh\u00e9sion - Magyar PEN Club<\/title>\n<meta name=\"description\" content=\"Mise \u00e0 jour des donn\u00e9es pour les membres du Club P.E.N. hongrois. Nous demandons \u00e0 nos membres de nous aider !\" \/>\n<meta name=\"robots\" content=\"index, follow, max-snippet:-1, max-image-preview:large, max-video-preview:-1\" \/>\n<link rel=\"canonical\" href=\"https:\/\/magyarpenclub.hu\/fr\/soumettre-le-formulaire-dadhesion\/\" \/>\n<meta property=\"og:locale\" content=\"fr_FR\" \/>\n<meta property=\"og:type\" content=\"article\" \/>\n<meta property=\"og:title\" content=\"Soumettre le formulaire d&#039;adh\u00e9sion - Magyar PEN Club\" \/>\n<meta property=\"og:description\" content=\"Mise \u00e0 jour des donn\u00e9es pour les membres du Club P.E.N. hongrois. Nous demandons \u00e0 nos membres de nous aider !\" \/>\n<meta property=\"og:url\" content=\"https:\/\/magyarpenclub.hu\/fr\/soumettre-le-formulaire-dadhesion\/\" \/>\n<meta property=\"og:site_name\" content=\"Magyar PEN Club\" \/>\n<meta property=\"article:publisher\" content=\"https:\/\/www.facebook.com\/magyarpenclub\" \/>\n<meta property=\"article:modified_time\" content=\"2025-03-14T09:39:12+00:00\" \/>\n<meta property=\"og:image\" content=\"https:\/\/magyarpenclub.hu\/wp-content\/uploads\/2022\/08\/umbrella-4290155_1920.jpg\" \/>\n\t<meta property=\"og:image:width\" content=\"1920\" \/>\n\t<meta property=\"og:image:height\" content=\"1440\" \/>\n\t<meta property=\"og:image:type\" content=\"image\/jpeg\" \/>\n<meta name=\"twitter:card\" content=\"summary_large_image\" \/>\n<script type=\"application\/ld+json\" class=\"yoast-schema-graph\">{\"@context\":\"https:\\\/\\\/schema.org\",\"@graph\":[{\"@type\":\"WebPage\",\"@id\":\"https:\\\/\\\/magyarpenclub.hu\\\/fr\\\/soumettre-le-formulaire-dadhesion\\\/\",\"url\":\"https:\\\/\\\/magyarpenclub.hu\\\/fr\\\/soumettre-le-formulaire-dadhesion\\\/\",\"name\":\"Soumettre le formulaire d'adh\u00e9sion - Magyar PEN Club\",\"isPartOf\":{\"@id\":\"https:\\\/\\\/magyarpenclub.hu\\\/fr\\\/#website\"},\"primaryImageOfPage\":{\"@id\":\"https:\\\/\\\/magyarpenclub.hu\\\/fr\\\/soumettre-le-formulaire-dadhesion\\\/#primaryimage\"},\"image\":{\"@id\":\"https:\\\/\\\/magyarpenclub.hu\\\/fr\\\/soumettre-le-formulaire-dadhesion\\\/#primaryimage\"},\"thumbnailUrl\":\"https:\\\/\\\/magyarpenclub.hu\\\/wp-content\\\/uploads\\\/2022\\\/08\\\/umbrella-4290155_1920.jpg\",\"datePublished\":\"2022-09-13T12:16:03+00:00\",\"dateModified\":\"2025-03-14T09:39:12+00:00\",\"description\":\"Mise \u00e0 jour des donn\u00e9es pour les membres du Club P.E.N. hongrois. Nous demandons \u00e0 nos membres de nous aider !\",\"breadcrumb\":{\"@id\":\"https:\\\/\\\/magyarpenclub.hu\\\/fr\\\/soumettre-le-formulaire-dadhesion\\\/#breadcrumb\"},\"inLanguage\":\"fr-FR\",\"potentialAction\":[{\"@type\":\"ReadAction\",\"target\":[\"https:\\\/\\\/magyarpenclub.hu\\\/fr\\\/soumettre-le-formulaire-dadhesion\\\/\"]}]},{\"@type\":\"ImageObject\",\"inLanguage\":\"fr-FR\",\"@id\":\"https:\\\/\\\/magyarpenclub.hu\\\/fr\\\/soumettre-le-formulaire-dadhesion\\\/#primaryimage\",\"url\":\"https:\\\/\\\/magyarpenclub.hu\\\/wp-content\\\/uploads\\\/2022\\\/08\\\/umbrella-4290155_1920.jpg\",\"contentUrl\":\"https:\\\/\\\/magyarpenclub.hu\\\/wp-content\\\/uploads\\\/2022\\\/08\\\/umbrella-4290155_1920.jpg\",\"width\":1920,\"height\":1440},{\"@type\":\"BreadcrumbList\",\"@id\":\"https:\\\/\\\/magyarpenclub.hu\\\/fr\\\/soumettre-le-formulaire-dadhesion\\\/#breadcrumb\",\"itemListElement\":[{\"@type\":\"ListItem\",\"position\":1,\"name\":\"Kezd\u0151lap\",\"item\":\"https:\\\/\\\/magyarpenclub.hu\\\/fr\\\/\"},{\"@type\":\"ListItem\",\"position\":2,\"name\":\"Soumettre le formulaire d&rsquo;adh\u00e9sion\"}]},{\"@type\":\"WebSite\",\"@id\":\"https:\\\/\\\/magyarpenclub.hu\\\/fr\\\/#website\",\"url\":\"https:\\\/\\\/magyarpenclub.hu\\\/fr\\\/\",\"name\":\"Magyar PEN Club\",\"description\":\"H\u00edrek, k\u00f6zlem\u00e9nyek, \u00edr\u00e1sok\",\"publisher\":{\"@id\":\"https:\\\/\\\/magyarpenclub.hu\\\/fr\\\/#organization\"},\"potentialAction\":[{\"@type\":\"SearchAction\",\"target\":{\"@type\":\"EntryPoint\",\"urlTemplate\":\"https:\\\/\\\/magyarpenclub.hu\\\/fr\\\/?s={search_term_string}\"},\"query-input\":{\"@type\":\"PropertyValueSpecification\",\"valueRequired\":true,\"valueName\":\"search_term_string\"}}],\"inLanguage\":\"fr-FR\"},{\"@type\":\"Organization\",\"@id\":\"https:\\\/\\\/magyarpenclub.hu\\\/fr\\\/#organization\",\"name\":\"Magyar P.E.N. Club\",\"url\":\"https:\\\/\\\/magyarpenclub.hu\\\/fr\\\/\",\"logo\":{\"@type\":\"ImageObject\",\"inLanguage\":\"fr-FR\",\"@id\":\"https:\\\/\\\/magyarpenclub.hu\\\/fr\\\/#\\\/schema\\\/logo\\\/image\\\/\",\"url\":\"https:\\\/\\\/magyarpenclub.hu\\\/wp-content\\\/uploads\\\/2022\\\/08\\\/magyar-pen-club-logo.png\",\"contentUrl\":\"https:\\\/\\\/magyarpenclub.hu\\\/wp-content\\\/uploads\\\/2022\\\/08\\\/magyar-pen-club-logo.png\",\"width\":195,\"height\":195,\"caption\":\"Magyar P.E.N. Club\"},\"image\":{\"@id\":\"https:\\\/\\\/magyarpenclub.hu\\\/fr\\\/#\\\/schema\\\/logo\\\/image\\\/\"},\"sameAs\":[\"https:\\\/\\\/www.facebook.com\\\/magyarpenclub\",\"https:\\\/\\\/www.youtube.com\\\/channel\\\/UC8bw1YALHZZJCJ-7bqvlR6Q\"]}]}<\/script>\n<!-- \/ Yoast SEO plugin. -->","yoast_head_json":{"title":"Soumettre le formulaire d'adh\u00e9sion - Magyar PEN Club","description":"Mise \u00e0 jour des donn\u00e9es pour les membres du Club P.E.N. hongrois. Nous demandons \u00e0 nos membres de nous aider !","robots":{"index":"index","follow":"follow","max-snippet":"max-snippet:-1","max-image-preview":"max-image-preview:large","max-video-preview":"max-video-preview:-1"},"canonical":"https:\/\/magyarpenclub.hu\/fr\/soumettre-le-formulaire-dadhesion\/","og_locale":"fr_FR","og_type":"article","og_title":"Soumettre le formulaire d'adh\u00e9sion - Magyar PEN Club","og_description":"Mise \u00e0 jour des donn\u00e9es pour les membres du Club P.E.N. hongrois. Nous demandons \u00e0 nos membres de nous aider !","og_url":"https:\/\/magyarpenclub.hu\/fr\/soumettre-le-formulaire-dadhesion\/","og_site_name":"Magyar PEN Club","article_publisher":"https:\/\/www.facebook.com\/magyarpenclub","article_modified_time":"2025-03-14T09:39:12+00:00","og_image":[{"width":1920,"height":1440,"url":"https:\/\/magyarpenclub.hu\/wp-content\/uploads\/2022\/08\/umbrella-4290155_1920.jpg","type":"image\/jpeg"}],"twitter_card":"summary_large_image","schema":{"@context":"https:\/\/schema.org","@graph":[{"@type":"WebPage","@id":"https:\/\/magyarpenclub.hu\/fr\/soumettre-le-formulaire-dadhesion\/","url":"https:\/\/magyarpenclub.hu\/fr\/soumettre-le-formulaire-dadhesion\/","name":"Soumettre le formulaire d'adh\u00e9sion - Magyar PEN Club","isPartOf":{"@id":"https:\/\/magyarpenclub.hu\/fr\/#website"},"primaryImageOfPage":{"@id":"https:\/\/magyarpenclub.hu\/fr\/soumettre-le-formulaire-dadhesion\/#primaryimage"},"image":{"@id":"https:\/\/magyarpenclub.hu\/fr\/soumettre-le-formulaire-dadhesion\/#primaryimage"},"thumbnailUrl":"https:\/\/magyarpenclub.hu\/wp-content\/uploads\/2022\/08\/umbrella-4290155_1920.jpg","datePublished":"2022-09-13T12:16:03+00:00","dateModified":"2025-03-14T09:39:12+00:00","description":"Mise \u00e0 jour des donn\u00e9es pour les membres du Club P.E.N. hongrois. Nous demandons \u00e0 nos membres de nous aider !","breadcrumb":{"@id":"https:\/\/magyarpenclub.hu\/fr\/soumettre-le-formulaire-dadhesion\/#breadcrumb"},"inLanguage":"fr-FR","potentialAction":[{"@type":"ReadAction","target":["https:\/\/magyarpenclub.hu\/fr\/soumettre-le-formulaire-dadhesion\/"]}]},{"@type":"ImageObject","inLanguage":"fr-FR","@id":"https:\/\/magyarpenclub.hu\/fr\/soumettre-le-formulaire-dadhesion\/#primaryimage","url":"https:\/\/magyarpenclub.hu\/wp-content\/uploads\/2022\/08\/umbrella-4290155_1920.jpg","contentUrl":"https:\/\/magyarpenclub.hu\/wp-content\/uploads\/2022\/08\/umbrella-4290155_1920.jpg","width":1920,"height":1440},{"@type":"BreadcrumbList","@id":"https:\/\/magyarpenclub.hu\/fr\/soumettre-le-formulaire-dadhesion\/#breadcrumb","itemListElement":[{"@type":"ListItem","position":1,"name":"Kezd\u0151lap","item":"https:\/\/magyarpenclub.hu\/fr\/"},{"@type":"ListItem","position":2,"name":"Soumettre le formulaire d&rsquo;adh\u00e9sion"}]},{"@type":"WebSite","@id":"https:\/\/magyarpenclub.hu\/fr\/#website","url":"https:\/\/magyarpenclub.hu\/fr\/","name":"Magyar PEN Club","description":"H\u00edrek, k\u00f6zlem\u00e9nyek, \u00edr\u00e1sok","publisher":{"@id":"https:\/\/magyarpenclub.hu\/fr\/#organization"},"potentialAction":[{"@type":"SearchAction","target":{"@type":"EntryPoint","urlTemplate":"https:\/\/magyarpenclub.hu\/fr\/?s={search_term_string}"},"query-input":{"@type":"PropertyValueSpecification","valueRequired":true,"valueName":"search_term_string"}}],"inLanguage":"fr-FR"},{"@type":"Organization","@id":"https:\/\/magyarpenclub.hu\/fr\/#organization","name":"Magyar P.E.N. Club","url":"https:\/\/magyarpenclub.hu\/fr\/","logo":{"@type":"ImageObject","inLanguage":"fr-FR","@id":"https:\/\/magyarpenclub.hu\/fr\/#\/schema\/logo\/image\/","url":"https:\/\/magyarpenclub.hu\/wp-content\/uploads\/2022\/08\/magyar-pen-club-logo.png","contentUrl":"https:\/\/magyarpenclub.hu\/wp-content\/uploads\/2022\/08\/magyar-pen-club-logo.png","width":195,"height":195,"caption":"Magyar P.E.N. Club"},"image":{"@id":"https:\/\/magyarpenclub.hu\/fr\/#\/schema\/logo\/image\/"},"sameAs":["https:\/\/www.facebook.com\/magyarpenclub","https:\/\/www.youtube.com\/channel\/UC8bw1YALHZZJCJ-7bqvlR6Q"]}]}},"_links":{"self":[{"href":"https:\/\/magyarpenclub.hu\/fr\/wp-json\/wp\/v2\/pages\/7062","targetHints":{"allow":["GET"]}}],"collection":[{"href":"https:\/\/magyarpenclub.hu\/fr\/wp-json\/wp\/v2\/pages"}],"about":[{"href":"https:\/\/magyarpenclub.hu\/fr\/wp-json\/wp\/v2\/types\/page"}],"author":[{"embeddable":true,"href":"https:\/\/magyarpenclub.hu\/fr\/wp-json\/wp\/v2\/users\/1"}],"replies":[{"embeddable":true,"href":"https:\/\/magyarpenclub.hu\/fr\/wp-json\/wp\/v2\/comments?post=7062"}],"version-history":[{"count":0,"href":"https:\/\/magyarpenclub.hu\/fr\/wp-json\/wp\/v2\/pages\/7062\/revisions"}],"wp:featuredmedia":[{"embeddable":true,"href":"https:\/\/magyarpenclub.hu\/fr\/wp-json\/wp\/v2\/media\/6682"}],"wp:attachment":[{"href":"https:\/\/magyarpenclub.hu\/fr\/wp-json\/wp\/v2\/media?parent=7062"}],"curies":[{"name":"wp","href":"https:\/\/api.w.org\/{rel}","templated":true}]}}