{"id":8021,"date":"1970-01-01T00:00:00","date_gmt":"1970-01-01T00:00:00","guid":{"rendered":"https:\/\/magyarpenclub.hu\/termek\/alberto-mondadori-un-chant-de-colere-et-damour-pour-la-hongrie\/"},"modified":"2024-02-14T01:50:12","modified_gmt":"2024-02-14T01:50:12","slug":"alberto-mondadori-un-chant-de-colere-et-damour-pour-la-hongrie","status":"publish","type":"product","link":"https:\/\/magyarpenclub.hu\/fr\/produit\/alberto-mondadori-un-chant-de-colere-et-damour-pour-la-hongrie\/","title":{"rendered":"Alberto Mondadori : Un chant de col\u00e8re et d&rsquo;amour pour la Hongrie"},"content":{"rendered":"\t\t<div data-elementor-type=\"product-post\" data-elementor-id=\"8021\" class=\"elementor elementor-8021 elementor-3565\" data-elementor-post-type=\"product\">\n\t\t\t\t\t\t<section class=\"elementor-section elementor-top-section elementor-element elementor-element-4ddd559 elementor-section-boxed elementor-section-height-default elementor-section-height-default\" data-id=\"4ddd559\" data-element_type=\"section\" data-e-type=\"section\">\n\t\t\t\t\t\t<div class=\"elementor-container elementor-column-gap-wide\">\n\t\t\t\t\t<div class=\"elementor-column elementor-col-100 elementor-top-column elementor-element elementor-element-250f13b\" data-id=\"250f13b\" data-element_type=\"column\" data-e-type=\"column\">\n\t\t\t<div class=\"elementor-widget-wrap elementor-element-populated\">\n\t\t\t\t\t\t<div class=\"elementor-element elementor-element-ec331b0 elementor-widget elementor-widget-heading\" data-id=\"ec331b0\" data-element_type=\"widget\" data-e-type=\"widget\" data-widget_type=\"heading.default\">\n\t\t\t\t<div class=\"elementor-widget-container\">\n\t\t\t\t\t<h5 class=\"elementor-heading-title elementor-size-default\">Alberto Mondadori : Un chant de col\u00e8re et d&rsquo;amour pour la Hongrie<\/h5>\t\t\t\t<\/div>\n\t\t\t\t<\/div>\n\t\t\t\t<div class=\"elementor-element elementor-element-ad271ec elementor-widget elementor-widget-spacer\" data-id=\"ad271ec\" data-element_type=\"widget\" data-e-type=\"widget\" data-widget_type=\"spacer.default\">\n\t\t\t\t<div class=\"elementor-widget-container\">\n\t\t\t\t\t\t\t<div class=\"elementor-spacer\">\n\t\t\t<div class=\"elementor-spacer-inner\"><\/div>\n\t\t<\/div>\n\t\t\t\t\t\t<\/div>\n\t\t\t\t<\/div>\n\t\t\t\t<div class=\"elementor-element elementor-element-471bb2b elementor-widget elementor-widget-text-editor\" data-id=\"471bb2b\" data-element_type=\"widget\" data-e-type=\"widget\" data-widget_type=\"text-editor.default\">\n\t\t\t\t<div class=\"elementor-widget-container\">\n\t\t\t\t\t\t\t\t\t<p>Traduit et \u00e9dit\u00e9 par Endre Szk\u00e1rosi<\/p>\n\t\t\t\t\t\t\t\t<\/div>\n\t\t\t\t<\/div>\n\t\t\t\t<div class=\"elementor-element elementor-element-e4c30cf elementor-widget elementor-widget-spacer\" data-id=\"e4c30cf\" data-element_type=\"widget\" data-e-type=\"widget\" data-widget_type=\"spacer.default\">\n\t\t\t\t<div class=\"elementor-widget-container\">\n\t\t\t\t\t\t\t<div class=\"elementor-spacer\">\n\t\t\t<div class=\"elementor-spacer-inner\"><\/div>\n\t\t<\/div>\n\t\t\t\t\t\t<\/div>\n\t\t\t\t<\/div>\n\t\t\t\t<div class=\"elementor-element elementor-element-12e2e36 elementor-widget elementor-widget-heading\" data-id=\"12e2e36\" data-element_type=\"widget\" data-e-type=\"widget\" data-widget_type=\"heading.default\">\n\t\t\t\t<div class=\"elementor-widget-container\">\n\t\t\t\t\t<h5 class=\"elementor-heading-title elementor-size-default\">Revue de livres<\/h5>\t\t\t\t<\/div>\n\t\t\t\t<\/div>\n\t\t\t\t<div class=\"elementor-element elementor-element-90efeec elementor-widget elementor-widget-spacer\" data-id=\"90efeec\" data-element_type=\"widget\" data-e-type=\"widget\" data-widget_type=\"spacer.default\">\n\t\t\t\t<div class=\"elementor-widget-container\">\n\t\t\t\t\t\t\t<div class=\"elementor-spacer\">\n\t\t\t<div class=\"elementor-spacer-inner\"><\/div>\n\t\t<\/div>\n\t\t\t\t\t\t<\/div>\n\t\t\t\t<\/div>\n\t\t\t\t<div class=\"elementor-element elementor-element-de3b24b elementor-widget elementor-widget-text-editor\" data-id=\"de3b24b\" data-element_type=\"widget\" data-e-type=\"widget\" data-widget_type=\"text-editor.default\">\n\t\t\t\t<div class=\"elementor-widget-container\">\n\t\t\t\t\t\t\t\t\t<p>La r\u00e9volution hongroise de 1956 fait l&rsquo;objet d&rsquo;une tr\u00e8s importante litt\u00e9rature italienne. Le fils du fondateur d&rsquo;une c\u00e9l\u00e8bre maison d&rsquo;\u00e9dition italienne a consacr\u00e9 un vaste cycle de po\u00e8mes aux h\u00e9ros de la r\u00e9volution hongroise, dont le public hongrois n&rsquo;a eu connaissance qu&rsquo;apr\u00e8s la chute du communisme.<\/p>\n\t\t\t\t\t\t\t\t<\/div>\n\t\t\t\t<\/div>\n\t\t\t\t<div class=\"elementor-element elementor-element-ab0091c elementor-widget elementor-widget-spacer\" data-id=\"ab0091c\" data-element_type=\"widget\" data-e-type=\"widget\" data-widget_type=\"spacer.default\">\n\t\t\t\t<div class=\"elementor-widget-container\">\n\t\t\t\t\t\t\t<div class=\"elementor-spacer\">\n\t\t\t<div class=\"elementor-spacer-inner\"><\/div>\n\t\t<\/div>\n\t\t\t\t\t\t<\/div>\n\t\t\t\t<\/div>\n\t\t\t\t<div class=\"elementor-element elementor-element-78c1b81 elementor-widget elementor-widget-heading\" data-id=\"78c1b81\" data-element_type=\"widget\" data-e-type=\"widget\" data-widget_type=\"heading.default\">\n\t\t\t\t<div class=\"elementor-widget-container\">\n\t\t\t\t\t<h5 class=\"elementor-heading-title elementor-size-default\">Autres donn\u00e9es<\/h5>\t\t\t\t<\/div>\n\t\t\t\t<\/div>\n\t\t\t\t<div class=\"elementor-element elementor-element-02ce37a elementor-widget elementor-widget-spacer\" data-id=\"02ce37a\" data-element_type=\"widget\" data-e-type=\"widget\" data-widget_type=\"spacer.default\">\n\t\t\t\t<div class=\"elementor-widget-container\">\n\t\t\t\t\t\t\t<div class=\"elementor-spacer\">\n\t\t\t<div class=\"elementor-spacer-inner\"><\/div>\n\t\t<\/div>\n\t\t\t\t\t\t<\/div>\n\t\t\t\t<\/div>\n\t\t\t\t<div class=\"elementor-element elementor-element-a696dbb elementor-widget elementor-widget-text-editor\" data-id=\"a696dbb\" data-element_type=\"widget\" data-e-type=\"widget\" data-widget_type=\"text-editor.default\">\n\t\t\t\t<div class=\"elementor-widget-container\">\n\t\t\t\t\t\t\t\t\t<ul>\n<li>PEN Club hongrois, 2017.<\/li>\n<li>140 pages, livre reli\u00e9<\/li>\n<\/ul>\n\t\t\t\t\t\t\t\t<\/div>\n\t\t\t\t<\/div>\n\t\t\t\t\t<\/div>\n\t\t<\/div>\n\t\t\t\t\t<\/div>\n\t\t<\/section>\n\t\t\t\t<\/div>\n\t\t","protected":false},"excerpt":{"rendered":"<div class=\"woocommerce-product-details__short-description\">\n<p>La r\u00e9volution hongroise de 1956 fait l&rsquo;objet d&rsquo;une tr\u00e8s importante litt\u00e9rature italienne. Le fils du fondateur d&rsquo;une c\u00e9l\u00e8bre maison d&rsquo;\u00e9dition italienne a consacr\u00e9 un vaste cycle de po\u00e8mes aux h\u00e9ros de la r\u00e9volution hongroise, dont le public hongrois n&rsquo;a eu connaissance qu&rsquo;apr\u00e8s la chute du communisme.<\/p>\n<\/div>\n","protected":false},"featured_media":6343,"comment_status":"open","ping_status":"closed","template":"","meta":{"_acf_changed":false},"product_brand":[],"product_cat":[225],"product_tag":[436],"class_list":{"0":"post-8021","1":"product","2":"type-product","3":"status-publish","4":"has-post-thumbnail","6":"product_cat-livre","7":"product_tag-poeme","9":"first","10":"instock","11":"shipping-taxable","12":"purchasable","13":"product-type-simple"},"acf":[],"yoast_head":"<!-- This site is optimized with the Yoast SEO plugin v27.4 - https:\/\/yoast.com\/product\/yoast-seo-wordpress\/ -->\n<title>Alberto Mondadori : Un chant de col\u00e8re et d&#039;amour pour la Hongrie - Magyar PEN Club<\/title>\n<meta name=\"robots\" content=\"index, follow, max-snippet:-1, max-image-preview:large, max-video-preview:-1\" \/>\n<link rel=\"canonical\" href=\"https:\/\/magyarpenclub.hu\/fr\/produit\/alberto-mondadori-un-chant-de-colere-et-damour-pour-la-hongrie\/\" \/>\n<meta property=\"og:locale\" content=\"fr_FR\" \/>\n<meta property=\"og:type\" content=\"article\" \/>\n<meta property=\"og:title\" content=\"Alberto Mondadori : Un chant de col\u00e8re et d&#039;amour pour la Hongrie - Magyar PEN Club\" \/>\n<meta property=\"og:description\" content=\"La r\u00e9volution hongroise de 1956 fait l&#039;objet d&#039;une tr\u00e8s importante litt\u00e9rature italienne. Le fils du fondateur d&#039;une c\u00e9l\u00e8bre maison d&#039;\u00e9dition italienne a consacr\u00e9 un vaste cycle de po\u00e8mes aux h\u00e9ros de la r\u00e9volution hongroise, dont le public hongrois n&#039;a eu connaissance qu&#039;apr\u00e8s la chute du communisme.\" \/>\n<meta property=\"og:url\" content=\"https:\/\/magyarpenclub.hu\/fr\/produit\/alberto-mondadori-un-chant-de-colere-et-damour-pour-la-hongrie\/\" \/>\n<meta property=\"og:site_name\" content=\"Magyar PEN Club\" \/>\n<meta property=\"article:publisher\" content=\"https:\/\/www.facebook.com\/magyarpenclub\" \/>\n<meta property=\"article:modified_time\" content=\"2024-02-14T01:50:12+00:00\" \/>\n<meta property=\"og:image\" content=\"https:\/\/magyarpenclub.hu\/wp-content\/uploads\/2022\/05\/alberto-mondado-a-harag-es-a-szeretet-eneke-magyarorszagert.png\" \/>\n\t<meta property=\"og:image:width\" content=\"1920\" \/>\n\t<meta property=\"og:image:height\" content=\"1440\" \/>\n\t<meta property=\"og:image:type\" content=\"image\/png\" \/>\n<meta name=\"twitter:card\" content=\"summary_large_image\" \/>\n<script type=\"application\/ld+json\" class=\"yoast-schema-graph\">{\"@context\":\"https:\\\/\\\/schema.org\",\"@graph\":[{\"@type\":\"WebPage\",\"@id\":\"https:\\\/\\\/magyarpenclub.hu\\\/fr\\\/produit\\\/alberto-mondadori-un-chant-de-colere-et-damour-pour-la-hongrie\\\/\",\"url\":\"https:\\\/\\\/magyarpenclub.hu\\\/fr\\\/produit\\\/alberto-mondadori-un-chant-de-colere-et-damour-pour-la-hongrie\\\/\",\"name\":\"Alberto Mondadori : Un chant de col\u00e8re et d'amour pour la Hongrie - Magyar PEN Club\",\"isPartOf\":{\"@id\":\"https:\\\/\\\/magyarpenclub.hu\\\/fr\\\/#website\"},\"primaryImageOfPage\":{\"@id\":\"https:\\\/\\\/magyarpenclub.hu\\\/fr\\\/produit\\\/alberto-mondadori-un-chant-de-colere-et-damour-pour-la-hongrie\\\/#primaryimage\"},\"image\":{\"@id\":\"https:\\\/\\\/magyarpenclub.hu\\\/fr\\\/produit\\\/alberto-mondadori-un-chant-de-colere-et-damour-pour-la-hongrie\\\/#primaryimage\"},\"thumbnailUrl\":\"https:\\\/\\\/magyarpenclub.hu\\\/wp-content\\\/uploads\\\/2022\\\/05\\\/alberto-mondado-a-harag-es-a-szeretet-eneke-magyarorszagert.png\",\"datePublished\":\"1970-01-01T00:00:00+00:00\",\"dateModified\":\"2024-02-14T01:50:12+00:00\",\"breadcrumb\":{\"@id\":\"https:\\\/\\\/magyarpenclub.hu\\\/fr\\\/produit\\\/alberto-mondadori-un-chant-de-colere-et-damour-pour-la-hongrie\\\/#breadcrumb\"},\"inLanguage\":\"fr-FR\",\"potentialAction\":[{\"@type\":\"ReadAction\",\"target\":[\"https:\\\/\\\/magyarpenclub.hu\\\/fr\\\/produit\\\/alberto-mondadori-un-chant-de-colere-et-damour-pour-la-hongrie\\\/\"]}]},{\"@type\":\"ImageObject\",\"inLanguage\":\"fr-FR\",\"@id\":\"https:\\\/\\\/magyarpenclub.hu\\\/fr\\\/produit\\\/alberto-mondadori-un-chant-de-colere-et-damour-pour-la-hongrie\\\/#primaryimage\",\"url\":\"https:\\\/\\\/magyarpenclub.hu\\\/wp-content\\\/uploads\\\/2022\\\/05\\\/alberto-mondado-a-harag-es-a-szeretet-eneke-magyarorszagert.png\",\"contentUrl\":\"https:\\\/\\\/magyarpenclub.hu\\\/wp-content\\\/uploads\\\/2022\\\/05\\\/alberto-mondado-a-harag-es-a-szeretet-eneke-magyarorszagert.png\",\"width\":1920,\"height\":1440},{\"@type\":\"BreadcrumbList\",\"@id\":\"https:\\\/\\\/magyarpenclub.hu\\\/fr\\\/produit\\\/alberto-mondadori-un-chant-de-colere-et-damour-pour-la-hongrie\\\/#breadcrumb\",\"itemListElement\":[{\"@type\":\"ListItem\",\"position\":1,\"name\":\"Kezd\u0151lap\",\"item\":\"https:\\\/\\\/magyarpenclub.hu\\\/fr\\\/\"},{\"@type\":\"ListItem\",\"position\":2,\"name\":\"Boutique\",\"item\":\"https:\\\/\\\/magyarpenclub.hu\\\/bolt\\\/\"},{\"@type\":\"ListItem\",\"position\":3,\"name\":\"Alberto Mondadori : Un chant de col\u00e8re et d&rsquo;amour pour la Hongrie\"}]},{\"@type\":\"WebSite\",\"@id\":\"https:\\\/\\\/magyarpenclub.hu\\\/fr\\\/#website\",\"url\":\"https:\\\/\\\/magyarpenclub.hu\\\/fr\\\/\",\"name\":\"Magyar PEN Club\",\"description\":\"H\u00edrek, k\u00f6zlem\u00e9nyek, \u00edr\u00e1sok\",\"publisher\":{\"@id\":\"https:\\\/\\\/magyarpenclub.hu\\\/fr\\\/#organization\"},\"potentialAction\":[{\"@type\":\"SearchAction\",\"target\":{\"@type\":\"EntryPoint\",\"urlTemplate\":\"https:\\\/\\\/magyarpenclub.hu\\\/fr\\\/?s={search_term_string}\"},\"query-input\":{\"@type\":\"PropertyValueSpecification\",\"valueRequired\":true,\"valueName\":\"search_term_string\"}}],\"inLanguage\":\"fr-FR\"},{\"@type\":\"Organization\",\"@id\":\"https:\\\/\\\/magyarpenclub.hu\\\/fr\\\/#organization\",\"name\":\"Magyar P.E.N. Club\",\"url\":\"https:\\\/\\\/magyarpenclub.hu\\\/fr\\\/\",\"logo\":{\"@type\":\"ImageObject\",\"inLanguage\":\"fr-FR\",\"@id\":\"https:\\\/\\\/magyarpenclub.hu\\\/fr\\\/#\\\/schema\\\/logo\\\/image\\\/\",\"url\":\"https:\\\/\\\/magyarpenclub.hu\\\/wp-content\\\/uploads\\\/2022\\\/08\\\/magyar-pen-club-logo.png\",\"contentUrl\":\"https:\\\/\\\/magyarpenclub.hu\\\/wp-content\\\/uploads\\\/2022\\\/08\\\/magyar-pen-club-logo.png\",\"width\":195,\"height\":195,\"caption\":\"Magyar P.E.N. Club\"},\"image\":{\"@id\":\"https:\\\/\\\/magyarpenclub.hu\\\/fr\\\/#\\\/schema\\\/logo\\\/image\\\/\"},\"sameAs\":[\"https:\\\/\\\/www.facebook.com\\\/magyarpenclub\",\"https:\\\/\\\/www.youtube.com\\\/channel\\\/UC8bw1YALHZZJCJ-7bqvlR6Q\"]}]}<\/script>\n<!-- \/ Yoast SEO plugin. -->","yoast_head_json":{"title":"Alberto Mondadori : Un chant de col\u00e8re et d'amour pour la Hongrie - Magyar PEN Club","robots":{"index":"index","follow":"follow","max-snippet":"max-snippet:-1","max-image-preview":"max-image-preview:large","max-video-preview":"max-video-preview:-1"},"canonical":"https:\/\/magyarpenclub.hu\/fr\/produit\/alberto-mondadori-un-chant-de-colere-et-damour-pour-la-hongrie\/","og_locale":"fr_FR","og_type":"article","og_title":"Alberto Mondadori : Un chant de col\u00e8re et d'amour pour la Hongrie - Magyar PEN Club","og_description":"La r\u00e9volution hongroise de 1956 fait l'objet d'une tr\u00e8s importante litt\u00e9rature italienne. Le fils du fondateur d'une c\u00e9l\u00e8bre maison d'\u00e9dition italienne a consacr\u00e9 un vaste cycle de po\u00e8mes aux h\u00e9ros de la r\u00e9volution hongroise, dont le public hongrois n'a eu connaissance qu'apr\u00e8s la chute du communisme.","og_url":"https:\/\/magyarpenclub.hu\/fr\/produit\/alberto-mondadori-un-chant-de-colere-et-damour-pour-la-hongrie\/","og_site_name":"Magyar PEN Club","article_publisher":"https:\/\/www.facebook.com\/magyarpenclub","article_modified_time":"2024-02-14T01:50:12+00:00","og_image":[{"width":1920,"height":1440,"url":"https:\/\/magyarpenclub.hu\/wp-content\/uploads\/2022\/05\/alberto-mondado-a-harag-es-a-szeretet-eneke-magyarorszagert.png","type":"image\/png"}],"twitter_card":"summary_large_image","schema":{"@context":"https:\/\/schema.org","@graph":[{"@type":"WebPage","@id":"https:\/\/magyarpenclub.hu\/fr\/produit\/alberto-mondadori-un-chant-de-colere-et-damour-pour-la-hongrie\/","url":"https:\/\/magyarpenclub.hu\/fr\/produit\/alberto-mondadori-un-chant-de-colere-et-damour-pour-la-hongrie\/","name":"Alberto Mondadori : Un chant de col\u00e8re et d'amour pour la Hongrie - Magyar PEN Club","isPartOf":{"@id":"https:\/\/magyarpenclub.hu\/fr\/#website"},"primaryImageOfPage":{"@id":"https:\/\/magyarpenclub.hu\/fr\/produit\/alberto-mondadori-un-chant-de-colere-et-damour-pour-la-hongrie\/#primaryimage"},"image":{"@id":"https:\/\/magyarpenclub.hu\/fr\/produit\/alberto-mondadori-un-chant-de-colere-et-damour-pour-la-hongrie\/#primaryimage"},"thumbnailUrl":"https:\/\/magyarpenclub.hu\/wp-content\/uploads\/2022\/05\/alberto-mondado-a-harag-es-a-szeretet-eneke-magyarorszagert.png","datePublished":"1970-01-01T00:00:00+00:00","dateModified":"2024-02-14T01:50:12+00:00","breadcrumb":{"@id":"https:\/\/magyarpenclub.hu\/fr\/produit\/alberto-mondadori-un-chant-de-colere-et-damour-pour-la-hongrie\/#breadcrumb"},"inLanguage":"fr-FR","potentialAction":[{"@type":"ReadAction","target":["https:\/\/magyarpenclub.hu\/fr\/produit\/alberto-mondadori-un-chant-de-colere-et-damour-pour-la-hongrie\/"]}]},{"@type":"ImageObject","inLanguage":"fr-FR","@id":"https:\/\/magyarpenclub.hu\/fr\/produit\/alberto-mondadori-un-chant-de-colere-et-damour-pour-la-hongrie\/#primaryimage","url":"https:\/\/magyarpenclub.hu\/wp-content\/uploads\/2022\/05\/alberto-mondado-a-harag-es-a-szeretet-eneke-magyarorszagert.png","contentUrl":"https:\/\/magyarpenclub.hu\/wp-content\/uploads\/2022\/05\/alberto-mondado-a-harag-es-a-szeretet-eneke-magyarorszagert.png","width":1920,"height":1440},{"@type":"BreadcrumbList","@id":"https:\/\/magyarpenclub.hu\/fr\/produit\/alberto-mondadori-un-chant-de-colere-et-damour-pour-la-hongrie\/#breadcrumb","itemListElement":[{"@type":"ListItem","position":1,"name":"Kezd\u0151lap","item":"https:\/\/magyarpenclub.hu\/fr\/"},{"@type":"ListItem","position":2,"name":"Boutique","item":"https:\/\/magyarpenclub.hu\/bolt\/"},{"@type":"ListItem","position":3,"name":"Alberto Mondadori : Un chant de col\u00e8re et d&rsquo;amour pour la Hongrie"}]},{"@type":"WebSite","@id":"https:\/\/magyarpenclub.hu\/fr\/#website","url":"https:\/\/magyarpenclub.hu\/fr\/","name":"Magyar PEN Club","description":"H\u00edrek, k\u00f6zlem\u00e9nyek, \u00edr\u00e1sok","publisher":{"@id":"https:\/\/magyarpenclub.hu\/fr\/#organization"},"potentialAction":[{"@type":"SearchAction","target":{"@type":"EntryPoint","urlTemplate":"https:\/\/magyarpenclub.hu\/fr\/?s={search_term_string}"},"query-input":{"@type":"PropertyValueSpecification","valueRequired":true,"valueName":"search_term_string"}}],"inLanguage":"fr-FR"},{"@type":"Organization","@id":"https:\/\/magyarpenclub.hu\/fr\/#organization","name":"Magyar P.E.N. Club","url":"https:\/\/magyarpenclub.hu\/fr\/","logo":{"@type":"ImageObject","inLanguage":"fr-FR","@id":"https:\/\/magyarpenclub.hu\/fr\/#\/schema\/logo\/image\/","url":"https:\/\/magyarpenclub.hu\/wp-content\/uploads\/2022\/08\/magyar-pen-club-logo.png","contentUrl":"https:\/\/magyarpenclub.hu\/wp-content\/uploads\/2022\/08\/magyar-pen-club-logo.png","width":195,"height":195,"caption":"Magyar P.E.N. Club"},"image":{"@id":"https:\/\/magyarpenclub.hu\/fr\/#\/schema\/logo\/image\/"},"sameAs":["https:\/\/www.facebook.com\/magyarpenclub","https:\/\/www.youtube.com\/channel\/UC8bw1YALHZZJCJ-7bqvlR6Q"]}]}},"_links":{"self":[{"href":"https:\/\/magyarpenclub.hu\/fr\/wp-json\/wp\/v2\/product\/8021","targetHints":{"allow":["GET"]}}],"collection":[{"href":"https:\/\/magyarpenclub.hu\/fr\/wp-json\/wp\/v2\/product"}],"about":[{"href":"https:\/\/magyarpenclub.hu\/fr\/wp-json\/wp\/v2\/types\/product"}],"replies":[{"embeddable":true,"href":"https:\/\/magyarpenclub.hu\/fr\/wp-json\/wp\/v2\/comments?post=8021"}],"version-history":[{"count":0,"href":"https:\/\/magyarpenclub.hu\/fr\/wp-json\/wp\/v2\/product\/8021\/revisions"}],"wp:featuredmedia":[{"embeddable":true,"href":"https:\/\/magyarpenclub.hu\/fr\/wp-json\/wp\/v2\/media\/6343"}],"wp:attachment":[{"href":"https:\/\/magyarpenclub.hu\/fr\/wp-json\/wp\/v2\/media?parent=8021"}],"wp:term":[{"taxonomy":"product_brand","embeddable":true,"href":"https:\/\/magyarpenclub.hu\/fr\/wp-json\/wp\/v2\/product_brand?post=8021"},{"taxonomy":"product_cat","embeddable":true,"href":"https:\/\/magyarpenclub.hu\/fr\/wp-json\/wp\/v2\/product_cat?post=8021"},{"taxonomy":"product_tag","embeddable":true,"href":"https:\/\/magyarpenclub.hu\/fr\/wp-json\/wp\/v2\/product_tag?post=8021"}],"curies":[{"name":"wp","href":"https:\/\/api.w.org\/{rel}","templated":true}]}}