{"id":8048,"date":"2022-05-15T17:28:54","date_gmt":"2022-05-15T17:28:54","guid":{"rendered":"https:\/\/magyarpenclub.hu\/termek\/haim-dotan-rain-drops-rain-drops\/"},"modified":"2024-02-14T01:50:12","modified_gmt":"2024-02-14T01:50:12","slug":"haim-dotan-rain-drops-rain-drops","status":"publish","type":"product","link":"https:\/\/magyarpenclub.hu\/fr\/produit\/haim-dotan-rain-drops-rain-drops\/","title":{"rendered":"Haim Dotan Rain Drops &#8211; Rain Drops"},"content":{"rendered":"\t\t<div data-elementor-type=\"product-post\" data-elementor-id=\"8048\" class=\"elementor elementor-8048 elementor-3526\" data-elementor-post-type=\"product\">\n\t\t\t\t\t\t<section class=\"elementor-section elementor-top-section elementor-element elementor-element-e3bcc11 elementor-section-boxed elementor-section-height-default elementor-section-height-default\" data-id=\"e3bcc11\" data-element_type=\"section\" data-e-type=\"section\">\n\t\t\t\t\t\t<div class=\"elementor-container elementor-column-gap-wide\">\n\t\t\t\t\t<div class=\"elementor-column elementor-col-100 elementor-top-column elementor-element elementor-element-fcb3db1\" data-id=\"fcb3db1\" data-element_type=\"column\" data-e-type=\"column\">\n\t\t\t<div class=\"elementor-widget-wrap elementor-element-populated\">\n\t\t\t\t\t\t<div class=\"elementor-element elementor-element-c907803 elementor-widget elementor-widget-heading\" data-id=\"c907803\" data-element_type=\"widget\" data-e-type=\"widget\" data-widget_type=\"heading.default\">\n\t\t\t\t<div class=\"elementor-widget-container\">\n\t\t\t\t\t<h5 class=\"elementor-heading-title elementor-size-default\">Haim Dotan Rain Drops &#8211; Rain Drops<\/h5>\t\t\t\t<\/div>\n\t\t\t\t<\/div>\n\t\t\t\t<div class=\"elementor-element elementor-element-b8605be elementor-widget elementor-widget-spacer\" data-id=\"b8605be\" data-element_type=\"widget\" data-e-type=\"widget\" data-widget_type=\"spacer.default\">\n\t\t\t\t<div class=\"elementor-widget-container\">\n\t\t\t\t\t\t\t<div class=\"elementor-spacer\">\n\t\t\t<div class=\"elementor-spacer-inner\"><\/div>\n\t\t<\/div>\n\t\t\t\t\t\t<\/div>\n\t\t\t\t<\/div>\n\t\t\t\t<div class=\"elementor-element elementor-element-0cd96da elementor-widget elementor-widget-heading\" data-id=\"0cd96da\" data-element_type=\"widget\" data-e-type=\"widget\" data-widget_type=\"heading.default\">\n\t\t\t\t<div class=\"elementor-widget-container\">\n\t\t\t\t\t<h6 class=\"elementor-heading-title elementor-size-default\">\u00e9dition bilingue<\/h6>\t\t\t\t<\/div>\n\t\t\t\t<\/div>\n\t\t\t\t<div class=\"elementor-element elementor-element-5112901 elementor-widget elementor-widget-spacer\" data-id=\"5112901\" data-element_type=\"widget\" data-e-type=\"widget\" data-widget_type=\"spacer.default\">\n\t\t\t\t<div class=\"elementor-widget-container\">\n\t\t\t\t\t\t\t<div class=\"elementor-spacer\">\n\t\t\t<div class=\"elementor-spacer-inner\"><\/div>\n\t\t<\/div>\n\t\t\t\t\t\t<\/div>\n\t\t\t\t<\/div>\n\t\t\t\t<div class=\"elementor-element elementor-element-74b9b29 elementor-widget elementor-widget-text-editor\" data-id=\"74b9b29\" data-element_type=\"widget\" data-e-type=\"widget\" data-widget_type=\"text-editor.default\">\n\t\t\t\t<div class=\"elementor-widget-container\">\n\t\t\t\t\t\t\t\t\t<p>Traduit par G\u00e9za Sz\u0151cs et Istv\u00e1n Turczi<\/p>\n\t\t\t\t\t\t\t\t<\/div>\n\t\t\t\t<\/div>\n\t\t\t\t<div class=\"elementor-element elementor-element-e036abb elementor-widget elementor-widget-spacer\" data-id=\"e036abb\" data-element_type=\"widget\" data-e-type=\"widget\" data-widget_type=\"spacer.default\">\n\t\t\t\t<div class=\"elementor-widget-container\">\n\t\t\t\t\t\t\t<div class=\"elementor-spacer\">\n\t\t\t<div class=\"elementor-spacer-inner\"><\/div>\n\t\t<\/div>\n\t\t\t\t\t\t<\/div>\n\t\t\t\t<\/div>\n\t\t\t\t<div class=\"elementor-element elementor-element-648622e elementor-widget elementor-widget-heading\" data-id=\"648622e\" data-element_type=\"widget\" data-e-type=\"widget\" data-widget_type=\"heading.default\">\n\t\t\t\t<div class=\"elementor-widget-container\">\n\t\t\t\t\t<h5 class=\"elementor-heading-title elementor-size-default\">Revue de livres<\/h5>\t\t\t\t<\/div>\n\t\t\t\t<\/div>\n\t\t\t\t<div class=\"elementor-element elementor-element-3c529cf elementor-widget elementor-widget-spacer\" data-id=\"3c529cf\" data-element_type=\"widget\" data-e-type=\"widget\" data-widget_type=\"spacer.default\">\n\t\t\t\t<div class=\"elementor-widget-container\">\n\t\t\t\t\t\t\t<div class=\"elementor-spacer\">\n\t\t\t<div class=\"elementor-spacer-inner\"><\/div>\n\t\t<\/div>\n\t\t\t\t\t\t<\/div>\n\t\t\t\t<\/div>\n\t\t\t\t<div class=\"elementor-element elementor-element-edf9745 elementor-widget elementor-widget-text-editor\" data-id=\"edf9745\" data-element_type=\"widget\" data-e-type=\"widget\" data-widget_type=\"text-editor.default\">\n\t\t\t\t<div class=\"elementor-widget-container\">\n\t\t\t\t\t\t\t\t\t<p>Haim Dotan (1954) est un po\u00e8te isra\u00e9lien, professeur d&rsquo;universit\u00e9 et l&rsquo;un des architectes les plus connus au monde. Il a con\u00e7u le pont de verre le plus long et le plus haut du monde en Chine. La pr\u00e9sente s\u00e9lection est bas\u00e9e sur son volume de 2011 After the Rain and the Gobi Desert Poems (Apr\u00e8s la pluie et les po\u00e8mes du d\u00e9sert de Gobi). sur la base de documents manuscrits.<\/p>\n\t\t\t\t\t\t\t\t<\/div>\n\t\t\t\t<\/div>\n\t\t\t\t<div class=\"elementor-element elementor-element-b0238e5 elementor-widget elementor-widget-spacer\" data-id=\"b0238e5\" data-element_type=\"widget\" data-e-type=\"widget\" data-widget_type=\"spacer.default\">\n\t\t\t\t<div class=\"elementor-widget-container\">\n\t\t\t\t\t\t\t<div class=\"elementor-spacer\">\n\t\t\t<div class=\"elementor-spacer-inner\"><\/div>\n\t\t<\/div>\n\t\t\t\t\t\t<\/div>\n\t\t\t\t<\/div>\n\t\t\t\t<div class=\"elementor-element elementor-element-db199e9 elementor-widget elementor-widget-heading\" data-id=\"db199e9\" data-element_type=\"widget\" data-e-type=\"widget\" data-widget_type=\"heading.default\">\n\t\t\t\t<div class=\"elementor-widget-container\">\n\t\t\t\t\t<h5 class=\"elementor-heading-title elementor-size-default\">Autres donn\u00e9es<\/h5>\t\t\t\t<\/div>\n\t\t\t\t<\/div>\n\t\t\t\t<div class=\"elementor-element elementor-element-4b4e92e elementor-widget elementor-widget-spacer\" data-id=\"4b4e92e\" data-element_type=\"widget\" data-e-type=\"widget\" data-widget_type=\"spacer.default\">\n\t\t\t\t<div class=\"elementor-widget-container\">\n\t\t\t\t\t\t\t<div class=\"elementor-spacer\">\n\t\t\t<div class=\"elementor-spacer-inner\"><\/div>\n\t\t<\/div>\n\t\t\t\t\t\t<\/div>\n\t\t\t\t<\/div>\n\t\t\t\t<div class=\"elementor-element elementor-element-79b1f8c elementor-widget elementor-widget-text-editor\" data-id=\"79b1f8c\" data-element_type=\"widget\" data-e-type=\"widget\" data-widget_type=\"text-editor.default\">\n\t\t\t\t<div class=\"elementor-widget-container\">\n\t\t\t\t\t\t\t\t\t<ul>\n<li>PEN Club hongrois, 2018.<\/li>\n<li>80 pages, couverture souple, reliure parfaite<\/li>\n<\/ul>\n\t\t\t\t\t\t\t\t<\/div>\n\t\t\t\t<\/div>\n\t\t\t\t\t<\/div>\n\t\t<\/div>\n\t\t\t\t\t<\/div>\n\t\t<\/section>\n\t\t\t\t<\/div>\n\t\t","protected":false},"excerpt":{"rendered":"<p>Haim Dotan (1954) est un po\u00e8te isra\u00e9lien, professeur d&rsquo;universit\u00e9 et l&rsquo;un des architectes les plus connus au monde. Il a con\u00e7u le pont de verre le plus long et le plus haut du monde en Chine. La pr\u00e9sente s\u00e9lection est bas\u00e9e sur son volume de 2011 After the Rain and the Gobi Desert Poems (Apr\u00e8s la pluie et les po\u00e8mes du d\u00e9sert de Gobi). sur la base de documents manuscrits.<\/p>\n","protected":false},"featured_media":6373,"comment_status":"open","ping_status":"closed","template":"","meta":{"_acf_changed":false},"product_brand":[],"product_cat":[225],"product_tag":[436],"class_list":{"0":"post-8048","1":"product","2":"type-product","3":"status-publish","4":"has-post-thumbnail","6":"product_cat-livre","7":"product_tag-poeme","9":"first","10":"instock","11":"shipping-taxable","12":"purchasable","13":"product-type-simple"},"acf":[],"yoast_head":"<!-- This site is optimized with the Yoast SEO plugin v27.4 - https:\/\/yoast.com\/product\/yoast-seo-wordpress\/ -->\n<title>Haim Dotan Rain Drops - Rain Drops - Magyar PEN Club<\/title>\n<meta name=\"robots\" content=\"index, follow, max-snippet:-1, max-image-preview:large, max-video-preview:-1\" \/>\n<link rel=\"canonical\" href=\"https:\/\/magyarpenclub.hu\/fr\/produit\/haim-dotan-rain-drops-rain-drops\/\" \/>\n<meta property=\"og:locale\" content=\"fr_FR\" \/>\n<meta property=\"og:type\" content=\"article\" \/>\n<meta property=\"og:title\" content=\"Haim Dotan Rain Drops - Rain Drops - Magyar PEN Club\" \/>\n<meta property=\"og:description\" content=\"Haim Dotan (1954) est un po\u00e8te isra\u00e9lien, professeur d&#039;universit\u00e9 et l&#039;un des architectes les plus connus au monde. Il a con\u00e7u le pont de verre le plus long et le plus haut du monde en Chine. La pr\u00e9sente s\u00e9lection est bas\u00e9e sur son volume de 2011 After the Rain and the Gobi Desert Poems (Apr\u00e8s la pluie et les po\u00e8mes du d\u00e9sert de Gobi). sur la base de documents manuscrits.\" \/>\n<meta property=\"og:url\" content=\"https:\/\/magyarpenclub.hu\/fr\/produit\/haim-dotan-rain-drops-rain-drops\/\" \/>\n<meta property=\"og:site_name\" content=\"Magyar PEN Club\" \/>\n<meta property=\"article:publisher\" content=\"https:\/\/www.facebook.com\/magyarpenclub\" \/>\n<meta property=\"article:modified_time\" content=\"2024-02-14T01:50:12+00:00\" \/>\n<meta property=\"og:image\" content=\"https:\/\/magyarpenclub.hu\/wp-content\/uploads\/2022\/05\/haim-dotam-esocseppek-magyar-pen-club.png\" \/>\n\t<meta property=\"og:image:width\" content=\"1920\" \/>\n\t<meta property=\"og:image:height\" content=\"1440\" \/>\n\t<meta property=\"og:image:type\" content=\"image\/png\" \/>\n<meta name=\"twitter:card\" content=\"summary_large_image\" \/>\n<meta name=\"twitter:label1\" content=\"Dur\u00e9e de lecture estim\u00e9e\" \/>\n\t<meta name=\"twitter:data1\" content=\"1 minute\" \/>\n<script type=\"application\/ld+json\" class=\"yoast-schema-graph\">{\"@context\":\"https:\\\/\\\/schema.org\",\"@graph\":[{\"@type\":\"WebPage\",\"@id\":\"https:\\\/\\\/magyarpenclub.hu\\\/fr\\\/produit\\\/haim-dotan-rain-drops-rain-drops\\\/\",\"url\":\"https:\\\/\\\/magyarpenclub.hu\\\/fr\\\/produit\\\/haim-dotan-rain-drops-rain-drops\\\/\",\"name\":\"Haim Dotan Rain Drops - Rain Drops - Magyar PEN Club\",\"isPartOf\":{\"@id\":\"https:\\\/\\\/magyarpenclub.hu\\\/fr\\\/#website\"},\"primaryImageOfPage\":{\"@id\":\"https:\\\/\\\/magyarpenclub.hu\\\/fr\\\/produit\\\/haim-dotan-rain-drops-rain-drops\\\/#primaryimage\"},\"image\":{\"@id\":\"https:\\\/\\\/magyarpenclub.hu\\\/fr\\\/produit\\\/haim-dotan-rain-drops-rain-drops\\\/#primaryimage\"},\"thumbnailUrl\":\"https:\\\/\\\/magyarpenclub.hu\\\/wp-content\\\/uploads\\\/2022\\\/05\\\/haim-dotam-esocseppek-magyar-pen-club.png\",\"datePublished\":\"2022-05-15T17:28:54+00:00\",\"dateModified\":\"2024-02-14T01:50:12+00:00\",\"breadcrumb\":{\"@id\":\"https:\\\/\\\/magyarpenclub.hu\\\/fr\\\/produit\\\/haim-dotan-rain-drops-rain-drops\\\/#breadcrumb\"},\"inLanguage\":\"fr-FR\",\"potentialAction\":[{\"@type\":\"ReadAction\",\"target\":[\"https:\\\/\\\/magyarpenclub.hu\\\/fr\\\/produit\\\/haim-dotan-rain-drops-rain-drops\\\/\"]}]},{\"@type\":\"ImageObject\",\"inLanguage\":\"fr-FR\",\"@id\":\"https:\\\/\\\/magyarpenclub.hu\\\/fr\\\/produit\\\/haim-dotan-rain-drops-rain-drops\\\/#primaryimage\",\"url\":\"https:\\\/\\\/magyarpenclub.hu\\\/wp-content\\\/uploads\\\/2022\\\/05\\\/haim-dotam-esocseppek-magyar-pen-club.png\",\"contentUrl\":\"https:\\\/\\\/magyarpenclub.hu\\\/wp-content\\\/uploads\\\/2022\\\/05\\\/haim-dotam-esocseppek-magyar-pen-club.png\",\"width\":1920,\"height\":1440,\"caption\":\"Publication du PEN Club hongrois\"},{\"@type\":\"BreadcrumbList\",\"@id\":\"https:\\\/\\\/magyarpenclub.hu\\\/fr\\\/produit\\\/haim-dotan-rain-drops-rain-drops\\\/#breadcrumb\",\"itemListElement\":[{\"@type\":\"ListItem\",\"position\":1,\"name\":\"Kezd\u0151lap\",\"item\":\"https:\\\/\\\/magyarpenclub.hu\\\/fr\\\/\"},{\"@type\":\"ListItem\",\"position\":2,\"name\":\"Boutique\",\"item\":\"https:\\\/\\\/magyarpenclub.hu\\\/bolt\\\/\"},{\"@type\":\"ListItem\",\"position\":3,\"name\":\"Haim Dotan Rain Drops &#8211; Rain Drops\"}]},{\"@type\":\"WebSite\",\"@id\":\"https:\\\/\\\/magyarpenclub.hu\\\/fr\\\/#website\",\"url\":\"https:\\\/\\\/magyarpenclub.hu\\\/fr\\\/\",\"name\":\"Magyar PEN Club\",\"description\":\"H\u00edrek, k\u00f6zlem\u00e9nyek, \u00edr\u00e1sok\",\"publisher\":{\"@id\":\"https:\\\/\\\/magyarpenclub.hu\\\/fr\\\/#organization\"},\"potentialAction\":[{\"@type\":\"SearchAction\",\"target\":{\"@type\":\"EntryPoint\",\"urlTemplate\":\"https:\\\/\\\/magyarpenclub.hu\\\/fr\\\/?s={search_term_string}\"},\"query-input\":{\"@type\":\"PropertyValueSpecification\",\"valueRequired\":true,\"valueName\":\"search_term_string\"}}],\"inLanguage\":\"fr-FR\"},{\"@type\":\"Organization\",\"@id\":\"https:\\\/\\\/magyarpenclub.hu\\\/fr\\\/#organization\",\"name\":\"Magyar P.E.N. Club\",\"url\":\"https:\\\/\\\/magyarpenclub.hu\\\/fr\\\/\",\"logo\":{\"@type\":\"ImageObject\",\"inLanguage\":\"fr-FR\",\"@id\":\"https:\\\/\\\/magyarpenclub.hu\\\/fr\\\/#\\\/schema\\\/logo\\\/image\\\/\",\"url\":\"https:\\\/\\\/magyarpenclub.hu\\\/wp-content\\\/uploads\\\/2022\\\/08\\\/magyar-pen-club-logo.png\",\"contentUrl\":\"https:\\\/\\\/magyarpenclub.hu\\\/wp-content\\\/uploads\\\/2022\\\/08\\\/magyar-pen-club-logo.png\",\"width\":195,\"height\":195,\"caption\":\"Magyar P.E.N. Club\"},\"image\":{\"@id\":\"https:\\\/\\\/magyarpenclub.hu\\\/fr\\\/#\\\/schema\\\/logo\\\/image\\\/\"},\"sameAs\":[\"https:\\\/\\\/www.facebook.com\\\/magyarpenclub\",\"https:\\\/\\\/www.youtube.com\\\/channel\\\/UC8bw1YALHZZJCJ-7bqvlR6Q\"]}]}<\/script>\n<!-- \/ Yoast SEO plugin. -->","yoast_head_json":{"title":"Haim Dotan Rain Drops - Rain Drops - Magyar PEN Club","robots":{"index":"index","follow":"follow","max-snippet":"max-snippet:-1","max-image-preview":"max-image-preview:large","max-video-preview":"max-video-preview:-1"},"canonical":"https:\/\/magyarpenclub.hu\/fr\/produit\/haim-dotan-rain-drops-rain-drops\/","og_locale":"fr_FR","og_type":"article","og_title":"Haim Dotan Rain Drops - Rain Drops - Magyar PEN Club","og_description":"Haim Dotan (1954) est un po\u00e8te isra\u00e9lien, professeur d'universit\u00e9 et l'un des architectes les plus connus au monde. Il a con\u00e7u le pont de verre le plus long et le plus haut du monde en Chine. La pr\u00e9sente s\u00e9lection est bas\u00e9e sur son volume de 2011 After the Rain and the Gobi Desert Poems (Apr\u00e8s la pluie et les po\u00e8mes du d\u00e9sert de Gobi). sur la base de documents manuscrits.","og_url":"https:\/\/magyarpenclub.hu\/fr\/produit\/haim-dotan-rain-drops-rain-drops\/","og_site_name":"Magyar PEN Club","article_publisher":"https:\/\/www.facebook.com\/magyarpenclub","article_modified_time":"2024-02-14T01:50:12+00:00","og_image":[{"width":1920,"height":1440,"url":"https:\/\/magyarpenclub.hu\/wp-content\/uploads\/2022\/05\/haim-dotam-esocseppek-magyar-pen-club.png","type":"image\/png"}],"twitter_card":"summary_large_image","twitter_misc":{"Dur\u00e9e de lecture estim\u00e9e":"1 minute"},"schema":{"@context":"https:\/\/schema.org","@graph":[{"@type":"WebPage","@id":"https:\/\/magyarpenclub.hu\/fr\/produit\/haim-dotan-rain-drops-rain-drops\/","url":"https:\/\/magyarpenclub.hu\/fr\/produit\/haim-dotan-rain-drops-rain-drops\/","name":"Haim Dotan Rain Drops - Rain Drops - Magyar PEN Club","isPartOf":{"@id":"https:\/\/magyarpenclub.hu\/fr\/#website"},"primaryImageOfPage":{"@id":"https:\/\/magyarpenclub.hu\/fr\/produit\/haim-dotan-rain-drops-rain-drops\/#primaryimage"},"image":{"@id":"https:\/\/magyarpenclub.hu\/fr\/produit\/haim-dotan-rain-drops-rain-drops\/#primaryimage"},"thumbnailUrl":"https:\/\/magyarpenclub.hu\/wp-content\/uploads\/2022\/05\/haim-dotam-esocseppek-magyar-pen-club.png","datePublished":"2022-05-15T17:28:54+00:00","dateModified":"2024-02-14T01:50:12+00:00","breadcrumb":{"@id":"https:\/\/magyarpenclub.hu\/fr\/produit\/haim-dotan-rain-drops-rain-drops\/#breadcrumb"},"inLanguage":"fr-FR","potentialAction":[{"@type":"ReadAction","target":["https:\/\/magyarpenclub.hu\/fr\/produit\/haim-dotan-rain-drops-rain-drops\/"]}]},{"@type":"ImageObject","inLanguage":"fr-FR","@id":"https:\/\/magyarpenclub.hu\/fr\/produit\/haim-dotan-rain-drops-rain-drops\/#primaryimage","url":"https:\/\/magyarpenclub.hu\/wp-content\/uploads\/2022\/05\/haim-dotam-esocseppek-magyar-pen-club.png","contentUrl":"https:\/\/magyarpenclub.hu\/wp-content\/uploads\/2022\/05\/haim-dotam-esocseppek-magyar-pen-club.png","width":1920,"height":1440,"caption":"Publication du PEN Club hongrois"},{"@type":"BreadcrumbList","@id":"https:\/\/magyarpenclub.hu\/fr\/produit\/haim-dotan-rain-drops-rain-drops\/#breadcrumb","itemListElement":[{"@type":"ListItem","position":1,"name":"Kezd\u0151lap","item":"https:\/\/magyarpenclub.hu\/fr\/"},{"@type":"ListItem","position":2,"name":"Boutique","item":"https:\/\/magyarpenclub.hu\/bolt\/"},{"@type":"ListItem","position":3,"name":"Haim Dotan Rain Drops &#8211; Rain Drops"}]},{"@type":"WebSite","@id":"https:\/\/magyarpenclub.hu\/fr\/#website","url":"https:\/\/magyarpenclub.hu\/fr\/","name":"Magyar PEN Club","description":"H\u00edrek, k\u00f6zlem\u00e9nyek, \u00edr\u00e1sok","publisher":{"@id":"https:\/\/magyarpenclub.hu\/fr\/#organization"},"potentialAction":[{"@type":"SearchAction","target":{"@type":"EntryPoint","urlTemplate":"https:\/\/magyarpenclub.hu\/fr\/?s={search_term_string}"},"query-input":{"@type":"PropertyValueSpecification","valueRequired":true,"valueName":"search_term_string"}}],"inLanguage":"fr-FR"},{"@type":"Organization","@id":"https:\/\/magyarpenclub.hu\/fr\/#organization","name":"Magyar P.E.N. Club","url":"https:\/\/magyarpenclub.hu\/fr\/","logo":{"@type":"ImageObject","inLanguage":"fr-FR","@id":"https:\/\/magyarpenclub.hu\/fr\/#\/schema\/logo\/image\/","url":"https:\/\/magyarpenclub.hu\/wp-content\/uploads\/2022\/08\/magyar-pen-club-logo.png","contentUrl":"https:\/\/magyarpenclub.hu\/wp-content\/uploads\/2022\/08\/magyar-pen-club-logo.png","width":195,"height":195,"caption":"Magyar P.E.N. Club"},"image":{"@id":"https:\/\/magyarpenclub.hu\/fr\/#\/schema\/logo\/image\/"},"sameAs":["https:\/\/www.facebook.com\/magyarpenclub","https:\/\/www.youtube.com\/channel\/UC8bw1YALHZZJCJ-7bqvlR6Q"]}]}},"_links":{"self":[{"href":"https:\/\/magyarpenclub.hu\/fr\/wp-json\/wp\/v2\/product\/8048","targetHints":{"allow":["GET"]}}],"collection":[{"href":"https:\/\/magyarpenclub.hu\/fr\/wp-json\/wp\/v2\/product"}],"about":[{"href":"https:\/\/magyarpenclub.hu\/fr\/wp-json\/wp\/v2\/types\/product"}],"replies":[{"embeddable":true,"href":"https:\/\/magyarpenclub.hu\/fr\/wp-json\/wp\/v2\/comments?post=8048"}],"version-history":[{"count":0,"href":"https:\/\/magyarpenclub.hu\/fr\/wp-json\/wp\/v2\/product\/8048\/revisions"}],"wp:featuredmedia":[{"embeddable":true,"href":"https:\/\/magyarpenclub.hu\/fr\/wp-json\/wp\/v2\/media\/6373"}],"wp:attachment":[{"href":"https:\/\/magyarpenclub.hu\/fr\/wp-json\/wp\/v2\/media?parent=8048"}],"wp:term":[{"taxonomy":"product_brand","embeddable":true,"href":"https:\/\/magyarpenclub.hu\/fr\/wp-json\/wp\/v2\/product_brand?post=8048"},{"taxonomy":"product_cat","embeddable":true,"href":"https:\/\/magyarpenclub.hu\/fr\/wp-json\/wp\/v2\/product_cat?post=8048"},{"taxonomy":"product_tag","embeddable":true,"href":"https:\/\/magyarpenclub.hu\/fr\/wp-json\/wp\/v2\/product_tag?post=8048"}],"curies":[{"name":"wp","href":"https:\/\/api.w.org\/{rel}","templated":true}]}}