{"id":8064,"date":"1970-01-01T00:00:00","date_gmt":"1970-01-01T00:00:00","guid":{"rendered":"https:\/\/magyarpenclub.hu\/termek\/in-memoriam-szoboszlay-aladar-ii-zoltan-tofalvi-les-martyrs-roumains-de-la-croix-le-sang-des-victimes-crie-vers-le-ciel\/"},"modified":"2024-02-14T01:50:24","modified_gmt":"2024-02-14T01:50:24","slug":"in-memoriam-szoboszlay-aladar-ii-zoltan-tofalvi-les-martyrs-roumains-de-la-croix-le-sang-des-victimes-crie-vers-le-ciel","status":"publish","type":"product","link":"https:\/\/magyarpenclub.hu\/fr\/produit\/in-memoriam-szoboszlay-aladar-ii-zoltan-tofalvi-les-martyrs-roumains-de-la-croix-le-sang-des-victimes-crie-vers-le-ciel\/","title":{"rendered":"In Memoriam Szoboszlay Alad\u00e1r II. Zolt\u00e1n T\u00f3falvi : Les martyrs roumains de la croix &#8211; Le sang des victimes crie vers le ciel !"},"content":{"rendered":"\t\t<div data-elementor-type=\"product-post\" data-elementor-id=\"8064\" class=\"elementor elementor-8064 elementor-3571\" data-elementor-post-type=\"product\">\n\t\t\t\t\t\t<section class=\"elementor-section elementor-top-section elementor-element elementor-element-2d684aa elementor-section-boxed elementor-section-height-default elementor-section-height-default\" data-id=\"2d684aa\" data-element_type=\"section\" data-e-type=\"section\">\n\t\t\t\t\t\t<div class=\"elementor-container elementor-column-gap-wide\">\n\t\t\t\t\t<div class=\"elementor-column elementor-col-100 elementor-top-column elementor-element elementor-element-dc62f52\" data-id=\"dc62f52\" data-element_type=\"column\" data-e-type=\"column\">\n\t\t\t<div class=\"elementor-widget-wrap elementor-element-populated\">\n\t\t\t\t\t\t<div class=\"elementor-element elementor-element-4036c96 elementor-widget elementor-widget-heading\" data-id=\"4036c96\" data-element_type=\"widget\" data-e-type=\"widget\" data-widget_type=\"heading.default\">\n\t\t\t\t<div class=\"elementor-widget-container\">\n\t\t\t\t\t<h5 class=\"elementor-heading-title elementor-size-default\">In Memoriam Szoboszlay Alad\u00e1r II. Zolt\u00e1n T\u00f3falvi : Les martyrs roumains de la croix &#8211; Le sang des victimes crie vers le ciel !<\/h5>\t\t\t\t<\/div>\n\t\t\t\t<\/div>\n\t\t\t\t<div class=\"elementor-element elementor-element-ad34b70 elementor-widget elementor-widget-spacer\" data-id=\"ad34b70\" data-element_type=\"widget\" data-e-type=\"widget\" data-widget_type=\"spacer.default\">\n\t\t\t\t<div class=\"elementor-widget-container\">\n\t\t\t\t\t\t\t<div class=\"elementor-spacer\">\n\t\t\t<div class=\"elementor-spacer-inner\"><\/div>\n\t\t<\/div>\n\t\t\t\t\t\t<\/div>\n\t\t\t\t<\/div>\n\t\t\t\t<div class=\"elementor-element elementor-element-c77c1a8 elementor-widget elementor-widget-heading\" data-id=\"c77c1a8\" data-element_type=\"widget\" data-e-type=\"widget\" data-widget_type=\"heading.default\">\n\t\t\t\t<div class=\"elementor-widget-container\">\n\t\t\t\t\t<h5 class=\"elementor-heading-title elementor-size-default\">Revue de livres<\/h5>\t\t\t\t<\/div>\n\t\t\t\t<\/div>\n\t\t\t\t<div class=\"elementor-element elementor-element-2449729 elementor-widget elementor-widget-spacer\" data-id=\"2449729\" data-element_type=\"widget\" data-e-type=\"widget\" data-widget_type=\"spacer.default\">\n\t\t\t\t<div class=\"elementor-widget-container\">\n\t\t\t\t\t\t\t<div class=\"elementor-spacer\">\n\t\t\t<div class=\"elementor-spacer-inner\"><\/div>\n\t\t<\/div>\n\t\t\t\t\t\t<\/div>\n\t\t\t\t<\/div>\n\t\t\t\t<div class=\"elementor-element elementor-element-bd2570b elementor-widget elementor-widget-text-editor\" data-id=\"bd2570b\" data-element_type=\"widget\" data-e-type=\"widget\" data-widget_type=\"text-editor.default\">\n\t\t\t\t<div class=\"elementor-widget-container\">\n\t\t\t\t\t\t\t\t\t<p>Les activit\u00e9s d&rsquo;Alad\u00e1r Szoboszlay, ex\u00e9cut\u00e9 apr\u00e8s la r\u00e9volution de 1956 pour \u00ab\u00a0complot visant \u00e0 renverser l&rsquo;\u00c9tat roumain\u00a0\u00bb avec plusieurs de ses associ\u00e9s, et le proc\u00e8s de Szoboszlay sont au centre de l&rsquo;ouvrage de l&rsquo;auteur, qui est riche en sources et comble une lacune.<\/p>\n\t\t\t\t\t\t\t\t<\/div>\n\t\t\t\t<\/div>\n\t\t\t\t<div class=\"elementor-element elementor-element-78d98dc elementor-widget elementor-widget-spacer\" data-id=\"78d98dc\" data-element_type=\"widget\" data-e-type=\"widget\" data-widget_type=\"spacer.default\">\n\t\t\t\t<div class=\"elementor-widget-container\">\n\t\t\t\t\t\t\t<div class=\"elementor-spacer\">\n\t\t\t<div class=\"elementor-spacer-inner\"><\/div>\n\t\t<\/div>\n\t\t\t\t\t\t<\/div>\n\t\t\t\t<\/div>\n\t\t\t\t<div class=\"elementor-element elementor-element-16d423a elementor-widget elementor-widget-heading\" data-id=\"16d423a\" data-element_type=\"widget\" data-e-type=\"widget\" data-widget_type=\"heading.default\">\n\t\t\t\t<div class=\"elementor-widget-container\">\n\t\t\t\t\t<h5 class=\"elementor-heading-title elementor-size-default\">Autres donn\u00e9es<\/h5>\t\t\t\t<\/div>\n\t\t\t\t<\/div>\n\t\t\t\t<div class=\"elementor-element elementor-element-8e833bc elementor-widget elementor-widget-spacer\" data-id=\"8e833bc\" data-element_type=\"widget\" data-e-type=\"widget\" data-widget_type=\"spacer.default\">\n\t\t\t\t<div class=\"elementor-widget-container\">\n\t\t\t\t\t\t\t<div class=\"elementor-spacer\">\n\t\t\t<div class=\"elementor-spacer-inner\"><\/div>\n\t\t<\/div>\n\t\t\t\t\t\t<\/div>\n\t\t\t\t<\/div>\n\t\t\t\t<div class=\"elementor-element elementor-element-b423b65 elementor-widget elementor-widget-text-editor\" data-id=\"b423b65\" data-element_type=\"widget\" data-e-type=\"widget\" data-widget_type=\"text-editor.default\">\n\t\t\t\t<div class=\"elementor-widget-container\">\n\t\t\t\t\t\t\t\t\t<ul>\n<li>\n<p>PEN Club hongrois, 2019.<\/p>\n<\/li>\n<li>\n<p>400 pages, reli\u00e9<\/p>\n<\/li>\n<\/ul>\n\t\t\t\t\t\t\t\t<\/div>\n\t\t\t\t<\/div>\n\t\t\t\t\t<\/div>\n\t\t<\/div>\n\t\t\t\t\t<\/div>\n\t\t<\/section>\n\t\t\t\t<\/div>\n\t\t","protected":false},"excerpt":{"rendered":"<div class=\"woocommerce-product-details__short-description\">Les activit\u00e9s d&rsquo;Alad\u00e1r Szoboszlay, ex\u00e9cut\u00e9 apr\u00e8s la r\u00e9volution de 1956 pour \u00ab\u00a0complot visant \u00e0 renverser l&rsquo;\u00c9tat roumain\u00a0\u00bb avec plusieurs de ses associ\u00e9s, et le proc\u00e8s de Szoboszlay sont au centre de l&rsquo;ouvrage de l&rsquo;auteur, qui est riche en sources et comble une lacune.<\/div>\n","protected":false},"featured_media":6382,"comment_status":"open","ping_status":"closed","template":"","meta":{"_acf_changed":false},"product_brand":[],"product_cat":[225],"product_tag":[],"class_list":{"0":"post-8064","1":"product","2":"type-product","3":"status-publish","4":"has-post-thumbnail","6":"product_cat-livre","8":"first","9":"instock","10":"shipping-taxable","11":"purchasable","12":"product-type-simple"},"acf":[],"yoast_head":"<!-- This site is optimized with the Yoast SEO plugin v27.4 - https:\/\/yoast.com\/product\/yoast-seo-wordpress\/ -->\n<title>In Memoriam Szoboszlay Alad\u00e1r II. Zolt\u00e1n T\u00f3falvi : Les martyrs roumains de la croix - Le sang des victimes crie vers le ciel ! - Magyar PEN Club<\/title>\n<meta name=\"robots\" content=\"index, follow, max-snippet:-1, max-image-preview:large, max-video-preview:-1\" \/>\n<link rel=\"canonical\" href=\"https:\/\/magyarpenclub.hu\/fr\/produit\/in-memoriam-szoboszlay-aladar-ii-zoltan-tofalvi-les-martyrs-roumains-de-la-croix-le-sang-des-victimes-crie-vers-le-ciel\/\" \/>\n<meta property=\"og:locale\" content=\"fr_FR\" \/>\n<meta property=\"og:type\" content=\"article\" \/>\n<meta property=\"og:title\" content=\"In Memoriam Szoboszlay Alad\u00e1r II. Zolt\u00e1n T\u00f3falvi : Les martyrs roumains de la croix - Le sang des victimes crie vers le ciel ! - Magyar PEN Club\" \/>\n<meta property=\"og:description\" content=\"Les activit\u00e9s d&#039;Alad\u00e1r Szoboszlay, ex\u00e9cut\u00e9 apr\u00e8s la r\u00e9volution de 1956 pour &quot;complot visant \u00e0 renverser l&#039;\u00c9tat roumain&quot; avec plusieurs de ses associ\u00e9s, et le proc\u00e8s de Szoboszlay sont au centre de l&#039;ouvrage de l&#039;auteur, qui est riche en sources et comble une lacune.\" \/>\n<meta property=\"og:url\" content=\"https:\/\/magyarpenclub.hu\/fr\/produit\/in-memoriam-szoboszlay-aladar-ii-zoltan-tofalvi-les-martyrs-roumains-de-la-croix-le-sang-des-victimes-crie-vers-le-ciel\/\" \/>\n<meta property=\"og:site_name\" content=\"Magyar PEN Club\" \/>\n<meta property=\"article:publisher\" content=\"https:\/\/www.facebook.com\/magyarpenclub\" \/>\n<meta property=\"article:modified_time\" content=\"2024-02-14T01:50:24+00:00\" \/>\n<meta property=\"og:image\" content=\"https:\/\/magyarpenclub.hu\/wp-content\/uploads\/2022\/05\/in-memoriam-szoboszlai-aladar-aldozatok-es-aldozottak-magyar-pen-club.png\" \/>\n\t<meta property=\"og:image:width\" content=\"1920\" \/>\n\t<meta property=\"og:image:height\" content=\"1440\" \/>\n\t<meta property=\"og:image:type\" content=\"image\/png\" \/>\n<meta name=\"twitter:card\" content=\"summary_large_image\" \/>\n<script type=\"application\/ld+json\" class=\"yoast-schema-graph\">{\"@context\":\"https:\\\/\\\/schema.org\",\"@graph\":[{\"@type\":\"WebPage\",\"@id\":\"https:\\\/\\\/magyarpenclub.hu\\\/fr\\\/produit\\\/in-memoriam-szoboszlay-aladar-ii-zoltan-tofalvi-les-martyrs-roumains-de-la-croix-le-sang-des-victimes-crie-vers-le-ciel\\\/\",\"url\":\"https:\\\/\\\/magyarpenclub.hu\\\/fr\\\/produit\\\/in-memoriam-szoboszlay-aladar-ii-zoltan-tofalvi-les-martyrs-roumains-de-la-croix-le-sang-des-victimes-crie-vers-le-ciel\\\/\",\"name\":\"In Memoriam Szoboszlay Alad\u00e1r II. Zolt\u00e1n T\u00f3falvi : Les martyrs roumains de la croix - Le sang des victimes crie vers le ciel ! - Magyar PEN Club\",\"isPartOf\":{\"@id\":\"https:\\\/\\\/magyarpenclub.hu\\\/fr\\\/#website\"},\"primaryImageOfPage\":{\"@id\":\"https:\\\/\\\/magyarpenclub.hu\\\/fr\\\/produit\\\/in-memoriam-szoboszlay-aladar-ii-zoltan-tofalvi-les-martyrs-roumains-de-la-croix-le-sang-des-victimes-crie-vers-le-ciel\\\/#primaryimage\"},\"image\":{\"@id\":\"https:\\\/\\\/magyarpenclub.hu\\\/fr\\\/produit\\\/in-memoriam-szoboszlay-aladar-ii-zoltan-tofalvi-les-martyrs-roumains-de-la-croix-le-sang-des-victimes-crie-vers-le-ciel\\\/#primaryimage\"},\"thumbnailUrl\":\"https:\\\/\\\/magyarpenclub.hu\\\/wp-content\\\/uploads\\\/2022\\\/05\\\/in-memoriam-szoboszlai-aladar-aldozatok-es-aldozottak-magyar-pen-club.png\",\"datePublished\":\"1970-01-01T00:00:00+00:00\",\"dateModified\":\"2024-02-14T01:50:24+00:00\",\"breadcrumb\":{\"@id\":\"https:\\\/\\\/magyarpenclub.hu\\\/fr\\\/produit\\\/in-memoriam-szoboszlay-aladar-ii-zoltan-tofalvi-les-martyrs-roumains-de-la-croix-le-sang-des-victimes-crie-vers-le-ciel\\\/#breadcrumb\"},\"inLanguage\":\"fr-FR\",\"potentialAction\":[{\"@type\":\"ReadAction\",\"target\":[\"https:\\\/\\\/magyarpenclub.hu\\\/fr\\\/produit\\\/in-memoriam-szoboszlay-aladar-ii-zoltan-tofalvi-les-martyrs-roumains-de-la-croix-le-sang-des-victimes-crie-vers-le-ciel\\\/\"]}]},{\"@type\":\"ImageObject\",\"inLanguage\":\"fr-FR\",\"@id\":\"https:\\\/\\\/magyarpenclub.hu\\\/fr\\\/produit\\\/in-memoriam-szoboszlay-aladar-ii-zoltan-tofalvi-les-martyrs-roumains-de-la-croix-le-sang-des-victimes-crie-vers-le-ciel\\\/#primaryimage\",\"url\":\"https:\\\/\\\/magyarpenclub.hu\\\/wp-content\\\/uploads\\\/2022\\\/05\\\/in-memoriam-szoboszlai-aladar-aldozatok-es-aldozottak-magyar-pen-club.png\",\"contentUrl\":\"https:\\\/\\\/magyarpenclub.hu\\\/wp-content\\\/uploads\\\/2022\\\/05\\\/in-memoriam-szoboszlai-aladar-aldozatok-es-aldozottak-magyar-pen-club.png\",\"width\":1920,\"height\":1440},{\"@type\":\"BreadcrumbList\",\"@id\":\"https:\\\/\\\/magyarpenclub.hu\\\/fr\\\/produit\\\/in-memoriam-szoboszlay-aladar-ii-zoltan-tofalvi-les-martyrs-roumains-de-la-croix-le-sang-des-victimes-crie-vers-le-ciel\\\/#breadcrumb\",\"itemListElement\":[{\"@type\":\"ListItem\",\"position\":1,\"name\":\"Kezd\u0151lap\",\"item\":\"https:\\\/\\\/magyarpenclub.hu\\\/fr\\\/\"},{\"@type\":\"ListItem\",\"position\":2,\"name\":\"Boutique\",\"item\":\"https:\\\/\\\/magyarpenclub.hu\\\/bolt\\\/\"},{\"@type\":\"ListItem\",\"position\":3,\"name\":\"In Memoriam Szoboszlay Alad\u00e1r II. Zolt\u00e1n T\u00f3falvi : Les martyrs roumains de la croix &#8211; Le sang des victimes crie vers le ciel !\"}]},{\"@type\":\"WebSite\",\"@id\":\"https:\\\/\\\/magyarpenclub.hu\\\/fr\\\/#website\",\"url\":\"https:\\\/\\\/magyarpenclub.hu\\\/fr\\\/\",\"name\":\"Magyar PEN Club\",\"description\":\"H\u00edrek, k\u00f6zlem\u00e9nyek, \u00edr\u00e1sok\",\"publisher\":{\"@id\":\"https:\\\/\\\/magyarpenclub.hu\\\/fr\\\/#organization\"},\"potentialAction\":[{\"@type\":\"SearchAction\",\"target\":{\"@type\":\"EntryPoint\",\"urlTemplate\":\"https:\\\/\\\/magyarpenclub.hu\\\/fr\\\/?s={search_term_string}\"},\"query-input\":{\"@type\":\"PropertyValueSpecification\",\"valueRequired\":true,\"valueName\":\"search_term_string\"}}],\"inLanguage\":\"fr-FR\"},{\"@type\":\"Organization\",\"@id\":\"https:\\\/\\\/magyarpenclub.hu\\\/fr\\\/#organization\",\"name\":\"Magyar P.E.N. Club\",\"url\":\"https:\\\/\\\/magyarpenclub.hu\\\/fr\\\/\",\"logo\":{\"@type\":\"ImageObject\",\"inLanguage\":\"fr-FR\",\"@id\":\"https:\\\/\\\/magyarpenclub.hu\\\/fr\\\/#\\\/schema\\\/logo\\\/image\\\/\",\"url\":\"https:\\\/\\\/magyarpenclub.hu\\\/wp-content\\\/uploads\\\/2022\\\/08\\\/magyar-pen-club-logo.png\",\"contentUrl\":\"https:\\\/\\\/magyarpenclub.hu\\\/wp-content\\\/uploads\\\/2022\\\/08\\\/magyar-pen-club-logo.png\",\"width\":195,\"height\":195,\"caption\":\"Magyar P.E.N. Club\"},\"image\":{\"@id\":\"https:\\\/\\\/magyarpenclub.hu\\\/fr\\\/#\\\/schema\\\/logo\\\/image\\\/\"},\"sameAs\":[\"https:\\\/\\\/www.facebook.com\\\/magyarpenclub\",\"https:\\\/\\\/www.youtube.com\\\/channel\\\/UC8bw1YALHZZJCJ-7bqvlR6Q\"]}]}<\/script>\n<!-- \/ Yoast SEO plugin. -->","yoast_head_json":{"title":"In Memoriam Szoboszlay Alad\u00e1r II. Zolt\u00e1n T\u00f3falvi : Les martyrs roumains de la croix - Le sang des victimes crie vers le ciel ! - Magyar PEN Club","robots":{"index":"index","follow":"follow","max-snippet":"max-snippet:-1","max-image-preview":"max-image-preview:large","max-video-preview":"max-video-preview:-1"},"canonical":"https:\/\/magyarpenclub.hu\/fr\/produit\/in-memoriam-szoboszlay-aladar-ii-zoltan-tofalvi-les-martyrs-roumains-de-la-croix-le-sang-des-victimes-crie-vers-le-ciel\/","og_locale":"fr_FR","og_type":"article","og_title":"In Memoriam Szoboszlay Alad\u00e1r II. Zolt\u00e1n T\u00f3falvi : Les martyrs roumains de la croix - Le sang des victimes crie vers le ciel ! - Magyar PEN Club","og_description":"Les activit\u00e9s d'Alad\u00e1r Szoboszlay, ex\u00e9cut\u00e9 apr\u00e8s la r\u00e9volution de 1956 pour \"complot visant \u00e0 renverser l'\u00c9tat roumain\" avec plusieurs de ses associ\u00e9s, et le proc\u00e8s de Szoboszlay sont au centre de l'ouvrage de l'auteur, qui est riche en sources et comble une lacune.","og_url":"https:\/\/magyarpenclub.hu\/fr\/produit\/in-memoriam-szoboszlay-aladar-ii-zoltan-tofalvi-les-martyrs-roumains-de-la-croix-le-sang-des-victimes-crie-vers-le-ciel\/","og_site_name":"Magyar PEN Club","article_publisher":"https:\/\/www.facebook.com\/magyarpenclub","article_modified_time":"2024-02-14T01:50:24+00:00","og_image":[{"width":1920,"height":1440,"url":"https:\/\/magyarpenclub.hu\/wp-content\/uploads\/2022\/05\/in-memoriam-szoboszlai-aladar-aldozatok-es-aldozottak-magyar-pen-club.png","type":"image\/png"}],"twitter_card":"summary_large_image","schema":{"@context":"https:\/\/schema.org","@graph":[{"@type":"WebPage","@id":"https:\/\/magyarpenclub.hu\/fr\/produit\/in-memoriam-szoboszlay-aladar-ii-zoltan-tofalvi-les-martyrs-roumains-de-la-croix-le-sang-des-victimes-crie-vers-le-ciel\/","url":"https:\/\/magyarpenclub.hu\/fr\/produit\/in-memoriam-szoboszlay-aladar-ii-zoltan-tofalvi-les-martyrs-roumains-de-la-croix-le-sang-des-victimes-crie-vers-le-ciel\/","name":"In Memoriam Szoboszlay Alad\u00e1r II. Zolt\u00e1n T\u00f3falvi : Les martyrs roumains de la croix - Le sang des victimes crie vers le ciel ! - Magyar PEN Club","isPartOf":{"@id":"https:\/\/magyarpenclub.hu\/fr\/#website"},"primaryImageOfPage":{"@id":"https:\/\/magyarpenclub.hu\/fr\/produit\/in-memoriam-szoboszlay-aladar-ii-zoltan-tofalvi-les-martyrs-roumains-de-la-croix-le-sang-des-victimes-crie-vers-le-ciel\/#primaryimage"},"image":{"@id":"https:\/\/magyarpenclub.hu\/fr\/produit\/in-memoriam-szoboszlay-aladar-ii-zoltan-tofalvi-les-martyrs-roumains-de-la-croix-le-sang-des-victimes-crie-vers-le-ciel\/#primaryimage"},"thumbnailUrl":"https:\/\/magyarpenclub.hu\/wp-content\/uploads\/2022\/05\/in-memoriam-szoboszlai-aladar-aldozatok-es-aldozottak-magyar-pen-club.png","datePublished":"1970-01-01T00:00:00+00:00","dateModified":"2024-02-14T01:50:24+00:00","breadcrumb":{"@id":"https:\/\/magyarpenclub.hu\/fr\/produit\/in-memoriam-szoboszlay-aladar-ii-zoltan-tofalvi-les-martyrs-roumains-de-la-croix-le-sang-des-victimes-crie-vers-le-ciel\/#breadcrumb"},"inLanguage":"fr-FR","potentialAction":[{"@type":"ReadAction","target":["https:\/\/magyarpenclub.hu\/fr\/produit\/in-memoriam-szoboszlay-aladar-ii-zoltan-tofalvi-les-martyrs-roumains-de-la-croix-le-sang-des-victimes-crie-vers-le-ciel\/"]}]},{"@type":"ImageObject","inLanguage":"fr-FR","@id":"https:\/\/magyarpenclub.hu\/fr\/produit\/in-memoriam-szoboszlay-aladar-ii-zoltan-tofalvi-les-martyrs-roumains-de-la-croix-le-sang-des-victimes-crie-vers-le-ciel\/#primaryimage","url":"https:\/\/magyarpenclub.hu\/wp-content\/uploads\/2022\/05\/in-memoriam-szoboszlai-aladar-aldozatok-es-aldozottak-magyar-pen-club.png","contentUrl":"https:\/\/magyarpenclub.hu\/wp-content\/uploads\/2022\/05\/in-memoriam-szoboszlai-aladar-aldozatok-es-aldozottak-magyar-pen-club.png","width":1920,"height":1440},{"@type":"BreadcrumbList","@id":"https:\/\/magyarpenclub.hu\/fr\/produit\/in-memoriam-szoboszlay-aladar-ii-zoltan-tofalvi-les-martyrs-roumains-de-la-croix-le-sang-des-victimes-crie-vers-le-ciel\/#breadcrumb","itemListElement":[{"@type":"ListItem","position":1,"name":"Kezd\u0151lap","item":"https:\/\/magyarpenclub.hu\/fr\/"},{"@type":"ListItem","position":2,"name":"Boutique","item":"https:\/\/magyarpenclub.hu\/bolt\/"},{"@type":"ListItem","position":3,"name":"In Memoriam Szoboszlay Alad\u00e1r II. Zolt\u00e1n T\u00f3falvi : Les martyrs roumains de la croix &#8211; Le sang des victimes crie vers le ciel !"}]},{"@type":"WebSite","@id":"https:\/\/magyarpenclub.hu\/fr\/#website","url":"https:\/\/magyarpenclub.hu\/fr\/","name":"Magyar PEN Club","description":"H\u00edrek, k\u00f6zlem\u00e9nyek, \u00edr\u00e1sok","publisher":{"@id":"https:\/\/magyarpenclub.hu\/fr\/#organization"},"potentialAction":[{"@type":"SearchAction","target":{"@type":"EntryPoint","urlTemplate":"https:\/\/magyarpenclub.hu\/fr\/?s={search_term_string}"},"query-input":{"@type":"PropertyValueSpecification","valueRequired":true,"valueName":"search_term_string"}}],"inLanguage":"fr-FR"},{"@type":"Organization","@id":"https:\/\/magyarpenclub.hu\/fr\/#organization","name":"Magyar P.E.N. Club","url":"https:\/\/magyarpenclub.hu\/fr\/","logo":{"@type":"ImageObject","inLanguage":"fr-FR","@id":"https:\/\/magyarpenclub.hu\/fr\/#\/schema\/logo\/image\/","url":"https:\/\/magyarpenclub.hu\/wp-content\/uploads\/2022\/08\/magyar-pen-club-logo.png","contentUrl":"https:\/\/magyarpenclub.hu\/wp-content\/uploads\/2022\/08\/magyar-pen-club-logo.png","width":195,"height":195,"caption":"Magyar P.E.N. Club"},"image":{"@id":"https:\/\/magyarpenclub.hu\/fr\/#\/schema\/logo\/image\/"},"sameAs":["https:\/\/www.facebook.com\/magyarpenclub","https:\/\/www.youtube.com\/channel\/UC8bw1YALHZZJCJ-7bqvlR6Q"]}]}},"_links":{"self":[{"href":"https:\/\/magyarpenclub.hu\/fr\/wp-json\/wp\/v2\/product\/8064","targetHints":{"allow":["GET"]}}],"collection":[{"href":"https:\/\/magyarpenclub.hu\/fr\/wp-json\/wp\/v2\/product"}],"about":[{"href":"https:\/\/magyarpenclub.hu\/fr\/wp-json\/wp\/v2\/types\/product"}],"replies":[{"embeddable":true,"href":"https:\/\/magyarpenclub.hu\/fr\/wp-json\/wp\/v2\/comments?post=8064"}],"version-history":[{"count":0,"href":"https:\/\/magyarpenclub.hu\/fr\/wp-json\/wp\/v2\/product\/8064\/revisions"}],"wp:featuredmedia":[{"embeddable":true,"href":"https:\/\/magyarpenclub.hu\/fr\/wp-json\/wp\/v2\/media\/6382"}],"wp:attachment":[{"href":"https:\/\/magyarpenclub.hu\/fr\/wp-json\/wp\/v2\/media?parent=8064"}],"wp:term":[{"taxonomy":"product_brand","embeddable":true,"href":"https:\/\/magyarpenclub.hu\/fr\/wp-json\/wp\/v2\/product_brand?post=8064"},{"taxonomy":"product_cat","embeddable":true,"href":"https:\/\/magyarpenclub.hu\/fr\/wp-json\/wp\/v2\/product_cat?post=8064"},{"taxonomy":"product_tag","embeddable":true,"href":"https:\/\/magyarpenclub.hu\/fr\/wp-json\/wp\/v2\/product_tag?post=8064"}],"curies":[{"name":"wp","href":"https:\/\/api.w.org\/{rel}","templated":true}]}}