{"id":8092,"date":"1970-01-01T00:00:00","date_gmt":"1970-01-01T00:00:00","guid":{"rendered":"https:\/\/magyarpenclub.hu\/termek\/miklos-barabassyla-sainte-couronne-hongroise-vue-par-un-ingenieur\/"},"modified":"2024-02-14T01:50:24","modified_gmt":"2024-02-14T01:50:24","slug":"miklos-barabassyla-sainte-couronne-hongroise-vue-par-un-ingenieur","status":"publish","type":"product","link":"https:\/\/magyarpenclub.hu\/fr\/produit\/miklos-barabassyla-sainte-couronne-hongroise-vue-par-un-ingenieur\/","title":{"rendered":"Mikl\u00f3s Barab\u00e1ssy:La Sainte-Couronne hongroise vue par un ing\u00e9nieur"},"content":{"rendered":"\t\t<div data-elementor-type=\"product-post\" data-elementor-id=\"8092\" class=\"elementor elementor-8092 elementor-3577\" data-elementor-post-type=\"product\">\n\t\t\t\t\t\t<section class=\"elementor-section elementor-top-section elementor-element elementor-element-9350d01 elementor-section-boxed elementor-section-height-default elementor-section-height-default\" data-id=\"9350d01\" data-element_type=\"section\" data-e-type=\"section\">\n\t\t\t\t\t\t<div class=\"elementor-container elementor-column-gap-wide\">\n\t\t\t\t\t<div class=\"elementor-column elementor-col-100 elementor-top-column elementor-element elementor-element-ce889c7\" data-id=\"ce889c7\" data-element_type=\"column\" data-e-type=\"column\">\n\t\t\t<div class=\"elementor-widget-wrap elementor-element-populated\">\n\t\t\t\t\t\t<div class=\"elementor-element elementor-element-c1b9e93 elementor-widget elementor-widget-heading\" data-id=\"c1b9e93\" data-element_type=\"widget\" data-e-type=\"widget\" data-widget_type=\"heading.default\">\n\t\t\t\t<div class=\"elementor-widget-container\">\n\t\t\t\t\t<h5 class=\"elementor-heading-title elementor-size-default\">Mikl\u00f3s Barab\u00e1ssy:La Sainte-Couronne hongroise vue par un ing\u00e9nieur<\/h5>\t\t\t\t<\/div>\n\t\t\t\t<\/div>\n\t\t\t\t<div class=\"elementor-element elementor-element-63e7f94 elementor-widget elementor-widget-spacer\" data-id=\"63e7f94\" data-element_type=\"widget\" data-e-type=\"widget\" data-widget_type=\"spacer.default\">\n\t\t\t\t<div class=\"elementor-widget-container\">\n\t\t\t\t\t\t\t<div class=\"elementor-spacer\">\n\t\t\t<div class=\"elementor-spacer-inner\"><\/div>\n\t\t<\/div>\n\t\t\t\t\t\t<\/div>\n\t\t\t\t<\/div>\n\t\t\t\t<div class=\"elementor-element elementor-element-51b074b elementor-widget elementor-widget-heading\" data-id=\"51b074b\" data-element_type=\"widget\" data-e-type=\"widget\" data-widget_type=\"heading.default\">\n\t\t\t\t<div class=\"elementor-widget-container\">\n\t\t\t\t\t<h5 class=\"elementor-heading-title elementor-size-default\">Revue de livres<\/h5>\t\t\t\t<\/div>\n\t\t\t\t<\/div>\n\t\t\t\t<div class=\"elementor-element elementor-element-f807519 elementor-widget elementor-widget-spacer\" data-id=\"f807519\" data-element_type=\"widget\" data-e-type=\"widget\" data-widget_type=\"spacer.default\">\n\t\t\t\t<div class=\"elementor-widget-container\">\n\t\t\t\t\t\t\t<div class=\"elementor-spacer\">\n\t\t\t<div class=\"elementor-spacer-inner\"><\/div>\n\t\t<\/div>\n\t\t\t\t\t\t<\/div>\n\t\t\t\t<\/div>\n\t\t\t\t<div class=\"elementor-element elementor-element-0bc9974 elementor-widget elementor-widget-text-editor\" data-id=\"0bc9974\" data-element_type=\"widget\" data-e-type=\"widget\" data-widget_type=\"text-editor.default\">\n\t\t\t\t<div class=\"elementor-widget-container\">\n\t\t\t\t\t\t\t\t\t<p>La seule preuve objective de l&rsquo;origine et de la cr\u00e9ation de la Sainte Couronne est la couronne elle-m\u00eame, qui n&rsquo;est pas seulement un tr\u00e9sor national d&rsquo;une importance exceptionnelle, mais aussi l&rsquo;une des plus anciennes couronnes inaugurales au monde \u00e0 avoir surv\u00e9cu dans sa forme originale. Les analyses techniques effectu\u00e9es par l&rsquo;auteur \u00e0 l&rsquo;aide de m\u00e9thodes scientifiques sont bas\u00e9es sur des affirmations factuelles.<\/p>\n\t\t\t\t\t\t\t\t<\/div>\n\t\t\t\t<\/div>\n\t\t\t\t<div class=\"elementor-element elementor-element-4ca5a37 elementor-widget elementor-widget-spacer\" data-id=\"4ca5a37\" data-element_type=\"widget\" data-e-type=\"widget\" data-widget_type=\"spacer.default\">\n\t\t\t\t<div class=\"elementor-widget-container\">\n\t\t\t\t\t\t\t<div class=\"elementor-spacer\">\n\t\t\t<div class=\"elementor-spacer-inner\"><\/div>\n\t\t<\/div>\n\t\t\t\t\t\t<\/div>\n\t\t\t\t<\/div>\n\t\t\t\t<div class=\"elementor-element elementor-element-397d7ef elementor-widget elementor-widget-heading\" data-id=\"397d7ef\" data-element_type=\"widget\" data-e-type=\"widget\" data-widget_type=\"heading.default\">\n\t\t\t\t<div class=\"elementor-widget-container\">\n\t\t\t\t\t<h5 class=\"elementor-heading-title elementor-size-default\">Autres donn\u00e9es<\/h5>\t\t\t\t<\/div>\n\t\t\t\t<\/div>\n\t\t\t\t<div class=\"elementor-element elementor-element-a57065a elementor-widget elementor-widget-spacer\" data-id=\"a57065a\" data-element_type=\"widget\" data-e-type=\"widget\" data-widget_type=\"spacer.default\">\n\t\t\t\t<div class=\"elementor-widget-container\">\n\t\t\t\t\t\t\t<div class=\"elementor-spacer\">\n\t\t\t<div class=\"elementor-spacer-inner\"><\/div>\n\t\t<\/div>\n\t\t\t\t\t\t<\/div>\n\t\t\t\t<\/div>\n\t\t\t\t<div class=\"elementor-element elementor-element-fea56ec elementor-widget elementor-widget-text-editor\" data-id=\"fea56ec\" data-element_type=\"widget\" data-e-type=\"widget\" data-widget_type=\"text-editor.default\">\n\t\t\t\t<div class=\"elementor-widget-container\">\n\t\t\t\t\t\t\t\t\t<ul>\n<li>\n<div id=\"kiado\">Pen Club hongrois, 2020.<\/div>\n<\/li>\n<li>\n<div id=\"kiado\">262 pages, couverture rigide, agraf\u00e9e, format A4<\/div>\n<\/li>\n<\/ul>\n\t\t\t\t\t\t\t\t<\/div>\n\t\t\t\t<\/div>\n\t\t\t\t\t<\/div>\n\t\t<\/div>\n\t\t\t\t\t<\/div>\n\t\t<\/section>\n\t\t\t\t<\/div>\n\t\t","protected":false},"excerpt":{"rendered":"<div class=\"woocommerce-product-details__short-description\">La seule preuve objective de l&rsquo;origine et de la cr\u00e9ation de la Sainte Couronne est la couronne elle-m\u00eame, qui n&rsquo;est pas seulement un tr\u00e9sor national d&rsquo;une importance exceptionnelle, mais aussi l&rsquo;une des plus anciennes couronnes inaugurales au monde \u00e0 avoir surv\u00e9cu dans sa forme originale. Les analyses techniques effectu\u00e9es par l&rsquo;auteur \u00e0 l&rsquo;aide de m\u00e9thodes scientifiques sont bas\u00e9es sur des affirmations factuelles.<\/div>\n","protected":false},"featured_media":6352,"comment_status":"open","ping_status":"closed","template":"","meta":{"_acf_changed":false},"product_brand":[],"product_cat":[225],"product_tag":[],"class_list":{"0":"post-8092","1":"product","2":"type-product","3":"status-publish","4":"has-post-thumbnail","6":"product_cat-livre","8":"first","9":"outofstock","10":"shipping-taxable","11":"purchasable","12":"product-type-simple"},"acf":[],"yoast_head":"<!-- This site is optimized with the Yoast SEO plugin v27.5 - https:\/\/yoast.com\/product\/yoast-seo-wordpress\/ -->\n<title>Mikl\u00f3s Barab\u00e1ssy:La Sainte-Couronne hongroise vue par un ing\u00e9nieur - Magyar PEN Club<\/title>\n<meta name=\"description\" content=\"La seule preuve objective de l&#039;origine et de la cr\u00e9ation de la Sainte Couronne est la couronne elle-m\u00eame, qui n&#039;est pas seulement un tr\u00e9sor national d&#039;une importance exceptionnelle, mais aussi l&#039;une des plus anciennes couronnes inaugurales au monde \u00e0 avoir surv\u00e9cu dans sa forme originale.\" \/>\n<meta name=\"robots\" content=\"index, follow, max-snippet:-1, max-image-preview:large, max-video-preview:-1\" \/>\n<link rel=\"canonical\" href=\"https:\/\/magyarpenclub.hu\/fr\/produit\/miklos-barabassyla-sainte-couronne-hongroise-vue-par-un-ingenieur\/\" \/>\n<meta property=\"og:locale\" content=\"fr_FR\" \/>\n<meta property=\"og:type\" content=\"article\" \/>\n<meta property=\"og:title\" content=\"Mikl\u00f3s Barab\u00e1ssy:La Sainte-Couronne hongroise vue par un ing\u00e9nieur - Magyar PEN Club\" \/>\n<meta property=\"og:description\" content=\"La seule preuve objective de l&#039;origine et de la cr\u00e9ation de la Sainte Couronne est la couronne elle-m\u00eame, qui n&#039;est pas seulement un tr\u00e9sor national d&#039;une importance exceptionnelle, mais aussi l&#039;une des plus anciennes couronnes inaugurales au monde \u00e0 avoir surv\u00e9cu dans sa forme originale.\" \/>\n<meta property=\"og:url\" content=\"https:\/\/magyarpenclub.hu\/fr\/produit\/miklos-barabassyla-sainte-couronne-hongroise-vue-par-un-ingenieur\/\" \/>\n<meta property=\"og:site_name\" content=\"Magyar PEN Club\" \/>\n<meta property=\"article:publisher\" content=\"https:\/\/www.facebook.com\/magyarpenclub\" \/>\n<meta property=\"article:modified_time\" content=\"2024-02-14T01:50:24+00:00\" \/>\n<meta property=\"og:image\" content=\"https:\/\/magyarpenclub.hu\/wp-content\/uploads\/2022\/05\/barabassy-miklos-a-magyar-szent-korona-mernoki-szemmel.png\" \/>\n\t<meta property=\"og:image:width\" content=\"1920\" \/>\n\t<meta property=\"og:image:height\" content=\"1440\" \/>\n\t<meta property=\"og:image:type\" content=\"image\/png\" \/>\n<meta name=\"twitter:card\" content=\"summary_large_image\" \/>\n<script type=\"application\/ld+json\" class=\"yoast-schema-graph\">{\"@context\":\"https:\\\/\\\/schema.org\",\"@graph\":[{\"@type\":\"WebPage\",\"@id\":\"https:\\\/\\\/magyarpenclub.hu\\\/fr\\\/produit\\\/miklos-barabassyla-sainte-couronne-hongroise-vue-par-un-ingenieur\\\/\",\"url\":\"https:\\\/\\\/magyarpenclub.hu\\\/fr\\\/produit\\\/miklos-barabassyla-sainte-couronne-hongroise-vue-par-un-ingenieur\\\/\",\"name\":\"Mikl\u00f3s Barab\u00e1ssy:La Sainte-Couronne hongroise vue par un ing\u00e9nieur - Magyar PEN Club\",\"isPartOf\":{\"@id\":\"https:\\\/\\\/magyarpenclub.hu\\\/fr\\\/#website\"},\"primaryImageOfPage\":{\"@id\":\"https:\\\/\\\/magyarpenclub.hu\\\/fr\\\/produit\\\/miklos-barabassyla-sainte-couronne-hongroise-vue-par-un-ingenieur\\\/#primaryimage\"},\"image\":{\"@id\":\"https:\\\/\\\/magyarpenclub.hu\\\/fr\\\/produit\\\/miklos-barabassyla-sainte-couronne-hongroise-vue-par-un-ingenieur\\\/#primaryimage\"},\"thumbnailUrl\":\"https:\\\/\\\/magyarpenclub.hu\\\/wp-content\\\/uploads\\\/2022\\\/05\\\/barabassy-miklos-a-magyar-szent-korona-mernoki-szemmel.png\",\"datePublished\":\"1970-01-01T00:00:00+00:00\",\"dateModified\":\"2024-02-14T01:50:24+00:00\",\"description\":\"La seule preuve objective de l'origine et de la cr\u00e9ation de la Sainte Couronne est la couronne elle-m\u00eame, qui n'est pas seulement un tr\u00e9sor national d'une importance exceptionnelle, mais aussi l'une des plus anciennes couronnes inaugurales au monde \u00e0 avoir surv\u00e9cu dans sa forme originale.\",\"breadcrumb\":{\"@id\":\"https:\\\/\\\/magyarpenclub.hu\\\/fr\\\/produit\\\/miklos-barabassyla-sainte-couronne-hongroise-vue-par-un-ingenieur\\\/#breadcrumb\"},\"inLanguage\":\"fr-FR\",\"potentialAction\":[{\"@type\":\"ReadAction\",\"target\":[\"https:\\\/\\\/magyarpenclub.hu\\\/fr\\\/produit\\\/miklos-barabassyla-sainte-couronne-hongroise-vue-par-un-ingenieur\\\/\"]}]},{\"@type\":\"ImageObject\",\"inLanguage\":\"fr-FR\",\"@id\":\"https:\\\/\\\/magyarpenclub.hu\\\/fr\\\/produit\\\/miklos-barabassyla-sainte-couronne-hongroise-vue-par-un-ingenieur\\\/#primaryimage\",\"url\":\"https:\\\/\\\/magyarpenclub.hu\\\/wp-content\\\/uploads\\\/2022\\\/05\\\/barabassy-miklos-a-magyar-szent-korona-mernoki-szemmel.png\",\"contentUrl\":\"https:\\\/\\\/magyarpenclub.hu\\\/wp-content\\\/uploads\\\/2022\\\/05\\\/barabassy-miklos-a-magyar-szent-korona-mernoki-szemmel.png\",\"width\":1920,\"height\":1440},{\"@type\":\"BreadcrumbList\",\"@id\":\"https:\\\/\\\/magyarpenclub.hu\\\/fr\\\/produit\\\/miklos-barabassyla-sainte-couronne-hongroise-vue-par-un-ingenieur\\\/#breadcrumb\",\"itemListElement\":[{\"@type\":\"ListItem\",\"position\":1,\"name\":\"Kezd\u0151lap\",\"item\":\"https:\\\/\\\/magyarpenclub.hu\\\/fr\\\/\"},{\"@type\":\"ListItem\",\"position\":2,\"name\":\"Boutique\",\"item\":\"https:\\\/\\\/magyarpenclub.hu\\\/bolt\\\/\"},{\"@type\":\"ListItem\",\"position\":3,\"name\":\"Mikl\u00f3s Barab\u00e1ssy:La Sainte-Couronne hongroise vue par un ing\u00e9nieur\"}]},{\"@type\":\"WebSite\",\"@id\":\"https:\\\/\\\/magyarpenclub.hu\\\/fr\\\/#website\",\"url\":\"https:\\\/\\\/magyarpenclub.hu\\\/fr\\\/\",\"name\":\"Magyar PEN Club\",\"description\":\"H\u00edrek, k\u00f6zlem\u00e9nyek, \u00edr\u00e1sok\",\"publisher\":{\"@id\":\"https:\\\/\\\/magyarpenclub.hu\\\/fr\\\/#organization\"},\"potentialAction\":[{\"@type\":\"SearchAction\",\"target\":{\"@type\":\"EntryPoint\",\"urlTemplate\":\"https:\\\/\\\/magyarpenclub.hu\\\/fr\\\/?s={search_term_string}\"},\"query-input\":{\"@type\":\"PropertyValueSpecification\",\"valueRequired\":true,\"valueName\":\"search_term_string\"}}],\"inLanguage\":\"fr-FR\"},{\"@type\":\"Organization\",\"@id\":\"https:\\\/\\\/magyarpenclub.hu\\\/fr\\\/#organization\",\"name\":\"Magyar P.E.N. Club\",\"url\":\"https:\\\/\\\/magyarpenclub.hu\\\/fr\\\/\",\"logo\":{\"@type\":\"ImageObject\",\"inLanguage\":\"fr-FR\",\"@id\":\"https:\\\/\\\/magyarpenclub.hu\\\/fr\\\/#\\\/schema\\\/logo\\\/image\\\/\",\"url\":\"https:\\\/\\\/magyarpenclub.hu\\\/wp-content\\\/uploads\\\/2022\\\/08\\\/magyar-pen-club-logo.png\",\"contentUrl\":\"https:\\\/\\\/magyarpenclub.hu\\\/wp-content\\\/uploads\\\/2022\\\/08\\\/magyar-pen-club-logo.png\",\"width\":195,\"height\":195,\"caption\":\"Magyar P.E.N. Club\"},\"image\":{\"@id\":\"https:\\\/\\\/magyarpenclub.hu\\\/fr\\\/#\\\/schema\\\/logo\\\/image\\\/\"},\"sameAs\":[\"https:\\\/\\\/www.facebook.com\\\/magyarpenclub\",\"https:\\\/\\\/www.youtube.com\\\/channel\\\/UC8bw1YALHZZJCJ-7bqvlR6Q\"]}]}<\/script>\n<!-- \/ Yoast SEO plugin. -->","yoast_head_json":{"title":"Mikl\u00f3s Barab\u00e1ssy:La Sainte-Couronne hongroise vue par un ing\u00e9nieur - Magyar PEN Club","description":"La seule preuve objective de l'origine et de la cr\u00e9ation de la Sainte Couronne est la couronne elle-m\u00eame, qui n'est pas seulement un tr\u00e9sor national d'une importance exceptionnelle, mais aussi l'une des plus anciennes couronnes inaugurales au monde \u00e0 avoir surv\u00e9cu dans sa forme originale.","robots":{"index":"index","follow":"follow","max-snippet":"max-snippet:-1","max-image-preview":"max-image-preview:large","max-video-preview":"max-video-preview:-1"},"canonical":"https:\/\/magyarpenclub.hu\/fr\/produit\/miklos-barabassyla-sainte-couronne-hongroise-vue-par-un-ingenieur\/","og_locale":"fr_FR","og_type":"article","og_title":"Mikl\u00f3s Barab\u00e1ssy:La Sainte-Couronne hongroise vue par un ing\u00e9nieur - Magyar PEN Club","og_description":"La seule preuve objective de l'origine et de la cr\u00e9ation de la Sainte Couronne est la couronne elle-m\u00eame, qui n'est pas seulement un tr\u00e9sor national d'une importance exceptionnelle, mais aussi l'une des plus anciennes couronnes inaugurales au monde \u00e0 avoir surv\u00e9cu dans sa forme originale.","og_url":"https:\/\/magyarpenclub.hu\/fr\/produit\/miklos-barabassyla-sainte-couronne-hongroise-vue-par-un-ingenieur\/","og_site_name":"Magyar PEN Club","article_publisher":"https:\/\/www.facebook.com\/magyarpenclub","article_modified_time":"2024-02-14T01:50:24+00:00","og_image":[{"width":1920,"height":1440,"url":"https:\/\/magyarpenclub.hu\/wp-content\/uploads\/2022\/05\/barabassy-miklos-a-magyar-szent-korona-mernoki-szemmel.png","type":"image\/png"}],"twitter_card":"summary_large_image","schema":{"@context":"https:\/\/schema.org","@graph":[{"@type":"WebPage","@id":"https:\/\/magyarpenclub.hu\/fr\/produit\/miklos-barabassyla-sainte-couronne-hongroise-vue-par-un-ingenieur\/","url":"https:\/\/magyarpenclub.hu\/fr\/produit\/miklos-barabassyla-sainte-couronne-hongroise-vue-par-un-ingenieur\/","name":"Mikl\u00f3s Barab\u00e1ssy:La Sainte-Couronne hongroise vue par un ing\u00e9nieur - Magyar PEN Club","isPartOf":{"@id":"https:\/\/magyarpenclub.hu\/fr\/#website"},"primaryImageOfPage":{"@id":"https:\/\/magyarpenclub.hu\/fr\/produit\/miklos-barabassyla-sainte-couronne-hongroise-vue-par-un-ingenieur\/#primaryimage"},"image":{"@id":"https:\/\/magyarpenclub.hu\/fr\/produit\/miklos-barabassyla-sainte-couronne-hongroise-vue-par-un-ingenieur\/#primaryimage"},"thumbnailUrl":"https:\/\/magyarpenclub.hu\/wp-content\/uploads\/2022\/05\/barabassy-miklos-a-magyar-szent-korona-mernoki-szemmel.png","datePublished":"1970-01-01T00:00:00+00:00","dateModified":"2024-02-14T01:50:24+00:00","description":"La seule preuve objective de l'origine et de la cr\u00e9ation de la Sainte Couronne est la couronne elle-m\u00eame, qui n'est pas seulement un tr\u00e9sor national d'une importance exceptionnelle, mais aussi l'une des plus anciennes couronnes inaugurales au monde \u00e0 avoir surv\u00e9cu dans sa forme originale.","breadcrumb":{"@id":"https:\/\/magyarpenclub.hu\/fr\/produit\/miklos-barabassyla-sainte-couronne-hongroise-vue-par-un-ingenieur\/#breadcrumb"},"inLanguage":"fr-FR","potentialAction":[{"@type":"ReadAction","target":["https:\/\/magyarpenclub.hu\/fr\/produit\/miklos-barabassyla-sainte-couronne-hongroise-vue-par-un-ingenieur\/"]}]},{"@type":"ImageObject","inLanguage":"fr-FR","@id":"https:\/\/magyarpenclub.hu\/fr\/produit\/miklos-barabassyla-sainte-couronne-hongroise-vue-par-un-ingenieur\/#primaryimage","url":"https:\/\/magyarpenclub.hu\/wp-content\/uploads\/2022\/05\/barabassy-miklos-a-magyar-szent-korona-mernoki-szemmel.png","contentUrl":"https:\/\/magyarpenclub.hu\/wp-content\/uploads\/2022\/05\/barabassy-miklos-a-magyar-szent-korona-mernoki-szemmel.png","width":1920,"height":1440},{"@type":"BreadcrumbList","@id":"https:\/\/magyarpenclub.hu\/fr\/produit\/miklos-barabassyla-sainte-couronne-hongroise-vue-par-un-ingenieur\/#breadcrumb","itemListElement":[{"@type":"ListItem","position":1,"name":"Kezd\u0151lap","item":"https:\/\/magyarpenclub.hu\/fr\/"},{"@type":"ListItem","position":2,"name":"Boutique","item":"https:\/\/magyarpenclub.hu\/bolt\/"},{"@type":"ListItem","position":3,"name":"Mikl\u00f3s Barab\u00e1ssy:La Sainte-Couronne hongroise vue par un ing\u00e9nieur"}]},{"@type":"WebSite","@id":"https:\/\/magyarpenclub.hu\/fr\/#website","url":"https:\/\/magyarpenclub.hu\/fr\/","name":"Magyar PEN Club","description":"H\u00edrek, k\u00f6zlem\u00e9nyek, \u00edr\u00e1sok","publisher":{"@id":"https:\/\/magyarpenclub.hu\/fr\/#organization"},"potentialAction":[{"@type":"SearchAction","target":{"@type":"EntryPoint","urlTemplate":"https:\/\/magyarpenclub.hu\/fr\/?s={search_term_string}"},"query-input":{"@type":"PropertyValueSpecification","valueRequired":true,"valueName":"search_term_string"}}],"inLanguage":"fr-FR"},{"@type":"Organization","@id":"https:\/\/magyarpenclub.hu\/fr\/#organization","name":"Magyar P.E.N. Club","url":"https:\/\/magyarpenclub.hu\/fr\/","logo":{"@type":"ImageObject","inLanguage":"fr-FR","@id":"https:\/\/magyarpenclub.hu\/fr\/#\/schema\/logo\/image\/","url":"https:\/\/magyarpenclub.hu\/wp-content\/uploads\/2022\/08\/magyar-pen-club-logo.png","contentUrl":"https:\/\/magyarpenclub.hu\/wp-content\/uploads\/2022\/08\/magyar-pen-club-logo.png","width":195,"height":195,"caption":"Magyar P.E.N. Club"},"image":{"@id":"https:\/\/magyarpenclub.hu\/fr\/#\/schema\/logo\/image\/"},"sameAs":["https:\/\/www.facebook.com\/magyarpenclub","https:\/\/www.youtube.com\/channel\/UC8bw1YALHZZJCJ-7bqvlR6Q"]}]}},"_links":{"self":[{"href":"https:\/\/magyarpenclub.hu\/fr\/wp-json\/wp\/v2\/product\/8092","targetHints":{"allow":["GET"]}}],"collection":[{"href":"https:\/\/magyarpenclub.hu\/fr\/wp-json\/wp\/v2\/product"}],"about":[{"href":"https:\/\/magyarpenclub.hu\/fr\/wp-json\/wp\/v2\/types\/product"}],"replies":[{"embeddable":true,"href":"https:\/\/magyarpenclub.hu\/fr\/wp-json\/wp\/v2\/comments?post=8092"}],"version-history":[{"count":0,"href":"https:\/\/magyarpenclub.hu\/fr\/wp-json\/wp\/v2\/product\/8092\/revisions"}],"wp:featuredmedia":[{"embeddable":true,"href":"https:\/\/magyarpenclub.hu\/fr\/wp-json\/wp\/v2\/media\/6352"}],"wp:attachment":[{"href":"https:\/\/magyarpenclub.hu\/fr\/wp-json\/wp\/v2\/media?parent=8092"}],"wp:term":[{"taxonomy":"product_brand","embeddable":true,"href":"https:\/\/magyarpenclub.hu\/fr\/wp-json\/wp\/v2\/product_brand?post=8092"},{"taxonomy":"product_cat","embeddable":true,"href":"https:\/\/magyarpenclub.hu\/fr\/wp-json\/wp\/v2\/product_cat?post=8092"},{"taxonomy":"product_tag","embeddable":true,"href":"https:\/\/magyarpenclub.hu\/fr\/wp-json\/wp\/v2\/product_tag?post=8092"}],"curies":[{"name":"wp","href":"https:\/\/api.w.org\/{rel}","templated":true}]}}